{"id":12741,"date":"2024-02-07T09:13:53","date_gmt":"2024-02-07T09:13:53","guid":{"rendered":"http:\/\/tavieta.lt\/produktas\/poliesterio-pleveliu-suvirinimo-prietaisas\/"},"modified":"2024-02-07T09:13:54","modified_gmt":"2024-02-07T09:13:54","slug":"poliesterio-pleveliu-suvirinimo-prietaisas","status":"publish","type":"product","link":"https:\/\/tavieta.lt\/ee\/toode\/poliesterio-pleveliu-suvirinimo-prietaisas\/","title":{"rendered":"Pol\u00fcesterkile keevitusseade"},"content":{"rendered":"<p><span style=\"color: #000000; font-size: 16px;\">See uus masin on projekteeritud tervise- ja ohutusalast kinnitust silmas pidades. Me ei kasuta enam jalgl\u00fclitit, mida saab kogemata kergesti sisse l\u00fclitada (tervise ja ohutuse seisukohalt hea).  Suu, mis vajus jalgl\u00fcliti vajutamisel kinni ja v\u00f5is s\u00f5rmi pigistada, seda uue seadmega ei juhtu. Kui te suud ei kasuta, pole selle laiusele piiranguid, seega saate keevitada v\u00e4ga laiu kuni 1400 mm lehti. Uus t\u00f6\u00f6stiil annab teile palju rohkem v\u00f5imalusi tihendatava materjaliga t\u00f6\u00f6tamiseks.<\/span><\/p>\n<p><strong><span style=\"color: #000000; font-size: 16px;\">Tehnilised andmed:<\/span><\/strong><\/p>\n<p><span style=\"color: #000000; font-size: 16px;\">M\u00f5\u00f5dud 870 x 680 x 240 mm, 230\/240 V<\/span><\/p>\n<table style=\"width: 80.6310975609756%; height: 108px;\" cellspacing=\"0\" cellpadding=\"0\">\n<tbody>\n<tr>\n<td style=\"text-align: center;\" valign=\"top\">\n<p><strong><span style=\"color: #000000; font-size: 16px;\">Materjali kood<\/span><\/strong><\/p>\n<\/td>\n<td style=\"text-align: center;\" valign=\"top\">\n<p><strong><span style=\"color: #000000; font-size: 16px;\">Kirjeldus<\/span><\/strong><\/p>\n<\/td>\n<td style=\"text-align: center;\" valign=\"top\">\n<p><strong><span style=\"color: #000000; font-size: 16px;\">Pakendamine<\/span><\/strong><\/p>\n<\/td>\n<\/tr>\n<tr>\n<td style=\"text-align: center;\" valign=\"top\">\n<p><span style=\"color: #000000; font-size: 16px;\">P806-7000 P806-7001<\/span><\/p>\n<\/td>\n<td style=\"text-align: center;\" valign=\"top\">\n<p><span style=\"color: #000000; font-size: 16px;\">Pol\u00fcesterkile keevitaja, 230\/240V<\/span><\/p>\n<p><span style=\"color: #000000; font-size: 16px;\">Varukeevitusk\u00e4epide<\/span><\/p>\n<\/td>\n<td style=\"text-align: center;\" valign=\"top\">\n<p><span style=\"color: #000000; font-size: 16px;\">1 tk.<\/span><\/p>\n<p><span style=\"color: #000000; font-size: 16px;\">1 tk.<\/span><\/p>\n<\/td>\n<\/tr>\n<tr>\n<td style=\"text-align: center;\" valign=\"top\">\n<p><span style=\"color: #000000; font-size: 16px;\">P806-7002<\/span><\/p>\n<\/td>\n<td style=\"text-align: center;\" valign=\"top\">\n<p><span style=\"color: #000000; font-size: 16px;\">Asenduskangas PTFE<\/span><\/p>\n<\/td>\n<td style=\"text-align: center;\" valign=\"top\">\n<p><span style=\"color: #000000; font-size: 16px;\">1 tk.<\/span><\/p>\n<\/td>\n<\/tr>\n<tr>\n<td style=\"text-align: center;\" valign=\"top\">\n<p><span style=\"color: #000000; font-size: 16px;\">P806-7004<\/span><\/p>\n<\/td>\n<td style=\"text-align: center;\" valign=\"top\">\n<p><span style=\"color: #000000; font-size: 16px;\">Seista<\/span><\/p>\n<\/td>\n<td style=\"text-align: center;\" valign=\"top\">\n<p><span style=\"color: #000000; font-size: 16px;\">1 tk.<\/span><\/p>\n<\/td>\n<\/tr>\n<\/tbody>\n<\/table>\n<div id=\"gtx-trans\" style=\"position: absolute; left: 79px; top: 37px;\">\n<div class=\"gtx-trans-icon\"><\/div>\n<\/div>","protected":false},"excerpt":{"rendered":"<p>Pol\u00fcesterkile keevitusseade<\/p>","protected":false},"featured_media":11888,"template":"","meta":[],"product_brand":[],"product_cat":[149],"product_tag":[],"class_list":{"0":"post-12741","1":"product","2":"type-product","3":"status-publish","4":"has-post-thumbnail","6":"product_cat-restauratoriams","8":"first","9":"outofstock","10":"product-type-simple"},"_links":{"self":[{"href":"https:\/\/tavieta.lt\/ee\/wp-json\/wp\/v2\/product\/12741","targetHints":{"allow":["GET"]}}],"collection":[{"href":"https:\/\/tavieta.lt\/ee\/wp-json\/wp\/v2\/product"}],"about":[{"href":"https:\/\/tavieta.lt\/ee\/wp-json\/wp\/v2\/types\/product"}],"wp:featuredmedia":[{"embeddable":true,"href":"https:\/\/tavieta.lt\/ee\/wp-json\/wp\/v2\/media\/11888"}],"wp:attachment":[{"href":"https:\/\/tavieta.lt\/ee\/wp-json\/wp\/v2\/media?parent=12741"}],"wp:term":[{"taxonomy":"product_brand","embeddable":true,"href":"https:\/\/tavieta.lt\/ee\/wp-json\/wp\/v2\/product_brand?post=12741"},{"taxonomy":"product_cat","embeddable":true,"href":"https:\/\/tavieta.lt\/ee\/wp-json\/wp\/v2\/product_cat?post=12741"},{"taxonomy":"product_tag","embeddable":true,"href":"https:\/\/tavieta.lt\/ee\/wp-json\/wp\/v2\/product_tag?post=12741"}],"curies":[{"name":"t\u00f6\u00f6leht","href":"https:\/\/api.w.org\/{rel}","templated":true}]}}