{"id":12743,"date":"2024-02-07T09:13:53","date_gmt":"2024-02-07T09:13:53","guid":{"rendered":"http:\/\/tavieta.lt\/produktas\/ult-istraukiamos-rankos-sistema\/"},"modified":"2025-01-30T13:15:40","modified_gmt":"2025-01-30T13:15:40","slug":"ult-istraukiamos-rankos-sistema","status":"publish","type":"product","link":"https:\/\/tavieta.lt\/ee\/toode\/ult-istraukiamos-rankos-sistema\/","title":{"rendered":"ULT - sisset\u00f5mmatav k\u00e4es\u00fcsteem"},"content":{"rendered":"<p><span style=\"color: #000000; font-size: 16px;\"> \u00a0ULT jumbo filtrik\u00e4ru on \u00f5hu v\u00e4ljat\u00f5mbe- ja filtreerimiss\u00fcsteem, mis on loodud tolmu, hallitusseente eoste, lahustiaurude ja muude t\u00f6\u00f6keskkonnast p\u00e4rit saasteainete filtreerimiseks. \u00a0<\/span><\/p>\n<p><span style=\"color: #000000; font-size: 16px;\">V\u00e4ljat\u00f5mbekiirus on kergesti muudetav ja seda saab reguleerida v\u00e4ga madalale tasemele, et \u00f5rnemad esemed s\u00e4iliksid.<\/span><\/p>\n<p><span style=\"color: #000000; font-size: 16px;\">Filtrik\u00e4ru on kaasaskantav madala m\u00fcratasemega seade, mida on lihtne kasutada ja hooldada. Puhas \u00f5hk v\u00e4ljub seadme p\u00f5hjast ja ei tekita tuulet\u00f5mbust.<\/span><\/p>\n<table style=\"width: 92.45098039215686%; height: 39px;\" cellspacing=\"0\" cellpadding=\"0\">\n<tbody>\n<tr>\n<td style=\"text-align: center;\" valign=\"top\">\n<p><strong><span style=\"color: #000000; font-size: 16px;\">Materjali kood<\/span><\/strong><\/p>\n<\/td>\n<td style=\"text-align: center;\" valign=\"top\">\n<p><strong><span style=\"color: #000000; font-size: 16px;\">Kirjeldus<\/span><\/strong><\/p>\n<\/td>\n<td style=\"text-align: center;\" valign=\"top\">\n<p><strong><span style=\"color: #000000; font-size: 16px;\">Pakendamine<\/span><\/strong><\/p>\n<\/td>\n<\/tr>\n<tr>\n<td style=\"text-align: center;\" valign=\"top\">\n<p><span style=\"color: #000000; font-size: 16px;\">P105-3000<\/span><\/p>\n<\/td>\n<td style=\"text-align: center;\" valign=\"top\">\n<p><span style=\"color: #000000; font-size: 16px;\">ULT sisset\u00f5mmatava k\u00e4e s\u00fcsteem<\/span><\/p>\n<\/td>\n<td style=\"text-align: center;\" valign=\"top\">\n<p><span style=\"color: #000000; font-size: 16px;\">1 tk.<\/span><\/p>\n<\/td>\n<\/tr>\n<\/tbody>\n<\/table>\n<p><span style=\"color: #000000; font-size: 16px;\"><strong>Tehnilised andmed: <\/strong>Maksimaalne voolukiirus: 170M3\/h, Maksimaalne vaakum: 2800 Pa, Toide: 230 V \/ 50 Hz, M\u00f5\u00f5dud: 450 x 340 x 530 mm, Kaal: 18 kg, M\u00fcratase: 49 dB (A), Materjal: l\u00f6\u00f6gikindel ABS, kemikaalikindel, korrosioonikindel, reguleeritav puhumissuund. valikuline \u00f5hu v\u00e4ljalaskeava.<\/span><\/p>\n<div id=\"gtx-trans\" style=\"position: absolute; left: 79px; top: 37px;\">\n<div class=\"gtx-trans-icon\"><\/div>\n<\/div>","protected":false},"excerpt":{"rendered":"<p>ULT - sisset\u00f5mmatav k\u00e4es\u00fcsteem<\/p>","protected":false},"featured_media":11892,"template":"","meta":[],"product_brand":[],"product_cat":[149,170],"product_tag":[],"class_list":{"0":"post-12743","1":"product","2":"type-product","3":"status-publish","4":"has-post-thumbnail","6":"product_cat-restauratoriams","7":"product_cat-restauravimo-iranga","9":"first","10":"outofstock","11":"product-type-simple"},"_links":{"self":[{"href":"https:\/\/tavieta.lt\/ee\/wp-json\/wp\/v2\/product\/12743","targetHints":{"allow":["GET"]}}],"collection":[{"href":"https:\/\/tavieta.lt\/ee\/wp-json\/wp\/v2\/product"}],"about":[{"href":"https:\/\/tavieta.lt\/ee\/wp-json\/wp\/v2\/types\/product"}],"wp:featuredmedia":[{"embeddable":true,"href":"https:\/\/tavieta.lt\/ee\/wp-json\/wp\/v2\/media\/11892"}],"wp:attachment":[{"href":"https:\/\/tavieta.lt\/ee\/wp-json\/wp\/v2\/media?parent=12743"}],"wp:term":[{"taxonomy":"product_brand","embeddable":true,"href":"https:\/\/tavieta.lt\/ee\/wp-json\/wp\/v2\/product_brand?post=12743"},{"taxonomy":"product_cat","embeddable":true,"href":"https:\/\/tavieta.lt\/ee\/wp-json\/wp\/v2\/product_cat?post=12743"},{"taxonomy":"product_tag","embeddable":true,"href":"https:\/\/tavieta.lt\/ee\/wp-json\/wp\/v2\/product_tag?post=12743"}],"curies":[{"name":"t\u00f6\u00f6leht","href":"https:\/\/api.w.org\/{rel}","templated":true}]}}