{"id":12745,"date":"2024-02-07T09:13:53","date_gmt":"2024-02-07T09:13:53","guid":{"rendered":"http:\/\/tavieta.lt\/produktas\/vakuuminis-siurblys-be-alyvos\/"},"modified":"2025-01-30T13:15:40","modified_gmt":"2025-01-30T13:15:40","slug":"vakuuminis-siurblys-be-alyvos","status":"publish","type":"product","link":"https:\/\/tavieta.lt\/ee\/toode\/vakuuminis-siurblys-be-alyvos\/","title":{"rendered":"\u00d5livaba vaakumpump"},"content":{"rendered":"<p><span style=\"color: #000000; font-size: 16px;\">K\u00f5igis PSD t\u00fc\u00fcpi tabelites soovitame BUSCH vaakumpumpasid, mudel SV1005.<\/span><\/p>\n<table style=\"width: 77.79649122807018%; height: 72px;\" cellspacing=\"0\" cellpadding=\"0\">\n<tbody>\n<tr>\n<td style=\"text-align: center;\" valign=\"top\">\n<p><strong><span style=\"color: #000000; font-size: 16px;\">Materjali kood<\/span><\/strong><\/p>\n<\/td>\n<td style=\"text-align: center;\" valign=\"top\">\n<p><strong><span style=\"color: #000000; font-size: 16px;\">Kirjeldus<\/span><\/strong><\/p>\n<\/td>\n<td style=\"text-align: center;\" valign=\"top\">\n<p><strong><span style=\"color: #000000; font-size: 16px;\">Pakendamine<\/span><\/strong><\/p>\n<\/td>\n<\/tr>\n<tr>\n<td style=\"text-align: center;\" valign=\"top\">\n<p><span style=\"color: #000000; font-size: 16px;\">60091<\/span><\/p>\n<\/td>\n<td style=\"text-align: center;\" valign=\"top\">\n<p><span style=\"color: #000000; font-size: 16px;\">\u00d5livaba vaakumpump SV 1005 C<\/span><\/p>\n<\/td>\n<td style=\"text-align: center;\" valign=\"top\">\n<p><span style=\"color: #000000; font-size: 16px;\">1 tk.<\/span><\/p>\n<\/td>\n<\/tr>\n<\/tbody>\n<\/table>\n<p><strong><span style=\"color: #000000; font-size: 16px;\"> \u00a0Tehnilised andmed:<\/span><\/strong><\/p>\n<p><span style=\"color: #000000; font-size: 16px;\">Mootor: 0,14 kW, 50 Hz, r\u00f5hul: 850 mbar, kaal 8 kg, \u00a0<\/span><\/p>\n<p><span style=\"color: #000000; font-size: 16px;\">m\u00f5\u00f5dud 227x120x125 mm<\/span><\/p>\n<div id=\"gtx-trans\" style=\"position: absolute; left: 79px; top: 37px;\">\n<div class=\"gtx-trans-icon\"><\/div>\n<\/div>","protected":false},"excerpt":{"rendered":"<p>\u00d5livaba vaakumpump<\/p>","protected":false},"featured_media":11895,"template":"","meta":[],"product_brand":[],"product_cat":[149,170],"product_tag":[],"class_list":{"0":"post-12745","1":"product","2":"type-product","3":"status-publish","4":"has-post-thumbnail","6":"product_cat-restauratoriams","7":"product_cat-restauravimo-iranga","9":"first","10":"outofstock","11":"product-type-simple"},"_links":{"self":[{"href":"https:\/\/tavieta.lt\/ee\/wp-json\/wp\/v2\/product\/12745","targetHints":{"allow":["GET"]}}],"collection":[{"href":"https:\/\/tavieta.lt\/ee\/wp-json\/wp\/v2\/product"}],"about":[{"href":"https:\/\/tavieta.lt\/ee\/wp-json\/wp\/v2\/types\/product"}],"wp:featuredmedia":[{"embeddable":true,"href":"https:\/\/tavieta.lt\/ee\/wp-json\/wp\/v2\/media\/11895"}],"wp:attachment":[{"href":"https:\/\/tavieta.lt\/ee\/wp-json\/wp\/v2\/media?parent=12745"}],"wp:term":[{"taxonomy":"product_brand","embeddable":true,"href":"https:\/\/tavieta.lt\/ee\/wp-json\/wp\/v2\/product_brand?post=12745"},{"taxonomy":"product_cat","embeddable":true,"href":"https:\/\/tavieta.lt\/ee\/wp-json\/wp\/v2\/product_cat?post=12745"},{"taxonomy":"product_tag","embeddable":true,"href":"https:\/\/tavieta.lt\/ee\/wp-json\/wp\/v2\/product_tag?post=12745"}],"curies":[{"name":"t\u00f6\u00f6leht","href":"https:\/\/api.w.org\/{rel}","templated":true}]}}