{"id":12748,"date":"2024-02-07T09:15:35","date_gmt":"2024-02-07T09:15:35","guid":{"rendered":"http:\/\/tavieta.lt\/produktas\/plovimo-padeklai\/"},"modified":"2024-03-29T09:35:27","modified_gmt":"2024-03-29T09:35:27","slug":"plovimo-padeklai","status":"publish","type":"product","link":"https:\/\/tavieta.lt\/ee\/toode\/plovimo-padeklai\/","title":{"rendered":"Pesualused"},"content":{"rendered":"<p><span style=\"color: #000000; font-size: 16px;\">Pesualused valmistatakse eritellimusel. \u00a0<\/span><\/p>\n<p><span style=\"color: #000000; font-size: 16px;\">V\u00f5imalusi on erinevaid:<\/span><\/p>\n<ul>\n<li><span style=\"color: #000000; font-size: 16px;\">Valmistatud erinevatest materjalidest (plast, roostevaba teras)<\/span><\/li>\n<li><span style=\"color: #000000; font-size: 16px;\">allkriipsuga\/ilma<\/span><\/li>\n<li><span style=\"color: #000000; font-size: 16px;\">drenaa\u017e, kasutades \u00fchel k\u00fcljel aukude rida<\/span><\/li>\n<li><span style=\"color: #000000; font-size: 16px;\">Elektrooniline kalde\/k\u00f5rguse reguleerimine<\/span><\/li>\n<\/ul>\n<p><span style=\"color: #000000; font-size: 16px;\">Drenaa\u017e kuulkraaniga. Alumiiniumprofiils\u00fcsteemist alus lukustatavate ratastega Alusele saab asetada ka tavalise t\u00f6\u00f6tasapinna.<\/span><\/p>\n<table style=\"width: 85.41489361702128%; height: 59px;\" cellspacing=\"0\" cellpadding=\"0\">\n<tbody>\n<tr>\n<td style=\"text-align: center;\" valign=\"top\">\n<p><strong><span style=\"color: #000000; font-size: 16px;\">Materjali kood<\/span><\/strong><\/p>\n<\/td>\n<td style=\"text-align: center;\" valign=\"top\">\n<p><strong><span style=\"color: #000000; font-size: 16px;\">Kirjeldus<\/span><\/strong><\/p>\n<\/td>\n<td style=\"text-align: center;\" valign=\"top\">\n<p><strong><span style=\"color: #000000; font-size: 16px;\">Pakendamine<\/span><\/strong><\/p>\n<\/td>\n<\/tr>\n<tr>\n<td style=\"text-align: center;\" valign=\"top\">\n<p><span style=\"color: #000000; font-size: 16px;\">BRW001<\/span><\/p>\n<\/td>\n<td style=\"text-align: center;\" valign=\"top\">\n<p><span style=\"color: #000000; font-size: 16px;\">Pesualus<\/span><\/p>\n<\/td>\n<td style=\"text-align: center;\" valign=\"top\">\n<p><span style=\"color: #000000; font-size: 16px;\">1 tk.<\/span><\/p>\n<\/td>\n<\/tr>\n<\/tbody>\n<\/table>\n<div id=\"gtx-trans\" style=\"position: absolute; left: 79px; top: 37px;\">\n<div class=\"gtx-trans-icon\"><\/div>\n<\/div>","protected":false},"excerpt":{"rendered":"<p>Pesualused<\/p>","protected":false},"featured_media":11899,"template":"","meta":[],"product_brand":[],"product_cat":[149,170],"product_tag":[],"class_list":{"0":"post-12748","1":"product","2":"type-product","3":"status-publish","4":"has-post-thumbnail","6":"product_cat-restauratoriams","7":"product_cat-restauravimo-iranga","9":"first","10":"outofstock","11":"product-type-simple"},"_links":{"self":[{"href":"https:\/\/tavieta.lt\/ee\/wp-json\/wp\/v2\/product\/12748","targetHints":{"allow":["GET"]}}],"collection":[{"href":"https:\/\/tavieta.lt\/ee\/wp-json\/wp\/v2\/product"}],"about":[{"href":"https:\/\/tavieta.lt\/ee\/wp-json\/wp\/v2\/types\/product"}],"wp:featuredmedia":[{"embeddable":true,"href":"https:\/\/tavieta.lt\/ee\/wp-json\/wp\/v2\/media\/11899"}],"wp:attachment":[{"href":"https:\/\/tavieta.lt\/ee\/wp-json\/wp\/v2\/media?parent=12748"}],"wp:term":[{"taxonomy":"product_brand","embeddable":true,"href":"https:\/\/tavieta.lt\/ee\/wp-json\/wp\/v2\/product_brand?post=12748"},{"taxonomy":"product_cat","embeddable":true,"href":"https:\/\/tavieta.lt\/ee\/wp-json\/wp\/v2\/product_cat?post=12748"},{"taxonomy":"product_tag","embeddable":true,"href":"https:\/\/tavieta.lt\/ee\/wp-json\/wp\/v2\/product_tag?post=12748"}],"curies":[{"name":"t\u00f6\u00f6leht","href":"https:\/\/api.w.org\/{rel}","templated":true}]}}