{"id":12752,"date":"2024-02-07T09:19:23","date_gmt":"2024-02-07T09:19:23","guid":{"rendered":"http:\/\/tavieta.lt\/produktas\/sildomas-vakuuminis-stalas\/"},"modified":"2024-03-29T09:35:25","modified_gmt":"2024-03-29T09:35:25","slug":"sildomas-vakuuminis-stalas","status":"publish","type":"product","link":"https:\/\/tavieta.lt\/ee\/toode\/sildomas-vakuuminis-stalas\/","title":{"rendered":"Soojendusega vaakumlaud"},"content":{"rendered":"<p><span style=\"color: #000000; font-size: 16px;\">PSD 200 sari koosneb erineva suurusega triikimislaudadest, millest iga\u00fchel on eemaldatavate jalgadega t\u00f6\u00f6tasapind. Kui jalad on eemaldatud, saab meie vaakumlaudu kasutada t\u00e4iendava t\u00f6\u00f6lauana. Tavaliselt on laudadel integreeritud k\u00fcttes\u00fcsteem ja jahutusventilaator. K\u00fcttes\u00fcsteem tagab \u00fchtlase temperatuuri kogu lauaplaadi ulatuses. Laudadel on muutuva arvu imemisavad, mis sisaldavad settepaake. Imemisavade arv s\u00f5ltub laua suurusest, nende jaotus v\u00f5imaldab suuri esemeid osade kaupa tasandada. Lauad t\u00f6\u00f6tavad vaakumpumbaga ja neid juhib PSD 20X Programmer. PSD 20X programmeerija ja pump ei ole lauaga standardvarustuses.<\/span><\/p>\n<table style=\"width: 90.43129770992367%; height: 74px;\" cellspacing=\"0\" cellpadding=\"0\">\n<tbody>\n<tr>\n<td style=\"text-align: center;\" valign=\"top\">\n<p><strong><span style=\"color: #000000; font-size: 16px;\">Materjali kood<\/span><\/strong><\/p>\n<\/td>\n<td style=\"text-align: center;\" valign=\"top\">\n<p><strong><span style=\"color: #000000; font-size: 16px;\">Kirjeldus<\/span><\/strong><\/p>\n<\/td>\n<td style=\"text-align: center;\" valign=\"top\">\n<p><strong><span style=\"color: #000000; font-size: 16px;\">Pakendamine<\/span><\/strong><\/p>\n<\/td>\n<\/tr>\n<tr>\n<td style=\"text-align: center;\" valign=\"top\">\n<p><span style=\"color: #000000; font-size: 16px;\">RT60099 <\/span><\/p>\n<p><span style=\"color: #000000; font-size: 16px;\">RT60100 <\/span><\/p>\n<p><span style=\"color: #000000; font-size: 16px;\">RT60101<\/span><\/p>\n<\/td>\n<td style=\"text-align: center;\" valign=\"top\">\n<p><span style=\"color: #000000; font-size: 16px;\">PSD 201 - m\u00f5\u00f5dud 75 x 100 cm<\/span><\/p>\n<p><span style=\"color: #000000; font-size: 16px;\">PSD 202 - m\u00f5\u00f5dud 100 x 120 cm<\/span><\/p>\n<p><span style=\"color: #000000; font-size: 16px;\">PSD 203 - m\u00f5\u00f5dud 120 x 150 cm<\/span><\/p>\n<\/td>\n<td style=\"text-align: center;\" valign=\"top\">\n<p><span style=\"color: #000000; font-size: 16px;\">1 tk.<\/span><\/p>\n<p><span style=\"color: #000000; font-size: 16px;\">1 tk.<\/span><\/p>\n<p><span style=\"color: #000000; font-size: 16px;\">1 tk.<\/span><\/p>\n<\/td>\n<\/tr>\n<\/tbody>\n<\/table>\n<p><strong><span style=\"color: #000000; font-size: 16px;\">Tehnilised andmed:<\/span><\/strong><\/p>\n<p><span style=\"color: #000000; font-size: 16px;\">lauaplaadi k\u00f5rgus: 120 mm: k\u00f5rgus koos jalgadega 850 mm  \u00a0<\/span><\/p>\n<p><span style=\"color: #000000; font-size: 16px;\">imemisavad, olenevalt t\u00fc\u00fcbist: 1, 2, 4<\/span><\/p>\n<div id=\"gtx-trans\" style=\"position: absolute; left: 79px; top: 37px;\">\n<div class=\"gtx-trans-icon\"><\/div>\n<\/div>","protected":false},"excerpt":{"rendered":"<p>Soojendusega vaakumlaud<\/p>","protected":false},"featured_media":11905,"template":"","meta":[],"product_brand":[],"product_cat":[149,170],"product_tag":[],"class_list":{"0":"post-12752","1":"product","2":"type-product","3":"status-publish","4":"has-post-thumbnail","6":"product_cat-restauratoriams","7":"product_cat-restauravimo-iranga","9":"first","10":"outofstock","11":"product-type-simple"},"_links":{"self":[{"href":"https:\/\/tavieta.lt\/ee\/wp-json\/wp\/v2\/product\/12752","targetHints":{"allow":["GET"]}}],"collection":[{"href":"https:\/\/tavieta.lt\/ee\/wp-json\/wp\/v2\/product"}],"about":[{"href":"https:\/\/tavieta.lt\/ee\/wp-json\/wp\/v2\/types\/product"}],"wp:featuredmedia":[{"embeddable":true,"href":"https:\/\/tavieta.lt\/ee\/wp-json\/wp\/v2\/media\/11905"}],"wp:attachment":[{"href":"https:\/\/tavieta.lt\/ee\/wp-json\/wp\/v2\/media?parent=12752"}],"wp:term":[{"taxonomy":"product_brand","embeddable":true,"href":"https:\/\/tavieta.lt\/ee\/wp-json\/wp\/v2\/product_brand?post=12752"},{"taxonomy":"product_cat","embeddable":true,"href":"https:\/\/tavieta.lt\/ee\/wp-json\/wp\/v2\/product_cat?post=12752"},{"taxonomy":"product_tag","embeddable":true,"href":"https:\/\/tavieta.lt\/ee\/wp-json\/wp\/v2\/product_tag?post=12752"}],"curies":[{"name":"t\u00f6\u00f6leht","href":"https:\/\/api.w.org\/{rel}","templated":true}]}}