{"id":12753,"date":"2024-02-07T09:19:23","date_gmt":"2024-02-07T09:19:23","guid":{"rendered":"http:\/\/tavieta.lt\/produktas\/programavimo-irenginys-psd-20x\/"},"modified":"2024-03-29T09:35:25","modified_gmt":"2024-03-29T09:35:25","slug":"programavimo-irenginys-psd-20x","status":"publish","type":"product","link":"https:\/\/tavieta.lt\/ee\/toode\/programavimo-irenginys-psd-20x\/","title":{"rendered":"Programmeerimisseade PSD 20X"},"content":{"rendered":"<p><span style=\"color: #000000; font-size: 16px;\">Kasutamiseks koos PSD 201, PSD 202 ja PSD 203 tabelitega. V\u00f5imaldab t\u00e4pset temperatuuri reguleerimist ja digitaalset n\u00e4itu. See on varustatud v\u00e4lise vaakumpumba juhtpesa, digitaalse r\u00f5hun\u00e4idiku ja t\u00e4pse VACUUMSTATi m\u00f5\u00f5tes\u00fcsteemiga. Varustatud t\u00e4iendava temperatuurilukuga, samuti laualiigendi juhtimiss\u00fcsteemiga, mis v\u00f5imaldab ohutut triikimist kontrollitud temperatuuri ja r\u00f5hu parameetritega. Programmeerimisseade on \u00fchendatud lauaga multilinki ja vaakumpumbaga toitekaabli kaudu<\/span><\/p>\n<table style=\"width: 81.33971291866028%; height: 57px;\" cellspacing=\"0\" cellpadding=\"0\">\n<tbody>\n<tr>\n<td style=\"text-align: center;\" valign=\"top\">\n<p><strong><span style=\"color: #000000; font-size: 16px;\">Materjali kood<\/span><\/strong><\/p>\n<\/td>\n<td style=\"text-align: center;\" valign=\"top\">\n<p><strong><span style=\"color: #000000; font-size: 16px;\">Kirjeldus<\/span><\/strong><\/p>\n<\/td>\n<td style=\"text-align: center;\" valign=\"top\">\n<p><strong><span style=\"color: #000000; font-size: 16px;\">Pakendamine<\/span><\/strong><\/p>\n<\/td>\n<\/tr>\n<tr>\n<td style=\"text-align: center;\" valign=\"top\">\n<p><span style=\"color: #000000; font-size: 16px;\">RT60094<\/span><\/p>\n<\/td>\n<td style=\"text-align: center;\" valign=\"top\">\n<p><span style=\"color: #000000; font-size: 16px;\">PSD 20X programmeerija<\/span><\/p>\n<\/td>\n<td style=\"text-align: center;\" valign=\"top\">\n<p><span style=\"color: #000000; font-size: 16px;\">1 tk.<\/span><\/p>\n<\/td>\n<\/tr>\n<\/tbody>\n<\/table>\n<p><strong><span style=\"color: #000000; font-size: 16px;\">Tehnilised andmed:<\/span><\/strong><\/p>\n<p><span style=\"color: #000000; font-size: 16px;\">Reguleeritav temperatuur: 20 - 90 \u00b0C \u00a0  \u00a0  \u00a0  \u00a0  \u00a0  \u00a0  \u00a0  \u00a0  \u00a0  \u00a0  \u00a0  \u00a0  \u00a0  \u00a0  \u00a0  \u00a0  \u00a0<\/span><\/p>\n<p><span style=\"color: #000000; font-size: 16px;\">reguleeritav vaakum: 0 \u2013 800 hPa<\/span><\/p>\n<p><span style=\"color: #000000; font-size: 16px;\">temperatuuri lukk<\/span><\/p>\n<div id=\"gtx-trans\" style=\"position: absolute; left: 79px; top: 37px;\">\n<div class=\"gtx-trans-icon\"><\/div>\n<\/div>","protected":false},"excerpt":{"rendered":"<p>Programmeerimisseade PSD 20X<\/p>","protected":false},"featured_media":11907,"template":"","meta":[],"product_brand":[],"product_cat":[149,170],"product_tag":[],"class_list":{"0":"post-12753","1":"product","2":"type-product","3":"status-publish","4":"has-post-thumbnail","6":"product_cat-restauratoriams","7":"product_cat-restauravimo-iranga","9":"first","10":"outofstock","11":"product-type-simple"},"_links":{"self":[{"href":"https:\/\/tavieta.lt\/ee\/wp-json\/wp\/v2\/product\/12753","targetHints":{"allow":["GET"]}}],"collection":[{"href":"https:\/\/tavieta.lt\/ee\/wp-json\/wp\/v2\/product"}],"about":[{"href":"https:\/\/tavieta.lt\/ee\/wp-json\/wp\/v2\/types\/product"}],"wp:featuredmedia":[{"embeddable":true,"href":"https:\/\/tavieta.lt\/ee\/wp-json\/wp\/v2\/media\/11907"}],"wp:attachment":[{"href":"https:\/\/tavieta.lt\/ee\/wp-json\/wp\/v2\/media?parent=12753"}],"wp:term":[{"taxonomy":"product_brand","embeddable":true,"href":"https:\/\/tavieta.lt\/ee\/wp-json\/wp\/v2\/product_brand?post=12753"},{"taxonomy":"product_cat","embeddable":true,"href":"https:\/\/tavieta.lt\/ee\/wp-json\/wp\/v2\/product_cat?post=12753"},{"taxonomy":"product_tag","embeddable":true,"href":"https:\/\/tavieta.lt\/ee\/wp-json\/wp\/v2\/product_tag?post=12753"}],"curies":[{"name":"t\u00f6\u00f6leht","href":"https:\/\/api.w.org\/{rel}","templated":true}]}}