{"id":12754,"date":"2024-02-07T09:19:23","date_gmt":"2024-02-07T09:19:23","guid":{"rendered":"http:\/\/tavieta.lt\/produktas\/programavimo-irenginys-psd-11x\/"},"modified":"2024-03-29T09:35:24","modified_gmt":"2024-03-29T09:35:24","slug":"programavimo-irenginys-psd-11x","status":"publish","type":"product","link":"https:\/\/tavieta.lt\/ee\/toode\/programavimo-irenginys-psd-11x\/","title":{"rendered":"Programmeerimisseade PSD 11X"},"content":{"rendered":"<p><span style=\"color: #000000; font-size: 16px;\">Kasutamiseks koos NSD 111, 115, 110, 11 laudadega. V\u00f5imaldab temperatuuri ja r\u00f5hu parameetrite t\u00e4pset digitaalset reguleerimist, stabiliseerimist ja m\u00f5\u00f5tmist. Programmeerimisseade \u00fchendatakse lauaga multifunktsionaalse \u00fchenduse ja r\u00f5hum\u00f5\u00f5te PVC voolikuga. Konsool on seadme tagak\u00fcljel oleva standardse pistikupesa kaudu \u00fchendatud ka t\u00f6\u00f6stusliku tolmuimejaga. Meie VACUUMSTAT r\u00f5hureguleerimiss\u00fcsteem v\u00f5imaldab teil t\u00e4pselt valida ja salvestada soovitud s\u00e4ilitustingimused. NSD11X juhtpaneelil on ohutusjuhtimiss\u00fcsteem, mis ei lase lauaplaadil t\u00f5usta 92\u00b0C-ni ja juhib vigaseid laua\u00fchendusi.<\/span><\/p>\n<table style=\"width: 83.01640195188797%; height: 74px;\" cellspacing=\"0\" cellpadding=\"0\">\n<tbody>\n<tr style=\"height: 32px;\">\n<td style=\"height: 32px; width: 28.35249042145594%; text-align: center;\" valign=\"top\">\n<p><span style=\"color: #000000; font-size: 16px;\"><strong>Materjali kood<\/strong><\/span><\/p>\n<\/td>\n<td style=\"height: 32px; width: 56.70498084291188%; text-align: center;\" valign=\"top\">\n<p><span style=\"color: #000000; font-size: 16px;\"><strong>Kirjeldus<\/strong><\/span><\/p>\n<\/td>\n<td style=\"height: 32px; width: 14.17624521072797%; text-align: center;\" valign=\"top\">\n<p><span style=\"color: #000000; font-size: 16px;\"><strong>Pakendamine<\/strong><\/span><\/p>\n<\/td>\n<\/tr>\n<tr style=\"height: 32px;\">\n<td style=\"height: 32px; width: 28.35249042145594%; text-align: center;\" valign=\"top\">\n<p><span style=\"color: #000000; font-size: 16px;\">RT0180<\/span><\/p>\n<\/td>\n<td style=\"height: 32px; width: 56.70498084291188%; text-align: center;\" valign=\"top\">\n<p><span style=\"color: #000000; font-size: 16px;\">NSD 11X programmeerimisseade<\/span><\/p>\n<\/td>\n<td style=\"height: 32px; width: 14.17624521072797%; text-align: center;\" valign=\"top\">\n<p><span style=\"color: #000000; font-size: 16px;\">1 tk.<\/span><\/p>\n<\/td>\n<\/tr>\n<\/tbody>\n<\/table>\n<p>&nbsp;<\/p>\n<p><span style=\"color: #000000; font-size: 16px;\"><b>Tehnilised andmed:<\/b><\/span><\/p>\n<p><span style=\"color: #000000; font-size: 16px;\">reguleeritav temperatuur: 20 - 90 \u00b0C<\/span><\/p>\n<p><span style=\"color: #000000; font-size: 16px;\">reguleeritav vaakum: <span class=\"Apple-converted-space\"> \u00a0  \u00a0 <\/span>0 - 190 hPa<\/span><\/p>\n<p><span style=\"color: #000000; font-size: 16px;\">temperatuuri lukustus: <span class=\"Apple-converted-space\"> \u00a0  \u00a0 <\/span>92 \u00b0C<\/span><\/p>\n<div id=\"gtx-trans\" style=\"position: absolute; left: 79px; top: 37px;\">\n<div class=\"gtx-trans-icon\"><\/div>\n<\/div>","protected":false},"excerpt":{"rendered":"<p>Programmeerimisseade PSD 11X<\/p>","protected":false},"featured_media":11909,"template":"","meta":[],"product_brand":[],"product_cat":[149,170],"product_tag":[],"class_list":{"0":"post-12754","1":"product","2":"type-product","3":"status-publish","4":"has-post-thumbnail","6":"product_cat-restauratoriams","7":"product_cat-restauravimo-iranga","9":"first","10":"outofstock","11":"product-type-simple"},"_links":{"self":[{"href":"https:\/\/tavieta.lt\/ee\/wp-json\/wp\/v2\/product\/12754","targetHints":{"allow":["GET"]}}],"collection":[{"href":"https:\/\/tavieta.lt\/ee\/wp-json\/wp\/v2\/product"}],"about":[{"href":"https:\/\/tavieta.lt\/ee\/wp-json\/wp\/v2\/types\/product"}],"wp:featuredmedia":[{"embeddable":true,"href":"https:\/\/tavieta.lt\/ee\/wp-json\/wp\/v2\/media\/11909"}],"wp:attachment":[{"href":"https:\/\/tavieta.lt\/ee\/wp-json\/wp\/v2\/media?parent=12754"}],"wp:term":[{"taxonomy":"product_brand","embeddable":true,"href":"https:\/\/tavieta.lt\/ee\/wp-json\/wp\/v2\/product_brand?post=12754"},{"taxonomy":"product_cat","embeddable":true,"href":"https:\/\/tavieta.lt\/ee\/wp-json\/wp\/v2\/product_cat?post=12754"},{"taxonomy":"product_tag","embeddable":true,"href":"https:\/\/tavieta.lt\/ee\/wp-json\/wp\/v2\/product_tag?post=12754"}],"curies":[{"name":"t\u00f6\u00f6leht","href":"https:\/\/api.w.org\/{rel}","templated":true}]}}