{"id":12755,"date":"2024-02-07T09:19:23","date_gmt":"2024-02-07T09:19:23","guid":{"rendered":"http:\/\/tavieta.lt\/produktas\/zemas-vakuuminis-stalas-nsd-1101\/"},"modified":"2024-03-29T09:35:23","modified_gmt":"2024-03-29T09:35:23","slug":"zemas-vakuuminis-stalas-nsd-1101","status":"publish","type":"product","link":"https:\/\/tavieta.lt\/ee\/toode\/zemas-vakuuminis-stalas-nsd-1101\/","title":{"rendered":"Madal vaakumlaud &quot;NSD 1101&quot;"},"content":{"rendered":"<p><span style=\"color: #000000; font-size: 16px;\">Soojendusega vaakumlaud &quot;NSD 1101&quot; on universaalne masin, mida kasutatakse l\u00f5uendi, paberi ja tekstiiltoodete konserveerimiseks. Hindamatu abi t\u00f6\u00f6del nagu kuum- ja k\u00fclmtriikimine, tasandamine ja kihtide tugevdamine. Paberiga t\u00f6\u00f6tades v\u00f5imaldab meie tabel t\u00e4ita t\u00e4pid paberimassiga.<\/span><\/p>\n<p><span style=\"color: #000000; font-size: 16px;\">Meie NSD 1101 koosneb perforeeritud plaadist, mida toetab j\u00e4ik alumiiniumist tugiraam, millel on neli eemaldatavat reguleeritava k\u00f5rgusega jalga. T\u00f6\u00f6laua programmeerija v\u00f5imaldab digitaalselt reguleerida nii temperatuuri kui ka vaakumi parameetreid. Laual on t\u00f5hus k\u00fcttes\u00fcsteem ja ventilatsioonis\u00fcsteem, mis kiirendab oluliselt jahtumist.<\/span><\/p>\n<table style=\"width: 82.1203007518797%; height: 174px;\" cellspacing=\"0\" cellpadding=\"0\">\n<tbody>\n<tr>\n<td style=\"text-align: center;\" valign=\"top\">\n<p><strong><span style=\"color: #000000; font-size: 16px;\">Materjali kood<\/span><\/strong><\/p>\n<\/td>\n<td style=\"text-align: center;\" valign=\"top\">\n<p><strong><span style=\"color: #000000; font-size: 16px;\">Kirjeldus<\/span><\/strong><\/p>\n<\/td>\n<td style=\"text-align: center;\" valign=\"top\">\n<p><strong><span style=\"color: #000000; font-size: 16px;\">Pakendamine<\/span><\/strong><\/p>\n<\/td>\n<\/tr>\n<tr>\n<td style=\"text-align: center;\" valign=\"top\">\n<p><span style=\"color: #000000; font-size: 16px;\">RT60102<\/span><\/p>\n<\/td>\n<td style=\"text-align: center;\" valign=\"top\">\n<p><span style=\"color: #000000; font-size: 16px;\">NSD 1101 - m\u00f5\u00f5dud 100 x 200 cm<\/span><\/p>\n<\/td>\n<td style=\"text-align: center;\" valign=\"top\">\n<p><span style=\"color: #000000; font-size: 16px;\">1 tk.<\/span><\/p>\n<\/td>\n<\/tr>\n<tr>\n<td style=\"text-align: center;\" valign=\"top\">\n<p><span style=\"color: #000000; font-size: 16px;\">RT60103<\/span><\/p>\n<\/td>\n<td style=\"text-align: center;\" valign=\"top\">\n<p><span style=\"color: #000000; font-size: 16px;\">NSD 1101 - m\u00f5\u00f5dud 120 x 180 cm<\/span><\/p>\n<\/td>\n<td style=\"text-align: center;\" valign=\"top\">\n<p><span style=\"color: #000000; font-size: 16px;\">1 tk.<\/span><\/p>\n<\/td>\n<\/tr>\n<tr>\n<td style=\"text-align: center;\" valign=\"top\">\n<p><span style=\"color: #000000; font-size: 16px;\">RT60104<\/span><\/p>\n<\/td>\n<td style=\"text-align: center;\" valign=\"top\">\n<p><span style=\"color: #000000; font-size: 16px;\">NSD 1101 - m\u00f5\u00f5dud 150 x 200 cm<\/span><\/p>\n<\/td>\n<td style=\"text-align: center;\" valign=\"top\">\n<p><span style=\"color: #000000; font-size: 16px;\">1 tk.<\/span><\/p>\n<\/td>\n<\/tr>\n<tr>\n<td style=\"text-align: center;\" valign=\"top\">\n<p><span style=\"color: #000000; font-size: 16px;\">RT60105<\/span><\/p>\n<\/td>\n<td style=\"text-align: center;\" valign=\"top\">\n<p><span style=\"color: #000000; font-size: 16px;\">NSD 1101 - m\u00f5\u00f5dud 150 x 250 cm<\/span><\/p>\n<\/td>\n<td style=\"text-align: center;\" valign=\"top\">\n<p><span style=\"color: #000000; font-size: 16px;\">1 tk.<\/span><\/p>\n<\/td>\n<\/tr>\n<tr>\n<td style=\"text-align: center;\" valign=\"top\">\n<p><span style=\"color: #000000; font-size: 16px;\">RT60106<\/span><\/p>\n<\/td>\n<td style=\"text-align: center;\" valign=\"top\">\n<p><span style=\"color: #000000; font-size: 16px;\">NSD 1101 - m\u00f5\u00f5dud 150 x 300 cm<\/span><\/p>\n<\/td>\n<td style=\"text-align: center;\" valign=\"top\">\n<p><span style=\"color: #000000; font-size: 16px;\">1 tk.<\/span><\/p>\n<\/td>\n<\/tr>\n<\/tbody>\n<\/table>\n<p><span style=\"color: #000000; font-size: 16px;\">Meie soojendusega vaakum-minilaud NSD 110 on mugav universaalne t\u00f6\u00f6riist l\u00f5uendimaalide, paberi ja tekstiili s\u00e4ilitamiseks. Sellel laua-\/lauamudelil on vaatamata v\u00e4ikesele kaalule ja kaalule t\u00f5hus elektrik\u00fcttes\u00fcsteem. Tabel on m\u00f5eldud kasutamiseks koos NSD11X Programmer ja BY PASS t\u00fc\u00fcpi t\u00f6\u00f6stusliku tolmuimejaga tolmuimeja allikana. Programmeerijat ja tolmuimejat tavaliselt lauaga kaasas ei ole<\/span><\/p>\n<table style=\"width: 81.74712643678161%; height: 42px;\" cellspacing=\"0\" cellpadding=\"0\">\n<tbody>\n<tr>\n<td style=\"text-align: center;\" valign=\"top\">\n<p><strong><span style=\"color: #000000; font-size: 16px;\">Materjali kood<\/span><\/strong><\/p>\n<\/td>\n<td style=\"text-align: center;\" valign=\"top\">\n<p><strong><span style=\"color: #000000; font-size: 16px;\">Kirjeldus<\/span><\/strong><\/p>\n<\/td>\n<td style=\"text-align: center;\" valign=\"top\">\n<p><strong><span style=\"color: #000000; font-size: 16px;\">Pakendamine<\/span><\/strong><\/p>\n<\/td>\n<\/tr>\n<tr>\n<td style=\"text-align: center;\" valign=\"top\">\n<p><span style=\"color: #000000; font-size: 16px;\">RT60107<\/span><\/p>\n<\/td>\n<td style=\"text-align: center;\" valign=\"top\">\n<p><span style=\"color: #000000; font-size: 16px;\">NSD 110 - m\u00f5\u00f5dud 100 x 66 cm<\/span><\/p>\n<\/td>\n<td style=\"text-align: center;\" valign=\"top\">\n<p><span style=\"color: #000000; font-size: 16px;\">1 tk.<\/span><\/p>\n<\/td>\n<\/tr>\n<\/tbody>\n<\/table>\n<div id=\"gtx-trans\" style=\"position: absolute; left: 79px; top: 37px;\">\n<div class=\"gtx-trans-icon\"><\/div>\n<\/div>","protected":false},"excerpt":{"rendered":"<p>Madal vaakumlaud &quot;NSD 1101&quot;<\/p>","protected":false},"featured_media":11911,"template":"","meta":[],"product_brand":[],"product_cat":[149,170],"product_tag":[],"class_list":{"0":"post-12755","1":"product","2":"type-product","3":"status-publish","4":"has-post-thumbnail","6":"product_cat-restauratoriams","7":"product_cat-restauravimo-iranga","9":"first","10":"outofstock","11":"product-type-simple"},"_links":{"self":[{"href":"https:\/\/tavieta.lt\/ee\/wp-json\/wp\/v2\/product\/12755","targetHints":{"allow":["GET"]}}],"collection":[{"href":"https:\/\/tavieta.lt\/ee\/wp-json\/wp\/v2\/product"}],"about":[{"href":"https:\/\/tavieta.lt\/ee\/wp-json\/wp\/v2\/types\/product"}],"wp:featuredmedia":[{"embeddable":true,"href":"https:\/\/tavieta.lt\/ee\/wp-json\/wp\/v2\/media\/11911"}],"wp:attachment":[{"href":"https:\/\/tavieta.lt\/ee\/wp-json\/wp\/v2\/media?parent=12755"}],"wp:term":[{"taxonomy":"product_brand","embeddable":true,"href":"https:\/\/tavieta.lt\/ee\/wp-json\/wp\/v2\/product_brand?post=12755"},{"taxonomy":"product_cat","embeddable":true,"href":"https:\/\/tavieta.lt\/ee\/wp-json\/wp\/v2\/product_cat?post=12755"},{"taxonomy":"product_tag","embeddable":true,"href":"https:\/\/tavieta.lt\/ee\/wp-json\/wp\/v2\/product_tag?post=12755"}],"curies":[{"name":"t\u00f6\u00f6leht","href":"https:\/\/api.w.org\/{rel}","templated":true}]}}