{"id":12757,"date":"2024-02-07T09:19:30","date_gmt":"2024-02-07T09:19:30","guid":{"rendered":"http:\/\/tavieta.lt\/produktas\/foninio-apsviesta-siurbimo-deze-nnp1\/"},"modified":"2024-03-29T09:35:21","modified_gmt":"2024-03-29T09:35:21","slug":"foninio-apsviesta-siurbimo-deze-nnp1","status":"publish","type":"product","link":"https:\/\/tavieta.lt\/ee\/toode\/foninio-apsviesta-siurbimo-deze-nnp1\/","title":{"rendered":"Taustvalgustusega imikast NNP1"},"content":{"rendered":"<p><span style=\"color: #000000; font-size: 16px;\">Meie valgustatud imikast \u00fchendab endas madalsurve iminaual ja valgustatud laua omadused. Poorne valgustatud imemispind on ka vett l\u00e4bilaskev. Kui tekib vaakum, st kui tolmuimeja sisse l\u00fclitatakse, imetakse vesi l\u00e4bi poorse allapoole. \u00a0<\/span><\/p>\n<p><span style=\"color: #000000; font-size: 16px;\">pinnale. Pehmendatud tselluloos\/tekstiilkiud settivad t\u00f6\u00f6pinnale ja t\u00e4idavad t\u00f6\u00f6deldava eseme kaod. NNP1, NNP2 imikastid on m\u00f5eldud paberi s\u00e4ilitamiseks, kuigi neid saab kasutada ka tekstiili s\u00e4ilitamiseks. T\u00f6\u00f6tab<\/span><\/p>\n<p><span style=\"color: #000000; font-size: 16px;\">pinnavalgustus v\u00f5imaldab teil kontrollida k\u00e4sitletava objekti kihtide t\u00e4pset paksust, tuvastades v\u00f5imalikud rebendid. Valgustatud kastides kasutatakse p\u00e4evavalguslampe. \u00a0<\/span><\/p>\n<table style=\"width: 96.80254777070064%; height: 92px;\" cellspacing=\"0\" cellpadding=\"0\">\n<tbody>\n<tr>\n<td style=\"text-align: center;\" valign=\"top\">\n<p><strong><span style=\"color: #000000; font-size: 16px;\">Materjali kood<\/span><\/strong><\/p>\n<\/td>\n<td style=\"text-align: center;\" valign=\"top\">\n<p><strong><span style=\"color: #000000; font-size: 16px;\">Kirjeldus<\/span><\/strong><\/p>\n<\/td>\n<td style=\"text-align: center;\" valign=\"top\">\n<p><strong><span style=\"color: #000000; font-size: 16px;\">Pakendamine<\/span><\/strong><\/p>\n<\/td>\n<\/tr>\n<tr>\n<td style=\"text-align: center;\" valign=\"top\">\n<p><span style=\"color: #000000; font-size: 16px;\">RT1420 <\/span><\/p>\n<p><span style=\"color: #000000; font-size: 16px;\">RT1424 <\/span><\/p>\n<p><span style=\"color: #000000; font-size: 16px;\">RT1423<\/span><\/p>\n<\/td>\n<td style=\"text-align: center;\" valign=\"top\">\n<p><span style=\"color: #000000; font-size: 16px;\">Tagumise tule imikast NNP1<\/span><\/p>\n<p><span style=\"color: #000000; font-size: 16px;\"> \u00a0Tagumise tule imikast NNP2<\/span><\/p>\n<p><span style=\"color: #000000; font-size: 16px;\">Tagumise tule imikast NNP3L<\/span><\/p>\n<\/td>\n<td style=\"text-align: center;\" valign=\"top\">\n<p><span style=\"color: #000000; font-size: 16px;\">1 tk.<\/span><\/p>\n<p><span style=\"color: #000000; font-size: 16px;\">1 tk.<\/span><\/p>\n<p><span style=\"color: #000000; font-size: 16px;\">1 tk.<\/span><\/p>\n<\/td>\n<\/tr>\n<\/tbody>\n<\/table>\n<p><span style=\"color: #000000; font-size: 16px;\"> \u00a0 <\/span><\/p>\n<p><span style=\"color: #000000; font-size: 16px;\"> \u00a0 Kirjeldus:<\/span><\/p>\n<p>&nbsp;<\/p>\n<p><strong><span style=\"color: #000000; font-size: 16px;\">Tehnilised andmed NNP1:<\/span><\/strong><\/p>\n<p><span style=\"color: #000000; font-size: 16px;\">M\u00f5\u00f5dud A2<\/span><\/p>\n<p><span style=\"color: #000000; font-size: 16px;\">T\u00f6\u00f6 negatiivne r\u00f5hk - max 150hPa  \u00a0<\/span><\/p>\n<p><span style=\"color: #000000; font-size: 16px;\">T\u00f6\u00f6pind 48 x 64 cm<\/span><\/p>\n<p><span style=\"color: #000000; font-size: 16px;\">M\u00f5\u00f5dud 52 x 68 x 12 cm, 18 kg \u00a0<\/span><\/p>\n<p><span style=\"color: #000000; font-size: 16px;\">Energia 220V \/ 50Hz<\/span><\/p>\n<p><span style=\"color: #000000; font-size: 16px;\">Energiatarbimine<\/span><\/p>\n<p><span style=\"color: #000000; font-size: 16px;\">4x18W \u00a0<\/span><\/p>\n<p><span style=\"color: #000000; font-size: 16px;\">P\u00e4evavalgustoru Ra 95<\/span><\/p>\n<p><strong><span style=\"color: #000000; font-size: 16px;\">Tehnilised andmed NNP2:<\/span><\/strong><\/p>\n<p><span style=\"color: #000000; font-size: 16px;\">M\u00f5\u00f5dud A1<\/span><\/p>\n<p><span style=\"color: #000000; font-size: 16px;\">T\u00f6\u00f6 negatiivne r\u00f5hk - max 150hPa \u00a0<\/span><\/p>\n<p><span style=\"color: #000000; font-size: 16px;\">T\u00f6\u00f6pind 64 x 96 cm<\/span><\/p>\n<p><span style=\"color: #000000; font-size: 16px;\">M\u00f5\u00f5dud 52 x 68 x 12 cm, 30 kg \u00a0<\/span><\/p>\n<p><span style=\"color: #000000; font-size: 16px;\">Energia 220V \/ 50Hz<\/span><\/p>\n<p><span style=\"color: #000000; font-size: 16px;\">Energiatarve 8 x 18 W \u00a0<\/span><\/p>\n<p><span style=\"color: #000000; font-size: 16px;\">P\u00e4evavalgustoru Ra 95<\/span><\/p>\n<p><strong><span style=\"color: #000000; font-size: 16px;\">Tehnilised andmed NNP3L:<\/span><\/strong><\/p>\n<p><span style=\"color: #000000; font-size: 16px;\">M\u00f5\u00f5dud A2<\/span><\/p>\n<p><span style=\"color: #000000; font-size: 16px;\">T\u00f6\u00f6r\u00f5hk - max 200hPa \u00a0<\/span><\/p>\n<p><span style=\"color: #000000; font-size: 16px;\">T\u00f6\u00f6pind 46 x 62 cm<\/span><\/p>\n<p><span style=\"color: #000000; font-size: 16px;\">M\u00f5\u00f5dud 50 x 66 x 7 cm, 7,5 kg<\/span><\/p>\n<p><span style=\"color: #000000; font-size: 16px;\">V\u00f5imsus 12 VDC<\/span><\/p>\n<p><span style=\"color: #000000; font-size: 16px;\">Voolutarve 22 W<\/span><\/p>\n<p><span style=\"color: #000000; font-size: 16px;\">Valgustoru on valge ~1100 lx<\/span><\/p>\n<div id=\"gtx-trans\" style=\"position: absolute; left: 79px; top: 37px;\">\n<div class=\"gtx-trans-icon\"><\/div>\n<\/div>","protected":false},"excerpt":{"rendered":"<p>Taustvalgustusega imikast NNP0<\/p>","protected":false},"featured_media":11914,"template":"","meta":[],"product_brand":[],"product_cat":[149,170,171],"product_tag":[],"class_list":{"0":"post-12757","1":"product","2":"type-product","3":"status-publish","4":"has-post-thumbnail","6":"product_cat-restauratoriams","7":"product_cat-restauravimo-iranga","8":"product_cat-apsvietimas","10":"first","11":"outofstock","12":"product-type-simple"},"_links":{"self":[{"href":"https:\/\/tavieta.lt\/ee\/wp-json\/wp\/v2\/product\/12757","targetHints":{"allow":["GET"]}}],"collection":[{"href":"https:\/\/tavieta.lt\/ee\/wp-json\/wp\/v2\/product"}],"about":[{"href":"https:\/\/tavieta.lt\/ee\/wp-json\/wp\/v2\/types\/product"}],"wp:featuredmedia":[{"embeddable":true,"href":"https:\/\/tavieta.lt\/ee\/wp-json\/wp\/v2\/media\/11914"}],"wp:attachment":[{"href":"https:\/\/tavieta.lt\/ee\/wp-json\/wp\/v2\/media?parent=12757"}],"wp:term":[{"taxonomy":"product_brand","embeddable":true,"href":"https:\/\/tavieta.lt\/ee\/wp-json\/wp\/v2\/product_brand?post=12757"},{"taxonomy":"product_cat","embeddable":true,"href":"https:\/\/tavieta.lt\/ee\/wp-json\/wp\/v2\/product_cat?post=12757"},{"taxonomy":"product_tag","embeddable":true,"href":"https:\/\/tavieta.lt\/ee\/wp-json\/wp\/v2\/product_tag?post=12757"}],"curies":[{"name":"t\u00f6\u00f6leht","href":"https:\/\/api.w.org\/{rel}","templated":true}]}}