{"id":12758,"date":"2024-02-07T09:19:30","date_gmt":"2024-02-07T09:19:30","guid":{"rendered":"http:\/\/tavieta.lt\/produktas\/knygu-siurbimo-stalas\/"},"modified":"2024-03-29T09:35:21","modified_gmt":"2024-03-29T09:35:21","slug":"knygu-siurbimo-stalas","status":"publish","type":"product","link":"https:\/\/tavieta.lt\/ee\/toode\/knygu-siurbimo-stalas\/","title":{"rendered":"Raamatu imemislaud"},"content":{"rendered":"<p><span style=\"color: #000000; font-size: 16px;\"> \u00a0 Raamatu imemislaud, mis on m\u00f5eldud paberi s\u00e4ilitamiseks k\u00f6idetud raamatutes. V\u00f5imaldab \u00fcksikuid lehti salvestada, sisestades kiilukujulise perforeeritud plaadi. \u00a0<\/span><\/p>\n<p><span style=\"color: #000000; font-size: 16px;\">T\u00f6\u00f6pinda ja raamatutuge saab reguleerida, et v\u00e4ltida pinget piiratud mahuni, tagades, et leht, millega t\u00f6\u00f6tate, on t\u00f6\u00f6tamise ajal horisontaalne. Plaat on valmistatud roostevabast terasest, augud on l\u00e4bim\u00f5\u00f5duga 1 mm ja t\u00f6\u00f6pind on 380 x 300 mm. \u00a0<\/span><\/p>\n<p><span style=\"color: #000000; font-size: 16px;\">Komplektis 2,5 m \u00fchendusvoolik. Plaadi suurus: 380.<\/span><\/p>\n<p><span style=\"color: #000000; font-size: 16px;\">\u00dcldine suurus: 425 mm x 300 mm x 300 mm n\u00f5utav vaakums\u00fcsteem, soovitatav 561 4500.<\/span><\/p>\n<table style=\"width: 87.14814814814815%; height: 101px;\" cellspacing=\"0\" cellpadding=\"0\">\n<tbody>\n<tr>\n<td style=\"text-align: center;\" valign=\"top\">\n<p><strong><span style=\"color: #000000; font-size: 16px;\">Materjali kood<\/span><\/strong><\/p>\n<\/td>\n<td style=\"text-align: center;\" valign=\"top\">\n<p><strong><span style=\"color: #000000; font-size: 16px;\">Kirjeldus<\/span><\/strong><\/p>\n<\/td>\n<td style=\"text-align: center;\" valign=\"top\">\n<p><strong><span style=\"color: #000000; font-size: 16px;\">Pakendamine<\/span><\/strong><\/p>\n<\/td>\n<\/tr>\n<tr>\n<td style=\"text-align: center;\" valign=\"top\">\n<p><span style=\"color: #000000; font-size: 16px;\">P805-3007<\/span><\/p>\n<\/td>\n<td style=\"text-align: center;\" valign=\"top\">\n<p><span style=\"color: #000000; font-size: 16px;\">PEL Book imemisseade<\/span><\/p>\n<\/td>\n<td style=\"text-align: center;\" valign=\"top\">\n<p><span style=\"color: #000000; font-size: 16px;\">1 tk.<\/span><\/p>\n<\/td>\n<\/tr>\n<\/tbody>\n<\/table>\n<div id=\"gtx-trans\" style=\"position: absolute; left: 79px; top: 37px;\">\n<div class=\"gtx-trans-icon\"><\/div>\n<\/div>","protected":false},"excerpt":{"rendered":"<p>Raamatu imemislaud<\/p>","protected":false},"featured_media":11916,"template":"","meta":[],"product_brand":[],"product_cat":[149,170],"product_tag":[],"class_list":{"0":"post-12758","1":"product","2":"type-product","3":"status-publish","4":"has-post-thumbnail","6":"product_cat-restauratoriams","7":"product_cat-restauravimo-iranga","9":"first","10":"outofstock","11":"product-type-simple"},"_links":{"self":[{"href":"https:\/\/tavieta.lt\/ee\/wp-json\/wp\/v2\/product\/12758","targetHints":{"allow":["GET"]}}],"collection":[{"href":"https:\/\/tavieta.lt\/ee\/wp-json\/wp\/v2\/product"}],"about":[{"href":"https:\/\/tavieta.lt\/ee\/wp-json\/wp\/v2\/types\/product"}],"wp:featuredmedia":[{"embeddable":true,"href":"https:\/\/tavieta.lt\/ee\/wp-json\/wp\/v2\/media\/11916"}],"wp:attachment":[{"href":"https:\/\/tavieta.lt\/ee\/wp-json\/wp\/v2\/media?parent=12758"}],"wp:term":[{"taxonomy":"product_brand","embeddable":true,"href":"https:\/\/tavieta.lt\/ee\/wp-json\/wp\/v2\/product_brand?post=12758"},{"taxonomy":"product_cat","embeddable":true,"href":"https:\/\/tavieta.lt\/ee\/wp-json\/wp\/v2\/product_cat?post=12758"},{"taxonomy":"product_tag","embeddable":true,"href":"https:\/\/tavieta.lt\/ee\/wp-json\/wp\/v2\/product_tag?post=12758"}],"curies":[{"name":"t\u00f6\u00f6leht","href":"https:\/\/api.w.org\/{rel}","templated":true}]}}