{"id":12760,"date":"2024-02-07T09:19:30","date_gmt":"2024-02-07T09:19:30","guid":{"rendered":"http:\/\/tavieta.lt\/produktas\/ceibabath-plovimo-vonele\/"},"modified":"2024-03-29T09:35:19","modified_gmt":"2024-03-29T09:35:19","slug":"ceibabath-plovimo-vonele","status":"publish","type":"product","link":"https:\/\/tavieta.lt\/ee\/toode\/ceibabath-plovimo-vonele\/","title":{"rendered":"CeibaBath - pesuvann"},"content":{"rendered":"<p><span style=\"color: #000000; font-size: 16px;\">\u00d5rnade paberi- ja tekstiilmaterjalide pesemiseks m\u00f5eldud restaureerimisvanni t\u00f6\u00f6p\u00f5him\u00f5te on hoida saastunud arhiivimaterjalid pesukasti sees plastikrestil ja pesta \u00f5rnalt materjalide pinnalt \u00e4ra saasteained. Valamiseks kasutatakse spetsiaalset pihustusp\u00fcstolit, millesse sisestatakse erineva l\u00e4bilaskvusega vahetatavad d\u00fc\u00fcsid. Olenevalt operaatori vajadustest saab t\u00f6\u00f6koha k\u00f5rgust muuta kahel tasandil. M\u00e4\u00e4rdunud pesuvesi kogutakse v\u00e4ljaspool arhiivi, pesukasti p\u00f5hja. P\u00e4rast t\u00f6\u00f6 l\u00f5petamist v\u00f5i t\u00e4iteala t\u00e4itmist avage \u00e4ravooluventiil, mis juhib saastunud vee ettevalmistatud \u00e4mbrisse v\u00f5i j\u00e4\u00e4tmetesse.<\/span><\/p>\n<p><span style=\"color: #000000; font-size: 16px;\"> \u00a0M\u00f5\u00f5dud 912 x 612 x 295 mm.  Lauaplaadi suurus 900 x 600 mm.<\/span><\/p>\n<table style=\"width: 84.42674128729702%; height: 71px;\" cellspacing=\"0\" cellpadding=\"0\">\n<tbody>\n<tr style=\"height: 32px;\">\n<td style=\"height: 32px; text-align: center;\" valign=\"top\">\n<p><strong><span style=\"color: #000000; font-size: 16px;\">Materjali kood<\/span><\/strong><\/p>\n<\/td>\n<td style=\"height: 32px; text-align: center;\" valign=\"top\">\n<p><strong><span style=\"color: #000000; font-size: 16px;\">Kirjeldus<\/span><\/strong><\/p>\n<\/td>\n<td style=\"height: 32px; text-align: center;\" valign=\"top\">\n<p><strong><span style=\"color: #000000; font-size: 16px;\">Pakendamine<\/span><\/strong><\/p>\n<\/td>\n<\/tr>\n<tr style=\"height: 32px;\">\n<td style=\"height: 32px; text-align: center;\" valign=\"top\">\n<p><span style=\"color: #000000; font-size: 16px;\">OST00064<\/span><\/p>\n<\/td>\n<td style=\"height: 32px; text-align: center;\" valign=\"top\">\n<p><span style=\"color: #000000; font-size: 16px;\">CeibaBath - pesuvann<\/span><\/p>\n<\/td>\n<td style=\"height: 32px; text-align: center;\" valign=\"top\">\n<p><span style=\"color: #000000; font-size: 16px;\">1 tk.<\/span><\/p>\n<\/td>\n<\/tr>\n<\/tbody>\n<\/table>\n<div id=\"gtx-trans\" style=\"position: absolute; left: 79px; top: 37px;\">\n<div class=\"gtx-trans-icon\"><\/div>\n<\/div>","protected":false},"excerpt":{"rendered":"<p>CeibaBath - pesuvann<\/p>","protected":false},"featured_media":11919,"template":"","meta":[],"product_brand":[],"product_cat":[149,170],"product_tag":[],"class_list":{"0":"post-12760","1":"product","2":"type-product","3":"status-publish","4":"has-post-thumbnail","6":"product_cat-restauratoriams","7":"product_cat-restauravimo-iranga","9":"first","10":"outofstock","11":"product-type-simple"},"_links":{"self":[{"href":"https:\/\/tavieta.lt\/ee\/wp-json\/wp\/v2\/product\/12760","targetHints":{"allow":["GET"]}}],"collection":[{"href":"https:\/\/tavieta.lt\/ee\/wp-json\/wp\/v2\/product"}],"about":[{"href":"https:\/\/tavieta.lt\/ee\/wp-json\/wp\/v2\/types\/product"}],"wp:featuredmedia":[{"embeddable":true,"href":"https:\/\/tavieta.lt\/ee\/wp-json\/wp\/v2\/media\/11919"}],"wp:attachment":[{"href":"https:\/\/tavieta.lt\/ee\/wp-json\/wp\/v2\/media?parent=12760"}],"wp:term":[{"taxonomy":"product_brand","embeddable":true,"href":"https:\/\/tavieta.lt\/ee\/wp-json\/wp\/v2\/product_brand?post=12760"},{"taxonomy":"product_cat","embeddable":true,"href":"https:\/\/tavieta.lt\/ee\/wp-json\/wp\/v2\/product_cat?post=12760"},{"taxonomy":"product_tag","embeddable":true,"href":"https:\/\/tavieta.lt\/ee\/wp-json\/wp\/v2\/product_tag?post=12760"}],"curies":[{"name":"t\u00f6\u00f6leht","href":"https:\/\/api.w.org\/{rel}","templated":true}]}}