{"id":12761,"date":"2024-02-07T09:22:34","date_gmt":"2024-02-07T09:22:34","guid":{"rendered":"http:\/\/tavieta.lt\/produktas\/ceibaroto-rotacine-plovimo-vonele\/"},"modified":"2024-03-29T09:35:19","modified_gmt":"2024-03-29T09:35:19","slug":"ceibaroto-rotacine-plovimo-vonele","status":"publish","type":"product","link":"https:\/\/tavieta.lt\/ee\/toode\/ceibaroto-rotacine-plovimo-vonele\/","title":{"rendered":"CeibaRoto - p\u00f6\u00f6rlev pesuvann"},"content":{"rendered":"<p><span style=\"color: #000000; font-size: 16px;\">P\u00f6\u00f6rdvann suurte arhiividokumentide pesemiseks. Pestav ese asetatakse ristatud lapi sisse ja silindri kujul kokkurullitud pesuvanni. Sees ringlev vesi p\u00f6\u00f6rab silindrit vastavalt seatud veer\u00f5hule. Pesemine on \u00fchtlane ja intensiivne, ilma arhiveeritud materjali kahjustamata. Pestava eseme maksimaalset suurust piirab vaid 80 cm t\u00f6\u00f6laiusega vann. Pestavad esemed v\u00f5ivad olla teiste m\u00f5\u00f5tmetega. M\u00f5\u00f5dud 800 x 300 x 300 mm, netomaterjali m\u00f5\u00f5dud 2000 x 780 mm, Materjal PVC, hall v\u00e4rv.<\/span><\/p>\n<table style=\"width: 96.8%; height: 74px;\" cellspacing=\"0\" cellpadding=\"0\">\n<tbody>\n<tr>\n<td style=\"text-align: center;\" valign=\"top\">\n<p><strong><span style=\"color: #000000; font-size: 16px;\">Materjali kood<\/span><\/strong><\/p>\n<\/td>\n<td style=\"text-align: center;\" valign=\"top\">\n<p><strong><span style=\"color: #000000; font-size: 16px;\">Kirjeldus<\/span><\/strong><\/p>\n<\/td>\n<td style=\"text-align: center;\" valign=\"top\">\n<p><strong><span style=\"color: #000000; font-size: 16px;\">Pakendamine<\/span><\/strong><\/p>\n<\/td>\n<\/tr>\n<tr>\n<td style=\"text-align: center;\" valign=\"top\">\n<p><span style=\"color: #000000; font-size: 16px;\">10687<\/span><\/p>\n<\/td>\n<td style=\"text-align: center;\" valign=\"top\">\n<p><span style=\"color: #000000; font-size: 16px;\">CeibaRoto - p\u00f6\u00f6rlev pesuvann<\/span><\/p>\n<\/td>\n<td style=\"text-align: center;\" valign=\"top\">\n<p><span style=\"color: #000000; font-size: 16px;\">1 tk.<\/span><\/p>\n<\/td>\n<\/tr>\n<\/tbody>\n<\/table>\n<div id=\"gtx-trans\" style=\"position: absolute; left: 79px; top: 37px;\">\n<div class=\"gtx-trans-icon\"><\/div>\n<\/div>","protected":false},"excerpt":{"rendered":"<p>CeibaRoto - p\u00f6\u00f6rlev pesuvann<\/p>","protected":false},"featured_media":11921,"template":"","meta":[],"product_brand":[],"product_cat":[149,170],"product_tag":[],"class_list":{"0":"post-12761","1":"product","2":"type-product","3":"status-publish","4":"has-post-thumbnail","6":"product_cat-restauratoriams","7":"product_cat-restauravimo-iranga","9":"first","10":"outofstock","11":"product-type-simple"},"_links":{"self":[{"href":"https:\/\/tavieta.lt\/ee\/wp-json\/wp\/v2\/product\/12761","targetHints":{"allow":["GET"]}}],"collection":[{"href":"https:\/\/tavieta.lt\/ee\/wp-json\/wp\/v2\/product"}],"about":[{"href":"https:\/\/tavieta.lt\/ee\/wp-json\/wp\/v2\/types\/product"}],"wp:featuredmedia":[{"embeddable":true,"href":"https:\/\/tavieta.lt\/ee\/wp-json\/wp\/v2\/media\/11921"}],"wp:attachment":[{"href":"https:\/\/tavieta.lt\/ee\/wp-json\/wp\/v2\/media?parent=12761"}],"wp:term":[{"taxonomy":"product_brand","embeddable":true,"href":"https:\/\/tavieta.lt\/ee\/wp-json\/wp\/v2\/product_brand?post=12761"},{"taxonomy":"product_cat","embeddable":true,"href":"https:\/\/tavieta.lt\/ee\/wp-json\/wp\/v2\/product_cat?post=12761"},{"taxonomy":"product_tag","embeddable":true,"href":"https:\/\/tavieta.lt\/ee\/wp-json\/wp\/v2\/product_tag?post=12761"}],"curies":[{"name":"t\u00f6\u00f6leht","href":"https:\/\/api.w.org\/{rel}","templated":true}]}}