{"id":12762,"date":"2024-02-07T09:22:34","date_gmt":"2024-02-07T09:22:34","guid":{"rendered":"http:\/\/tavieta.lt\/produktas\/ceibawet-drekiklis-ir-dezinfekavimo-kamera\/"},"modified":"2024-03-29T09:35:18","modified_gmt":"2024-03-29T09:35:18","slug":"ceibawet-drekiklis-ir-dezinfekavimo-kamera","status":"publish","type":"product","link":"https:\/\/tavieta.lt\/ee\/toode\/ceibawet-drekiklis-ir-dezinfekavimo-kamera\/","title":{"rendered":"CeibaWet - niisutaja ja desinfitseerimiskamber"},"content":{"rendered":"<p><span style=\"color: #000000; font-size: 16px;\">Karbi t\u00fc\u00fcpi seade taastatud arhiivimaterjali niisutamiseks ja desinfitseerimiseks. Kogu korpus on valmistatud heledast mattpleksiklaasist, mis v\u00f5imaldab toimuvat protsessi optiliselt juhtida. Juurdep\u00e4\u00e4su kolmele s\u00fcvistatavale kuivatusrestile tagab liughingede k\u00fclge kinnitatud \u00fclespoole suunatud uks. See uus disain v\u00f5imaldab kiiret ja mugavat juhtimist ilma tavap\u00e4rase probleemita &quot;kuhu ust hoida&quot;. Hermeetiliselt suletud kahe lukuga. Termos\/h\u00fcdromeeter on varustatud vajalike andmete ja m\u00f5\u00f5teparameetritega.<\/span><\/p>\n<p><span style=\"color: #000000; font-size: 16px;\">M\u00f5\u00f5dud: 900 x 600 x 500 mm Desinfitseerimiskambri olemasolul asetatakse \u00e4ravooluklapp kliimaseadmega \u00fchendamiseks teie valitud kohta.<\/span><\/p>\n<table style=\"width: 92.09677419354838%; height: 56px;\" cellspacing=\"0\" cellpadding=\"0\">\n<tbody>\n<tr>\n<td style=\"text-align: center;\" valign=\"top\">\n<p><strong><span style=\"color: #000000; font-size: 16px;\">Materjali kood<\/span><\/strong><\/p>\n<\/td>\n<td style=\"text-align: center;\" valign=\"top\">\n<p><strong><span style=\"color: #000000; font-size: 16px;\">Kirjeldus<\/span><\/strong><\/p>\n<\/td>\n<td style=\"text-align: center;\" valign=\"top\">\n<p><strong><span style=\"color: #000000; font-size: 16px;\">Pakendamine<\/span><\/strong><\/p>\n<\/td>\n<\/tr>\n<tr>\n<td style=\"text-align: center;\" valign=\"top\">\n<p><span style=\"color: #000000; font-size: 16px;\">40083<\/span><\/p>\n<\/td>\n<td style=\"text-align: center;\" valign=\"top\">\n<p><span style=\"color: #000000; font-size: 16px;\">CeibaWet - niisutaja ja desinfitseerimiskamber<\/span><\/p>\n<\/td>\n<td style=\"text-align: center;\" valign=\"top\">\n<p><span style=\"color: #000000; font-size: 16px;\">1 tk.<\/span><\/p>\n<\/td>\n<\/tr>\n<\/tbody>\n<\/table>\n<div id=\"gtx-trans\" style=\"position: absolute; left: 79px; top: 37px;\">\n<div class=\"gtx-trans-icon\"><\/div>\n<\/div>","protected":false},"excerpt":{"rendered":"<p>CeibaWet - niisutaja ja desinfitseerimiskamber<\/p>","protected":false},"featured_media":11923,"template":"","meta":[],"product_brand":[],"product_cat":[149,170],"product_tag":[],"class_list":{"0":"post-12762","1":"product","2":"type-product","3":"status-publish","4":"has-post-thumbnail","6":"product_cat-restauratoriams","7":"product_cat-restauravimo-iranga","9":"first","10":"outofstock","11":"product-type-simple"},"_links":{"self":[{"href":"https:\/\/tavieta.lt\/ee\/wp-json\/wp\/v2\/product\/12762","targetHints":{"allow":["GET"]}}],"collection":[{"href":"https:\/\/tavieta.lt\/ee\/wp-json\/wp\/v2\/product"}],"about":[{"href":"https:\/\/tavieta.lt\/ee\/wp-json\/wp\/v2\/types\/product"}],"wp:featuredmedia":[{"embeddable":true,"href":"https:\/\/tavieta.lt\/ee\/wp-json\/wp\/v2\/media\/11923"}],"wp:attachment":[{"href":"https:\/\/tavieta.lt\/ee\/wp-json\/wp\/v2\/media?parent=12762"}],"wp:term":[{"taxonomy":"product_brand","embeddable":true,"href":"https:\/\/tavieta.lt\/ee\/wp-json\/wp\/v2\/product_brand?post=12762"},{"taxonomy":"product_cat","embeddable":true,"href":"https:\/\/tavieta.lt\/ee\/wp-json\/wp\/v2\/product_cat?post=12762"},{"taxonomy":"product_tag","embeddable":true,"href":"https:\/\/tavieta.lt\/ee\/wp-json\/wp\/v2\/product_tag?post=12762"}],"curies":[{"name":"t\u00f6\u00f6leht","href":"https:\/\/api.w.org\/{rel}","templated":true}]}}