{"id":12763,"date":"2024-02-07T09:22:34","date_gmt":"2024-02-07T09:22:34","guid":{"rendered":"http:\/\/tavieta.lt\/produktas\/plastikines-voneles\/"},"modified":"2024-03-29T09:35:17","modified_gmt":"2024-03-29T09:35:17","slug":"plastikines-voneles","status":"publish","type":"product","link":"https:\/\/tavieta.lt\/ee\/toode\/plastikines-voneles\/","title":{"rendered":"Plastist vannid"},"content":{"rendered":"<p><span style=\"color: #000000; font-size: 16px;\">Soovitud v\u00e4rvi PVC-st suur plastikust vann. Vasak tagumine nurk on kohandatud valamu v\u00e4ljalaskeava ja \u00fchendusega j\u00e4\u00e4tmesifooniga, \u00a0<\/span><\/p>\n<p><span style=\"color: #000000; font-size: 16px;\">M\u00f5\u00f5dud 1700 x 1000 x 160 mm. \u00a0<\/span><\/p>\n<p><span style=\"color: #000000; font-size: 16px;\">V\u00e4ike plastikust vann paigaldamiseks suurde vanni, komplektis plastikust jalgade ja v\u00e4ljalaskeavaga, m\u00f5\u00f5dud 900 x 800 x 100 mm. \u00a0<\/span><\/p>\n<p><span style=\"color: #000000; font-size: 16px;\">Tarnime nii suuri kui v\u00e4ikeseid vanne, hoiupaneeli ja vannialuse alust.<\/span><\/p>\n<table style=\"width: 71.74074074074075%; height: 70px;\" cellspacing=\"0\" cellpadding=\"0\">\n<tbody>\n<tr>\n<td style=\"text-align: center;\" valign=\"top\">\n<p><strong><span style=\"color: #000000; font-size: 16px;\">Materjali kood<\/span><\/strong><\/p>\n<\/td>\n<td style=\"text-align: center;\" valign=\"top\">\n<p><strong><span style=\"color: #000000; font-size: 16px;\">Kirjeldus<\/span><\/strong><\/p>\n<\/td>\n<td style=\"text-align: center;\" valign=\"top\">\n<p><strong><span style=\"color: #000000; font-size: 16px;\">Pakendamine<\/span><\/strong><\/p>\n<\/td>\n<\/tr>\n<tr>\n<td style=\"text-align: center;\" valign=\"top\">\n<p><span style=\"color: #000000; font-size: 16px;\">60082<\/span><\/p>\n<\/td>\n<td style=\"text-align: center;\" valign=\"top\">\n<p><span style=\"color: #000000; font-size: 16px;\">Plastist vannid - komplekt<\/span><\/p>\n<\/td>\n<td style=\"text-align: center;\" valign=\"top\">\n<p><span style=\"color: #000000; font-size: 16px;\">1 komplekt<\/span><\/p>\n<\/td>\n<\/tr>\n<\/tbody>\n<\/table>\n<div id=\"gtx-trans\" style=\"position: absolute; left: 79px; top: 37px;\">\n<div class=\"gtx-trans-icon\"><\/div>\n<\/div>","protected":false},"excerpt":{"rendered":"<p>Plastist vannid<\/p>","protected":false},"featured_media":11925,"template":"","meta":[],"product_brand":[],"product_cat":[149,170],"product_tag":[],"class_list":{"0":"post-12763","1":"product","2":"type-product","3":"status-publish","4":"has-post-thumbnail","6":"product_cat-restauratoriams","7":"product_cat-restauravimo-iranga","9":"first","10":"outofstock","11":"product-type-simple"},"_links":{"self":[{"href":"https:\/\/tavieta.lt\/ee\/wp-json\/wp\/v2\/product\/12763","targetHints":{"allow":["GET"]}}],"collection":[{"href":"https:\/\/tavieta.lt\/ee\/wp-json\/wp\/v2\/product"}],"about":[{"href":"https:\/\/tavieta.lt\/ee\/wp-json\/wp\/v2\/types\/product"}],"wp:featuredmedia":[{"embeddable":true,"href":"https:\/\/tavieta.lt\/ee\/wp-json\/wp\/v2\/media\/11925"}],"wp:attachment":[{"href":"https:\/\/tavieta.lt\/ee\/wp-json\/wp\/v2\/media?parent=12763"}],"wp:term":[{"taxonomy":"product_brand","embeddable":true,"href":"https:\/\/tavieta.lt\/ee\/wp-json\/wp\/v2\/product_brand?post=12763"},{"taxonomy":"product_cat","embeddable":true,"href":"https:\/\/tavieta.lt\/ee\/wp-json\/wp\/v2\/product_cat?post=12763"},{"taxonomy":"product_tag","embeddable":true,"href":"https:\/\/tavieta.lt\/ee\/wp-json\/wp\/v2\/product_tag?post=12763"}],"curies":[{"name":"t\u00f6\u00f6leht","href":"https:\/\/api.w.org\/{rel}","templated":true}]}}