{"id":12764,"date":"2024-02-07T09:22:34","date_gmt":"2024-02-07T09:22:34","guid":{"rendered":"http:\/\/tavieta.lt\/produktas\/ceibacard1-irenginys-dokumentams-taisyti-su-popieriaus-mase\/"},"modified":"2024-03-29T09:35:17","modified_gmt":"2024-03-29T09:35:17","slug":"ceibacard1-irenginys-dokumentams-taisyti-su-popieriaus-mase","status":"publish","type":"product","link":"https:\/\/tavieta.lt\/ee\/toode\/ceibacard1-irenginys-dokumentams-taisyti-su-popieriaus-mase\/","title":{"rendered":"CeibaCard1 - seade paberimassi abil dokumentide parandamiseks"},"content":{"rendered":"<p><span style=\"color: #000000; font-size: 16px;\">CeibaCard 1 \u2013 Professionaalne taastamisseade prinditud paberdokumentide taastamiseks paberit leotades. P\u00e4rast seadme reguleerimist saab selle aga \u00fchendada imemisseadmega, n\u00e4iteks tolmuimejaga pidev veev\u00f5tt, reovee otset\u00f5mme ja pottides t\u00f6\u00f6 kiirendamine.  Operaatoril on ainult 1 l\u00fcliti. Funktsionaalne osa on kaetud eemaldatava kattega. Drenaa\u017eiseade on varustatud reguleerventiiliga, mis v\u00f5imaldab pidevalt kontrollida immutatud vee mahtu. Seade on \u00fchendatud tahkete j\u00e4\u00e4tmetega ja vajab 230 V \/ 50 Hz pinge\u00fchendust.<\/span><\/p>\n<table style=\"width: 87.88439306358381%; height: 77px;\" cellspacing=\"0\" cellpadding=\"0\">\n<tbody>\n<tr>\n<td style=\"text-align: center;\" valign=\"top\">\n<p><strong><span style=\"color: #000000; font-size: 16px;\">Materjali kood<\/span><\/strong><\/p>\n<\/td>\n<td style=\"text-align: center;\" valign=\"top\">\n<p><strong><span style=\"color: #000000; font-size: 16px;\">Kirjeldus<\/span><\/strong><\/p>\n<\/td>\n<td style=\"text-align: center;\" valign=\"top\">\n<p><strong><span style=\"color: #000000; font-size: 16px;\">Pakendamine<\/span><\/strong><\/p>\n<\/td>\n<\/tr>\n<tr>\n<td style=\"text-align: center;\" valign=\"top\">\n<p><span style=\"color: #000000; font-size: 16px;\">20308<\/span><\/p>\n<\/td>\n<td style=\"text-align: center;\" valign=\"top\">\n<p><span style=\"color: #000000; font-size: 16px;\">CeibaCard 1<\/span><\/p>\n<\/td>\n<td style=\"text-align: center;\" valign=\"top\">\n<p><span style=\"color: #000000; font-size: 16px;\">1 tk.<\/span><\/p>\n<\/td>\n<\/tr>\n<\/tbody>\n<\/table>\n<p><strong><span style=\"color: #000000; font-size: 16px;\">Tehnilised parameetrid:<\/span><\/strong><\/p>\n<p><span style=\"color: #000000; font-size: 16px;\">M\u00f5\u00f5dud: Pikkus: 950 mm, Laius: 740 mm, K\u00f5rgus: 505 mm Lauaplaadi suurus: 600 x 600 mm<\/span><\/p>\n<p><span style=\"color: #000000; font-size: 16px;\">Kasutatud maht: 50 l, kogumaht: 60 l<\/span><\/p>\n<p><span style=\"color: #000000; font-size: 16px;\">T\u00e4ismahu t\u00e4itmisaeg (50 l): 18 s  \u00a0<\/span><\/p>\n<p><span style=\"color: #000000; font-size: 16px;\">T\u00fchjendusaeg: 85 s<\/span><\/p>\n<p><span style=\"color: #000000; font-size: 16px;\">Kaal: 50 kg (ilma veeta) \u00a0<\/span><\/p>\n<p><span style=\"color: #000000; font-size: 16px;\">Pump: plastikust anduriga min. tasemel. \u00a0<\/span><\/p>\n<p><span style=\"color: #000000; font-size: 16px;\">Valgustus: EI<\/span><\/p>\n<p><span style=\"color: #000000; font-size: 16px;\">S\u00e4ilitamine: ei<\/span><\/p>\n<p><span style=\"color: #000000; font-size: 16px;\"> Pinge: 230 V, koguv\u00f5imsus 0,37 kW<\/span><\/p>\n<div id=\"gtx-trans\" style=\"position: absolute; left: 79px; top: 37px;\">\n<div class=\"gtx-trans-icon\"><\/div>\n<\/div>","protected":false},"excerpt":{"rendered":"<p>CeibaCard1 - seade paberimassi abil dokumentide parandamiseks<\/p>","protected":false},"featured_media":11927,"template":"","meta":[],"product_brand":[],"product_cat":[149,170],"product_tag":[],"class_list":{"0":"post-12764","1":"product","2":"type-product","3":"status-publish","4":"has-post-thumbnail","6":"product_cat-restauratoriams","7":"product_cat-restauravimo-iranga","9":"first","10":"outofstock","11":"product-type-simple"},"_links":{"self":[{"href":"https:\/\/tavieta.lt\/ee\/wp-json\/wp\/v2\/product\/12764","targetHints":{"allow":["GET"]}}],"collection":[{"href":"https:\/\/tavieta.lt\/ee\/wp-json\/wp\/v2\/product"}],"about":[{"href":"https:\/\/tavieta.lt\/ee\/wp-json\/wp\/v2\/types\/product"}],"wp:featuredmedia":[{"embeddable":true,"href":"https:\/\/tavieta.lt\/ee\/wp-json\/wp\/v2\/media\/11927"}],"wp:attachment":[{"href":"https:\/\/tavieta.lt\/ee\/wp-json\/wp\/v2\/media?parent=12764"}],"wp:term":[{"taxonomy":"product_brand","embeddable":true,"href":"https:\/\/tavieta.lt\/ee\/wp-json\/wp\/v2\/product_brand?post=12764"},{"taxonomy":"product_cat","embeddable":true,"href":"https:\/\/tavieta.lt\/ee\/wp-json\/wp\/v2\/product_cat?post=12764"},{"taxonomy":"product_tag","embeddable":true,"href":"https:\/\/tavieta.lt\/ee\/wp-json\/wp\/v2\/product_tag?post=12764"}],"curies":[{"name":"t\u00f6\u00f6leht","href":"https:\/\/api.w.org\/{rel}","templated":true}]}}