{"id":12765,"date":"2024-02-07T09:22:34","date_gmt":"2024-02-07T09:22:34","guid":{"rendered":"http:\/\/tavieta.lt\/produktas\/ceibacard2-irenginys-dokumentams-taisyti-su-popieriaus-mase\/"},"modified":"2024-03-29T09:35:16","modified_gmt":"2024-03-29T09:35:16","slug":"ceibacard2-irenginys-dokumentams-taisyti-su-popieriaus-mase","status":"publish","type":"product","link":"https:\/\/tavieta.lt\/ee\/toode\/ceibacard2-irenginys-dokumentams-taisyti-su-popieriaus-mase\/","title":{"rendered":"CeibaCard2 \u2013 seade paberimassiga dokumentide parandamiseks"},"content":{"rendered":"<p><span style=\"color: #000000; font-size: 16px;\"> \u00a0CeibaCard 2 \u2013 Professionaalne restaureerimisseade lamepaberi taastamiseks. Juhtimise tagavad vaid kaks masina eraldi osade l\u00fclitit. Seadme funktsionaalsed osad on valmistatud l\u00e4bipaistvast PMMA-st. T\u00f6\u00f6pind on alt valgustatud ja \u00fclevalt valgustatud t\u00f6\u00f6lambiga. Abielulahutus toimub \u00fchtlaselt spontaanselt. Lauaplaadil on sisseehitatud puidust t\u00f6\u00f6laud koos panipaiga ja panipaigaga. Drenaa\u017eipind on juhul, kui masin ei ole kinnitatud kattekihiga kaitstud. Masinat ja selle sisemisi osi on v\u00e4ga lihtne puhastada. Seade on \u00fchendatud tahkete j\u00e4\u00e4tmetega ja peab olema \u00fchendatud pingega 230 V \/ 50 Hz.<\/span><\/p>\n<table style=\"width: 83.48708643502327%; height: 55px;\" cellspacing=\"0\" cellpadding=\"0\">\n<tbody>\n<tr>\n<td style=\"width: 42.77456647398844%; text-align: center;\" valign=\"top\">\n<p><strong><span style=\"color: #000000; font-size: 16px;\">Materjali kood<\/span><\/strong><\/p>\n<\/td>\n<td style=\"width: 35.83815028901734%; text-align: center;\" valign=\"top\">\n<p><strong><span style=\"color: #000000; font-size: 16px;\">Kirjeldus<\/span><\/strong><\/p>\n<\/td>\n<td style=\"width: 20.809248554913296%; text-align: center;\" valign=\"top\">\n<p><strong><span style=\"color: #000000; font-size: 16px;\">Pakendamine<\/span><\/strong><\/p>\n<\/td>\n<\/tr>\n<tr>\n<td style=\"width: 42.77456647398844%; text-align: center;\" valign=\"top\">\n<p><span style=\"color: #000000; font-size: 16px;\">60086<\/span><\/p>\n<\/td>\n<td style=\"width: 35.83815028901734%; text-align: center;\" valign=\"top\">\n<p><span style=\"color: #000000; font-size: 16px;\">CeibaCard 2<\/span><\/p>\n<\/td>\n<td style=\"width: 20.809248554913296%; text-align: center;\" valign=\"top\">\n<p><span style=\"color: #000000; font-size: 16px;\">1 tk.<\/span><\/p>\n<\/td>\n<\/tr>\n<\/tbody>\n<\/table>\n<p><strong><span style=\"color: #000000; font-size: 16px;\">Tehnilised parameetrid:<\/span><\/strong><\/p>\n<p><span style=\"color: #000000; font-size: 16px;\"> Seadme m\u00f5\u00f5dud: Laua pikkus: 1605 mm, laua laius: 690 mm, laua k\u00f5rgus: 1090 mm, t\u00f6\u00f6k\u00f5rgus: 880 mm<\/span><\/p>\n<p><span style=\"color: #000000; font-size: 16px;\">Lauaplaadi suurus: 600 x 900 mm<\/span><\/p>\n<p><span style=\"color: #000000; font-size: 16px;\">Kasutatud maht: 80 l, kogumaht: 85 l<\/span><\/p>\n<p><span style=\"color: #000000; font-size: 16px;\">T\u00e4itmisaeg (80 l): 28 s T<\/span><\/p>\n<p><span style=\"color: #000000; font-size: 16px;\">T\u00fchjendusaeg: 85 s<\/span><\/p>\n<p><span style=\"color: #000000; font-size: 16px;\">Kaal: 200 kg koos tolmuimeja, korkpumbaga jne (ilma veeta) Pump: kaubam\u00e4rgiga roostevaba teras anduriga min. tasemel. \u00a0<\/span><\/p>\n<p><span style=\"color: #000000; font-size: 16px;\">Valgustus: kahesuunaline paigaldatud (tagab t\u00e4iusliku t\u00f6\u00f6laua valgustuse) \u00a0<\/span><\/p>\n<p><span style=\"color: #000000; font-size: 16px;\">Panipaik: 2x t\u00e4ispikendusega sahtlit<\/span><\/p>\n<p><span style=\"color: #000000; font-size: 16px;\"> \u00a0 Pinge: 230 V, \u00a0<\/span><\/p>\n<p><span style=\"color: #000000; font-size: 16px;\">Koguv\u00f5imsus: 3,6 kW<\/span><\/p>\n<p><strong><span style=\"color: #000000; font-size: 16px;\">Muud tarvikud:<\/span><\/strong><\/p>\n<p><span style=\"color: #000000; font-size: 16px;\">T\u00e4iteseadme funktsionaalseks osaks on kaetud eemaldatav kaas, mida saab kasutada panipaigana, kui boilerit ei kasutata, v\u00f5i panipaigana m\u00e4rja plastriivi jaoks t\u00f6\u00f6tamisel keermestusseadmega, kui seda kasutatakse vannina.<\/span><\/p>\n<div id=\"gtx-trans\" style=\"position: absolute; left: 79px; top: 37px;\">\n<div class=\"gtx-trans-icon\"><\/div>\n<\/div>","protected":false},"excerpt":{"rendered":"<p>CeibaCard2 \u2013 seade paberimassiga dokumentide parandamiseks<\/p>","protected":false},"featured_media":11929,"template":"","meta":[],"product_brand":[],"product_cat":[149,170],"product_tag":[],"class_list":{"0":"post-12765","1":"product","2":"type-product","3":"status-publish","4":"has-post-thumbnail","6":"product_cat-restauratoriams","7":"product_cat-restauravimo-iranga","9":"first","10":"outofstock","11":"product-type-simple"},"_links":{"self":[{"href":"https:\/\/tavieta.lt\/ee\/wp-json\/wp\/v2\/product\/12765","targetHints":{"allow":["GET"]}}],"collection":[{"href":"https:\/\/tavieta.lt\/ee\/wp-json\/wp\/v2\/product"}],"about":[{"href":"https:\/\/tavieta.lt\/ee\/wp-json\/wp\/v2\/types\/product"}],"wp:featuredmedia":[{"embeddable":true,"href":"https:\/\/tavieta.lt\/ee\/wp-json\/wp\/v2\/media\/11929"}],"wp:attachment":[{"href":"https:\/\/tavieta.lt\/ee\/wp-json\/wp\/v2\/media?parent=12765"}],"wp:term":[{"taxonomy":"product_brand","embeddable":true,"href":"https:\/\/tavieta.lt\/ee\/wp-json\/wp\/v2\/product_brand?post=12765"},{"taxonomy":"product_cat","embeddable":true,"href":"https:\/\/tavieta.lt\/ee\/wp-json\/wp\/v2\/product_cat?post=12765"},{"taxonomy":"product_tag","embeddable":true,"href":"https:\/\/tavieta.lt\/ee\/wp-json\/wp\/v2\/product_tag?post=12765"}],"curies":[{"name":"t\u00f6\u00f6leht","href":"https:\/\/api.w.org\/{rel}","templated":true}]}}