{"id":12766,"date":"2024-02-07T09:22:40","date_gmt":"2024-02-07T09:22:40","guid":{"rendered":"http:\/\/tavieta.lt\/produktas\/easybox-1-irenginys-dokumentams-taisyti-su-popieriaus-mase\/"},"modified":"2024-03-29T09:35:13","modified_gmt":"2024-03-29T09:35:13","slug":"easybox-1-irenginys-dokumentams-taisyti-su-popieriaus-mase","status":"publish","type":"product","link":"https:\/\/tavieta.lt\/ee\/toode\/easybox-1-irenginys-dokumentams-taisyti-su-popieriaus-mase\/","title":{"rendered":"EasyBox 1 - seade paberimassi abil dokumentide parandamiseks"},"content":{"rendered":"<p>EasyBox 1 - seade paberimassi abil dokumentide parandamiseks<\/p>\n<p><span style=\"color: #000000;\">Koos vaakumlauaga saab EasyBoxi kasutada lihtsa seadmena paberi taastamiseks paberi sisestamise teel. EasyBox koosneb kahest osast, \u00f5mblusteta vahtkummiga vooderdatud PVC konteinerist, vaakumlaua k\u00fclge kinnitatud kast ja laadimisrestist, mis takistab kasutatava eseme osade liikumist. Kui anum on t\u00e4idetud lisalahusega ja imemisvaakumlaud t\u00f6\u00f6tab, t\u00f5stke v\u00f5rk k\u00e4sitsi anuma p\u00f5hjast. Saab juhtida \u00fche k\u00e4ega. Konteinerit saab tarnida ka teistes m\u00f5\u00f5tudes.<\/span><\/p>\n<table style=\"width: 66.43233142397766%; height: 64px;\" cellspacing=\"0\" cellpadding=\"0\">\n<tbody>\n<tr style=\"height: 47px;\">\n<td style=\"height: 47px; width: 42.44186046511628%; text-align: center;\" valign=\"top\">\n<p><strong><span style=\"color: #000000;\">Materjali kood<\/span><\/strong><\/p>\n<\/td>\n<td style=\"height: 47px; width: 36.04651162790697%; text-align: center;\" valign=\"top\">\n<p><strong><span style=\"color: #000000;\">Kirjeldus<\/span><\/strong><\/p>\n<\/td>\n<td style=\"height: 47px; width: 20.930232558139537%; text-align: center;\" valign=\"top\">\n<p><strong><span style=\"color: #000000;\">Pakendamine<\/span><\/strong><\/p>\n<\/td>\n<\/tr>\n<tr style=\"height: 32px;\">\n<td style=\"height: 32px; width: 42.44186046511628%; text-align: center;\" valign=\"top\">\n<p><span style=\"color: #000000;\">RT60085<\/span><\/p>\n<\/td>\n<td style=\"height: 32px; width: 36.04651162790697%; text-align: center;\" valign=\"top\">\n<p><span style=\"color: #000000;\">EasyBox 1<\/span><\/p>\n<\/td>\n<td style=\"height: 32px; width: 20.930232558139537%; text-align: center;\" valign=\"top\">\n<p><span style=\"color: #000000;\">1 tk.<\/span><\/p>\n<\/td>\n<\/tr>\n<\/tbody>\n<\/table>\n<p><strong><span style=\"color: #000000;\">Tehnilised andmed:<\/span><\/strong><\/p>\n<p><span style=\"color: #000000;\">m\u00f5\u00f5dud 305 x 120 mm kaubaaluse osa kaal 1,5 kg<\/span><\/p>\n<div id=\"gtx-trans\" style=\"position: absolute; left: 79px; top: 37px;\">\n<div class=\"gtx-trans-icon\"><\/div>\n<\/div>","protected":false},"excerpt":{"rendered":"<p>EasyBox 1 - seade paberimassi abil dokumentide parandamiseks<\/p>","protected":false},"featured_media":11931,"template":"","meta":[],"product_brand":[],"product_cat":[149,170],"product_tag":[],"class_list":{"0":"post-12766","1":"product","2":"type-product","3":"status-publish","4":"has-post-thumbnail","6":"product_cat-restauratoriams","7":"product_cat-restauravimo-iranga","9":"first","10":"outofstock","11":"product-type-simple"},"_links":{"self":[{"href":"https:\/\/tavieta.lt\/ee\/wp-json\/wp\/v2\/product\/12766","targetHints":{"allow":["GET"]}}],"collection":[{"href":"https:\/\/tavieta.lt\/ee\/wp-json\/wp\/v2\/product"}],"about":[{"href":"https:\/\/tavieta.lt\/ee\/wp-json\/wp\/v2\/types\/product"}],"wp:featuredmedia":[{"embeddable":true,"href":"https:\/\/tavieta.lt\/ee\/wp-json\/wp\/v2\/media\/11931"}],"wp:attachment":[{"href":"https:\/\/tavieta.lt\/ee\/wp-json\/wp\/v2\/media?parent=12766"}],"wp:term":[{"taxonomy":"product_brand","embeddable":true,"href":"https:\/\/tavieta.lt\/ee\/wp-json\/wp\/v2\/product_brand?post=12766"},{"taxonomy":"product_cat","embeddable":true,"href":"https:\/\/tavieta.lt\/ee\/wp-json\/wp\/v2\/product_cat?post=12766"},{"taxonomy":"product_tag","embeddable":true,"href":"https:\/\/tavieta.lt\/ee\/wp-json\/wp\/v2\/product_tag?post=12766"}],"curies":[{"name":"t\u00f6\u00f6leht","href":"https:\/\/api.w.org\/{rel}","templated":true}]}}