{"id":12767,"date":"2024-02-07T09:22:40","date_gmt":"2024-02-07T09:22:40","guid":{"rendered":"http:\/\/tavieta.lt\/produktas\/siurbimo-pleistas-sbd1\/"},"modified":"2024-03-29T09:35:12","modified_gmt":"2024-03-29T09:35:12","slug":"siurbimo-pleistas-sbd1","status":"publish","type":"product","link":"https:\/\/tavieta.lt\/ee\/toode\/siurbimo-pleistas-sbd1\/","title":{"rendered":"Imikiil SBD1"},"content":{"rendered":"<p><span style=\"color: #000000; font-size: 16px;\"> Imikiil SBD1 on spetsiaalne madala r\u00f5huga imemislaud. See on m\u00f5eldud raamatute parandamiseks, neid ei pea p\u00e4rast parandamist \u00f5mblema. Koosneb kiilukujulisest imemisplaadist, mis v\u00f5imaldab selle sisestada raamatu lehtede vahele, ja stabiilsest plasttoest, mille geomeetriat on v\u00f5imalik reguleerida. . Imemisala on valmistatud poorsest h\u00fcdrofoobsest materjalist v\u00f5i perforeeritud PVC-lehest. SBD1 imemisallikaks on kuiv-m\u00e4rg t\u00f6\u00f6stuslik tolmuimeja. Seadmes saab kasutada erinevat t\u00fc\u00fcpi VC-sid, millest saab vett pumbata, kuid parimad on imemisv\u00f5imsuse elektroonilise juhtimisega tolmuimejad. Raamatutoel on v\u00f5imalus kohandada geomeetriat vastavalt raamatu m\u00f5\u00f5tmetele ja hetkel konserveeritud lehe asukohale raamatus. Raamatu tugiosade asukoht on kergesti fikseeritav kahe tsentrifugaalkruviga<\/span><\/p>\n<table style=\"width: 79.85915492957747%; height: 69px;\" cellspacing=\"0\" cellpadding=\"0\">\n<tbody>\n<tr>\n<td style=\"text-align: center;\" valign=\"top\">\n<p><strong><span style=\"color: #000000; font-size: 16px;\">Materjali kood<\/span><\/strong><\/p>\n<\/td>\n<td style=\"text-align: center;\" valign=\"top\">\n<p><strong><span style=\"color: #000000; font-size: 16px;\">Kirjeldus<\/span><\/strong><\/p>\n<\/td>\n<td style=\"text-align: center;\" valign=\"top\">\n<p><strong><span style=\"color: #000000; font-size: 16px;\">Pakendamine<\/span><\/strong><\/p>\n<\/td>\n<\/tr>\n<tr>\n<td style=\"text-align: center;\" valign=\"top\">\n<p><span style=\"color: #000000; font-size: 16px;\">RT3007<\/span><\/p>\n<\/td>\n<td style=\"text-align: center;\" valign=\"top\">\n<p><span style=\"color: #000000; font-size: 16px;\">Imikiil SBD1<\/span><\/p>\n<\/td>\n<td style=\"text-align: center;\" valign=\"top\">\n<p><span style=\"color: #000000; font-size: 16px;\">1 tk.<\/span><\/p>\n<\/td>\n<\/tr>\n<\/tbody>\n<\/table>\n<div id=\"gtx-trans\" style=\"position: absolute; left: 79px; top: 37px;\">\n<div class=\"gtx-trans-icon\"><\/div>\n<\/div>","protected":false},"excerpt":{"rendered":"<p>Imikiil SBD0<\/p>","protected":false},"featured_media":11933,"template":"","meta":[],"product_brand":[],"product_cat":[149,170],"product_tag":[],"class_list":{"0":"post-12767","1":"product","2":"type-product","3":"status-publish","4":"has-post-thumbnail","6":"product_cat-restauratoriams","7":"product_cat-restauravimo-iranga","9":"first","10":"outofstock","11":"product-type-simple"},"_links":{"self":[{"href":"https:\/\/tavieta.lt\/ee\/wp-json\/wp\/v2\/product\/12767","targetHints":{"allow":["GET"]}}],"collection":[{"href":"https:\/\/tavieta.lt\/ee\/wp-json\/wp\/v2\/product"}],"about":[{"href":"https:\/\/tavieta.lt\/ee\/wp-json\/wp\/v2\/types\/product"}],"wp:featuredmedia":[{"embeddable":true,"href":"https:\/\/tavieta.lt\/ee\/wp-json\/wp\/v2\/media\/11933"}],"wp:attachment":[{"href":"https:\/\/tavieta.lt\/ee\/wp-json\/wp\/v2\/media?parent=12767"}],"wp:term":[{"taxonomy":"product_brand","embeddable":true,"href":"https:\/\/tavieta.lt\/ee\/wp-json\/wp\/v2\/product_brand?post=12767"},{"taxonomy":"product_cat","embeddable":true,"href":"https:\/\/tavieta.lt\/ee\/wp-json\/wp\/v2\/product_cat?post=12767"},{"taxonomy":"product_tag","embeddable":true,"href":"https:\/\/tavieta.lt\/ee\/wp-json\/wp\/v2\/product_tag?post=12767"}],"curies":[{"name":"t\u00f6\u00f6leht","href":"https:\/\/api.w.org\/{rel}","templated":true}]}}