{"id":12770,"date":"2024-02-07T09:22:40","date_gmt":"2024-02-07T09:22:40","guid":{"rendered":"http:\/\/tavieta.lt\/produktas\/restauravimo-lempa15x2-e\/"},"modified":"2024-03-29T09:35:14","modified_gmt":"2024-03-29T09:35:14","slug":"restauravimo-lempa15x2-e","status":"publish","type":"product","link":"https:\/\/tavieta.lt\/ee\/toode\/restauravimo-lempa15x2-e\/","title":{"rendered":"Restaureerimislamp 15x2\/E ja 15\u00d72 +1\/E"},"content":{"rendered":"<p><span style=\"color: #000000; font-size: 16px;\"> \u00a0Kahe luminofoortoruga lamp elektroonilise l\u00fclituss\u00fcsteemiga. See on kinnitatud liigutatava k\u00e4e k\u00fclge, millel on kronstein lauale kinnitamiseks. Lambi saab varustada p\u00e4evavalguslambiga. Soojad v\u00e4rvid (heledad v\u00e4rvid) 5400K (standard) v\u00f5i n\u00e4iteks UV..<\/span><\/p>\n<table style=\"width: 70.32080624393404%; height: 62px;\" cellspacing=\"0\" cellpadding=\"0\">\n<tbody>\n<tr>\n<td style=\"width: 31.62393162393162%; text-align: center;\" valign=\"top\">\n<p><strong><span style=\"color: #000000; font-size: 16px;\">Materjali kood<\/span><\/strong><\/p>\n<\/td>\n<td style=\"width: 52.13675213675214%; text-align: center;\" valign=\"top\">\n<p><strong><span style=\"color: #000000; font-size: 16px;\">Kirjeldus<\/span><\/strong><\/p>\n<\/td>\n<td style=\"width: 15.384615384615385%; text-align: center;\" valign=\"top\">\n<p><strong><span style=\"color: #000000; font-size: 16px;\">Pakendamine<\/span><\/strong><\/p>\n<\/td>\n<\/tr>\n<tr>\n<td style=\"width: 31.62393162393162%; text-align: center;\" valign=\"top\">\n<p><span style=\"color: #000000; font-size: 16px;\">RT60112<\/span><\/p>\n<\/td>\n<td style=\"width: 52.13675213675214%; text-align: center;\" valign=\"top\">\n<p><span style=\"color: #000000; font-size: 16px;\">Taastuslamp 15\u00d72\/E<\/span><\/p>\n<\/td>\n<td style=\"width: 15.384615384615385%; text-align: center;\" valign=\"top\">\n<p><span style=\"color: #000000; font-size: 16px;\">1 tk.<\/span><\/p>\n<\/td>\n<\/tr>\n<\/tbody>\n<\/table>\n<p><span style=\"color: #000000; font-size: 16px;\"> \u00a0<\/span><\/p>\n<p><span style=\"color: #000000; font-size: 16px;\"> \u00a0Lamp kolme lambiga (15W) elektroonilise l\u00fclituss\u00fcsteemiga. See on kinnitatud liigutatava k\u00e4e k\u00fclge, millel on kronstein lauale kinnitamiseks. Vajadusel saab \u00fchendada \u00fche, kaks v\u00f5i kolm lampi. Standardina on paigaldatud kaks p\u00e4evavalguslampi. Soojad v\u00e4rvid (heledad v\u00e4rvid), 5400 K ja \u00fchte t\u00fc\u00fcpi UV A.<\/span><\/p>\n<table style=\"width: 71.14754098360656%; height: 42px;\" cellspacing=\"0\" cellpadding=\"0\">\n<tbody>\n<tr>\n<td style=\"text-align: center;\" valign=\"top\">\n<p><strong><span style=\"color: #000000; font-size: 16px;\">Materjali kood<\/span><\/strong><\/p>\n<\/td>\n<td style=\"text-align: center;\" valign=\"top\">\n<p><strong><span style=\"color: #000000; font-size: 16px;\">Kirjeldus<\/span><\/strong><\/p>\n<\/td>\n<td style=\"text-align: center;\" valign=\"top\">\n<p><strong><span style=\"color: #000000; font-size: 16px;\">Pakendamine<\/span><\/strong><\/p>\n<\/td>\n<\/tr>\n<tr>\n<td style=\"text-align: center;\" valign=\"top\">\n<p><span style=\"color: #000000; font-size: 16px;\">RT60113<\/span><\/p>\n<\/td>\n<td style=\"text-align: center;\" valign=\"top\">\n<p><span style=\"color: #000000; font-size: 16px;\">Restaureerimislamp 15\u00d72+1\/E<\/span><\/p>\n<\/td>\n<td style=\"text-align: center;\" valign=\"top\">\n<p><span style=\"color: #000000; font-size: 16px;\">1 tk.<\/span><\/p>\n<\/td>\n<\/tr>\n<\/tbody>\n<\/table>\n<div id=\"gtx-trans\" style=\"position: absolute; left: 79px; top: 37px;\">\n<div class=\"gtx-trans-icon\"><\/div>\n<\/div>","protected":false},"excerpt":{"rendered":"<p>Restaureerimislamp 15x2\/E ja 15\u00d72 +1\/E<\/p>","protected":false},"featured_media":11939,"template":"","meta":[],"product_brand":[],"product_cat":[149,170,171],"product_tag":[],"class_list":{"0":"post-12770","1":"product","2":"type-product","3":"status-publish","4":"has-post-thumbnail","6":"product_cat-restauratoriams","7":"product_cat-restauravimo-iranga","8":"product_cat-apsvietimas","10":"first","11":"outofstock","12":"product-type-simple"},"_links":{"self":[{"href":"https:\/\/tavieta.lt\/ee\/wp-json\/wp\/v2\/product\/12770","targetHints":{"allow":["GET"]}}],"collection":[{"href":"https:\/\/tavieta.lt\/ee\/wp-json\/wp\/v2\/product"}],"about":[{"href":"https:\/\/tavieta.lt\/ee\/wp-json\/wp\/v2\/types\/product"}],"wp:featuredmedia":[{"embeddable":true,"href":"https:\/\/tavieta.lt\/ee\/wp-json\/wp\/v2\/media\/11939"}],"wp:attachment":[{"href":"https:\/\/tavieta.lt\/ee\/wp-json\/wp\/v2\/media?parent=12770"}],"wp:term":[{"taxonomy":"product_brand","embeddable":true,"href":"https:\/\/tavieta.lt\/ee\/wp-json\/wp\/v2\/product_brand?post=12770"},{"taxonomy":"product_cat","embeddable":true,"href":"https:\/\/tavieta.lt\/ee\/wp-json\/wp\/v2\/product_cat?post=12770"},{"taxonomy":"product_tag","embeddable":true,"href":"https:\/\/tavieta.lt\/ee\/wp-json\/wp\/v2\/product_tag?post=12770"}],"curies":[{"name":"t\u00f6\u00f6leht","href":"https:\/\/api.w.org\/{rel}","templated":true}]}}