{"id":12772,"date":"2024-02-07T09:22:47","date_gmt":"2024-02-07T09:22:47","guid":{"rendered":"http:\/\/tavieta.lt\/produktas\/restauravimo-lempa-ll-318\/"},"modified":"2024-03-29T09:35:11","modified_gmt":"2024-03-29T09:35:11","slug":"restauravimo-lempa-ll-318","status":"publish","type":"product","link":"https:\/\/tavieta.lt\/ee\/toode\/restauravimo-lempa-ll-318\/","title":{"rendered":"Taastuslamp LL 318"},"content":{"rendered":"<p><span style=\"color: #000000; font-size: 16px;\">Esteetiline ja kaasaegne suurendusega 2U t\u00fc\u00fcpi kompaktluminofoor 9W \/ 4000K luminofoorlamp (p\u00e4evavalgus). Liigutaval k\u00e4el (85 cm), kinnitatud kronsteiniga. Eurostandard. 3 dioptriline suurendus, 13 x 18 cm. Lambis saab kasutada kahte UV A pirni v\u00f5i \u00fchte valget ja \u00fchte UV A (kahe l\u00fclitiga). V\u00f5imalik varustada ratastega statiiviga (vt pilti).<\/span><\/p>\n<table style=\"width: 46.9429%;\" cellspacing=\"0\" cellpadding=\"0\">\n<tbody>\n<tr>\n<td style=\"width: 23.2673%; text-align: center;\" valign=\"top\">\n<p><strong><span style=\"color: #000000; font-size: 16px;\">Materjali kood<\/span><\/strong><\/p>\n<\/td>\n<td style=\"width: 64.8515%; text-align: center;\" valign=\"top\">\n<p><strong><span style=\"color: #000000; font-size: 16px;\">Kirjeldus<\/span><\/strong><\/p>\n<\/td>\n<td style=\"width: 19.4719%; text-align: center;\" valign=\"top\">\n<p><strong><span style=\"color: #000000; font-size: 16px;\">Pakendamine<\/span><\/strong><\/p>\n<\/td>\n<\/tr>\n<tr>\n<td style=\"width: 23.2673%; text-align: center;\" valign=\"top\">\n<p><span style=\"color: #000000; font-size: 16px;\">RT60116<\/span><\/p>\n<\/td>\n<td style=\"width: 64.8515%; text-align: center;\" valign=\"top\">\n<p><span style=\"color: #000000; font-size: 16px;\"> \u00a0  \u00a0  \u00a0  \u00a0  \u00a0Taastuslamp LL 318<\/span><\/p>\n<\/td>\n<td style=\"width: 19.4719%; text-align: center;\" valign=\"top\">\n<p><span style=\"color: #000000; font-size: 16px;\">1 tk.<\/span><\/p>\n<\/td>\n<\/tr>\n<\/tbody>\n<\/table>\n<div id=\"gtx-trans\" style=\"position: absolute; left: 79px; top: 37px;\">\n<div class=\"gtx-trans-icon\"><\/div>\n<\/div>","protected":false},"excerpt":{"rendered":"<p>Taastuslamp LL 317<\/p>","protected":false},"featured_media":11943,"template":"","meta":[],"product_brand":[],"product_cat":[170,171],"product_tag":[],"class_list":{"0":"post-12772","1":"product","2":"type-product","3":"status-publish","4":"has-post-thumbnail","6":"product_cat-restauravimo-iranga","7":"product_cat-apsvietimas","9":"first","10":"outofstock","11":"product-type-simple"},"_links":{"self":[{"href":"https:\/\/tavieta.lt\/ee\/wp-json\/wp\/v2\/product\/12772","targetHints":{"allow":["GET"]}}],"collection":[{"href":"https:\/\/tavieta.lt\/ee\/wp-json\/wp\/v2\/product"}],"about":[{"href":"https:\/\/tavieta.lt\/ee\/wp-json\/wp\/v2\/types\/product"}],"wp:featuredmedia":[{"embeddable":true,"href":"https:\/\/tavieta.lt\/ee\/wp-json\/wp\/v2\/media\/11943"}],"wp:attachment":[{"href":"https:\/\/tavieta.lt\/ee\/wp-json\/wp\/v2\/media?parent=12772"}],"wp:term":[{"taxonomy":"product_brand","embeddable":true,"href":"https:\/\/tavieta.lt\/ee\/wp-json\/wp\/v2\/product_brand?post=12772"},{"taxonomy":"product_cat","embeddable":true,"href":"https:\/\/tavieta.lt\/ee\/wp-json\/wp\/v2\/product_cat?post=12772"},{"taxonomy":"product_tag","embeddable":true,"href":"https:\/\/tavieta.lt\/ee\/wp-json\/wp\/v2\/product_tag?post=12772"}],"curies":[{"name":"t\u00f6\u00f6leht","href":"https:\/\/api.w.org\/{rel}","templated":true}]}}