{"id":12773,"date":"2024-02-07T09:22:47","date_gmt":"2024-02-07T09:22:47","guid":{"rendered":"http:\/\/tavieta.lt\/produktas\/restauravimo-lempos-lst\/"},"modified":"2024-03-29T09:35:10","modified_gmt":"2024-03-29T09:35:10","slug":"restauravimo-lempos-lst","status":"publish","type":"product","link":"https:\/\/tavieta.lt\/ee\/toode\/restauravimo-lempos-lst\/","title":{"rendered":"Restaureerimislambid LST"},"content":{"rendered":"<p><a href=\"https:\/\/old.labostera.lt\/wp-content\/uploads\/2020\/04\/Screenshot-2020-04-22-at-16.42.38.png\" target=\"_blank\" rel=\"noopener\"><img fetchpriority=\"high\" decoding=\"async\" class=\"alignnone  wp-image-6469\" src=\"https:\/\/old.labostera.lt\/wp-content\/uploads\/2020\/04\/Screenshot-2020-04-22-at-16.42.38-300x120.png\" alt=\"\" width=\"568\" height=\"228\" \/><\/a><\/p>\n<p><span style=\"color: #000000; font-size: 16px;\">Alumiiniumist helkuriga metallist elektrivalgustid paigaldatakse multifunktsionaalsetele ratastega mobiilsetele alustele. Liikuvus- ja p\u00fcstlambid erinevad valgusv\u00f5imsuse poolest. Lamp kasutab nelja luminofoorlampi 18\/20W v\u00f5i UV A luminofoorlampe.<\/span><\/p>\n<table cellspacing=\"0\" cellpadding=\"0\">\n<tbody>\n<tr>\n<td style=\"text-align: center;\" valign=\"top\">\n<p><strong><span style=\"color: #000000; font-size: 16px;\">Materjali kood<\/span><\/strong><\/p>\n<\/td>\n<td style=\"text-align: center;\" valign=\"top\">\n<p><strong><span style=\"color: #000000; font-size: 16px;\">Kirjeldus<\/span><\/strong><\/p>\n<\/td>\n<td style=\"text-align: center;\" valign=\"top\">\n<p><strong><span style=\"color: #000000; font-size: 16px;\">Pakendamine<\/span><\/strong><\/p>\n<\/td>\n<\/tr>\n<tr>\n<td style=\"text-align: left;\" valign=\"top\">\n<p><span style=\"color: #000000; font-size: 16px;\">RT60117 <\/span><\/p>\n<p><span style=\"color: #000000; font-size: 16px;\">RT60118 RT60119<\/span><\/p>\n<\/td>\n<td style=\"text-align: left;\" valign=\"top\">\n<p><span style=\"color: #000000; font-size: 16px;\">Taastuslambid LST 1 - reguleeritav hoob vastukaaluga 0,6 m - 2,8 m<\/span><\/p>\n<p><span style=\"color: #000000; font-size: 16px;\">Taastuslambid LST 2 - reguleeritav k\u00f5rgus 1,3 m - 2,1 m, laternad on mitmes asendis blokeeritavad<\/span><\/p>\n<p><span style=\"color: #000000; font-size: 16px;\">Restaureerimislambid LST3 - reguleeritav k\u00f5rgus 1,2 m - 2,2 m, lambid on kahe teljega blokeeritavad ja v\u00e4lja l\u00fckatavad 30-60 cm<\/span><\/p>\n<\/td>\n<td style=\"text-align: left;\" valign=\"top\">\n<p><span style=\"color: #000000; font-size: 16px;\">1 tk.<\/span><\/p>\n<p><span style=\"color: #000000; font-size: 16px;\">1 tk.<\/span><\/p>\n<p><span style=\"color: #000000; font-size: 16px;\">1 tk.<\/span><\/p>\n<\/td>\n<\/tr>\n<\/tbody>\n<\/table>\n<div id=\"gtx-trans\" style=\"position: absolute; left: 79px; top: 37px;\">\n<div class=\"gtx-trans-icon\"><\/div>\n<\/div>","protected":false},"excerpt":{"rendered":"<p>Alumiiniumist reflektoriga metallist elektrilambid paigaldatakse multifunktsionaalsetele mobiilsetele ratastega alustele. Mobiilsus- ja aluslambid erinevad valgusvoo poolest. Lamp kasutab nelja 18\/20 W p\u00e4evavalguslampi v\u00f5i UVA luminofoorlampe. Materjalikood Kirjeldus Pakend RT60117 RT60118 RT60119 Restaureerimislambid LST 1 \u2013 [\u2026]<\/p>","protected":false},"featured_media":11945,"template":"","meta":[],"product_brand":[],"product_cat":[170,171],"product_tag":[],"class_list":{"0":"post-12773","1":"product","2":"type-product","3":"status-publish","4":"has-post-thumbnail","6":"product_cat-restauravimo-iranga","7":"product_cat-apsvietimas","9":"first","10":"outofstock","11":"product-type-simple"},"_links":{"self":[{"href":"https:\/\/tavieta.lt\/ee\/wp-json\/wp\/v2\/product\/12773","targetHints":{"allow":["GET"]}}],"collection":[{"href":"https:\/\/tavieta.lt\/ee\/wp-json\/wp\/v2\/product"}],"about":[{"href":"https:\/\/tavieta.lt\/ee\/wp-json\/wp\/v2\/types\/product"}],"wp:featuredmedia":[{"embeddable":true,"href":"https:\/\/tavieta.lt\/ee\/wp-json\/wp\/v2\/media\/11945"}],"wp:attachment":[{"href":"https:\/\/tavieta.lt\/ee\/wp-json\/wp\/v2\/media?parent=12773"}],"wp:term":[{"taxonomy":"product_brand","embeddable":true,"href":"https:\/\/tavieta.lt\/ee\/wp-json\/wp\/v2\/product_brand?post=12773"},{"taxonomy":"product_cat","embeddable":true,"href":"https:\/\/tavieta.lt\/ee\/wp-json\/wp\/v2\/product_cat?post=12773"},{"taxonomy":"product_tag","embeddable":true,"href":"https:\/\/tavieta.lt\/ee\/wp-json\/wp\/v2\/product_tag?post=12773"}],"curies":[{"name":"t\u00f6\u00f6leht","href":"https:\/\/api.w.org\/{rel}","templated":true}]}}