{"id":12774,"date":"2024-02-07T09:22:47","date_gmt":"2024-02-07T09:22:47","guid":{"rendered":"http:\/\/tavieta.lt\/produktas\/dideles-talpos-dziovykles\/"},"modified":"2024-03-29T09:35:10","modified_gmt":"2024-03-29T09:35:10","slug":"dideles-talpos-dziovykles","status":"publish","type":"product","link":"https:\/\/tavieta.lt\/ee\/toode\/dideles-talpos-dziovykles\/","title":{"rendered":"Suure v\u00f5imsusega kuivatid"},"content":{"rendered":"<p><span style=\"color: #000000; font-size: 16px;\"> \u00a0 Suure mahutavusega \u00fchepoolne riiulkuivati paberilehtede kuivatamiseks ja voltimiseks, 60 erinevas suuruses riiulit nailonn\u00f6\u00f6ridega. Punutud v\u00f5rk suurusega 100 x 100 mm. Kuivatid on varustatud ratastega. P\u00f5hiv\u00e4rvid on punane ja h\u00f5bedane, soovitud v\u00e4rvi saab valida.<\/span><\/p>\n<table style=\"width: 86.38754237313223%; height: 186px;\" cellspacing=\"0\" cellpadding=\"0\">\n<tbody>\n<tr>\n<td style=\"width: 27.30627306273063%; text-align: center;\" valign=\"top\">\n<p><strong><span style=\"color: #000000; font-size: 16px;\">Materjali kood<\/span><\/strong><\/p>\n<\/td>\n<td style=\"width: 59.040590405904055%; text-align: center;\" valign=\"top\">\n<p><strong><span style=\"color: #000000; font-size: 16px;\">Kirjeldus<\/span><\/strong><\/p>\n<\/td>\n<td style=\"width: 13.284132841328415%; text-align: center;\" valign=\"top\">\n<p><strong><span style=\"color: #000000; font-size: 16px;\">Pakendamine<\/span><\/strong><\/p>\n<\/td>\n<\/tr>\n<tr>\n<td style=\"width: 27.30627306273063%; text-align: center;\" valign=\"top\">\n<p><span style=\"color: #000000; font-size: 16px;\">OST00063-1<\/span><\/p>\n<\/td>\n<td style=\"width: 59.040590405904055%; text-align: center;\" valign=\"top\">\n<p><span style=\"color: #000000; font-size: 16px;\">Riiulite m\u00f5\u00f5dud, 990 x 675 mm<\/span><\/p>\n<\/td>\n<td style=\"width: 13.284132841328415%; text-align: center;\" valign=\"top\">\n<p><span style=\"color: #000000; font-size: 16px;\">1 tk.<\/span><\/p>\n<\/td>\n<\/tr>\n<tr>\n<td style=\"width: 27.30627306273063%; text-align: center;\" valign=\"top\">\n<p><span style=\"color: #000000; font-size: 16px;\">OST00063-2<\/span><\/p>\n<\/td>\n<td style=\"width: 59.040590405904055%; text-align: center;\" valign=\"top\">\n<p><span style=\"color: #000000; font-size: 16px;\">Riiulite m\u00f5\u00f5dud, 1260 x 800 mm<\/span><\/p>\n<\/td>\n<td style=\"width: 13.284132841328415%; text-align: center;\" valign=\"top\">\n<p><span style=\"color: #000000; font-size: 16px;\">1 tk.<\/span><\/p>\n<\/td>\n<\/tr>\n<tr>\n<td style=\"width: 27.30627306273063%; text-align: center;\" valign=\"top\">\n<p><span style=\"color: #000000; font-size: 16px;\">OST00063-3<\/span><\/p>\n<\/td>\n<td style=\"width: 59.040590405904055%; text-align: center;\" valign=\"top\">\n<p><span style=\"color: #000000; font-size: 16px;\">Riiulite m\u00f5\u00f5dud, 1600 x 700 mm<\/span><\/p>\n<\/td>\n<td style=\"width: 13.284132841328415%; text-align: center;\" valign=\"top\">\n<p><span style=\"color: #000000; font-size: 16px;\">1 tk.<\/span><\/p>\n<\/td>\n<\/tr>\n<tr>\n<td style=\"width: 27.30627306273063%; text-align: center;\" valign=\"top\">\n<p><span style=\"color: #000000; font-size: 16px;\">OST00063-4<\/span><\/p>\n<\/td>\n<td style=\"width: 59.040590405904055%; text-align: center;\" valign=\"top\">\n<p><span style=\"color: #000000; font-size: 16px;\">Riiulite m\u00f5\u00f5dud, 1600 x 1000 mm<\/span><\/p>\n<\/td>\n<td style=\"width: 13.284132841328415%; text-align: center;\" valign=\"top\">\n<p><span style=\"color: #000000; font-size: 16px;\">1 tk.<\/span><\/p>\n<\/td>\n<\/tr>\n<\/tbody>\n<\/table>\n<div id=\"gtx-trans\" style=\"position: absolute; left: 79px; top: 37px;\">\n<div class=\"gtx-trans-icon\"><\/div>\n<\/div>","protected":false},"excerpt":{"rendered":"<p>Suure v\u00f5imsusega kuivatid<\/p>","protected":false},"featured_media":11947,"template":"","meta":[],"product_brand":[],"product_cat":[149,170],"product_tag":[],"class_list":{"0":"post-12774","1":"product","2":"type-product","3":"status-publish","4":"has-post-thumbnail","6":"product_cat-restauratoriams","7":"product_cat-restauravimo-iranga","9":"first","10":"outofstock","11":"product-type-simple"},"_links":{"self":[{"href":"https:\/\/tavieta.lt\/ee\/wp-json\/wp\/v2\/product\/12774","targetHints":{"allow":["GET"]}}],"collection":[{"href":"https:\/\/tavieta.lt\/ee\/wp-json\/wp\/v2\/product"}],"about":[{"href":"https:\/\/tavieta.lt\/ee\/wp-json\/wp\/v2\/types\/product"}],"wp:featuredmedia":[{"embeddable":true,"href":"https:\/\/tavieta.lt\/ee\/wp-json\/wp\/v2\/media\/11947"}],"wp:attachment":[{"href":"https:\/\/tavieta.lt\/ee\/wp-json\/wp\/v2\/media?parent=12774"}],"wp:term":[{"taxonomy":"product_brand","embeddable":true,"href":"https:\/\/tavieta.lt\/ee\/wp-json\/wp\/v2\/product_brand?post=12774"},{"taxonomy":"product_cat","embeddable":true,"href":"https:\/\/tavieta.lt\/ee\/wp-json\/wp\/v2\/product_cat?post=12774"},{"taxonomy":"product_tag","embeddable":true,"href":"https:\/\/tavieta.lt\/ee\/wp-json\/wp\/v2\/product_tag?post=12774"}],"curies":[{"name":"t\u00f6\u00f6leht","href":"https:\/\/api.w.org\/{rel}","templated":true}]}}