{"id":12776,"date":"2024-02-07T09:22:54","date_gmt":"2024-02-07T09:22:54","guid":{"rendered":"http:\/\/tavieta.lt\/produktas\/ceibadry-stalvirsis-dziovykle\/"},"modified":"2024-03-29T09:35:08","modified_gmt":"2024-03-29T09:35:08","slug":"ceibadry-stalvirsis-dziovykle","status":"publish","type":"product","link":"https:\/\/tavieta.lt\/ee\/toode\/ceibadry-stalvirsis-dziovykle\/","title":{"rendered":"CeibaDry - t\u00f6\u00f6laud - kuivati"},"content":{"rendered":"<p><span style=\"color: #000000; font-size: 16px;\"> \u00a0Lauakuivatit kasutatakse taastatud arhiivide virnastamiseks ja kuivatamiseks t\u00f6\u00f6 k\u00e4igus. Tehnilised andmed: Riiulite m\u00f5\u00f5dud: 400 x 600 mm, nailonn\u00f6\u00f6rid: 50 x 50 mm, riiulite arv: 10, toote gabariidid: 600 x 410 x 510 mm (volditud riiul 810 mm). Toote kaal: 5,1 kg, p\u00f5hiv\u00e4rvid: punane ja h\u00f5bedane.<\/span><\/p>\n<table style=\"width: 95.7085020242915%; height: 67px;\" cellspacing=\"0\" cellpadding=\"0\">\n<tbody>\n<tr>\n<td style=\"text-align: center;\" valign=\"top\">\n<p><strong><span style=\"color: #000000; font-size: 16px;\">Materjali kood<\/span><\/strong><\/p>\n<\/td>\n<td style=\"text-align: center;\" valign=\"top\">\n<p><strong><span style=\"color: #000000; font-size: 16px;\">Kirjeldus<\/span><\/strong><\/p>\n<\/td>\n<td style=\"text-align: center;\" valign=\"top\">\n<p><strong><span style=\"color: #000000; font-size: 16px;\">Pakendamine<\/span><\/strong><\/p>\n<\/td>\n<\/tr>\n<tr>\n<td style=\"text-align: center;\" valign=\"top\">\n<p><span style=\"color: #000000; font-size: 16px;\">10544<\/span><\/p>\n<\/td>\n<td style=\"text-align: center;\" valign=\"top\">\n<p>CeibaDry \u2013 lauakuivati<\/p>\n<\/td>\n<td style=\"text-align: center;\" valign=\"top\">\n<p><span style=\"color: #000000; font-size: 16px;\">1 tk.<\/span><\/p>\n<\/td>\n<\/tr>\n<\/tbody>\n<\/table>\n<div id=\"gtx-trans\" style=\"position: absolute; left: 79px; top: 37px;\">\n<div class=\"gtx-trans-icon\"><\/div>\n<\/div>","protected":false},"excerpt":{"rendered":"<p>CeibaDry \u2013 lauakuivati<\/p>","protected":false},"featured_media":11951,"template":"","meta":[],"product_brand":[],"product_cat":[149,170],"product_tag":[],"class_list":{"0":"post-12776","1":"product","2":"type-product","3":"status-publish","4":"has-post-thumbnail","6":"product_cat-restauratoriams","7":"product_cat-restauravimo-iranga","9":"first","10":"outofstock","11":"product-type-simple"},"_links":{"self":[{"href":"https:\/\/tavieta.lt\/ee\/wp-json\/wp\/v2\/product\/12776","targetHints":{"allow":["GET"]}}],"collection":[{"href":"https:\/\/tavieta.lt\/ee\/wp-json\/wp\/v2\/product"}],"about":[{"href":"https:\/\/tavieta.lt\/ee\/wp-json\/wp\/v2\/types\/product"}],"wp:featuredmedia":[{"embeddable":true,"href":"https:\/\/tavieta.lt\/ee\/wp-json\/wp\/v2\/media\/11951"}],"wp:attachment":[{"href":"https:\/\/tavieta.lt\/ee\/wp-json\/wp\/v2\/media?parent=12776"}],"wp:term":[{"taxonomy":"product_brand","embeddable":true,"href":"https:\/\/tavieta.lt\/ee\/wp-json\/wp\/v2\/product_brand?post=12776"},{"taxonomy":"product_cat","embeddable":true,"href":"https:\/\/tavieta.lt\/ee\/wp-json\/wp\/v2\/product_cat?post=12776"},{"taxonomy":"product_tag","embeddable":true,"href":"https:\/\/tavieta.lt\/ee\/wp-json\/wp\/v2\/product_tag?post=12776"}],"curies":[{"name":"t\u00f6\u00f6leht","href":"https:\/\/api.w.org\/{rel}","templated":true}]}}