{"id":12778,"date":"2024-02-07T09:22:54","date_gmt":"2024-02-07T09:22:54","guid":{"rendered":"http:\/\/tavieta.lt\/produktas\/knygu-risimo-kaisciu-presas\/"},"modified":"2025-01-30T12:00:21","modified_gmt":"2025-01-30T12:00:21","slug":"knygu-risimo-kaisciu-presas","status":"publish","type":"product","link":"https:\/\/tavieta.lt\/ee\/toode\/knygu-risimo-kaisciu-presas\/","title":{"rendered":"Raamatuk\u00f6itmisn\u00f5elapress"},"content":{"rendered":"<p><span style=\"color: #000000;\">Lihtne raamatuk\u00f6itmisn\u00f5elpress. T\u00e4ispuidust t\u00fc\u00fcblitega talad ja liistud. Punutis on immutatud vahaga.<\/span><\/p>\n<p><span style=\"color: #000000;\"> \u00a0Tehnilised andmed: M\u00f5\u00f5dud: 57 x 31 cm Puidu m\u00f5\u00f5dud: 13 x 4 cm T\u00f6\u00f6pikkus: 43 cm, t\u00f6\u00f6k\u00f5rgus: 20 cm Kaal: 4,5 kg<\/span><\/p>\n<table style=\"width: 86.29078014184397%; height: 86px;\" cellspacing=\"0\" cellpadding=\"0\">\n<tbody>\n<tr>\n<td style=\"text-align: center;\" valign=\"top\">\n<p><strong><span style=\"color: #000000;\">Materjali kood<\/span><\/strong><\/p>\n<\/td>\n<td style=\"text-align: center;\" valign=\"top\">\n<p><strong><span style=\"color: #000000;\">Kirjeldus<\/span><\/strong><\/p>\n<\/td>\n<td style=\"text-align: center;\" valign=\"top\">\n<p><strong><span style=\"color: #000000;\">Pakendamine<\/span><\/strong><\/p>\n<\/td>\n<\/tr>\n<tr>\n<td style=\"text-align: center;\" valign=\"top\">\n<p><span style=\"color: #000000;\">RT1923<\/span><\/p>\n<\/td>\n<td style=\"text-align: center;\" valign=\"top\">\n<p><span style=\"color: #000000;\"> \u00a0  \u00a0  \u00a0  \u00a0  \u00a0  \u00a0  \u00a0  \u00a0  \u00a0  \u00a0  \u00a0 Raamatuk\u00f6itmisn\u00f5elapress<\/span><\/p>\n<\/td>\n<td style=\"text-align: center;\" valign=\"top\">\n<p><span style=\"color: #000000;\">1 tk.<\/span><\/p>\n<\/td>\n<\/tr>\n<\/tbody>\n<\/table>\n<div id=\"gtx-trans\" style=\"position: absolute; left: 79px; top: 37px;\">\n<div class=\"gtx-trans-icon\"><\/div>\n<\/div>","protected":false},"excerpt":{"rendered":"<p>Raamatuk\u00f6itmisn\u00f5elapress<\/p>","protected":false},"featured_media":11955,"template":"","meta":[],"product_brand":[],"product_cat":[123],"product_tag":[],"class_list":{"0":"post-12778","1":"product","2":"type-product","3":"status-publish","4":"has-post-thumbnail","6":"product_cat-knygu-spaustuvai","8":"first","9":"outofstock","10":"product-type-simple"},"_links":{"self":[{"href":"https:\/\/tavieta.lt\/ee\/wp-json\/wp\/v2\/product\/12778","targetHints":{"allow":["GET"]}}],"collection":[{"href":"https:\/\/tavieta.lt\/ee\/wp-json\/wp\/v2\/product"}],"about":[{"href":"https:\/\/tavieta.lt\/ee\/wp-json\/wp\/v2\/types\/product"}],"wp:featuredmedia":[{"embeddable":true,"href":"https:\/\/tavieta.lt\/ee\/wp-json\/wp\/v2\/media\/11955"}],"wp:attachment":[{"href":"https:\/\/tavieta.lt\/ee\/wp-json\/wp\/v2\/media?parent=12778"}],"wp:term":[{"taxonomy":"product_brand","embeddable":true,"href":"https:\/\/tavieta.lt\/ee\/wp-json\/wp\/v2\/product_brand?post=12778"},{"taxonomy":"product_cat","embeddable":true,"href":"https:\/\/tavieta.lt\/ee\/wp-json\/wp\/v2\/product_cat?post=12778"},{"taxonomy":"product_tag","embeddable":true,"href":"https:\/\/tavieta.lt\/ee\/wp-json\/wp\/v2\/product_tag?post=12778"}],"curies":[{"name":"t\u00f6\u00f6leht","href":"https:\/\/api.w.org\/{rel}","templated":true}]}}