{"id":12779,"date":"2024-02-07T09:22:54","date_gmt":"2024-02-07T09:22:54","guid":{"rendered":"http:\/\/tavieta.lt\/produktas\/knygu-risimo-presas-kl-1-2-3\/"},"modified":"2025-01-31T13:33:37","modified_gmt":"2025-01-31T13:33:37","slug":"knygu-risimo-presas-kl-1-2-3","status":"publish","type":"product","link":"https:\/\/tavieta.lt\/ee\/toode\/knygu-risimo-presas-kl-1-2-3\/","title":{"rendered":"Raamatuk\u00f6itepress KL 1, 2, 3"},"content":{"rendered":"<p><span style=\"color: #000000; font-size: 16px;\">K\u00e4sitsi valmistatud k\u00f6itmispressi kasutatakse k\u00f5vakaaneliste raamatute pressimiseks, tr\u00fckiste, kollaa\u017eide, tr\u00fckiste jms materjalide kuivatamiseks. Plaadid on valmistatud terasest, pealisplaadi t\u00e4pne suund on fikseeritud libisevate varrukatega terasvardade abil. R\u00f5hku reguleeritakse k\u00e4sitsi, keerates keermestatud vardaga \u00fchendatud nuppe.<\/span><\/p>\n<p><span style=\"color: #000000; font-size: 16px;\">Disaini vastupidavus tagab t\u00f6\u00f6kindluse ja pika kasutusea. Raamatuk\u00f6itmispressi saab valmistada ka teistes m\u00f5\u00f5tudes t\u00f6\u00f6laudades, et k\u00f5rgema k\u00f5rgusega materjali kokku suruda. Pressi kaalu t\u00f5ttu saab seda tarnida koos tugeva laua ja riiuliga.<\/span><\/p>\n<p><span style=\"color: #000000; font-size: 16px;\">MUDEL KL-1 \/ KL-2 \/ KL-3<\/span><\/p>\n<p><span style=\"color: #000000; font-size: 16px;\">T\u00f6\u00f6ala: 440 x 320 mm \/ 650 mm x 500 \/ 750 x 600 mm \u00a0<\/span><\/p>\n<p><span style=\"color: #000000; font-size: 16px;\">Maksimaalne survekiht: 320 mm \/ 400 mm \/ 400 mm \u00a0<\/span><\/p>\n<p><span style=\"color: #000000; font-size: 16px;\">M\u00f5\u00f5dud: (laius x pikkus x k\u00f5rgus) 525 x 330 x 535 mm \/ 745 x 510 x 630 mm \/ 855 x 610 x 630 mm Kaal: 48 kg \/ 123 kg \/ 174 kg<\/span><\/p>\n<table style=\"width: 80.46668817154504%; height: 135px;\" cellspacing=\"0\" cellpadding=\"0\">\n<tbody>\n<tr>\n<td style=\"text-align: center; width: 25.517241379310345%;\" valign=\"top\"><strong><span style=\"color: #000000; font-size: 16px;\">Materjali kood<\/span><\/strong><\/td>\n<td style=\"text-align: center; width: 61.37931034482759%;\" valign=\"top\"><strong><span style=\"color: #000000; font-size: 16px;\">Kirjeldus<\/span><\/strong><\/td>\n<td style=\"text-align: center; width: 13.793103448275861%;\" valign=\"top\"><strong><span style=\"color: #000000; font-size: 16px;\">Pakendamine<\/span><\/strong><\/td>\n<\/tr>\n<tr>\n<td style=\"text-align: center; width: 25.517241379310345%;\" valign=\"top\"><span style=\"color: #000000; font-size: 16px;\">OST00132 <\/span><\/p>\n<p><span style=\"color: #000000; font-size: 16px;\">OST00132-1 <\/span><\/p>\n<p><span style=\"color: #000000; font-size: 16px;\">OST00132-2 <\/span><\/p>\n<p><span style=\"color: #000000; font-size: 16px;\">OST00132-3 <\/span><\/p>\n<p><span style=\"color: #000000; font-size: 16px;\">OST00132-4<\/span><\/td>\n<td style=\"text-align: center; width: 61.37931034482759%;\" valign=\"top\"><span style=\"color: #000000; font-size: 16px;\">Lauaarvuti raamatuk\u00f6itmispress KL-1 \u00a0<\/span><\/p>\n<p><span style=\"color: #000000; font-size: 16px;\">Lauaarvuti raamatuk\u00f6itmispress KL-2 \u00a0<\/span><\/p>\n<p><span style=\"color: #000000; font-size: 16px;\">Lauaarvuti raamatuk\u00f6itmispress KL-3<\/span><\/p>\n<p><span style=\"color: #000000; font-size: 16px;\">Tabel pressi all<\/span><\/p>\n<p><span style=\"color: #000000; font-size: 16px;\">Lauaarvuti raamatuk\u00f6itmispress KL mini (A4)<\/span><\/td>\n<td style=\"text-align: center; width: 13.793103448275861%;\" valign=\"top\"><span style=\"color: #000000; font-size: 16px;\">1 tk.<\/span><\/p>\n<p><span style=\"color: #000000; font-size: 16px;\">1 tk.<\/span><\/p>\n<p><span style=\"color: #000000; font-size: 16px;\">1 tk.<\/span><\/p>\n<p><span style=\"color: #000000; font-size: 16px;\">1 tk.<\/span><\/p>\n<p><span style=\"color: #000000; font-size: 16px;\">1 tk.<\/span><\/td>\n<\/tr>\n<\/tbody>\n<\/table>","protected":false},"excerpt":{"rendered":"<p>Raamatuk\u00f6itepress. <span style=\"color: #000000; font-size: 16px;\">K\u00e4sitsi valmistatud k\u00f6itmispressi kasutatakse k\u00f5vakaaneliste raamatute pressimiseks, tr\u00fckiste, kollaa\u017eide, tr\u00fckiste jms materjalide kuivatamiseks. Plaadid on valmistatud terasest, pealisplaadi t\u00e4pne suund on fikseeritud libisevate varrukatega terasvardade abil. R\u00f5hku reguleeritakse k\u00e4sitsi, keerates keermestatud vardaga \u00fchendatud nuppe.<\/span><\/p>","protected":false},"featured_media":11957,"template":"","meta":[],"product_brand":[],"product_cat":[218,123],"product_tag":[],"class_list":{"0":"post-12779","1":"product","2":"type-product","3":"status-publish","4":"has-post-thumbnail","6":"product_cat-populiariausi-produktai","7":"product_cat-knygu-spaustuvai","9":"first","10":"outofstock","11":"product-type-simple"},"_links":{"self":[{"href":"https:\/\/tavieta.lt\/ee\/wp-json\/wp\/v2\/product\/12779","targetHints":{"allow":["GET"]}}],"collection":[{"href":"https:\/\/tavieta.lt\/ee\/wp-json\/wp\/v2\/product"}],"about":[{"href":"https:\/\/tavieta.lt\/ee\/wp-json\/wp\/v2\/types\/product"}],"wp:featuredmedia":[{"embeddable":true,"href":"https:\/\/tavieta.lt\/ee\/wp-json\/wp\/v2\/media\/11957"}],"wp:attachment":[{"href":"https:\/\/tavieta.lt\/ee\/wp-json\/wp\/v2\/media?parent=12779"}],"wp:term":[{"taxonomy":"product_brand","embeddable":true,"href":"https:\/\/tavieta.lt\/ee\/wp-json\/wp\/v2\/product_brand?post=12779"},{"taxonomy":"product_cat","embeddable":true,"href":"https:\/\/tavieta.lt\/ee\/wp-json\/wp\/v2\/product_cat?post=12779"},{"taxonomy":"product_tag","embeddable":true,"href":"https:\/\/tavieta.lt\/ee\/wp-json\/wp\/v2\/product_tag?post=12779"}],"curies":[{"name":"t\u00f6\u00f6leht","href":"https:\/\/api.w.org\/{rel}","templated":true}]}}