{"id":12780,"date":"2024-02-07T09:22:54","date_gmt":"2024-02-07T09:22:54","guid":{"rendered":"http:\/\/tavieta.lt\/produktas\/skaidymo-presas-mk-1\/"},"modified":"2025-01-30T11:59:55","modified_gmt":"2025-01-30T11:59:55","slug":"skaidymo-presas-mk-1","status":"publish","type":"product","link":"https:\/\/tavieta.lt\/ee\/toode\/skaidymo-presas-mk-1\/","title":{"rendered":"L\u00f5hkumispress MK-1"},"content":{"rendered":"<p><span style=\"color: #000000;\"> \u00a0Poolitatav k\u00f6itepress on m\u00f5eldud raamatute k\u00f6itmiseks. Metallkonstruktsioon, hall trapetsikujuline niit l\u00e4bim\u00f5\u00f5duga 24mm, maksimaalne klambriava 200mm, saab kinnitada lauaplaadile.<\/span><\/p>\n<p><span style=\"color: #000000;\"> \u00a0 M\u00f5\u00f5dud (P x L x K) 500 x 500 x 450 mm Kaal: ca 30 kg.<\/span><\/p>\n<table style=\"width: 96.79856115107914%; height: 103px;\" cellspacing=\"0\" cellpadding=\"0\">\n<tbody>\n<tr>\n<td style=\"text-align: center;\" valign=\"top\">\n<p><strong><span style=\"color: #000000;\">Materjali kood<\/span><\/strong><\/p>\n<\/td>\n<td style=\"text-align: center;\" valign=\"top\">\n<p><strong><span style=\"color: #000000;\">Kirjeldus<\/span><\/strong><\/p>\n<\/td>\n<td style=\"text-align: center;\" valign=\"top\">\n<p><strong><span style=\"color: #000000;\">Pakendamine<\/span><\/strong><\/p>\n<\/td>\n<\/tr>\n<tr>\n<td style=\"text-align: center;\" valign=\"top\">\n<p><span style=\"color: #000000;\">OST00132-5<\/span><\/p>\n<\/td>\n<td style=\"text-align: center;\" valign=\"top\">\n<p><span style=\"color: #000000;\"> \u00a0 \u00a0  \u00a0L\u00f5hkumispress MK-1<\/span><\/p>\n<\/td>\n<td style=\"text-align: center;\" valign=\"top\">\n<p><span style=\"color: #000000;\">1 tk.<\/span><\/p>\n<\/td>\n<\/tr>\n<\/tbody>\n<\/table>\n<div id=\"gtx-trans\" style=\"position: absolute; left: 79px; top: 37px;\">\n<div class=\"gtx-trans-icon\"><\/div>\n<\/div>","protected":false},"excerpt":{"rendered":"<p>L\u00f5hkumispress MK-0<\/p>","protected":false},"featured_media":11959,"template":"","meta":[],"product_brand":[],"product_cat":[123],"product_tag":[],"class_list":{"0":"post-12780","1":"product","2":"type-product","3":"status-publish","4":"has-post-thumbnail","6":"product_cat-knygu-spaustuvai","8":"first","9":"outofstock","10":"product-type-simple"},"_links":{"self":[{"href":"https:\/\/tavieta.lt\/ee\/wp-json\/wp\/v2\/product\/12780","targetHints":{"allow":["GET"]}}],"collection":[{"href":"https:\/\/tavieta.lt\/ee\/wp-json\/wp\/v2\/product"}],"about":[{"href":"https:\/\/tavieta.lt\/ee\/wp-json\/wp\/v2\/types\/product"}],"wp:featuredmedia":[{"embeddable":true,"href":"https:\/\/tavieta.lt\/ee\/wp-json\/wp\/v2\/media\/11959"}],"wp:attachment":[{"href":"https:\/\/tavieta.lt\/ee\/wp-json\/wp\/v2\/media?parent=12780"}],"wp:term":[{"taxonomy":"product_brand","embeddable":true,"href":"https:\/\/tavieta.lt\/ee\/wp-json\/wp\/v2\/product_brand?post=12780"},{"taxonomy":"product_cat","embeddable":true,"href":"https:\/\/tavieta.lt\/ee\/wp-json\/wp\/v2\/product_cat?post=12780"},{"taxonomy":"product_tag","embeddable":true,"href":"https:\/\/tavieta.lt\/ee\/wp-json\/wp\/v2\/product_tag?post=12780"}],"curies":[{"name":"t\u00f6\u00f6leht","href":"https:\/\/api.w.org\/{rel}","templated":true}]}}