{"id":12781,"date":"2024-02-07T09:23:01","date_gmt":"2024-02-07T09:23:01","guid":{"rendered":"http:\/\/tavieta.lt\/produktas\/sildomas-presas-bbp-a3\/"},"modified":"2025-01-30T11:59:26","modified_gmt":"2025-01-30T11:59:26","slug":"sildomas-presas-bbp-a3","status":"publish","type":"product","link":"https:\/\/tavieta.lt\/ee\/toode\/sildomas-presas-bbp-a3\/","title":{"rendered":"Soojendusega press BBP-A3"},"content":{"rendered":"<p><span style=\"color: #000000; font-size: 16px;\"> \u00a0Ainulaadne soojendusega raamatu- ja paberipress BBP A3 on m\u00f5eldud kuni A3 suuruse paberivirnade v\u00f5i \u00fcksikute raamatute lamendamiseks sarnasesse vormingusse. Tugiraami sisse asetatakse kaks pressplaati. \u00dclemiste pressplaatide k\u00f5rgust reguleeritakse v\u00f5lli j\u00f5ul k\u00e4itatava k\u00e4sirattaga. Maksimaalne kaugus kahe pressplaadi vahel on 230 mm. Alumine surveplaat toetub alusele, mis on pneumaatilise l\u00f5\u00f5tsa abil raami konstruktsiooniga \u00fchendatud. Plaadi juhttihvtid on kaitstud p\u00f6\u00f6rlemise eest ega kasuta l\u00f5\u00f5tsa, mis on paigaldatud otse neljale toele. Kui t\u00f5stefunktsioon on aktiveeritud, t\u00f5stetakse pressplaat kuni 40 mm ja surutakse vastu \u00fclemist plaati. M\u00f5lemad pressplaadid kuumutatakse eraldi juhitavate elektriliste kuumutusplaatidega temperatuurini ligikaudu 50\u00b0C.<\/span><\/p>\n<table style=\"width: 72.95167286245353%; height: 65px;\" cellspacing=\"0\" cellpadding=\"0\">\n<tbody>\n<tr>\n<td style=\"text-align: center;\" valign=\"top\">\n<p><strong><span style=\"color: #000000; font-size: 16px;\">Materjali kood<\/span><\/strong><\/p>\n<\/td>\n<td style=\"text-align: center;\" valign=\"top\">\n<p><strong><span style=\"color: #000000; font-size: 16px;\">Kirjeldus<\/span><\/strong><\/p>\n<\/td>\n<td style=\"text-align: center;\" valign=\"top\">\n<p><strong><span style=\"color: #000000; font-size: 16px;\">Pakendamine<\/span><\/strong><\/p>\n<\/td>\n<\/tr>\n<tr>\n<td style=\"text-align: center;\" valign=\"top\">\n<p><span style=\"color: #000000; font-size: 16px;\">BBP-A3<\/span><\/p>\n<\/td>\n<td style=\"text-align: center;\" valign=\"top\">\n<p><span style=\"color: #000000; font-size: 16px;\"> \u00a0Soojendusega press BBP-A3<\/span><\/p>\n<\/td>\n<td style=\"text-align: center;\" valign=\"top\">\n<p><span style=\"color: #000000; font-size: 16px;\">1 tk.<\/span><\/p>\n<\/td>\n<\/tr>\n<\/tbody>\n<\/table>\n<p><strong><span style=\"color: #000000; font-size: 16px;\">Tehnilised andmed: \u00a0<\/span><\/strong><\/p>\n<table style=\"width: 62.138117289875105%; height: 668px;\" cellspacing=\"0\" cellpadding=\"0\">\n<tbody>\n<tr style=\"height: 32px;\">\n<td style=\"height: 32px; width: 55.87467362924282%; text-align: center;\" colspan=\"2\" valign=\"bottom\">\n<p><span style=\"color: #000000; font-size: 16px;\">Vajutage kaal<\/span><\/p>\n<\/td>\n<td style=\"height: 32px; width: 11.488250652741515%; text-align: center;\" colspan=\"2\" valign=\"top\"><span style=\"color: #000000; font-size: 16px;\"><span style=\"color: #000000; font-size: 16px;\"><span style=\"font-size: 16px; font-family: inherit;\">140 kg<\/span><br \/>\n<\/span><\/span><span style=\"color: #000000; font-size: 16px;\"> \u00a0<\/span><\/td>\n<\/tr>\n<tr style=\"height: 32px;\">\n<td style=\"height: 32px; width: 88.25065274151436%; text-align: center;\" colspan=\"2\" valign=\"bottom\">\n<p><span style=\"color: #000000; font-size: 16px;\">Laius<\/span><\/p>\n<\/td>\n<td style=\"height: 32px; width: 10.966057441253264%; text-align: center;\" valign=\"middle\">\n<p><span style=\"color: #000000; font-size: 16px;\">600 mm<\/span><\/p>\n<\/td>\n<td style=\"height: 32px; width: 0.5221932114882507%;\" valign=\"top\"> \u00a0<\/td>\n<\/tr>\n<tr style=\"height: 32px;\">\n<td style=\"height: 32px; width: 88.25065274151436%; text-align: center;\" colspan=\"2\" valign=\"bottom\">\n<p><span style=\"color: #000000; font-size: 16px;\">S\u00fcgavus<\/span><\/p>\n<\/td>\n<td style=\"height: 32px; width: 10.966057441253264%; text-align: center;\" valign=\"middle\">\n<p><span style=\"color: #000000; font-size: 16px;\">600 mm<\/span><\/p>\n<\/td>\n<td style=\"height: 32px; width: 0.5221932114882507%;\" valign=\"top\"> \u00a0<\/td>\n<\/tr>\n<tr style=\"height: 32px;\">\n<td style=\"height: 32px; width: 88.25065274151436%; text-align: center;\" colspan=\"2\" valign=\"bottom\">\n<p><span style=\"color: #000000; font-size: 16px;\">K\u00f5rgus (pressimisplaat suletud) \u00a0<\/span><\/p>\n<\/td>\n<td style=\"height: 32px; width: 10.966057441253264%; text-align: center;\" valign=\"middle\">\n<p><span style=\"color: #000000; font-size: 16px;\">1410 mm<\/span><\/p>\n<\/td>\n<td style=\"height: 32px; width: 0.5221932114882507%;\" valign=\"top\"> \u00a0<\/td>\n<\/tr>\n<tr style=\"height: 32px;\">\n<td style=\"height: 32px; width: 88.25065274151436%; text-align: center;\" colspan=\"2\" valign=\"bottom\">\n<p><span style=\"color: #000000; font-size: 16px;\">K\u00f5rgus (pressimisplaat avatud)<\/span><\/p>\n<\/td>\n<td style=\"height: 32px; width: 10.966057441253264%; text-align: center;\" valign=\"middle\">\n<p><span style=\"color: #000000; font-size: 16px;\">1640 mm<\/span><\/p>\n<\/td>\n<td style=\"height: 32px; width: 0.5221932114882507%;\" valign=\"top\"> \u00a0<\/td>\n<\/tr>\n<tr style=\"height: 32px;\">\n<td style=\"height: 32px; width: 88.25065274151436%; text-align: center;\" colspan=\"2\" valign=\"bottom\">\n<p><span style=\"color: #000000; font-size: 16px;\"> \u00a0T\u00f6\u00f6k\u00f5rgus<\/span><\/p>\n<\/td>\n<td style=\"height: 32px; width: 10.966057441253264%; text-align: center;\" valign=\"middle\">\n<p><span style=\"color: #000000; font-size: 16px;\">850 mm<\/span><\/p>\n<\/td>\n<td style=\"height: 32px; width: 0.5221932114882507%;\" valign=\"top\"> \u00a0<\/td>\n<\/tr>\n<tr style=\"height: 32px;\">\n<td style=\"height: 32px; width: 88.25065274151436%; text-align: center;\" colspan=\"2\" valign=\"bottom\">\n<p><span style=\"color: #000000; font-size: 16px;\">Avatud paneelide maksimaalne k\u00f5rgus<\/span><\/p>\n<\/td>\n<td style=\"height: 32px; width: 10.966057441253264%; text-align: center;\" valign=\"middle\">\n<p><span style=\"color: #000000; font-size: 16px;\">230 mm<\/span><\/p>\n<\/td>\n<td style=\"height: 32px; width: 0.5221932114882507%;\" valign=\"top\"> \u00a0<\/td>\n<\/tr>\n<tr style=\"height: 32px;\">\n<td style=\"height: 32px; width: 88.25065274151436%; text-align: center;\" colspan=\"2\" valign=\"bottom\">\n<p><span style=\"color: #000000; font-size: 16px;\">Maksimaalne. S\u00fcgavusvedrustuse alumise surveplaadi pneumaatiline juhtimine<\/span><\/p>\n<\/td>\n<td style=\"height: 32px; width: 10.966057441253264%; text-align: center;\" valign=\"middle\">\n<p><span style=\"color: #000000; font-size: 16px;\">40 mm<\/span><\/p>\n<\/td>\n<td style=\"height: 32px; width: 0.5221932114882507%;\" valign=\"top\"> \u00a0<\/td>\n<\/tr>\n<tr style=\"height: 32px;\">\n<td style=\"height: 32px; width: 88.25065274151436%; text-align: center;\" colspan=\"2\" valign=\"bottom\">\n<p><span style=\"color: #000000; font-size: 16px;\"> \u00a0Survev\u00f5imsus 2 baari (g) (minimaalne r\u00f5hk) \u00a0<\/span><\/p>\n<\/td>\n<td style=\"height: 32px; width: 10.966057441253264%; text-align: center;\" valign=\"middle\">\n<p><span style=\"color: #000000; font-size: 16px;\">6,0 kN<\/span><\/p>\n<\/td>\n<td style=\"height: 32px; width: 0.5221932114882507%;\" valign=\"top\"> \u00a0<\/td>\n<\/tr>\n<tr style=\"height: 32px;\">\n<td style=\"height: 32px; width: 88.25065274151436%; text-align: center;\" colspan=\"2\" valign=\"bottom\">\n<p><span style=\"color: #000000; font-size: 16px;\">Survev\u00f5imsus 3 baari (g) (tavar\u00f5hk))<\/span><\/p>\n<\/td>\n<td style=\"height: 32px; width: 10.966057441253264%; text-align: center;\" valign=\"middle\">\n<p><span style=\"color: #000000; font-size: 16px;\">8,7 kN<\/span><\/p>\n<\/td>\n<td style=\"height: 32px; width: 0.5221932114882507%;\" valign=\"top\"> \u00a0<\/td>\n<\/tr>\n<tr style=\"height: 32px;\">\n<td style=\"height: 32px; width: 88.25065274151436%; text-align: center;\" colspan=\"2\" valign=\"bottom\">\n<p><span style=\"color: #000000; font-size: 16px;\">Survev\u00f5imsus 4 baari (g) (maksimaalne r\u00f5hk) \u00a0<\/span><\/p>\n<\/td>\n<td style=\"height: 32px; width: 10.966057441253264%; text-align: center;\" valign=\"middle\">\n<p><span style=\"color: #000000; font-size: 16px;\"> \u00a0 \u00a0 11,6 kN<\/span><\/p>\n<\/td>\n<td style=\"height: 32px; width: 0.5221932114882507%;\" valign=\"top\"> \u00a0<\/td>\n<\/tr>\n<tr style=\"height: 32px;\">\n<td style=\"height: 32px; width: 88.25065274151436%; text-align: center;\" colspan=\"2\" valign=\"bottom\">\n<p><span style=\"color: #000000; font-size: 16px;\">Pressplaatide t\u00f6\u00f6temperatuur \u00a0<\/span><\/p>\n<\/td>\n<td style=\"height: 32px; width: 10.966057441253264%; text-align: center;\" valign=\"middle\">\n<p><span style=\"color: #000000; font-size: 16px;\">50 &quot;\u0192<\/span><\/p>\n<\/td>\n<td style=\"height: 32px; width: 0.5221932114882507%;\" valign=\"top\"> \u00a0<\/td>\n<\/tr>\n<tr style=\"height: 32px;\">\n<td style=\"height: 32px; width: 88.25065274151436%; text-align: center;\" colspan=\"2\" valign=\"bottom\">\n<p><span style=\"color: #000000; font-size: 16px;\">K\u00fcttev\u00f5imsus (plaadi kohta)<\/span><\/p>\n<\/td>\n<td style=\"height: 32px; width: 10.966057441253264%; text-align: center;\" valign=\"middle\">\n<p><span style=\"color: #000000; font-size: 16px;\">700W<\/span><\/p>\n<\/td>\n<td style=\"height: 32px; width: 0.5221932114882507%;\" valign=\"top\"> \u00a0<\/td>\n<\/tr>\n<tr style=\"height: 32px;\">\n<td style=\"height: 32px; width: 88.25065274151436%; text-align: center;\" colspan=\"2\" valign=\"bottom\">\n<p><strong><span style=\"color: #000000; font-size: 16px;\">Tegevusressursid<\/span><\/strong><\/p>\n<\/td>\n<td style=\"height: 32px; width: 10.966057441253264%; text-align: center;\" valign=\"middle\"> \u00a0<\/td>\n<td style=\"height: 32px; width: 0.5221932114882507%;\" valign=\"top\"> \u00a0<\/td>\n<\/tr>\n<tr style=\"height: 32px;\">\n<td style=\"height: 32px; width: 88.25065274151436%; text-align: center;\" colspan=\"2\" valign=\"bottom\">\n<p><span style=\"color: #000000; font-size: 16px;\"> \u00a0Suru\u00f5huvarustus (ei kuulu komplekti)<\/span><\/p>\n<\/td>\n<td style=\"height: 32px; width: 10.966057441253264%; text-align: center;\" valign=\"middle\">\n<p><span style=\"color: #000000; font-size: 16px;\">4-10 baari \u00a0<\/span><\/p>\n<\/td>\n<td style=\"height: 32px; width: 0.5221932114882507%;\" valign=\"top\"> \u00a0<\/td>\n<\/tr>\n<tr style=\"height: 32px;\">\n<td style=\"height: 32px; width: 88.25065274151436%; text-align: center;\" colspan=\"2\" valign=\"bottom\">\n<p><span style=\"color: #000000; font-size: 16px;\">Suru\u00f5hu kogus (4 baari (g) t\u00e4isk\u00e4igu kohta)<\/span><\/p>\n<\/td>\n<td style=\"height: 32px; width: 10.966057441253264%; text-align: center;\" valign=\"middle\">\n<p><span style=\"color: #000000; font-size: 16px;\">5 NI<\/span><\/p>\n<\/td>\n<td style=\"height: 32px; width: 0.5221932114882507%;\" valign=\"top\"> \u00a0<\/td>\n<\/tr>\n<tr style=\"height: 32px;\">\n<td style=\"height: 32px; width: 88.25065274151436%; text-align: center;\" colspan=\"2\" valign=\"bottom\">\n<p><span style=\"color: #000000; font-size: 16px;\">Suru\u00f5hu\u00fchendus vooliku ja \u00fchenduspistikuga<\/span><\/p>\n<\/td>\n<td style=\"height: 32px; width: 10.966057441253264%; text-align: center;\" valign=\"middle\">\n<p><span style=\"color: #000000; font-size: 16px;\">2 aastat<\/span><\/p>\n<\/td>\n<td style=\"height: 32px; width: 0.5221932114882507%;\" valign=\"top\"> \u00a0<\/td>\n<\/tr>\n<tr style=\"height: 32px;\">\n<td style=\"height: 32px; width: 88.25065274151436%; text-align: center;\" colspan=\"2\" valign=\"bottom\">\n<p><span style=\"color: #000000; font-size: 16px;\">Pistikupesade nimipinge<\/span><\/p>\n<\/td>\n<td style=\"height: 32px; width: 10.966057441253264%; text-align: center;\" valign=\"middle\">\n<p><span style=\"color: #000000; font-size: 16px;\">230V<\/span><\/p>\n<\/td>\n<td style=\"height: 32px; width: 0.5221932114882507%;\" valign=\"top\"> \u00a0<\/td>\n<\/tr>\n<tr style=\"height: 32px;\">\n<td style=\"height: 32px; width: 88.25065274151436%; text-align: center;\" colspan=\"2\" valign=\"bottom\">\n<p><span style=\"color: #000000; font-size: 16px;\">Sagedus<\/span><\/p>\n<\/td>\n<td style=\"height: 32px; width: 10.966057441253264%; text-align: center;\" valign=\"middle\">\n<p><span style=\"color: #000000; font-size: 16px;\">50 Hz<\/span><\/p>\n<\/td>\n<td style=\"height: 32px; width: 0.5221932114882507%;\" valign=\"top\"> \u00a0<\/td>\n<\/tr>\n<tr style=\"height: 32px;\">\n<td style=\"height: 32px; width: 88.25065274151436%; text-align: center;\" colspan=\"2\" valign=\"bottom\">\n<p><span style=\"color: #000000; font-size: 16px;\"> \u00a0Nominaalsed otsad<\/span><\/p>\n<\/td>\n<td style=\"height: 32px; width: 10.966057441253264%; text-align: center;\" valign=\"middle\">\n<p><span style=\"color: #000000; font-size: 16px;\"> \u00a02,2 kW<\/span><\/p>\n<\/td>\n<td style=\"height: 32px; width: 0.5221932114882507%;\" valign=\"top\"> \u00a0<\/td>\n<\/tr>\n<\/tbody>\n<\/table>\n<p>&nbsp;<\/p>\n<div id=\"gtx-trans\" style=\"position: absolute; left: 79px; top: 37px;\">\n<div class=\"gtx-trans-icon\"><\/div>\n<\/div>","protected":false},"excerpt":{"rendered":"<p>Soojendusega press BBP-A2<\/p>","protected":false},"featured_media":11961,"template":"","meta":[],"product_brand":[],"product_cat":[123],"product_tag":[],"class_list":{"0":"post-12781","1":"product","2":"type-product","3":"status-publish","4":"has-post-thumbnail","6":"product_cat-knygu-spaustuvai","8":"first","9":"outofstock","10":"product-type-simple"},"_links":{"self":[{"href":"https:\/\/tavieta.lt\/ee\/wp-json\/wp\/v2\/product\/12781","targetHints":{"allow":["GET"]}}],"collection":[{"href":"https:\/\/tavieta.lt\/ee\/wp-json\/wp\/v2\/product"}],"about":[{"href":"https:\/\/tavieta.lt\/ee\/wp-json\/wp\/v2\/types\/product"}],"wp:featuredmedia":[{"embeddable":true,"href":"https:\/\/tavieta.lt\/ee\/wp-json\/wp\/v2\/media\/11961"}],"wp:attachment":[{"href":"https:\/\/tavieta.lt\/ee\/wp-json\/wp\/v2\/media?parent=12781"}],"wp:term":[{"taxonomy":"product_brand","embeddable":true,"href":"https:\/\/tavieta.lt\/ee\/wp-json\/wp\/v2\/product_brand?post=12781"},{"taxonomy":"product_cat","embeddable":true,"href":"https:\/\/tavieta.lt\/ee\/wp-json\/wp\/v2\/product_cat?post=12781"},{"taxonomy":"product_tag","embeddable":true,"href":"https:\/\/tavieta.lt\/ee\/wp-json\/wp\/v2\/product_tag?post=12781"}],"curies":[{"name":"t\u00f6\u00f6leht","href":"https:\/\/api.w.org\/{rel}","templated":true}]}}