{"id":12783,"date":"2024-02-07T09:23:01","date_gmt":"2024-02-07T09:23:01","guid":{"rendered":"http:\/\/tavieta.lt\/produktas\/komandines-pjaustymo-sistemos-du-viename\/"},"modified":"2024-03-29T09:35:01","modified_gmt":"2024-03-29T09:35:01","slug":"komandines-pjaustymo-sistemos-du-viename","status":"publish","type":"product","link":"https:\/\/tavieta.lt\/ee\/toode\/komandines-pjaustymo-sistemos-du-viename\/","title":{"rendered":"Meeskonnal\u00f5ikuse s\u00fcsteemid \u2013 kaks \u00fches"},"content":{"rendered":"<p><span style=\"color: #000000; font-size: 16px;\"> \u00a0 \u00a0 Logan 424 ja 440: k\u00e4sus\u00fcsteem. V\u00f5tke see k\u00f5ik kokku. See praktiline kombineeritud s\u00fcsteem sisaldab 24-tollist (61cm) v\u00f5i 40-tollist (101cm) sirget serva ja Logani k\u00e4sitsi l\u00f5ikurisalvet t\u00e4psete ja kvaliteetsete l\u00f5igete tegemiseks.<\/span><\/p>\n<table style=\"width: 74.80786026200873%; height: 91px;\" cellspacing=\"0\" cellpadding=\"0\">\n<tbody>\n<tr>\n<td style=\"text-align: center;\" valign=\"top\">\n<p><strong><span style=\"color: #000000; font-size: 16px;\">Materjali kood<\/span><\/strong><\/p>\n<\/td>\n<td style=\"text-align: center;\" valign=\"top\">\n<p><strong><span style=\"color: #000000; font-size: 16px;\">Kirjeldus<\/span><\/strong><\/p>\n<\/td>\n<td style=\"text-align: center;\" valign=\"top\">\n<p><strong><span style=\"color: #000000; font-size: 16px;\">Pakendamine<\/span><\/strong><\/p>\n<\/td>\n<\/tr>\n<tr>\n<td style=\"text-align: center;\" valign=\"top\">\n<p><span style=\"color: #000000; font-size: 16px;\">LG424 <\/span><\/p>\n<p><span style=\"color: #000000; font-size: 16px;\">LG440<\/span><\/p>\n<\/td>\n<td style=\"text-align: center;\" valign=\"top\">\n<p><span style=\"color: #000000; font-size: 16px;\">K\u00e4sus\u00fcsteem 61 cm \u00a0<\/span><\/p>\n<p><span style=\"color: #000000; font-size: 16px;\">K\u00e4sus\u00fcsteem 101 cm<\/span><\/p>\n<\/td>\n<td style=\"text-align: center;\" valign=\"top\">\n<p><span style=\"color: #000000; font-size: 16px;\">1 tk.<\/span><\/p>\n<p><span style=\"color: #000000; font-size: 16px;\">1 tk.<\/span><\/p>\n<\/td>\n<\/tr>\n<\/tbody>\n<\/table>\n<div id=\"gtx-trans\" style=\"position: absolute; left: 79px; top: 37px;\">\n<div class=\"gtx-trans-icon\"><\/div>\n<\/div>","protected":false},"excerpt":{"rendered":"<p>Meeskonnal\u00f5ikuse s\u00fcsteemid \u2013 kaks \u00fches<\/p>","protected":false},"featured_media":12366,"template":"","meta":[],"product_brand":[],"product_cat":[149,170],"product_tag":[],"class_list":{"0":"post-12783","1":"product","2":"type-product","3":"status-publish","4":"has-post-thumbnail","6":"product_cat-restauratoriams","7":"product_cat-restauravimo-iranga","9":"first","10":"outofstock","11":"product-type-simple"},"_links":{"self":[{"href":"https:\/\/tavieta.lt\/ee\/wp-json\/wp\/v2\/product\/12783","targetHints":{"allow":["GET"]}}],"collection":[{"href":"https:\/\/tavieta.lt\/ee\/wp-json\/wp\/v2\/product"}],"about":[{"href":"https:\/\/tavieta.lt\/ee\/wp-json\/wp\/v2\/types\/product"}],"wp:featuredmedia":[{"embeddable":true,"href":"https:\/\/tavieta.lt\/ee\/wp-json\/wp\/v2\/media\/12366"}],"wp:attachment":[{"href":"https:\/\/tavieta.lt\/ee\/wp-json\/wp\/v2\/media?parent=12783"}],"wp:term":[{"taxonomy":"product_brand","embeddable":true,"href":"https:\/\/tavieta.lt\/ee\/wp-json\/wp\/v2\/product_brand?post=12783"},{"taxonomy":"product_cat","embeddable":true,"href":"https:\/\/tavieta.lt\/ee\/wp-json\/wp\/v2\/product_cat?post=12783"},{"taxonomy":"product_tag","embeddable":true,"href":"https:\/\/tavieta.lt\/ee\/wp-json\/wp\/v2\/product_tag?post=12783"}],"curies":[{"name":"t\u00f6\u00f6leht","href":"https:\/\/api.w.org\/{rel}","templated":true}]}}