{"id":12791,"date":"2024-02-07T09:26:16","date_gmt":"2024-02-07T09:26:16","guid":{"rendered":"http:\/\/tavieta.lt\/produktas\/depulver-knygu-valymo-irenginys\/"},"modified":"2024-03-29T09:34:57","modified_gmt":"2024-03-29T09:34:57","slug":"depulver-knygu-valymo-irenginys","status":"publish","type":"product","link":"https:\/\/tavieta.lt\/ee\/toode\/depulver-knygu-valymo-irenginys\/","title":{"rendered":"Depulveri raamatupuhastusvahend"},"content":{"rendered":"<p><span style=\"color: #000000; font-size: 16px;\">Depulvera\u00ae on t\u00e4isautomaatne raamatupuhastuss\u00fcsteem raamatutelt tolmu eemaldamiseks. \u00dche raamatut\u00f6\u00f6tlusega tagab masin teie kogust optimaalse tolmueemalduse. See on loodud j\u00e4rjepideva ja kvaliteetse puhastamise tagamiseks, nii et viimane raamat, mida sel p\u00e4eval puhastate, puhastatakse sama kvaliteediga kui esimene. Depulvera\u00ae on kompaktne ja h\u00f5lpsasti kasutatav ning seda saavad kasutada konservaatorid ja raamatukogutehnikud k\u00f5igis, v\u00e4lja arvatud v\u00e4ga kitsastes raamaturidades. See t\u00f6\u00f6tab koos v\u00e4lise Hepa tolmuimejaga, et pakkuda kasutajatele ohutut keskkonda.<\/span><\/p>\n<p><span style=\"color: #000000; font-size: 16px;\">Raamatu maksimaalsed m\u00f5\u00f5tmed (LxPxK): 140 x 300 x 400 mm \u00a0<\/span><\/p>\n<p><span style=\"color: #000000; font-size: 16px;\">Masina m\u00f5\u00f5dud (LxPxK): 750 x 1150 x 1200 mm \u00a0<\/span><\/p>\n<p><span style=\"color: #000000; font-size: 16px;\">T\u00f6\u00f6kiirus: 12 raamatut\/min.<\/span><\/p>\n<table style=\"width: 93.01470588235294%; height: 78px;\" cellspacing=\"0\" cellpadding=\"0\">\n<tbody>\n<tr>\n<td style=\"text-align: center;\" valign=\"top\">\n<p><strong><span style=\"color: #000000; font-size: 16px;\">Materjali kood<\/span><\/strong><\/p>\n<\/td>\n<td style=\"text-align: center;\" valign=\"top\">\n<p><strong><span style=\"color: #000000; font-size: 16px;\">Kirjeldus<\/span><\/strong><\/p>\n<\/td>\n<td style=\"text-align: center;\" valign=\"top\">\n<p><strong><span style=\"color: #000000; font-size: 16px;\">Pakendamine<\/span><\/strong><\/p>\n<\/td>\n<\/tr>\n<tr>\n<td style=\"text-align: center;\" valign=\"top\">\n<p><span style=\"color: #000000; font-size: 16px;\">OR003 <\/span><\/p>\n<p><span style=\"color: #000000; font-size: 16px;\">OR004<\/span><\/p>\n<\/td>\n<td style=\"text-align: center;\" valign=\"top\">\n<p><span style=\"color: #000000; font-size: 16px;\">Depulver \u00a0<\/span><\/p>\n<p><span style=\"color: #000000; font-size: 16px;\">V\u00e4litolmuimeja<\/span><\/p>\n<\/td>\n<td style=\"text-align: center;\" valign=\"top\">\n<p><span style=\"color: #000000; font-size: 16px;\">1 tk.<\/span><\/p>\n<p><span style=\"color: #000000; font-size: 16px;\">1 tk.<\/span><\/p>\n<\/td>\n<\/tr>\n<\/tbody>\n<\/table>\n<div id=\"gtx-trans\" style=\"position: absolute; left: 79px; top: 37px;\">\n<div class=\"gtx-trans-icon\"><\/div>\n<\/div>","protected":false},"excerpt":{"rendered":"<p>Depulvera on automaatne raamatupuhastuss\u00fcsteem<\/p>","protected":false},"featured_media":11351,"template":"","meta":[],"product_brand":[],"product_cat":[149,170],"product_tag":[],"class_list":{"0":"post-12791","1":"product","2":"type-product","3":"status-publish","4":"has-post-thumbnail","6":"product_cat-restauratoriams","7":"product_cat-restauravimo-iranga","9":"first","10":"outofstock","11":"product-type-simple"},"_links":{"self":[{"href":"https:\/\/tavieta.lt\/ee\/wp-json\/wp\/v2\/product\/12791","targetHints":{"allow":["GET"]}}],"collection":[{"href":"https:\/\/tavieta.lt\/ee\/wp-json\/wp\/v2\/product"}],"about":[{"href":"https:\/\/tavieta.lt\/ee\/wp-json\/wp\/v2\/types\/product"}],"wp:featuredmedia":[{"embeddable":true,"href":"https:\/\/tavieta.lt\/ee\/wp-json\/wp\/v2\/media\/11351"}],"wp:attachment":[{"href":"https:\/\/tavieta.lt\/ee\/wp-json\/wp\/v2\/media?parent=12791"}],"wp:term":[{"taxonomy":"product_brand","embeddable":true,"href":"https:\/\/tavieta.lt\/ee\/wp-json\/wp\/v2\/product_brand?post=12791"},{"taxonomy":"product_cat","embeddable":true,"href":"https:\/\/tavieta.lt\/ee\/wp-json\/wp\/v2\/product_cat?post=12791"},{"taxonomy":"product_tag","embeddable":true,"href":"https:\/\/tavieta.lt\/ee\/wp-json\/wp\/v2\/product_tag?post=12791"}],"curies":[{"name":"t\u00f6\u00f6leht","href":"https:\/\/api.w.org\/{rel}","templated":true}]}}