{"id":12792,"date":"2024-02-07T09:27:15","date_gmt":"2024-02-07T09:27:15","guid":{"rendered":"http:\/\/tavieta.lt\/produktas\/laura-knygu-valymo-irenginiai-2\/"},"modified":"2024-03-29T09:34:56","modified_gmt":"2024-03-29T09:34:56","slug":"laura-knygu-valymo-irenginiai-2","status":"publish","type":"product","link":"https:\/\/tavieta.lt\/ee\/toode\/laura-knygu-valymo-irenginiai-2\/","title":{"rendered":"L&#039;aura raamatupuhastusvahendid"},"content":{"rendered":"<p><span style=\"color: #000000; font-size: 16px;\"> \u00a0L&#039;aura\u00ae on poolautomaatne seade, mis on loodud spetsiaalselt arhiivimaterjalide puhastamiseks: kaustad, k\u00f6itjad, suureformaadilised raamatud. Iga \u00fcksust tuleb t\u00fchjendamiseks kaks korda t\u00f6\u00f6delda. See t\u00f6\u00f6tab koos v\u00e4lise Hepa vaakumiga, et pakkuda kasutajatele ohutut keskkonda. Saadaval on kaks versiooni: Standard ja Maxi.<\/span><\/p>\n<p><span style=\"color: #000000; font-size: 16px;\"> \u00a0  \u00a0  \u00a0  \u00a0  \u00a0  \u00a0  \u00a0  \u00a0  \u00a0  \u00a0  \u00a0  \u00a0  \u00a0  \u00a0  \u00a0  \u00a0  \u00a0  \u00a0  \u00a0  \u00a0  \u00a0  \u00a0  \u00a0  \u00a0  \u00a0  \u00a0  \u00a0  \u00a0  \u00a0  \u00a0  \u00a0 \u00a0STANDARDNE MAXI<\/span><\/p>\n<p><span style=\"color: #000000; font-size: 16px;\"> \u00a0Raamatu maksimaalsed m\u00f5\u00f5tmed.        210\u00d7400 mm 210\u00d7600 mm <\/span><\/p>\n<p><span style=\"color: #000000; font-size: 16px;\"> Seadme m\u00f5\u00f5tmed (LxPxK) 590x770x1120 mm 590x970x1120 mm<\/span><\/p>\n<table style=\"width: 93.13744075829383%; height: 66px;\" cellspacing=\"0\" cellpadding=\"0\">\n<tbody>\n<tr>\n<td style=\"text-align: center;\" valign=\"top\">\n<p><strong><span style=\"color: #000000; font-size: 16px;\">Materjali kood<\/span><\/strong><\/p>\n<\/td>\n<td style=\"text-align: center;\" valign=\"top\">\n<p><strong><span style=\"color: #000000; font-size: 16px;\">Kirjeldus<\/span><\/strong><\/p>\n<\/td>\n<td style=\"text-align: center;\" valign=\"top\">\n<p><strong><span style=\"color: #000000; font-size: 16px;\">Pakendamine<\/span><\/strong><\/p>\n<\/td>\n<\/tr>\n<tr>\n<td style=\"text-align: center;\" valign=\"top\">\n<p><span style=\"color: #000000; font-size: 16px;\">OR005 <\/span><\/p>\n<p><span style=\"color: #000000; font-size: 16px;\">OR006<\/span><\/p>\n<\/td>\n<td style=\"text-align: center;\" valign=\"top\">\n<p><span style=\"color: #000000; font-size: 16px;\">Laura  \u00a0<\/span><\/p>\n<p><span style=\"color: #000000; font-size: 16px;\">V\u00e4line tolmuimeja<\/span><\/p>\n<\/td>\n<td style=\"text-align: center;\" valign=\"top\">\n<p><span style=\"color: #000000; font-size: 16px;\">1 tk.<\/span><\/p>\n<p><span style=\"color: #000000; font-size: 16px;\">1 tk.<\/span><\/p>\n<\/td>\n<\/tr>\n<\/tbody>\n<\/table>\n<p>&nbsp;<\/p>\n<div id=\"gtx-trans\" style=\"position: absolute; left: 79px; top: 37px;\">\n<div class=\"gtx-trans-icon\"><\/div>\n<\/div>","protected":false},"excerpt":{"rendered":"<p>Laura raamatupuhastajad<\/p>","protected":false},"featured_media":11349,"template":"","meta":[],"product_brand":[],"product_cat":[149,170],"product_tag":[],"class_list":{"0":"post-12792","1":"product","2":"type-product","3":"status-publish","4":"has-post-thumbnail","6":"product_cat-restauratoriams","7":"product_cat-restauravimo-iranga","9":"first","10":"outofstock","11":"product-type-simple"},"_links":{"self":[{"href":"https:\/\/tavieta.lt\/ee\/wp-json\/wp\/v2\/product\/12792","targetHints":{"allow":["GET"]}}],"collection":[{"href":"https:\/\/tavieta.lt\/ee\/wp-json\/wp\/v2\/product"}],"about":[{"href":"https:\/\/tavieta.lt\/ee\/wp-json\/wp\/v2\/types\/product"}],"wp:featuredmedia":[{"embeddable":true,"href":"https:\/\/tavieta.lt\/ee\/wp-json\/wp\/v2\/media\/11349"}],"wp:attachment":[{"href":"https:\/\/tavieta.lt\/ee\/wp-json\/wp\/v2\/media?parent=12792"}],"wp:term":[{"taxonomy":"product_brand","embeddable":true,"href":"https:\/\/tavieta.lt\/ee\/wp-json\/wp\/v2\/product_brand?post=12792"},{"taxonomy":"product_cat","embeddable":true,"href":"https:\/\/tavieta.lt\/ee\/wp-json\/wp\/v2\/product_cat?post=12792"},{"taxonomy":"product_tag","embeddable":true,"href":"https:\/\/tavieta.lt\/ee\/wp-json\/wp\/v2\/product_tag?post=12792"}],"curies":[{"name":"t\u00f6\u00f6leht","href":"https:\/\/api.w.org\/{rel}","templated":true}]}}