{"id":12796,"date":"2024-02-07T09:27:15","date_gmt":"2024-02-07T09:27:15","guid":{"rendered":"http:\/\/tavieta.lt\/produktas\/rankinis-nurugstinimas-naudojant-bcp\/"},"modified":"2025-01-29T12:47:25","modified_gmt":"2025-01-29T12:47:25","slug":"rankinis-nurugstinimas-naudojant-bcp","status":"publish","type":"product","link":"https:\/\/tavieta.lt\/ee\/toode\/rankinis-nurugstinimas-naudojant-bcp\/","title":{"rendered":"Manuaalne hapetustamine BCP abil"},"content":{"rendered":"<p><span style=\"color: #000000; font-size: 16px;\"> \u00a0Individuaalne hapetus<\/span><\/p>\n<p><span style=\"color: #000000; font-size: 16px;\">Materjale, mille puhul hapetustamine ei ole soovitav, v\u00f5ib vesilahuses t\u00f6\u00f6delda ja hapestada individuaalselt. Kui lehed on tugevalt kahjustatud, liiga suured ja pitseeritud dokumendid. Vesiprotsessiks sobimatuid materjale saab ilma veeta t\u00f6\u00f6delda ka muude meetoditega ja vahenditega.<\/span><\/p>\n<p><span style=\"color: #000000; font-size: 16px;\"> \u00a0  \u00a0  \u00a0  \u00a0  \u00a0  \u00a0  \u00a0  \u00a0 \u00a0- Kaheastmeline t\u00f6\u00f6tlemine Esiteks fikseeritakse v\u00e4rvid ja tint kahekomponentsetes suspensioonides, et need p\u00e4rast vesilahusesse sukeldamist ei lahustuks. Nii asetatakse dokumendid kinnituslahuse vanni ja need liiguvad vannis \u00f5rnalt. Dokument j\u00e4\u00e4b lahusesse umbes 2 minutiks.  Eemaldage dokumendid ettevaatlikult lahusest horisontaalasendis ja t\u00fchjendage liigne vedelik. Ettevaatust \u2013 punased toonid v\u00f5ivad veidi tuhmuda. Seej\u00e4rel kasta hapestusvedelikku. Mg (HCO3) 2 kasutatakse siin happeproduktide neutraliseerimiseks ja aluselise reservi loomiseks. Kasutatakse 0,2 M lahust, mis segatakse edasi tsellulooseetritel p\u00f5hineva lahusega. \u00dclej\u00e4\u00e4nud lahust saab uuesti kasutada, kui see sisestatakse CO2 lahusesse. T\u00f6\u00f6tlemisprotseduur selles vannis on j\u00e4rgmine: dokumendid asetatakse vanni ja liigutatakse uuesti ettevaatlikult vannis. Kui dokumendid pole p\u00e4rast kinnitamist kuivatatud, peaksid need soovitud efekti saavutamiseks j\u00e4\u00e4ma sellesse lahusesse umbes 10 minutiks. Ka dokumendid tuleks vannist v\u00e4lja v\u00f5tta horisontaalasendis. L\u00f5puks laotatakse kahe pol\u00fcprop\u00fcleenkile kihi vahel kokku surutud dokumendid kuumutatud silindritele ja kuivatatakse.<\/span><\/p>\n<p><span style=\"color: #000000; font-size: 16px;\"> \u00a0  \u00a0  \u00a0  \u00a0  \u00a0  \u00a0  \u00a0\u2013 sel juhul kasutatakse \u00fcheastmelist t\u00f6\u00f6tlemist. See on vedelik, mida kasutatakse massiliseks hapetustamiseks BCP meetodil. Dokument asetatakse selle lahuse vanni ja j\u00e4etakse umbes 10 minutiks seisma. P\u00e4rast dokumendi eemaldamist pressitakse j\u00e4relej\u00e4\u00e4nud vedelik ja kuivatatakse uuesti<\/span><\/p>\n<div id=\"gtx-trans\" style=\"position: absolute; left: 79px; top: 37px;\">\n<div class=\"gtx-trans-icon\"><\/div>\n<\/div>","protected":false},"excerpt":{"rendered":"<p>Manuaalne hapetustamine BCP abil<\/p>","protected":false},"featured_media":12385,"template":"","meta":[],"product_brand":[],"product_cat":[149,227],"product_tag":[],"class_list":{"0":"post-12796","1":"product","2":"type-product","3":"status-publish","4":"has-post-thumbnail","6":"product_cat-restauratoriams","7":"product_cat-restauravimo-priemones","9":"first","10":"outofstock","11":"product-type-simple"},"_links":{"self":[{"href":"https:\/\/tavieta.lt\/ee\/wp-json\/wp\/v2\/product\/12796","targetHints":{"allow":["GET"]}}],"collection":[{"href":"https:\/\/tavieta.lt\/ee\/wp-json\/wp\/v2\/product"}],"about":[{"href":"https:\/\/tavieta.lt\/ee\/wp-json\/wp\/v2\/types\/product"}],"wp:featuredmedia":[{"embeddable":true,"href":"https:\/\/tavieta.lt\/ee\/wp-json\/wp\/v2\/media\/12385"}],"wp:attachment":[{"href":"https:\/\/tavieta.lt\/ee\/wp-json\/wp\/v2\/media?parent=12796"}],"wp:term":[{"taxonomy":"product_brand","embeddable":true,"href":"https:\/\/tavieta.lt\/ee\/wp-json\/wp\/v2\/product_brand?post=12796"},{"taxonomy":"product_cat","embeddable":true,"href":"https:\/\/tavieta.lt\/ee\/wp-json\/wp\/v2\/product_cat?post=12796"},{"taxonomy":"product_tag","embeddable":true,"href":"https:\/\/tavieta.lt\/ee\/wp-json\/wp\/v2\/product_tag?post=12796"}],"curies":[{"name":"t\u00f6\u00f6leht","href":"https:\/\/api.w.org\/{rel}","templated":true}]}}