{"id":12797,"date":"2024-02-07T09:31:30","date_gmt":"2024-02-07T09:31:30","guid":{"rendered":"http:\/\/tavieta.lt\/produktas\/audio-kreslas-luna-bluetooth-2\/"},"modified":"2024-02-07T09:31:31","modified_gmt":"2024-02-07T09:31:31","slug":"audio-kreslas-luna-bluetooth-2","status":"publish","type":"product","link":"https:\/\/tavieta.lt\/ee\/toode\/audio-kreslas-luna-bluetooth-2\/","title":{"rendered":"Helitool Luna - Bluetooth"},"content":{"rendered":"<p><span style=\"color: #000000;\">Audiotool k\u00f5larite ja Bluetooth \u00fchendusega. Osa mobiilse heliallikaga \u00fchendamisest on juhtmevaba, n\u00e4iteks nutitelefon, s\u00fclearvuti, tahvelarvuti jne. Bluetooth-seade tuleb \u00fchendada pistikupessa (220 V).<\/span><\/p>\n<table style=\"width: 47.054597701149426%; height: 102px;\" cellspacing=\"0\" cellpadding=\"0\">\n<tbody>\n<tr>\n<td style=\"text-align: center;\" valign=\"top\">\n<p><strong><span style=\"color: #000000;\">Kood<\/span><\/strong><\/p>\n<\/td>\n<td style=\"text-align: center;\" valign=\"top\">\n<p><strong><span style=\"color: #000000;\">Kirjeldus<\/span><\/strong><\/p>\n<\/td>\n<td style=\"text-align: center;\" valign=\"top\">\n<p><strong><span style=\"color: #000000;\">Kogus<\/span><\/strong><\/p>\n<\/td>\n<\/tr>\n<tr>\n<td style=\"text-align: center;\" valign=\"top\">\n<p><span style=\"color: #000000;\">EB37094<\/span><\/p>\n<\/td>\n<td style=\"text-align: center;\" valign=\"top\">\n<p><span style=\"color: #000000;\">Helitool Luna - Bluetooth<\/span><\/p>\n<\/td>\n<td style=\"text-align: center;\" valign=\"top\">\n<p><span style=\"color: #000000;\">1 tk.<\/span><\/p>\n<\/td>\n<\/tr>\n<\/tbody>\n<\/table>\n<p>800 x 850 x 1475 mm<\/p>\n<p>&nbsp;<\/p>\n<p>RMS\/maks.: 40\/80W.; 4 oomi 45-23,00 Hz;<\/p>\n<p>89 dB<\/p>\n<div id=\"gtx-trans\" style=\"position: absolute; left: 79px; top: 37px;\">\n<div class=\"gtx-trans-icon\"><\/div>\n<\/div>","protected":false},"excerpt":{"rendered":"<p>Helitool Luna - Bluetooth<\/p>","protected":false},"featured_media":12387,"template":"","meta":[],"product_brand":[],"product_cat":[107],"product_tag":[],"class_list":{"0":"post-12797","1":"product","2":"type-product","3":"status-publish","4":"has-post-thumbnail","6":"product_cat-baldai","8":"first","9":"outofstock","10":"product-type-simple"},"_links":{"self":[{"href":"https:\/\/tavieta.lt\/ee\/wp-json\/wp\/v2\/product\/12797","targetHints":{"allow":["GET"]}}],"collection":[{"href":"https:\/\/tavieta.lt\/ee\/wp-json\/wp\/v2\/product"}],"about":[{"href":"https:\/\/tavieta.lt\/ee\/wp-json\/wp\/v2\/types\/product"}],"wp:featuredmedia":[{"embeddable":true,"href":"https:\/\/tavieta.lt\/ee\/wp-json\/wp\/v2\/media\/12387"}],"wp:attachment":[{"href":"https:\/\/tavieta.lt\/ee\/wp-json\/wp\/v2\/media?parent=12797"}],"wp:term":[{"taxonomy":"product_brand","embeddable":true,"href":"https:\/\/tavieta.lt\/ee\/wp-json\/wp\/v2\/product_brand?post=12797"},{"taxonomy":"product_cat","embeddable":true,"href":"https:\/\/tavieta.lt\/ee\/wp-json\/wp\/v2\/product_cat?post=12797"},{"taxonomy":"product_tag","embeddable":true,"href":"https:\/\/tavieta.lt\/ee\/wp-json\/wp\/v2\/product_tag?post=12797"}],"curies":[{"name":"t\u00f6\u00f6leht","href":"https:\/\/api.w.org\/{rel}","templated":true}]}}