{"id":12805,"date":"2024-02-07T09:34:10","date_gmt":"2024-02-07T09:34:10","guid":{"rendered":"http:\/\/tavieta.lt\/produktas\/knygu-restauravimo-staliukas\/"},"modified":"2025-01-28T12:54:27","modified_gmt":"2025-01-28T12:54:27","slug":"knygu-restauravimo-staliukas","status":"publish","type":"product","link":"https:\/\/tavieta.lt\/ee\/toode\/knygu-restauravimo-staliukas\/","title":{"rendered":"Raamatu taastamise laud"},"content":{"rendered":"<p>Raamatu taastamislaud KRM on valmistatud roostevabast terasest, mis on \u00fchendatud suure j\u00f5udlusega tolmuimejaga (tarnitakse eraldi) v\u00e4ikeste paberilehtede puhastamiseks ja taastamiseks. Laua t\u00f6\u00f6pind on 300 x 380 mm 2 mm perforatsiooniga, perforatsiooniavade keskpunktide vahe on 3 mm. Statiivi struktuur v\u00f5imaldab erineva paksuse ja m\u00f5\u00f5tmetega raamatuid sellesse usaldusv\u00e4\u00e4rselt ankurdada. Raamatuid taastatakse neid lahti k\u00f6itmata. Kui on vaja peenemat perforatsiooni, v\u00f5ib t\u00f6\u00f6pinnale asetada plastikv\u00f5rgu.<\/p>\n<p>&nbsp;<\/p>\n<div id=\"gtx-trans\" style=\"position: absolute; left: 79px; top: 37px;\">\n<div class=\"gtx-trans-icon\"><\/div>\n<\/div>","protected":false},"excerpt":{"rendered":"<p>Raamatu taastamise laud<\/p>","protected":false},"featured_media":12397,"template":"","meta":[],"product_brand":[219],"product_cat":[149,170],"product_tag":[],"class_list":{"0":"post-12805","1":"product","2":"type-product","3":"status-publish","4":"has-post-thumbnail","6":"product_brand-labostera","7":"product_cat-restauratoriams","8":"product_cat-restauravimo-iranga","10":"first","11":"outofstock","12":"product-type-simple"},"_links":{"self":[{"href":"https:\/\/tavieta.lt\/ee\/wp-json\/wp\/v2\/product\/12805","targetHints":{"allow":["GET"]}}],"collection":[{"href":"https:\/\/tavieta.lt\/ee\/wp-json\/wp\/v2\/product"}],"about":[{"href":"https:\/\/tavieta.lt\/ee\/wp-json\/wp\/v2\/types\/product"}],"wp:featuredmedia":[{"embeddable":true,"href":"https:\/\/tavieta.lt\/ee\/wp-json\/wp\/v2\/media\/12397"}],"wp:attachment":[{"href":"https:\/\/tavieta.lt\/ee\/wp-json\/wp\/v2\/media?parent=12805"}],"wp:term":[{"taxonomy":"product_brand","embeddable":true,"href":"https:\/\/tavieta.lt\/ee\/wp-json\/wp\/v2\/product_brand?post=12805"},{"taxonomy":"product_cat","embeddable":true,"href":"https:\/\/tavieta.lt\/ee\/wp-json\/wp\/v2\/product_cat?post=12805"},{"taxonomy":"product_tag","embeddable":true,"href":"https:\/\/tavieta.lt\/ee\/wp-json\/wp\/v2\/product_tag?post=12805"}],"curies":[{"name":"t\u00f6\u00f6leht","href":"https:\/\/api.w.org\/{rel}","templated":true}]}}