{"id":12809,"date":"2024-02-07T09:36:48","date_gmt":"2024-02-07T09:36:48","guid":{"rendered":"http:\/\/tavieta.lt\/produktas\/sauso-valymo-kempine-smoke-sponge\/"},"modified":"2025-01-31T13:20:59","modified_gmt":"2025-01-31T13:20:59","slug":"sauso-valymo-kempine-smoke-sponge","status":"publish","type":"product","link":"https:\/\/tavieta.lt\/ee\/toode\/sauso-valymo-kempine-smoke-sponge\/","title":{"rendered":"Keemilise puhastuse k\u00e4sn (suitsusvamm)"},"content":{"rendered":"<p><strong>Keemilise puhastuse k\u00e4sn (suitsusvamm)<\/strong><\/p>\n<p id=\"tw-target-text\" class=\"tw-data-text tw-text-large XcVN5d tw-ta\" dir=\"ltr\" data-placeholder=\"Translation\"><span class=\"Y2IQFc\" lang=\"lt\">Valmistatud vulkaniseeritud looduslikust kummist. <\/span><\/p>\n<p class=\"tw-data-text tw-text-large XcVN5d tw-ta\" dir=\"ltr\" data-placeholder=\"Translation\"><span class=\"Y2IQFc\" lang=\"lt\">Kasutamine: paberpindade keemiliseks puhastamiseks. Sobib ka tekstiilile, raamatutele, maalidele, seintele, l\u00f5uenditele, riiulitele ja m\u00f6\u00f6blile.<\/span><\/p>\n<p dir=\"ltr\" data-placeholder=\"Translation\">M\u00f5\u00f5dud: 153 x 73 x 45 mm<\/p>\n<div id=\"gtx-trans\" style=\"position: absolute; left: 899px; top: 143.697px;\">\n<div class=\"gtx-trans-icon\"><\/div>\n<\/div>","protected":false},"excerpt":{"rendered":"<p>Kuivpuhastusk\u00e4sn (suitsusvamm). <span class=\"Y2IQFc\" lang=\"lt\">Kasutamine: paberpindade keemiliseks puhastamiseks. Sobib ka tekstiilile, raamatutele, maalidele, seintele, l\u00f5uenditele, riiulitele ja m\u00f6\u00f6blile.<\/span><\/p>","protected":false},"featured_media":12405,"template":"","meta":[],"product_brand":[],"product_cat":[218,149,170],"product_tag":[],"class_list":{"0":"post-12809","1":"product","2":"type-product","3":"status-publish","4":"has-post-thumbnail","6":"product_cat-populiariausi-produktai","7":"product_cat-restauratoriams","8":"product_cat-restauravimo-iranga","10":"first","11":"outofstock","12":"product-type-simple"},"_links":{"self":[{"href":"https:\/\/tavieta.lt\/ee\/wp-json\/wp\/v2\/product\/12809","targetHints":{"allow":["GET"]}}],"collection":[{"href":"https:\/\/tavieta.lt\/ee\/wp-json\/wp\/v2\/product"}],"about":[{"href":"https:\/\/tavieta.lt\/ee\/wp-json\/wp\/v2\/types\/product"}],"wp:featuredmedia":[{"embeddable":true,"href":"https:\/\/tavieta.lt\/ee\/wp-json\/wp\/v2\/media\/12405"}],"wp:attachment":[{"href":"https:\/\/tavieta.lt\/ee\/wp-json\/wp\/v2\/media?parent=12809"}],"wp:term":[{"taxonomy":"product_brand","embeddable":true,"href":"https:\/\/tavieta.lt\/ee\/wp-json\/wp\/v2\/product_brand?post=12809"},{"taxonomy":"product_cat","embeddable":true,"href":"https:\/\/tavieta.lt\/ee\/wp-json\/wp\/v2\/product_cat?post=12809"},{"taxonomy":"product_tag","embeddable":true,"href":"https:\/\/tavieta.lt\/ee\/wp-json\/wp\/v2\/product_tag?post=12809"}],"curies":[{"name":"t\u00f6\u00f6leht","href":"https:\/\/api.w.org\/{rel}","templated":true}]}}