{"id":12997,"date":"2024-10-31T08:22:11","date_gmt":"2024-10-31T08:22:11","guid":{"rendered":"http:\/\/tavieta.lt\/?post_type=product&#038;p=12997"},"modified":"2025-01-27T12:11:35","modified_gmt":"2025-01-27T12:11:35","slug":"vakuumine-prisotinimo-sistema-vps-labostera","status":"publish","type":"product","link":"https:\/\/tavieta.lt\/ee\/toode\/vakuumine-prisotinimo-sistema-vps-labostera\/","title":{"rendered":"Vaakumk\u00fcllastuss\u00fcsteem VPS Labostera"},"content":{"rendered":"<p>Vaakumk\u00fcllastuss\u00fcsteem VPS, tootja Labostera UAB.<\/p>\n<p>Tehnoloogia kiire arenguga kasutatakse arheoloogiliste leidude restaureerimisel \u00fcha enam vaakumit. Vaakums\u00fcsteemide abil on v\u00f5imalik oluliselt parandada arheoloogiliste leidude konserveerimise kvaliteeti ja h\u00f5lbustada restauraatorite t\u00f6\u00f6d. Pindade k\u00fcllastamisel (v\u00f5i konsolideerimisel) vaakumkeskkonnas konsolideerivate lahustega tagatakse nende lahuste tungimine arheoloogiliste leidude piirkondadesse, kuhu pintslitega ei p\u00e4\u00e4se. Vaakumi kasutamist arheoloogiliste leidude k\u00fcllastamiseks s\u00e4ilituslahustega, leidude kuivatamist p\u00e4rast pesemist v\u00f5i k\u00fclmutamist saab rakendada sellistest materjalidest nagu raud, vask, puit, keraamika, klaas, nahk, merevaik.<br \/>\n<strong><br \/>\nVPS tehnilised andmed<\/strong><\/p>\n<table>\n<thead>\n<tr>\n<th>Parameeter<\/th>\n<th>m\u00f5\u00f5t\u00fchikud<\/th>\n<th>spetsifikatsioon<\/th>\n<\/tr>\n<\/thead>\n<tbody>\n<tr>\n<td>Vaakumkambri maht<\/td>\n<td>L<\/td>\n<td>8<\/td>\n<\/tr>\n<tr>\n<td>Maksimaalne vaakumi tase<\/td>\n<td>mbar<\/td>\n<td>10\u207b\u00b2<\/td>\n<\/tr>\n<tr>\n<td>Borosilikaat, leegiga poleeritud ja t\u00e4ielikult l\u00f5\u00f5mutatud, selge kellukesekujuline klaaskate, mis on spetsiaalselt ette n\u00e4htud vaakumseadmete jaoks<\/td>\n<td>\u00d8 mm<\/td>\n<td>301 x 360<\/td>\n<\/tr>\n<tr>\n<td>Sisemise vaakumkambri konteineri m\u00f5\u00f5tmed<\/td>\n<td>\u00d8 mm<\/td>\n<td>180 x 180<\/td>\n<\/tr>\n<tr>\n<td>Laua m\u00f5\u00f5dud (pikkus x laius x k\u00f5rgus)<\/td>\n<td>mm<\/td>\n<td>1200 x 600 x 790<\/td>\n<\/tr>\n<tr>\n<td>Seadme m\u00f5\u00f5tmed (pikkus x laius x k\u00f5rgus klaaskaanega allapoole)<\/td>\n<td>mm<\/td>\n<td>1200 x 600 x 1475<\/td>\n<\/tr>\n<tr>\n<td>Seadme k\u00f5rgus maksimaalselt k\u00f5rgendatud klaaskattega<\/td>\n<td>mm<\/td>\n<td>1925<\/td>\n<\/tr>\n<tr>\n<td>Lauarataste l\u00e4bim\u00f5\u00f5t (kaks neist piduritega).<\/td>\n<td>mm<\/td>\n<td>120<\/td>\n<\/tr>\n<tr>\n<td>Toiteallikas<\/td>\n<td>V, Hz<\/td>\n<td>230 V, 50 Hz<\/td>\n<\/tr>\n<\/tbody>\n<\/table>\n<p><strong>VPS-i eelised:<\/strong><\/p>\n<ul>\n<li>Suur (\u00d8301mm x 360mm), l\u00e4bipaistvast klaasist vaakumkambriga kapuuts. Kaameras toimuvaid protsesse on mugav j\u00e4lgida.<\/li>\n<li>K\u00f5igi protsessi m\u00f5jutavate parameetrite juhtimine ja reguleerimine (vaakumi s\u00fcgavus, vaakumi s\u00fcgavuse muutumise kiirus, r\u00f5hu \u00fchtlustamise kiirus kambris, immutuslahuse sisse-\/v\u00e4ljalaskekiirus). Operaator juhib ja reguleerib neid parameetreid vabalt.<\/li>\n<li>Kompressor \u00f5hu varustamiseks kambrisse nii, et klaaskate vabaneb aluselt p\u00e4rast t\u00f6\u00f6 l\u00f5petamist vaakumkeskkonnas. See kaitseb kaamera tihendit mehaaniliste vigastuste eest ja h\u00f5lbustab operaatori t\u00f6\u00f6d.<\/li>\n<li>Riiul lahustega konteineritele. Konteinerid on mugavalt paigutatud lauaplaadi alla, operaator ei pea neid tassima, neid saab transportida koos lauaga.<\/li>\n<li>Klaaskatte elektromehaaniline t\u00f5stmine ja langetamine. Operaator ei pea rasket kapoti t\u00f5stma, klaaskapi purunemise v\u00f5imalus on viidud miinimumini.<\/li>\n<li>Lihtne ja mugav juhtimine. K\u00f5ik juht- ja juhtimisseadmed asuvad laua \u00fchel k\u00fcljel. Operaator v\u00f5ib t\u00f6\u00f6tada nii seistes kui ka istudes.<\/li>\n<li>V\u00e4ga lihtne ettevalmistus t\u00f6\u00f6ks: peale seadme \u00f5igesse kohta asetamist piisab, kui pistik 230 V 50 Hz pistikupessa pista.<\/li>\n<li>S\u00fcsteem on paigaldatud mobiilsele lauale. Piduritega lauarattad, nii et seadet on lihtne paigutada ja t\u00f6\u00f6ks mugavasse kohta lukustada.<\/li>\n<li>Tellija soovil on kaasas mitu torustiku komplekti, mille kaudu s\u00e4ilitusvaik (lahus) viiakse\/v\u00e4ljastatakse vaakumkambrisse. See v\u00e4ldib pikka pesuprotseduuri. Komplektide arv - vastavalt vajadusele.<\/li>\n<li>Kliendi soovil saab s\u00fcsteemi varustada 0,5 m k\u00f5rguse klaaskapiga, mis v\u00f5imaldaks t\u00f6\u00f6delda suuremaid leide.<\/li>\n<li>Kliendi soovil, optimeerides vaakumkambri mahu kasutamist, saame valida kambri sisemahuti v\u00f5i erineva m\u00f5\u00f5tmega konteinerite komplekti.<\/li>\n<\/ul>","protected":false},"excerpt":{"rendered":"<p>VPS vaakumk\u00fcllastuss\u00fcsteem on suurep\u00e4rane instrument s\u00e4ilituskvaliteedi ja t\u00f6\u00f6 efektiivsuse t\u00f5stmiseks. Kasutatakse arheoloogiliste leidude k\u00fcllastamiseks s\u00e4ilituslahustega, leidude kuivatamiseks p\u00e4rast pesemist v\u00f5i k\u00fclmutamist, v\u00f5ib kanda leidudele, mis on valmistatud sellistest materjalidest nagu raud, vask, puit, keraamika, klaas, nahk, merevaik.<\/p>","protected":false},"featured_media":13023,"template":"","meta":[],"product_brand":[219],"product_cat":[149,170],"product_tag":[],"class_list":{"0":"post-12997","1":"product","2":"type-product","3":"status-publish","4":"has-post-thumbnail","6":"product_brand-labostera","7":"product_cat-restauratoriams","8":"product_cat-restauravimo-iranga","10":"first","11":"instock","12":"shipping-taxable","13":"product-type-simple"},"_links":{"self":[{"href":"https:\/\/tavieta.lt\/ee\/wp-json\/wp\/v2\/product\/12997","targetHints":{"allow":["GET"]}}],"collection":[{"href":"https:\/\/tavieta.lt\/ee\/wp-json\/wp\/v2\/product"}],"about":[{"href":"https:\/\/tavieta.lt\/ee\/wp-json\/wp\/v2\/types\/product"}],"wp:featuredmedia":[{"embeddable":true,"href":"https:\/\/tavieta.lt\/ee\/wp-json\/wp\/v2\/media\/13023"}],"wp:attachment":[{"href":"https:\/\/tavieta.lt\/ee\/wp-json\/wp\/v2\/media?parent=12997"}],"wp:term":[{"taxonomy":"product_brand","embeddable":true,"href":"https:\/\/tavieta.lt\/ee\/wp-json\/wp\/v2\/product_brand?post=12997"},{"taxonomy":"product_cat","embeddable":true,"href":"https:\/\/tavieta.lt\/ee\/wp-json\/wp\/v2\/product_cat?post=12997"},{"taxonomy":"product_tag","embeddable":true,"href":"https:\/\/tavieta.lt\/ee\/wp-json\/wp\/v2\/product_tag?post=12997"}],"curies":[{"name":"t\u00f6\u00f6leht","href":"https:\/\/api.w.org\/{rel}","templated":true}]}}