{"id":13007,"date":"2024-10-31T08:22:59","date_gmt":"2024-10-31T08:22:59","guid":{"rendered":"http:\/\/tavieta.lt\/?post_type=product&#038;p=13007"},"modified":"2025-01-27T12:11:35","modified_gmt":"2025-01-27T12:11:35","slug":"popieriaus-liejimo-masina-plm-labostera","status":"publish","type":"product","link":"https:\/\/tavieta.lt\/ee\/toode\/popieriaus-liejimo-masina-plm-labostera\/","title":{"rendered":"Paberivormimismasin PLM Labostera"},"content":{"rendered":"<p>Paberivormimismasin PLM, mida toodab UAB &quot;Labostera&quot; - on m\u00f5eldud tr\u00fckitud dokumentide, raamatute, ajalehtede, kunstiteoste taastamiseks ja konserveerimiseks paberil.<\/p>\n<p><strong>Tehnilised andmed:<\/strong><\/p>\n<table>\n<thead>\n<tr>\n<th>ELEKTRIVARUSTUS<\/th>\n<th>230 V, 50 Hz<\/th>\n<\/tr>\n<\/thead>\n<tbody>\n<tr>\n<td>\u00dcHENDUSED<\/td>\n<td>Drenaa\u017e: 50 mm<br \/>\nVeevarustus: \u00bd\u201d<br \/>\nSuru\u00f5hk: 6 baari<\/td>\n<\/tr>\n<tr>\n<td><\/td>\n<td>T\u00f6\u00f6pind, mm: 500 x 1100<\/td>\n<\/tr>\n<tr>\n<td>M\u00d5\u00d5TMED<\/td>\n<td>Vormimismasin, mm: 940 x 1560 x 810<\/td>\n<\/tr>\n<tr>\n<td><\/td>\n<td>Eraldi ehitatud veepaak, mm: 620 x 850 x 650<\/td>\n<\/tr>\n<\/tbody>\n<\/table>\n<p><strong>Omadused:<\/strong><\/p>\n<ul>\n<li>Veekindlad pinnad, mis ei vaja erilist hooldust; puhastada seebi ja veega.<\/li>\n<li>Konstruktsioonis on alumiiniumraamil plastikkonteiner, plastv\u00f5rk valamiseks, PE-kile valuala v\u00e4hendamiseks ja k\u00e4epidemega plastikrest.<\/li>\n<li>Lisavarustus: torustik, eraldi ehitatud plastikust veepaak, noat\u00fc\u00fcpi ventiil pneumaatilise ajamiga, PLC ja juhtpult.<\/li>\n<li>\u00d5hukompressor tellitakse eraldi.<\/li>\n<\/ul>","protected":false},"excerpt":{"rendered":"<p>PLM paberivormimismasin on m\u00f5eldud tr\u00fckitud dokumentide, raamatute, ajalehtede ja kunstiteoste taastamiseks ja konserveerimiseks paberil. See seade v\u00f5imaldab t\u00f5husalt restaureerida ja kaitsta paberiesemeid, tagades restaureerimisprotsesside kvaliteedi ja usaldusv\u00e4\u00e4rsuse.<\/p>","protected":false},"featured_media":13025,"template":"","meta":[],"product_brand":[219],"product_cat":[102,149,170],"product_tag":[],"class_list":{"0":"post-13007","1":"product","2":"type-product","3":"status-publish","4":"has-post-thumbnail","6":"product_brand-labostera","7":"product_cat-knygu-taisymas-ir-prieziura","8":"product_cat-restauratoriams","9":"product_cat-restauravimo-iranga","11":"first","12":"instock","13":"shipping-taxable","14":"product-type-simple"},"_links":{"self":[{"href":"https:\/\/tavieta.lt\/ee\/wp-json\/wp\/v2\/product\/13007","targetHints":{"allow":["GET"]}}],"collection":[{"href":"https:\/\/tavieta.lt\/ee\/wp-json\/wp\/v2\/product"}],"about":[{"href":"https:\/\/tavieta.lt\/ee\/wp-json\/wp\/v2\/types\/product"}],"wp:featuredmedia":[{"embeddable":true,"href":"https:\/\/tavieta.lt\/ee\/wp-json\/wp\/v2\/media\/13025"}],"wp:attachment":[{"href":"https:\/\/tavieta.lt\/ee\/wp-json\/wp\/v2\/media?parent=13007"}],"wp:term":[{"taxonomy":"product_brand","embeddable":true,"href":"https:\/\/tavieta.lt\/ee\/wp-json\/wp\/v2\/product_brand?post=13007"},{"taxonomy":"product_cat","embeddable":true,"href":"https:\/\/tavieta.lt\/ee\/wp-json\/wp\/v2\/product_cat?post=13007"},{"taxonomy":"product_tag","embeddable":true,"href":"https:\/\/tavieta.lt\/ee\/wp-json\/wp\/v2\/product_tag?post=13007"}],"curies":[{"name":"t\u00f6\u00f6leht","href":"https:\/\/api.w.org\/{rel}","templated":true}]}}