{"id":13008,"date":"2024-10-31T08:23:03","date_gmt":"2024-10-31T08:23:03","guid":{"rendered":"http:\/\/tavieta.lt\/?post_type=product&#038;p=13008"},"modified":"2025-01-31T14:03:31","modified_gmt":"2025-01-31T14:03:31","slug":"vakuuminis-stalas-vs-labostera","status":"publish","type":"product","link":"https:\/\/tavieta.lt\/ee\/toode\/vakuuminis-stalas-vs-labostera\/","title":{"rendered":"Vaakumlaud VS Labostera"},"content":{"rendered":"<p>Vaakumlaud VS, tootja Labostera UAB.<\/p>\n<table>\n<thead>\n<tr>\n<th>TEHNILISED KARAKTERISTIKUD<\/th>\n<th><\/th>\n<\/tr>\n<\/thead>\n<tbody>\n<tr>\n<td>M\u00f5\u00f5dud, mm<\/td>\n<td>665 x 1340 x (min 890 \u2013 max 1200)<\/td>\n<\/tr>\n<tr>\n<td>Toiteallikas<\/td>\n<td>230 V, 50 Hz<\/td>\n<\/tr>\n<tr>\n<td>Pumba v\u00f5imsus<\/td>\n<td>1000 W<\/td>\n<\/tr>\n<\/tbody>\n<\/table>\n<p>Vaakumlaud VS on t\u00e4iustatud seade paberirestauraatoritele, mis sobib kasutamiseks restaureerimise erinevates etappides. See tabel annab v\u00f5imaluse taastamisprotsessi efektiivselt juhtida, tagades t\u00f6\u00f6 t\u00e4psuse ja kvaliteedi.<\/p>\n<p><strong>Peamised omadused:<\/strong><\/p>\n<ul>\n<li>Elektriliselt reguleeritava k\u00f5rgusega raam v\u00f5imaldab kohandada t\u00f6\u00f6kohta vastavalt individuaalsetele vajadustele.<\/li>\n<li>Reguleeritava valgustusega lauaplaat, mis tagab optimaalsed valgustingimused.<\/li>\n<li>Vaakumpump t\u00f5husaks tolmueemalduseks tagab t\u00f6\u00f6 ajal puhtuse ja ohutuse.<\/li>\n<\/ul>\n<p>See seade on toodetud Leedus, UAB Labostera, et tagada kvaliteet ja vastupidavus.<\/p>","protected":false},"excerpt":{"rendered":"<p>Vaakumlaud VS on t\u00e4iustatud seade paberirestauraatoritele, mis sobib kasutamiseks restaureerimise erinevates etappides. See tabel annab v\u00f5imaluse taastamisprotsessi efektiivselt juhtida, tagades t\u00f6\u00f6 t\u00e4psuse ja kvaliteedi.<\/p>","protected":false},"featured_media":13024,"template":"","meta":[],"product_brand":[219],"product_cat":[149],"product_tag":[],"class_list":{"0":"post-13008","1":"product","2":"type-product","3":"status-publish","4":"has-post-thumbnail","6":"product_brand-labostera","7":"product_cat-restauratoriams","9":"first","10":"instock","11":"shipping-taxable","12":"product-type-simple"},"_links":{"self":[{"href":"https:\/\/tavieta.lt\/ee\/wp-json\/wp\/v2\/product\/13008","targetHints":{"allow":["GET"]}}],"collection":[{"href":"https:\/\/tavieta.lt\/ee\/wp-json\/wp\/v2\/product"}],"about":[{"href":"https:\/\/tavieta.lt\/ee\/wp-json\/wp\/v2\/types\/product"}],"wp:featuredmedia":[{"embeddable":true,"href":"https:\/\/tavieta.lt\/ee\/wp-json\/wp\/v2\/media\/13024"}],"wp:attachment":[{"href":"https:\/\/tavieta.lt\/ee\/wp-json\/wp\/v2\/media?parent=13008"}],"wp:term":[{"taxonomy":"product_brand","embeddable":true,"href":"https:\/\/tavieta.lt\/ee\/wp-json\/wp\/v2\/product_brand?post=13008"},{"taxonomy":"product_cat","embeddable":true,"href":"https:\/\/tavieta.lt\/ee\/wp-json\/wp\/v2\/product_cat?post=13008"},{"taxonomy":"product_tag","embeddable":true,"href":"https:\/\/tavieta.lt\/ee\/wp-json\/wp\/v2\/product_tag?post=13008"}],"curies":[{"name":"t\u00f6\u00f6leht","href":"https:\/\/api.w.org\/{rel}","templated":true}]}}