{"id":10805,"date":"2023-07-13T08:42:44","date_gmt":"2023-07-13T08:42:44","guid":{"rendered":"http:\/\/tavieta.lt\/?page_id=10805"},"modified":"2025-01-30T14:58:16","modified_gmt":"2025-01-30T14:58:16","slug":"archyvams","status":"publish","type":"page","link":"https:\/\/tavieta.lt\/en\/archyvams\/","title":{"rendered":"Archives"},"content":{"rendered":"<div data-elementor-type=\"wp-page\" data-elementor-id=\"10805\" class=\"elementor elementor-10805\">\n\t\t\t\t\t\t<section class=\"elementor-section elementor-top-section elementor-element elementor-element-938d885 elementor-section-boxed elementor-section-height-default elementor-section-height-default\" data-id=\"938d885\" data-element_type=\"section\">\n\t\t\t\t\t\t<div class=\"elementor-container elementor-column-gap-extended\">\n\t\t\t\t\t<div class=\"elementor-column elementor-col-50 elementor-top-column elementor-element elementor-element-11fb197\" data-id=\"11fb197\" data-element_type=\"column\">\n\t\t\t<div class=\"elementor-widget-wrap elementor-element-populated\">\n\t\t\t\t\t\t<div class=\"elementor-element elementor-element-fc8688f elementor-widget elementor-widget-image\" data-id=\"fc8688f\" data-element_type=\"widget\" data-widget_type=\"image.default\">\n\t\t\t\t<div class=\"elementor-widget-container\">\n\t\t\t\t\t\t\t\t\t\t\t\t\t\t\t<img fetchpriority=\"high\" decoding=\"async\" width=\"640\" height=\"453\" src=\"https:\/\/tavieta.lt\/wp-content\/uploads\/2023\/07\/paslaugos-archyvui-intro--1024x724.jpg\" class=\"attachment-large size-large wp-image-10813\" alt=\"\" srcset=\"https:\/\/tavieta.lt\/wp-content\/uploads\/2023\/07\/paslaugos-archyvui-intro--1024x724.jpg 1024w, https:\/\/tavieta.lt\/wp-content\/uploads\/2023\/07\/paslaugos-archyvui-intro--scaled-800x566.jpg 800w, https:\/\/tavieta.lt\/wp-content\/uploads\/2023\/07\/paslaugos-archyvui-intro--300x212.jpg 300w, https:\/\/tavieta.lt\/wp-content\/uploads\/2023\/07\/paslaugos-archyvui-intro--768x543.jpg 768w, https:\/\/tavieta.lt\/wp-content\/uploads\/2023\/07\/paslaugos-archyvui-intro--1536x1086.jpg 1536w, https:\/\/tavieta.lt\/wp-content\/uploads\/2023\/07\/paslaugos-archyvui-intro--2048x1448.jpg 2048w\" sizes=\"(max-width: 640px) 100vw, 640px\" \/>\t\t\t\t\t\t\t\t\t\t\t\t\t\t\t<\/div>\n\t\t\t\t<\/div>\n\t\t\t\t\t<\/div>\n\t\t<\/div>\n\t\t\t\t<div class=\"elementor-column elementor-col-50 elementor-top-column elementor-element elementor-element-6caeeb0\" data-id=\"6caeeb0\" data-element_type=\"column\">\n\t\t\t<div class=\"elementor-widget-wrap elementor-element-populated\">\n\t\t\t\t\t\t<div class=\"elementor-element elementor-element-86af5e2 elementor-widget elementor-widget-heading\" data-id=\"86af5e2\" data-element_type=\"widget\" data-widget_type=\"heading.default\">\n\t\t\t\t<div class=\"elementor-widget-container\">\n\t\t\t\t\t<h6 class=\"elementor-heading-title elementor-size-default\">Application of solutions<\/h6>\t\t\t\t<\/div>\n\t\t\t\t<\/div>\n\t\t\t\t<div class=\"elementor-element elementor-element-193851e elementor-widget elementor-widget-heading\" data-id=\"193851e\" data-element_type=\"widget\" data-widget_type=\"heading.default\">\n\t\t\t\t<div class=\"elementor-widget-container\">\n\t\t\t\t\t<h3 class=\"elementor-heading-title elementor-size-default\">Archives<\/h3>\t\t\t\t<\/div>\n\t\t\t\t<\/div>\n\t\t\t\t<div class=\"elementor-element elementor-element-4a316fa elementor-widget elementor-widget-text-editor\" data-id=\"4a316fa\" data-element_type=\"widget\" data-widget_type=\"text-editor.default\">\n\t\t\t\t<div class=\"elementor-widget-container\">\n\t\t\t\t\t\t\t\t\t<p style=\"text-align: justify;\"><span data-sheets-value=\"{&quot;1&quot;:2,&quot;2&quot;:&quot;Nepaisant did\u0117jan\u010dio skaitmeninimo, daug dokument\u0173 r\u016b\u0161i\u0173\\no objektus vis tiek reikia saugoti fiziniame archyve.\\nDa\u017enai prireikia istorin\u0119 vert\u0119 turin\u010di\u0173 objekt\u0173 ir teisini\u0173 dokument\u0173\\nturi b\u016bti laikomi pradine forma. Kai kurios organizacijos renkasi\\nnaudoti fizinius archyvus, kad juos b\u016bt\u0173 galima tur\u0117ti greit\u0105 ir lengv\u0105 prieig\u0105 prie dokument\u0173. I\u0161saugokite prieinamum\u0105 ir padidinkite saugyklos talp\u0105\\r\\nranka rankon kuriant archyv\u0105. Pasirinkus\\r\\nteising\u0105 saugojimo sistem\u0105, kiekvienas archyvo kubinis centimetras\\r\\ngali b\u016bti naudojas efektyviai ir visi dokumentai lieka\\r\\nlengvai pasiekiami.&quot;}\" data-sheets-userformat=\"{&quot;2&quot;:897,&quot;3&quot;:{&quot;1&quot;:0},&quot;10&quot;:1,&quot;11&quot;:4,&quot;12&quot;:0}\">Despite increasing digitization, many types of documents and objects still need to be stored in a physical archive. Objects of historical value are often required and legal documents must be kept in their original form. Some organizations choose to use physical archives to provide quick and easy access to documents. Maintain availability and increase storage capacity with hand-in-hand archiving. By choosing the right storage system, every cubic centimeter of the archive can be used efficiently and all documents remain easily accessible.<\/span><\/p>\t\t\t\t\t\t\t\t<\/div>\n\t\t\t\t<\/div>\n\t\t\t\t\t<\/div>\n\t\t<\/div>\n\t\t\t\t\t<\/div>\n\t\t<\/section>\n\t\t\t\t<section class=\"elementor-section elementor-top-section elementor-element elementor-element-636506b elementor-section-boxed elementor-section-height-default elementor-section-height-default\" data-id=\"636506b\" data-element_type=\"section\" data-settings=\"{&quot;background_background&quot;:&quot;classic&quot;}\">\n\t\t\t\t\t\t<div class=\"elementor-container elementor-column-gap-no\">\n\t\t\t\t\t<div class=\"elementor-column elementor-col-100 elementor-top-column elementor-element elementor-element-ce05a03\" data-id=\"ce05a03\" data-element_type=\"column\">\n\t\t\t<div class=\"elementor-widget-wrap elementor-element-populated\">\n\t\t\t\t\t\t<div class=\"elementor-element elementor-element-2c0d426 elementor-widget elementor-widget-heading\" data-id=\"2c0d426\" data-element_type=\"widget\" data-widget_type=\"heading.default\">\n\t\t\t\t<div class=\"elementor-widget-container\">\n\t\t\t\t\t<h6 class=\"elementor-heading-title elementor-size-default\">For archives<\/h6>\t\t\t\t<\/div>\n\t\t\t\t<\/div>\n\t\t\t\t<div class=\"elementor-element elementor-element-7678e46 elementor-widget elementor-widget-heading\" data-id=\"7678e46\" data-element_type=\"widget\" data-widget_type=\"heading.default\">\n\t\t\t\t<div class=\"elementor-widget-container\">\n\t\t\t\t\t<h3 class=\"elementor-heading-title elementor-size-default\">Solutions and products<\/h3>\t\t\t\t<\/div>\n\t\t\t\t<\/div>\n\t\t\t\t<section class=\"elementor-section elementor-inner-section elementor-element elementor-element-65a762c elementor-section-boxed elementor-section-height-default elementor-section-height-default\" data-id=\"65a762c\" data-element_type=\"section\">\n\t\t\t\t\t\t<div class=\"elementor-container elementor-column-gap-extended\">\n\t\t\t\t\t<div class=\"elementor-column elementor-col-33 elementor-inner-column elementor-element elementor-element-495603c\" data-id=\"495603c\" data-element_type=\"column\">\n\t\t\t<div class=\"elementor-widget-wrap elementor-element-populated\">\n\t\t\t\t\t\t<div class=\"elementor-element elementor-element-ecf3472 elementor-widget elementor-widget-razzi-heading\" data-id=\"ecf3472\" data-element_type=\"widget\" data-widget_type=\"razzi-heading.default\">\n\t\t\t\t<div class=\"elementor-widget-container\">\n\t\t\t\t\t<div class=\"razzi-heading-wrapper\"><h4 class=\"razzi-heading-title\"> Mobile shelves<\/h4><\/div>\t\t\t\t<\/div>\n\t\t\t\t<\/div>\n\t\t\t\t<div class=\"elementor-element elementor-element-20c9868 elementor-widget elementor-widget-text-editor\" data-id=\"20c9868\" data-element_type=\"widget\" data-widget_type=\"text-editor.default\">\n\t\t\t\t<div class=\"elementor-widget-container\">\n\t\t\t\t\t\t\t\t\t<p><span data-sheets-value=\"{&quot;1&quot;:2,&quot;2&quot;:&quot;Naudojant mobili\u0105 sistem\u0105 reikia tik vieno \\&quot;atviro\\&quot; pra\u0117jimo, tod\u0117l galima \u012frengti iki dviej\u0173 kart\u0173 daugiau lentyn\u0173 tame pa\u010diame grind\u0173 plote. Sistem\u0105 galima pritaikyti bet kokiai patalpos konstrukcijai ir pritaikyti prie konkre\u010di\u0173 pastato konstrukcij\u0173, kaip atramin\u0117s kolonos, ventiliacijos \u0161achtos ar radiatoriai. Pavaros sistema u\u017etikrina lengv\u0105 sistemos jud\u0117jim\u0105, nepriklausomai nuo turinio ar lentyn\u0173 skai\u010diaus.&quot;}\" data-sheets-userformat=\"{&quot;2&quot;:897,&quot;3&quot;:{&quot;1&quot;:0},&quot;10&quot;:1,&quot;11&quot;:4,&quot;12&quot;:0}\">When using a mobile system, only one &quot;open&quot; passage is required, so it is possible to install up to twice as many shelves on the same floor area. The system can be adapted to any room structure and adapted to specific building structures.<\/span><\/p>\t\t\t\t\t\t\t\t<\/div>\n\t\t\t\t<\/div>\n\t\t\t\t<div class=\"elementor-element elementor-element-1372ba7 elementor-align-center elementor-widget elementor-widget-razzi-button\" data-id=\"1372ba7\" data-element_type=\"widget\" data-widget_type=\"razzi-button.default\">\n\t\t\t\t<div class=\"elementor-widget-container\">\n\t\t\t\t\t        <a href=\"http:\/\/tavieta.lt\/en\/mobilios-lentynos\/\" class=\"razzi-button-link razzi-button\">\n\t\t\t\t\t\t\t\t\t<span class=\"razzi-button-text\">More information<\/span>        <\/a>\n\t\t\t\t\t\t<\/div>\n\t\t\t\t<\/div>\n\t\t\t\t\t<\/div>\n\t\t<\/div>\n\t\t\t\t<div class=\"elementor-column elementor-col-33 elementor-inner-column elementor-element elementor-element-2fa5980\" data-id=\"2fa5980\" data-element_type=\"column\">\n\t\t\t<div class=\"elementor-widget-wrap elementor-element-populated\">\n\t\t\t\t\t\t<div class=\"elementor-element elementor-element-f5c4f45 elementor-widget elementor-widget-razzi-heading\" data-id=\"f5c4f45\" data-element_type=\"widget\" data-widget_type=\"razzi-heading.default\">\n\t\t\t\t<div class=\"elementor-widget-container\">\n\t\t\t\t\t<div class=\"razzi-heading-wrapper\"><h4 class=\"razzi-heading-title\"> Stationary shelves<\/h4><\/div>\t\t\t\t<\/div>\n\t\t\t\t<\/div>\n\t\t\t\t<div class=\"elementor-element elementor-element-f6e54b3 elementor-widget elementor-widget-text-editor\" data-id=\"f6e54b3\" data-element_type=\"widget\" data-widget_type=\"text-editor.default\">\n\t\t\t\t<div class=\"elementor-widget-container\">\n\t\t\t\t\t\t\t\t\t<p><span data-sheets-value=\"{&quot;1&quot;:2,&quot;2&quot;:&quot;Nor\u0117dami reguliariai pasiekti archyvo med\u017eiag\u0105, naudokite stacionarias lentynas\\nStacionarios lentynos yra geras pasirinkimas archyvui, kuris intensyviai naudojamas\\ndaug skirting\u0173 \u017emoni\u0173. Archyvo med\u017eiaga yra lengvai prieinama\\nvisi vartotojai gali naudotis nuolatiniais pra\u0117jimais tarp stela\u017e\u0173, i\u0161vengiant kli\u016b\u010di\u0173 archyve.\\nStacionar\u016bs archyviniai stela\u017eai yra \u012fvairaus ilgio,\\nauk\u0161\u010dio ir gylio i\u0161matavim\u0173. J\u016bs netgi galite prid\u0117ti duris, kad sukurtum\u0117te\\ndulk\u0117ms atsparias spinteles.&quot;}\" data-sheets-userformat=\"{&quot;2&quot;:897,&quot;3&quot;:{&quot;1&quot;:0},&quot;10&quot;:1,&quot;11&quot;:4,&quot;12&quot;:0}\">Stationary shelves are a good choice for an archive that is heavily used by many different people. Archive material is easily accessible<br \/>all users can use continuous passages between racks, avoiding obstacles in the archive.<br \/><\/span><\/p>\t\t\t\t\t\t\t\t<\/div>\n\t\t\t\t<\/div>\n\t\t\t\t<div class=\"elementor-element elementor-element-0cca7d2 elementor-align-center elementor-widget elementor-widget-razzi-button\" data-id=\"0cca7d2\" data-element_type=\"widget\" data-widget_type=\"razzi-button.default\">\n\t\t\t\t<div class=\"elementor-widget-container\">\n\t\t\t\t\t        <a href=\"http:\/\/tavieta.lt\/en\/stacionarios-lentynos\/\" class=\"razzi-button-link razzi-button\">\n\t\t\t\t\t\t\t\t\t<span class=\"razzi-button-text\">More information<\/span>        <\/a>\n\t\t\t\t\t\t<\/div>\n\t\t\t\t<\/div>\n\t\t\t\t\t<\/div>\n\t\t<\/div>\n\t\t\t\t<div class=\"elementor-column elementor-col-33 elementor-inner-column elementor-element elementor-element-5315963\" data-id=\"5315963\" data-element_type=\"column\">\n\t\t\t<div class=\"elementor-widget-wrap elementor-element-populated\">\n\t\t\t\t\t\t<div class=\"elementor-element elementor-element-0e181ff elementor-widget elementor-widget-razzi-heading\" data-id=\"0e181ff\" data-element_type=\"widget\" data-widget_type=\"razzi-heading.default\">\n\t\t\t\t<div class=\"elementor-widget-container\">\n\t\t\t\t\t<div class=\"razzi-heading-wrapper\"><h4 class=\"razzi-heading-title\"> Metal furniture<\/h4><\/div>\t\t\t\t<\/div>\n\t\t\t\t<\/div>\n\t\t\t\t<div class=\"elementor-element elementor-element-9ea9cb8 elementor-widget elementor-widget-text-editor\" data-id=\"9ea9cb8\" data-element_type=\"widget\" data-widget_type=\"text-editor.default\">\n\t\t\t\t<div class=\"elementor-widget-container\">\n\t\t\t\t\t\t\t\t\t<p><span data-sheets-value=\"{&quot;1&quot;:2,&quot;2&quot;:&quot;Ar j\u016bs\u0173 kolekcij\u0105 geriausia laikyti guldant?\\nAr ji turi b\u016bti apsaugota nuo dulki\u0173 ir \u0161viesos? Ar reikalingas visi\u0161kas oro nepralaidumas?\\nTokiu atveju si\u016blome metalines spinteles tai\\nsaugus ir patogus sprendimas atitinkantis\\nj\u016bs\u0173 saugojimo poreikius.&quot;}\" data-sheets-userformat=\"{&quot;2&quot;:641,&quot;3&quot;:{&quot;1&quot;:0},&quot;10&quot;:1,&quot;12&quot;:0}\">Is it best to store your collection lying down? Does it need to be protected from dust and light? Is complete air tightness required? In this case, we offer metal cabinets for this<br \/>a secure and convenient solution for your storage needs.<\/span><\/p>\t\t\t\t\t\t\t\t<\/div>\n\t\t\t\t<\/div>\n\t\t\t\t<div class=\"elementor-element elementor-element-928b922 elementor-align-center elementor-widget elementor-widget-razzi-button\" data-id=\"928b922\" data-element_type=\"widget\" data-widget_type=\"razzi-button.default\">\n\t\t\t\t<div class=\"elementor-widget-container\">\n\t\t\t\t\t        <a href=\"http:\/\/tavieta.lt\/en\/metaliniai-baldai\/\" class=\"razzi-button-link razzi-button\">\n\t\t\t\t\t\t\t\t\t<span class=\"razzi-button-text\">More information<\/span>        <\/a>\n\t\t\t\t\t\t<\/div>\n\t\t\t\t<\/div>\n\t\t\t\t\t<\/div>\n\t\t<\/div>\n\t\t\t\t\t<\/div>\n\t\t<\/section>\n\t\t\t\t<section class=\"elementor-section elementor-inner-section elementor-element elementor-element-a53cfa3 elementor-section-boxed elementor-section-height-default elementor-section-height-default\" data-id=\"a53cfa3\" data-element_type=\"section\">\n\t\t\t\t\t\t<div class=\"elementor-container elementor-column-gap-extended\">\n\t\t\t\t\t<div class=\"elementor-column elementor-col-33 elementor-inner-column elementor-element elementor-element-776768b\" data-id=\"776768b\" data-element_type=\"column\">\n\t\t\t<div class=\"elementor-widget-wrap elementor-element-populated\">\n\t\t\t\t\t\t<div class=\"elementor-element elementor-element-21c8fde elementor-widget elementor-widget-razzi-heading\" data-id=\"21c8fde\" data-element_type=\"widget\" data-widget_type=\"razzi-heading.default\">\n\t\t\t\t<div class=\"elementor-widget-container\">\n\t\t\t\t\t<div class=\"razzi-heading-wrapper\"><h4 class=\"razzi-heading-title\"> Security solutions<\/h4><\/div>\t\t\t\t<\/div>\n\t\t\t\t<\/div>\n\t\t\t\t<div class=\"elementor-element elementor-element-4dc58a3 elementor-widget elementor-widget-text-editor\" data-id=\"4dc58a3\" data-element_type=\"widget\" data-widget_type=\"text-editor.default\">\n\t\t\t\t<div class=\"elementor-widget-container\">\n\t\t\t\t\t\t\t\t\t<p>The archive acquires, preserves, researches and exhibits objects of historical, scientific or artistic significance for educational, study and entertainment purposes. Sometimes archives also organize programs and activities such as lectures and classes for audiences of all ages. The security of the valuables stored in the archive and the safety of visitors and employees are of the utmost importance to the archive&#039;s management.<\/p>\t\t\t\t\t\t\t\t<\/div>\n\t\t\t\t<\/div>\n\t\t\t\t<div class=\"elementor-element elementor-element-b03a8fd elementor-align-center elementor-widget elementor-widget-razzi-button\" data-id=\"b03a8fd\" data-element_type=\"widget\" data-widget_type=\"razzi-button.default\">\n\t\t\t\t<div class=\"elementor-widget-container\">\n\t\t\t\t\t        <a href=\"http:\/\/tavieta.lt\/en\/saugumo-sprendimai\/\" class=\"razzi-button-link razzi-button\">\n\t\t\t\t\t\t\t\t\t<span class=\"razzi-button-text\">More information<\/span>        <\/a>\n\t\t\t\t\t\t<\/div>\n\t\t\t\t<\/div>\n\t\t\t\t\t<\/div>\n\t\t<\/div>\n\t\t\t\t<div class=\"elementor-column elementor-col-33 elementor-inner-column elementor-element elementor-element-9b42818\" data-id=\"9b42818\" data-element_type=\"column\">\n\t\t\t<div class=\"elementor-widget-wrap elementor-element-populated\">\n\t\t\t\t\t\t<div class=\"elementor-element elementor-element-198938e elementor-widget elementor-widget-razzi-heading\" data-id=\"198938e\" data-element_type=\"widget\" data-widget_type=\"razzi-heading.default\">\n\t\t\t\t<div class=\"elementor-widget-container\">\n\t\t\t\t\t<div class=\"razzi-heading-wrapper\"><h4 class=\"razzi-heading-title\"> Means of storage of exhibits<\/h4><\/div>\t\t\t\t<\/div>\n\t\t\t\t<\/div>\n\t\t\t\t<div class=\"elementor-element elementor-element-7defa44 elementor-widget elementor-widget-text-editor\" data-id=\"7defa44\" data-element_type=\"widget\" data-widget_type=\"text-editor.default\">\n\t\t\t\t<div class=\"elementor-widget-container\">\n\t\t\t\t\t\t\t\t\t<p><span data-sheets-value=\"{&quot;1&quot;:2,&quot;2&quot;:&quot;Pasyviojo arba prevencinio konservavimo tikslas \u2013 sul\u0117tinti gedimo proces\u0105, u\u017ekertant keli\u0105 \u017ealingam poveikiui. Pagrindinis prevencinio konservavimo, naudojant specialius sertifikuotus produktus, tikslas yra i\u0161saugoti ir apsaugoti esam\u0105 objekto b\u016bkl\u0119. Tod\u0117l visada nerekomenduojame bet kokios intervencijos, kuri gali pakeisti materialin\u0119 ar nemateriali\u0105 kult\u016bros artefakto vert\u0119. produktai atitinka visus atsparumo sen\u0117jimui reikalavimus \u2013 nuo m\u016bs\u0173 popieriui naudojam\u0173 \u017ealiav\u0173 sud\u0117ties iki did\u017eiulio asortimento archyvini\u0173 saugojimo produkt\u0173, toki\u0173 kaip kartonas, aplankai, d\u0117klai, vokai ir d\u0117\u017e\u0117s. Be to, savo gaminiams si\u016blome teisi\u0161kai \u012fpareigojan\u010di\u0105 kokyb\u0117s garantij\u0105 pagal EN ISO 9706 ir ISO 16245 standart\u0173 techninius reikalavimus. Produktai, skirti fotografijos archyv\u0173 saugojimui, yra papildomai patikrinti PAT.&quot;}\" data-sheets-userformat=\"{&quot;2&quot;:897,&quot;3&quot;:{&quot;1&quot;:0},&quot;10&quot;:1,&quot;11&quot;:4,&quot;12&quot;:0}\">The purpose of passive or preventive preservation is to slow down the deterioration process by preventing harmful effects. The main goal of preventive conservation using special certified products is to preserve and protect the existing condition of the object. Therefore, we always discourage any intervention that may alter the material or immaterial value of a cultural artefact.\u00a0<\/span><\/p>\t\t\t\t\t\t\t\t<\/div>\n\t\t\t\t<\/div>\n\t\t\t\t<div class=\"elementor-element elementor-element-0e2a6f8 elementor-align-center elementor-widget elementor-widget-razzi-button\" data-id=\"0e2a6f8\" data-element_type=\"widget\" data-widget_type=\"razzi-button.default\">\n\t\t\t\t<div class=\"elementor-widget-container\">\n\t\t\t\t\t        <a href=\"http:\/\/tavieta.lt\/en\/eksponatu-laikymo-priemones\/\" class=\"razzi-button-link razzi-button\">\n\t\t\t\t\t\t\t\t\t<span class=\"razzi-button-text\">More information<\/span>        <\/a>\n\t\t\t\t\t\t<\/div>\n\t\t\t\t<\/div>\n\t\t\t\t\t<\/div>\n\t\t<\/div>\n\t\t\t\t<div class=\"elementor-column elementor-col-33 elementor-inner-column elementor-element elementor-element-54821b0\" data-id=\"54821b0\" data-element_type=\"column\">\n\t\t\t<div class=\"elementor-widget-wrap elementor-element-populated\">\n\t\t\t\t\t\t<div class=\"elementor-element elementor-element-87eb4e9 elementor-widget elementor-widget-razzi-heading\" data-id=\"87eb4e9\" data-element_type=\"widget\" data-widget_type=\"razzi-heading.default\">\n\t\t\t\t<div class=\"elementor-widget-container\">\n\t\t\t\t\t<div class=\"razzi-heading-wrapper\"><h4 class=\"razzi-heading-title\"> Transporting<\/h4><\/div>\t\t\t\t<\/div>\n\t\t\t\t<\/div>\n\t\t\t\t<div class=\"elementor-element elementor-element-07721da elementor-widget elementor-widget-text-editor\" data-id=\"07721da\" data-element_type=\"widget\" data-widget_type=\"text-editor.default\">\n\t\t\t\t<div class=\"elementor-widget-container\">\n\t\t\t\t\t\t\t\t\t<p><span data-sheets-value=\"{&quot;1&quot;:2,&quot;2&quot;:&quot;Jei norite perkelti objektus bet kokiu atstumu arba perkelti didesnius ar nepatogius objektus, jums gali prireikti ve\u017eim\u0117lio ar kitos specializuotos judan\u010dios \u012frangos.&quot;}\" data-sheets-userformat=\"{&quot;2&quot;:897,&quot;3&quot;:{&quot;1&quot;:0},&quot;10&quot;:1,&quot;11&quot;:4,&quot;12&quot;:0}\">If you want to move objects any distance, or move larger or awkward objects, you may need a cart or other specialized moving equipment.<\/span><\/p>\t\t\t\t\t\t\t\t<\/div>\n\t\t\t\t<\/div>\n\t\t\t\t<div class=\"elementor-element elementor-element-adf65d6 elementor-align-center elementor-widget elementor-widget-razzi-button\" data-id=\"adf65d6\" data-element_type=\"widget\" data-widget_type=\"razzi-button.default\">\n\t\t\t\t<div class=\"elementor-widget-container\">\n\t\t\t\t\t        <a href=\"http:\/\/tavieta.lt\/en\/transportavimas\/\" class=\"razzi-button-link razzi-button\">\n\t\t\t\t\t\t\t\t\t<span class=\"razzi-button-text\">More information<\/span>        <\/a>\n\t\t\t\t\t\t<\/div>\n\t\t\t\t<\/div>\n\t\t\t\t\t<\/div>\n\t\t<\/div>\n\t\t\t\t\t<\/div>\n\t\t<\/section>\n\t\t\t\t\t<\/div>\n\t\t<\/div>\n\t\t\t\t\t<\/div>\n\t\t<\/section>\n\t\t\t\t<section class=\"elementor-section elementor-top-section elementor-element elementor-element-42e4c21 elementor-section-boxed elementor-section-height-default elementor-section-height-default\" data-id=\"42e4c21\" data-element_type=\"section\">\n\t\t\t\t\t\t<div class=\"elementor-container elementor-column-gap-extended\">\n\t\t\t\t\t<div class=\"elementor-column elementor-col-50 elementor-top-column elementor-element elementor-element-bbf71a2\" data-id=\"bbf71a2\" data-element_type=\"column\">\n\t\t\t<div class=\"elementor-widget-wrap elementor-element-populated\">\n\t\t\t\t\t\t<div class=\"elementor-element elementor-element-bdd8568 elementor-widget elementor-widget-heading\" data-id=\"bdd8568\" data-element_type=\"widget\" data-widget_type=\"heading.default\">\n\t\t\t\t<div class=\"elementor-widget-container\">\n\t\t\t\t\t<h3 class=\"elementor-heading-title elementor-size-default\">Get an offer that meets your needs!<\/h3>\t\t\t\t<\/div>\n\t\t\t\t<\/div>\n\t\t\t\t<div class=\"elementor-element elementor-element-2a15225 elementor-widget elementor-widget-text-editor\" data-id=\"2a15225\" data-element_type=\"widget\" data-widget_type=\"text-editor.default\">\n\t\t\t\t<div class=\"elementor-widget-container\">\n\t\t\t\t\t\t\t\t\t<script data-b24-form=\"inline\/17\/rhqs1b\" data-skip-moving=\"true\">\r\n(function(w,d,u){\r\nvar s=d.createElement('script');s.async=true;s.src=u+'?'+(Date.now()\/180000|0);\r\nvar h=d.getElementsByTagName('script')[0];h.parentNode.insertBefore(s,h);\r\n})(window,document,'https:\/\/cdn.bitrix24.eu\/b23451613\/crm\/form\/loader_17.js');\r\n<\/script>\t\t\t\t\t\t\t\t<\/div>\n\t\t\t\t<\/div>\n\t\t\t\t\t<\/div>\n\t\t<\/div>\n\t\t\t\t<div class=\"elementor-column elementor-col-50 elementor-top-column elementor-element elementor-element-78378bd\" data-id=\"78378bd\" data-element_type=\"column\">\n\t\t\t<div class=\"elementor-widget-wrap elementor-element-populated\">\n\t\t\t\t\t\t<div class=\"elementor-element elementor-element-20848ae elementor-widget elementor-widget-heading\" data-id=\"20848ae\" data-element_type=\"widget\" data-widget_type=\"heading.default\">\n\t\t\t\t<div class=\"elementor-widget-container\">\n\t\t\t\t\t<h3 class=\"elementor-heading-title elementor-size-default\">Partners:<\/h3>\t\t\t\t<\/div>\n\t\t\t\t<\/div>\n\t\t\t\t<div class=\"elementor-element elementor-element-657b987 elementor-widget elementor-widget-heading\" data-id=\"657b987\" data-element_type=\"widget\" data-widget_type=\"heading.default\">\n\t\t\t\t<div class=\"elementor-widget-container\">\n\t\t\t\t\t<h6 class=\"elementor-heading-title elementor-size-default\"> <\/h6>\t\t\t\t<\/div>\n\t\t\t\t<\/div>\n\t\t\t\t<div class=\"elementor-element elementor-element-43b0a20 elementor-widget elementor-widget-image\" data-id=\"43b0a20\" data-element_type=\"widget\" data-widget_type=\"image.default\">\n\t\t\t\t<div class=\"elementor-widget-container\">\n\t\t\t\t\t\t\t\t\t\t\t\t\t\t\t<img decoding=\"async\" width=\"300\" height=\"120\" src=\"https:\/\/tavieta.lt\/wp-content\/uploads\/2025\/01\/Logo_Bruynzeel-300x120.png\" class=\"attachment-medium size-medium wp-image-13170\" alt=\"\" srcset=\"https:\/\/tavieta.lt\/wp-content\/uploads\/2025\/01\/Logo_Bruynzeel-300x120.png 300w, https:\/\/tavieta.lt\/wp-content\/uploads\/2025\/01\/Logo_Bruynzeel-800x319.png 800w, https:\/\/tavieta.lt\/wp-content\/uploads\/2025\/01\/Logo_Bruynzeel-1024x408.png 1024w, https:\/\/tavieta.lt\/wp-content\/uploads\/2025\/01\/Logo_Bruynzeel-768x306.png 768w, https:\/\/tavieta.lt\/wp-content\/uploads\/2025\/01\/Logo_Bruynzeel-1536x612.png 1536w, https:\/\/tavieta.lt\/wp-content\/uploads\/2025\/01\/Logo_Bruynzeel-2048x816.png 2048w, https:\/\/tavieta.lt\/wp-content\/uploads\/2025\/01\/Logo_Bruynzeel-18x7.png 18w\" sizes=\"(max-width: 300px) 100vw, 300px\" \/>\t\t\t\t\t\t\t\t\t\t\t\t\t\t\t<\/div>\n\t\t\t\t<\/div>\n\t\t\t\t\t<\/div>\n\t\t<\/div>\n\t\t\t\t\t<\/div>\n\t\t<\/section>\n\t\t\t\t<\/div>","protected":false},"excerpt":{"rendered":"<p>Adapting Solutions to Archives Despite increasing digitization, many types of documents and objects still need to be stored in a physical archive. Objects of historical value are often required and legal documents must be kept in their original form. Some organizations choose to use physical archives for quick and easy access to documents. Maintain availability and increase storage capacity [\u2026]<\/p>","protected":false},"author":1,"featured_media":0,"parent":0,"menu_order":0,"comment_status":"closed","ping_status":"closed","template":"","meta":{"footnotes":""},"class_list":["post-10805","page","type-page","status-publish","hentry"],"_links":{"self":[{"href":"https:\/\/tavieta.lt\/en\/wp-json\/wp\/v2\/pages\/10805","targetHints":{"allow":["GET"]}}],"collection":[{"href":"https:\/\/tavieta.lt\/en\/wp-json\/wp\/v2\/pages"}],"about":[{"href":"https:\/\/tavieta.lt\/en\/wp-json\/wp\/v2\/types\/page"}],"author":[{"embeddable":true,"href":"https:\/\/tavieta.lt\/en\/wp-json\/wp\/v2\/users\/1"}],"replies":[{"embeddable":true,"href":"https:\/\/tavieta.lt\/en\/wp-json\/wp\/v2\/comments?post=10805"}],"version-history":[{"count":3,"href":"https:\/\/tavieta.lt\/en\/wp-json\/wp\/v2\/pages\/10805\/revisions"}],"predecessor-version":[{"id":13205,"href":"https:\/\/tavieta.lt\/en\/wp-json\/wp\/v2\/pages\/10805\/revisions\/13205"}],"wp:attachment":[{"href":"https:\/\/tavieta.lt\/en\/wp-json\/wp\/v2\/media?parent=10805"}],"curies":[{"name":"wp","href":"https:\/\/api.w.org\/{rel}","templated":true}]}}