{"id":12584,"date":"2024-02-07T08:49:14","date_gmt":"2024-02-07T08:49:14","guid":{"rendered":"http:\/\/tavieta.lt\/produktas\/atverciama-dezute-ks-17\/"},"modified":"2024-02-07T08:49:16","modified_gmt":"2024-02-07T08:49:16","slug":"atverciama-dezute-ks-17","status":"publish","type":"product","link":"https:\/\/tavieta.lt\/en\/product\/atverciama-dezute-ks-17\/","title":{"rendered":"Hinged box KS 17"},"content":{"rendered":"<p>Hinged box KS 17<\/p>\n<p>Sandariai u\u017edaromos nuo dulki\u0173 d\u0117\u017eut\u0117s knygoms, nuotraukoms, laisviems ir nesuri\u0161tiems daiktams. U\u017edaryta d\u0117\u017eut\u0117 turi keturi\u0173 sien\u0173 konstrukcij\u0105 i\u0161 trij\u0173 pusi\u0173, suteikdama papildom\u0105 tvirtum\u0105, stuburas \u2013 vieno lenkimo. Taip pat galima \u012fsigyti su papildomu pagrindo atramos \u012fd\u0117klu.<\/p>\n<div id=\"gtx-trans\" style=\"position: absolute; left: 79px; top: 37px;\">\n<div class=\"gtx-trans-icon\"><\/div>\n<\/div>","protected":false},"excerpt":{"rendered":"<p>Hinged box KS 17<\/p>","protected":false},"featured_media":11610,"template":"","meta":[],"product_brand":[],"product_cat":[138],"product_tag":[],"class_list":{"0":"post-12584","1":"product","2":"type-product","3":"status-publish","4":"has-post-thumbnail","6":"product_cat-atverciamo-tipo-dezutes","8":"first","9":"outofstock","10":"product-type-simple"},"_links":{"self":[{"href":"https:\/\/tavieta.lt\/en\/wp-json\/wp\/v2\/product\/12584","targetHints":{"allow":["GET"]}}],"collection":[{"href":"https:\/\/tavieta.lt\/en\/wp-json\/wp\/v2\/product"}],"about":[{"href":"https:\/\/tavieta.lt\/en\/wp-json\/wp\/v2\/types\/product"}],"wp:featuredmedia":[{"embeddable":true,"href":"https:\/\/tavieta.lt\/en\/wp-json\/wp\/v2\/media\/11610"}],"wp:attachment":[{"href":"https:\/\/tavieta.lt\/en\/wp-json\/wp\/v2\/media?parent=12584"}],"wp:term":[{"taxonomy":"product_brand","embeddable":true,"href":"https:\/\/tavieta.lt\/en\/wp-json\/wp\/v2\/product_brand?post=12584"},{"taxonomy":"product_cat","embeddable":true,"href":"https:\/\/tavieta.lt\/en\/wp-json\/wp\/v2\/product_cat?post=12584"},{"taxonomy":"product_tag","embeddable":true,"href":"https:\/\/tavieta.lt\/en\/wp-json\/wp\/v2\/product_tag?post=12584"}],"curies":[{"name":"wp","href":"https:\/\/api.w.org\/{rel}","templated":true}]}}