{"id":12600,"date":"2024-02-07T08:49:32","date_gmt":"2024-02-07T08:49:32","guid":{"rendered":"http:\/\/tavieta.lt\/produktas\/archyvine-dezute-ks-16-su-tubos-ideklu\/"},"modified":"2024-02-07T08:49:34","modified_gmt":"2024-02-07T08:49:34","slug":"archyvine-dezute-ks-16-su-tubos-ideklu","status":"publish","type":"product","link":"https:\/\/tavieta.lt\/en\/product\/archyvine-dezute-ks-16-su-tubos-ideklu\/","title":{"rendered":"Archive box KS 16 - with tuba insert"},"content":{"rendered":"<p>Archyvin\u0117 d\u0117\u017eut\u0117 KS 16 \u2013 su t\u016bbos \u012fd\u0117klu<\/p>\n<p>Rolling boxes suitable for large and delicate archival objects. (eg geographic\/architectural maps, textiles, etc.) The tube in the box is made of a spirally wrapped protective sheet and supported by two layers of corrugated cardboard. In this way, the object stored is not subjected to any pressure. Two textile bands improve the tube&#039;s maneuverability. Delivery assembled and upright.<\/p>\n<div id=\"gtx-trans\" style=\"position: absolute; left: 79px; top: 37px;\">\n<div class=\"gtx-trans-icon\"><\/div>\n<\/div>","protected":false},"excerpt":{"rendered":"<p>Archive box KS 16 - with tuba insert<\/p>","protected":false},"featured_media":11642,"template":"","meta":[],"product_brand":[],"product_cat":[141],"product_tag":[],"class_list":{"0":"post-12600","1":"product","2":"type-product","3":"status-publish","4":"has-post-thumbnail","6":"product_cat-archyvines-dezutes-ritiniams-laikyti","8":"first","9":"outofstock","10":"product-type-simple"},"_links":{"self":[{"href":"https:\/\/tavieta.lt\/en\/wp-json\/wp\/v2\/product\/12600","targetHints":{"allow":["GET"]}}],"collection":[{"href":"https:\/\/tavieta.lt\/en\/wp-json\/wp\/v2\/product"}],"about":[{"href":"https:\/\/tavieta.lt\/en\/wp-json\/wp\/v2\/types\/product"}],"wp:featuredmedia":[{"embeddable":true,"href":"https:\/\/tavieta.lt\/en\/wp-json\/wp\/v2\/media\/11642"}],"wp:attachment":[{"href":"https:\/\/tavieta.lt\/en\/wp-json\/wp\/v2\/media?parent=12600"}],"wp:term":[{"taxonomy":"product_brand","embeddable":true,"href":"https:\/\/tavieta.lt\/en\/wp-json\/wp\/v2\/product_brand?post=12600"},{"taxonomy":"product_cat","embeddable":true,"href":"https:\/\/tavieta.lt\/en\/wp-json\/wp\/v2\/product_cat?post=12600"},{"taxonomy":"product_tag","embeddable":true,"href":"https:\/\/tavieta.lt\/en\/wp-json\/wp\/v2\/product_tag?post=12600"}],"curies":[{"name":"wp","href":"https:\/\/api.w.org\/{rel}","templated":true}]}}