{"id":12622,"date":"2024-02-07T08:54:54","date_gmt":"2024-02-07T08:54:54","guid":{"rendered":"http:\/\/tavieta.lt\/produktas\/aplankai-be-atvarto\/"},"modified":"2025-01-30T13:22:35","modified_gmt":"2025-01-30T13:22:35","slug":"aplankai-be-atvarto","status":"publish","type":"product","link":"https:\/\/tavieta.lt\/en\/product\/aplankai-be-atvarto\/","title":{"rendered":"Folders without a flap"},"content":{"rendered":"<p>Folders without a flap<\/p>\n<p>Aplankai be atvart\u0173, pagaminti i\u0161 archyvinio kartono \u2013 su i\u0161centruotu grioveliu ar muziejiniu popieriumi \u2013 su centruotu lankstymu, tinkami laikyti vis\u0173 tip\u0173 dokumentams, rankra\u0161\u010diams, pie\u0161iniams, plakatams ir pan. Tai labai priimtina ir nebrangi archyvavimo sistema. Pagal pageidavim\u0105 mes taip pat galime pristatyti A4 formato lapus su skyl\u0117mis, \u017eiedams suri\u0161ti arba su pritvirtintomis tekstilin\u0117mis juostomis.<\/p>\n<div id=\"gtx-trans\" style=\"position: absolute; left: 79px; top: 37px;\">\n<div class=\"gtx-trans-icon\"><\/div>\n<\/div>","protected":false},"excerpt":{"rendered":"<p>Folders without a flap<\/p>","protected":false},"featured_media":11679,"template":"","meta":[],"product_brand":[],"product_cat":[207],"product_tag":[],"class_list":{"0":"post-12622","1":"product","2":"type-product","3":"status-publish","4":"has-post-thumbnail","6":"product_cat-aplankalai","8":"first","9":"outofstock","10":"product-type-simple"},"_links":{"self":[{"href":"https:\/\/tavieta.lt\/en\/wp-json\/wp\/v2\/product\/12622","targetHints":{"allow":["GET"]}}],"collection":[{"href":"https:\/\/tavieta.lt\/en\/wp-json\/wp\/v2\/product"}],"about":[{"href":"https:\/\/tavieta.lt\/en\/wp-json\/wp\/v2\/types\/product"}],"wp:featuredmedia":[{"embeddable":true,"href":"https:\/\/tavieta.lt\/en\/wp-json\/wp\/v2\/media\/11679"}],"wp:attachment":[{"href":"https:\/\/tavieta.lt\/en\/wp-json\/wp\/v2\/media?parent=12622"}],"wp:term":[{"taxonomy":"product_brand","embeddable":true,"href":"https:\/\/tavieta.lt\/en\/wp-json\/wp\/v2\/product_brand?post=12622"},{"taxonomy":"product_cat","embeddable":true,"href":"https:\/\/tavieta.lt\/en\/wp-json\/wp\/v2\/product_cat?post=12622"},{"taxonomy":"product_tag","embeddable":true,"href":"https:\/\/tavieta.lt\/en\/wp-json\/wp\/v2\/product_tag?post=12622"}],"curies":[{"name":"wp","href":"https:\/\/api.w.org\/{rel}","templated":true}]}}