{"id":12773,"date":"2024-02-07T09:22:47","date_gmt":"2024-02-07T09:22:47","guid":{"rendered":"http:\/\/tavieta.lt\/produktas\/restauravimo-lempos-lst\/"},"modified":"2024-03-29T09:35:10","modified_gmt":"2024-03-29T09:35:10","slug":"restauravimo-lempos-lst","status":"publish","type":"product","link":"https:\/\/tavieta.lt\/en\/product\/restauravimo-lempos-lst\/","title":{"rendered":"Restoration lamps LST"},"content":{"rendered":"<p><a href=\"https:\/\/old.labostera.lt\/wp-content\/uploads\/2020\/04\/Screenshot-2020-04-22-at-16.42.38.png\" target=\"_blank\" rel=\"noopener\"><img fetchpriority=\"high\" decoding=\"async\" class=\"alignnone  wp-image-6469\" src=\"https:\/\/old.labostera.lt\/wp-content\/uploads\/2020\/04\/Screenshot-2020-04-22-at-16.42.38-300x120.png\" alt=\"\" width=\"568\" height=\"228\" \/><\/a><\/p>\n<p><span style=\"color: #000000; font-size: 16px;\">Metal electric light lamps with an aluminum reflector are installed on multifunctional mobile stands with wheels. Mobility and stand lamps differ in terms of light output. The lamp uses four fluorescent daylight lamps 18 \/ 20W or fluorescent lamps UV A can be supplied.<\/span><\/p>\n<table cellspacing=\"0\" cellpadding=\"0\">\n<tbody>\n<tr>\n<td style=\"text-align: center;\" valign=\"top\">\n<p><strong><span style=\"color: #000000; font-size: 16px;\">Material code<\/span><\/strong><\/p>\n<\/td>\n<td style=\"text-align: center;\" valign=\"top\">\n<p><strong><span style=\"color: #000000; font-size: 16px;\">Description<\/span><\/strong><\/p>\n<\/td>\n<td style=\"text-align: center;\" valign=\"top\">\n<p><strong><span style=\"color: #000000; font-size: 16px;\">Package<\/span><\/strong><\/p>\n<\/td>\n<\/tr>\n<tr>\n<td style=\"text-align: left;\" valign=\"top\">\n<p><span style=\"color: #000000; font-size: 16px;\">RT60117 <\/span><\/p>\n<p><span style=\"color: #000000; font-size: 16px;\">RT60118 RT60119<\/span><\/p>\n<\/td>\n<td style=\"text-align: left;\" valign=\"top\">\n<p><span style=\"color: #000000; font-size: 16px;\">Restoration lamps LST 1 - adjustable lever with counterweight 0.6 m - 2.8 m<\/span><\/p>\n<p><span style=\"color: #000000; font-size: 16px;\">Restoration lamps LST 2 - adjustable height 1.3 m - 2.1 m, lamps can be blocked in several positions<\/span><\/p>\n<p><span style=\"color: #000000; font-size: 16px;\">Restoration lamps LST3 - adjustable height 1.2 m - 2.2 m, lamps can be blocked in two axes and pushed out 30-60 cm<\/span><\/p>\n<\/td>\n<td style=\"text-align: left;\" valign=\"top\">\n<p><span style=\"color: #000000; font-size: 16px;\">1 pc.<\/span><\/p>\n<p><span style=\"color: #000000; font-size: 16px;\">1 pc.<\/span><\/p>\n<p><span style=\"color: #000000; font-size: 16px;\">1 pc.<\/span><\/p>\n<\/td>\n<\/tr>\n<\/tbody>\n<\/table>\n<div id=\"gtx-trans\" style=\"position: absolute; left: 79px; top: 37px;\">\n<div class=\"gtx-trans-icon\"><\/div>\n<\/div>","protected":false},"excerpt":{"rendered":"<p>Ant daugiafunkci\u0173 mobili\u0173j\u0173 stov\u0173 su ratukais \u012fmontuotos metalin\u0117s elektros \u0161viesos lempos su aliuminio reflektoriumi. Judrumo ir stovo lempos skiriasi priklausomai nuo \u00a0 \u0161viesos srauto. Lempoje naudojamos keturios fluorescencines dienos \u0161viesos lempas 18 \/ 20W arba gali b\u016bti tiekiamos fluorescencin\u0117s lempos UV A. Med\u017eiagos kodas Apib\u016bdinimas Pakuot\u0117 RT60117 RT60118 RT60119 Restauravimo lempos LST 1 &#8211; \u00a0 [&hellip;]<\/p>\n","protected":false},"featured_media":11945,"template":"","meta":[],"product_brand":[],"product_cat":[171,170],"product_tag":[],"class_list":{"0":"post-12773","1":"product","2":"type-product","3":"status-publish","4":"has-post-thumbnail","6":"product_cat-apsvietimas","7":"product_cat-restauravimo-iranga","9":"first","10":"outofstock","11":"product-type-simple"},"_links":{"self":[{"href":"https:\/\/tavieta.lt\/en\/wp-json\/wp\/v2\/product\/12773","targetHints":{"allow":["GET"]}}],"collection":[{"href":"https:\/\/tavieta.lt\/en\/wp-json\/wp\/v2\/product"}],"about":[{"href":"https:\/\/tavieta.lt\/en\/wp-json\/wp\/v2\/types\/product"}],"wp:featuredmedia":[{"embeddable":true,"href":"https:\/\/tavieta.lt\/en\/wp-json\/wp\/v2\/media\/11945"}],"wp:attachment":[{"href":"https:\/\/tavieta.lt\/en\/wp-json\/wp\/v2\/media?parent=12773"}],"wp:term":[{"taxonomy":"product_brand","embeddable":true,"href":"https:\/\/tavieta.lt\/en\/wp-json\/wp\/v2\/product_brand?post=12773"},{"taxonomy":"product_cat","embeddable":true,"href":"https:\/\/tavieta.lt\/en\/wp-json\/wp\/v2\/product_cat?post=12773"},{"taxonomy":"product_tag","embeddable":true,"href":"https:\/\/tavieta.lt\/en\/wp-json\/wp\/v2\/product_tag?post=12773"}],"curies":[{"name":"wp","href":"https:\/\/api.w.org\/{rel}","templated":true}]}}