{"id":10591,"date":"2023-05-25T08:15:12","date_gmt":"2023-05-25T08:15:12","guid":{"rendered":"http:\/\/tavieta.lt\/?page_id=10591"},"modified":"2025-01-30T14:56:37","modified_gmt":"2025-01-30T14:56:37","slug":"mobilios-lentynos","status":"publish","type":"page","link":"https:\/\/tavieta.lt\/lv\/mobilios-lentynos\/","title":{"rendered":"Mobilie plaukti"},"content":{"rendered":"\t\t<div data-elementor-type=\"wp-page\" data-elementor-id=\"10591\" class=\"elementor elementor-10591\">\n\t\t\t\t\t\t<section class=\"elementor-section elementor-top-section elementor-element elementor-element-0351ca9 elementor-section-boxed elementor-section-height-default elementor-section-height-default\" data-id=\"0351ca9\" data-element_type=\"section\" data-e-type=\"section\">\n\t\t\t\t\t\t<div class=\"elementor-container elementor-column-gap-extended\">\n\t\t\t\t\t<div class=\"elementor-column elementor-col-50 elementor-top-column elementor-element elementor-element-463f5e8\" data-id=\"463f5e8\" data-element_type=\"column\" data-e-type=\"column\">\n\t\t\t<div class=\"elementor-widget-wrap elementor-element-populated\">\n\t\t\t\t\t\t<div class=\"elementor-element elementor-element-6a05a65 elementor-widget elementor-widget-image\" data-id=\"6a05a65\" data-element_type=\"widget\" data-e-type=\"widget\" data-widget_type=\"image.default\">\n\t\t\t\t<div class=\"elementor-widget-container\">\n\t\t\t\t\t\t\t\t\t\t\t\t\t\t\t<img fetchpriority=\"high\" decoding=\"async\" width=\"640\" height=\"453\" src=\"https:\/\/tavieta.lt\/wp-content\/uploads\/2023\/05\/Compactus-Dynamic-II-XTR_LibraryMode_open-1-1024x724.jpg\" class=\"attachment-large size-large wp-image-10636\" alt=\"\" srcset=\"https:\/\/tavieta.lt\/wp-content\/uploads\/2023\/05\/Compactus-Dynamic-II-XTR_LibraryMode_open-1-1024x724.jpg 1024w, https:\/\/tavieta.lt\/wp-content\/uploads\/2023\/05\/Compactus-Dynamic-II-XTR_LibraryMode_open-1-scaled-800x565.jpg 800w, https:\/\/tavieta.lt\/wp-content\/uploads\/2023\/05\/Compactus-Dynamic-II-XTR_LibraryMode_open-1-300x212.jpg 300w, https:\/\/tavieta.lt\/wp-content\/uploads\/2023\/05\/Compactus-Dynamic-II-XTR_LibraryMode_open-1-768x543.jpg 768w, https:\/\/tavieta.lt\/wp-content\/uploads\/2023\/05\/Compactus-Dynamic-II-XTR_LibraryMode_open-1-1536x1085.jpg 1536w, https:\/\/tavieta.lt\/wp-content\/uploads\/2023\/05\/Compactus-Dynamic-II-XTR_LibraryMode_open-1-2048x1447.jpg 2048w\" sizes=\"(max-width: 640px) 100vw, 640px\" \/>\t\t\t\t\t\t\t\t\t\t\t\t\t\t\t<\/div>\n\t\t\t\t<\/div>\n\t\t\t\t\t<\/div>\n\t\t<\/div>\n\t\t\t\t<div class=\"elementor-column elementor-col-50 elementor-top-column elementor-element elementor-element-86b9935\" data-id=\"86b9935\" data-element_type=\"column\" data-e-type=\"column\">\n\t\t\t<div class=\"elementor-widget-wrap elementor-element-populated\">\n\t\t\t\t\t\t<div class=\"elementor-element elementor-element-c15df23 elementor-widget elementor-widget-heading\" data-id=\"c15df23\" data-element_type=\"widget\" data-e-type=\"widget\" data-widget_type=\"heading.default\">\n\t\t\t\t<div class=\"elementor-widget-container\">\n\t\t\t\t\t<h3 class=\"elementor-heading-title elementor-size-default\">Mobilios lentynos<\/h3>\t\t\t\t<\/div>\n\t\t\t\t<\/div>\n\t\t\t\t<div class=\"elementor-element elementor-element-57839b9 elementor-widget__width-initial elementor-widget elementor-widget-text-editor\" data-id=\"57839b9\" data-element_type=\"widget\" data-e-type=\"widget\" data-widget_type=\"text-editor.default\">\n\t\t\t\t<div class=\"elementor-widget-container\">\n\t\t\t\t\t\t\t\t\t<p>Optimizavus turim\u0105 sand\u0117liavimui patalpos plot\u0105, galime poveik\u012f aplinkai suma\u017einti 90%, lyginant su nauj\u0173 patalp\u0173 statyba.<br \/><br \/>Nor\u0117dami maksimaliai efektyviai i\u0161naudoti turimos patalpos t\u016br\u012f sand\u0117liavimui, archyvavimui, saugojimui turim\u0173 daikt\u0173 b\u016btinai pasirinkite mobili\u0173 sistem\u0173 sprendim\u0105. <br \/><br \/>Tai dvigubai padidins funkcin\u012f plot\u0105, efektyviai i\u0161naudos vis\u0105 patalpos t\u016br\u012f, palengvins daikt\u0173 sand\u0117liavimo galimybes, pritaikant lentyn\u0173 i\u0161matavimus, atsi\u017evelgiant \u012f daikt\u0173 t\u016br\u012f ir matmenis. Suteiks galimyb\u0119, naudojant \u0161iuolaikinius inovatyvius sprendimus, greitai ir saugiai surasti reikiam\u0105 daikt\u0105, u\u017etikrinant saugum\u0105, nustatyti patekimo apribojimus tam tikries asmenims, valdyti sistem\u0105 nuotoliniu b\u016bdu, naudojant i\u0161mani\u0105sias technologijas ir daug kit\u0173 privalum\u0173, su kuriais supa\u017eindins m\u016bs\u0173 komanda.<\/p>\t\t\t\t\t\t\t\t<\/div>\n\t\t\t\t<\/div>\n\t\t\t\t\t<\/div>\n\t\t<\/div>\n\t\t\t\t\t<\/div>\n\t\t<\/section>\n\t\t\t\t<section class=\"elementor-section elementor-top-section elementor-element elementor-element-ca3b624 elementor-section-boxed elementor-section-height-default elementor-section-height-default\" data-id=\"ca3b624\" data-element_type=\"section\" data-e-type=\"section\" data-settings=\"{&quot;background_background&quot;:&quot;classic&quot;,&quot;background_motion_fx_motion_fx_scrolling&quot;:&quot;yes&quot;}\">\n\t\t\t\t\t\t<div class=\"elementor-container elementor-column-gap-no\">\n\t\t\t\t\t<div class=\"elementor-column elementor-col-50 elementor-top-column elementor-element elementor-element-4a64923\" data-id=\"4a64923\" data-element_type=\"column\" data-e-type=\"column\" data-settings=\"{&quot;background_background&quot;:&quot;classic&quot;}\">\n\t\t\t<div class=\"elementor-widget-wrap elementor-element-populated\">\n\t\t\t\t\t\t<div class=\"elementor-element elementor-element-ef23a27 elementor-widget elementor-widget-razzi-heading\" data-id=\"ef23a27\" data-element_type=\"widget\" data-e-type=\"widget\" data-widget_type=\"razzi-heading.default\">\n\t\t\t\t<div class=\"elementor-widget-container\">\n\t\t\t\t\t<div class=\"razzi-heading-wrapper\"><h3 class=\"razzi-heading-title\"> Mechanin\u0117s mobilios lentynos<\/h3><\/div>\t\t\t\t<\/div>\n\t\t\t\t<\/div>\n\t\t\t\t<div class=\"elementor-element elementor-element-b65e222 elementor-widget elementor-widget-text-editor\" data-id=\"b65e222\" data-element_type=\"widget\" data-e-type=\"widget\" data-widget_type=\"text-editor.default\">\n\t\t\t\t<div class=\"elementor-widget-container\">\n\t\t\t\t\t\t\t\t\t<p>Mechanin\u0117s mobilios lentynos yra valdomos lengvai sukant ergonomi\u0161kas rankenas pagamintas i\u0161 plastiko arba aliuminio. Naudojant tik 10 kg sukimo j\u0117g\u0105 lengvai stumiate net 15000 kg svorio lentynas.<\/p><p>Mechanin\u0117se mobiliose lentynose d\u0117l darbuotoj\u0173 ir saugojam\u0173 daikt\u0173 saugumo gali b\u016bti montuojama \u201e Safety Master\u201c saugumo sistema.<\/p><p>Mobilios lentynos gali b\u016bti \u012fvairaus auk\u0161\u010dio ir plo\u010dio bei modifikacij\u0173. Gali b\u016bti skirtos \u017eem\u0117lapi\u0173, kilim\u0173, tekstil\u0117s dirbini\u0173, ilgiems, vamzdiniams arba negabaritiniams objektams. <\/p>\t\t\t\t\t\t\t\t<\/div>\n\t\t\t\t<\/div>\n\t\t\t\t\t<\/div>\n\t\t<\/div>\n\t\t\t\t<div class=\"elementor-column elementor-col-50 elementor-top-column elementor-element elementor-element-9feb7d7 elementor-hidden-phone\" data-id=\"9feb7d7\" data-element_type=\"column\" data-e-type=\"column\">\n\t\t\t<div class=\"elementor-widget-wrap\">\n\t\t\t\t\t\t\t<\/div>\n\t\t<\/div>\n\t\t\t\t\t<\/div>\n\t\t<\/section>\n\t\t\t\t<section class=\"elementor-section elementor-top-section elementor-element elementor-element-cd8d7bf elementor-section-boxed elementor-section-height-default elementor-section-height-default\" data-id=\"cd8d7bf\" data-element_type=\"section\" data-e-type=\"section\" data-settings=\"{&quot;background_background&quot;:&quot;classic&quot;,&quot;background_motion_fx_motion_fx_scrolling&quot;:&quot;yes&quot;}\">\n\t\t\t\t\t\t<div class=\"elementor-container elementor-column-gap-no\">\n\t\t\t\t\t<div class=\"elementor-column elementor-col-50 elementor-top-column elementor-element elementor-element-ee20e1c elementor-hidden-phone\" data-id=\"ee20e1c\" data-element_type=\"column\" data-e-type=\"column\">\n\t\t\t<div class=\"elementor-widget-wrap\">\n\t\t\t\t\t\t\t<\/div>\n\t\t<\/div>\n\t\t\t\t<div class=\"elementor-column elementor-col-50 elementor-top-column elementor-element elementor-element-f4c717a\" data-id=\"f4c717a\" data-element_type=\"column\" data-e-type=\"column\" data-settings=\"{&quot;background_background&quot;:&quot;classic&quot;}\">\n\t\t\t<div class=\"elementor-widget-wrap elementor-element-populated\">\n\t\t\t\t\t\t<div class=\"elementor-element elementor-element-e00b91f elementor-widget elementor-widget-razzi-heading\" data-id=\"e00b91f\" data-element_type=\"widget\" data-e-type=\"widget\" data-widget_type=\"razzi-heading.default\">\n\t\t\t\t<div class=\"elementor-widget-container\">\n\t\t\t\t\t<div class=\"razzi-heading-wrapper\"><h3 class=\"razzi-heading-title\"> Elektronin\u0117s mobilios lentynos<\/h3><\/div>\t\t\t\t<\/div>\n\t\t\t\t<\/div>\n\t\t\t\t<div class=\"elementor-element elementor-element-f2d149c elementor-widget elementor-widget-text-editor\" data-id=\"f2d149c\" data-element_type=\"widget\" data-e-type=\"widget\" data-widget_type=\"text-editor.default\">\n\t\t\t\t<div class=\"elementor-widget-container\">\n\t\t\t\t\t\t\t\t\t<p>M\u016bs\u0173 si\u016blomos elektronin\u0117s mobilios sistemos yra valdomos auk\u0161\u010diausios klas\u0117s elektronine sistema kupina naujovi\u0173: pa\u017eangi saugos sistema, greita prieiga prie bet kurio pra\u0117jimo tarp lentyn\u0173, intuityvi vartotojo s\u0105saja ir galimyb\u0117 valdyti sistem\u0105 nuotoliu, naudojant program\u0117l\u0119 mobiliam \u012frenginyje.<br \/><br \/>Mobilios lentynos yra valdomos ergonomi\u0161ka svirteline ranken\u0117le, kuri\u0105 galima nuspausti alk\u016bne ne\u0161ant eksponatus, be to valdymas galimas spalvotu jutikliniu ekranu, kuriame papildomai pateikiama informacija apie pra\u0117jim\u0173 numerius, sistemos jud\u0117jim\u0105 ir saugos prane\u0161imus.<br \/><br \/>Nesvarbu, kiek judan\u010di\u0173 lentyn\u0173 sistemoje yra, jas gali valdyti vienu metu. Tiesiog nuspauskite vienos judan\u010dios lentynos valdiklio ranken\u0117l\u0119 \u012f t\u0105 pus\u0119, \u012f kuri\u0105 stumsite lentyn\u0105 ir visos esan\u010dios lentynos toja pus\u0117je stumsis kartu. Taip garantuojamas optimalus pasiekiamumas reikiamo pra\u0117jimo tarp lentyn\u0173, esant maksimaliam saugykl\u0173 talpumui. Nustatymai, saugos prane\u0161imai ir sistemos atnaujinimai lengvai pasiekiami per programas i\u0161mani\u0173j\u0173 \u012frengini\u0173 (\u201eiOS\u201c ir \u201eAndroid\u201c), kas palengvina valdym\u0105 \u0161iuolaikini\u0173 sistem\u0173 pagalba.<br \/><br \/>Mobilios sistemos gali b\u016bti skirtos ma\u017e\u0173, did\u017eiagabaritini\u0173 daikt\u0173 saugojimui. Taip pat gali b\u016bti skirtos \u017eem\u0117lapi\u0173, kilim\u0173, tekstil\u0117s dirbini\u0173, ilgiems, vamzdiniams arba negabaritiniams objektams.<\/p>\t\t\t\t\t\t\t\t<\/div>\n\t\t\t\t<\/div>\n\t\t\t\t\t<\/div>\n\t\t<\/div>\n\t\t\t\t\t<\/div>\n\t\t<\/section>\n\t\t\t\t<section class=\"elementor-section elementor-top-section elementor-element elementor-element-e3f5483 elementor-section-boxed elementor-section-height-default elementor-section-height-default\" data-id=\"e3f5483\" data-element_type=\"section\" data-e-type=\"section\" data-settings=\"{&quot;background_background&quot;:&quot;classic&quot;,&quot;background_motion_fx_motion_fx_scrolling&quot;:&quot;yes&quot;}\">\n\t\t\t\t\t\t<div class=\"elementor-container elementor-column-gap-no\">\n\t\t\t\t\t<div class=\"elementor-column elementor-col-50 elementor-top-column elementor-element elementor-element-656d726\" data-id=\"656d726\" data-element_type=\"column\" data-e-type=\"column\" data-settings=\"{&quot;background_background&quot;:&quot;classic&quot;}\">\n\t\t\t<div class=\"elementor-widget-wrap elementor-element-populated\">\n\t\t\t\t\t\t<div class=\"elementor-element elementor-element-0fbd831 elementor-widget elementor-widget-razzi-heading\" data-id=\"0fbd831\" data-element_type=\"widget\" data-e-type=\"widget\" data-widget_type=\"razzi-heading.default\">\n\t\t\t\t<div class=\"elementor-widget-container\">\n\t\t\t\t\t<div class=\"razzi-heading-wrapper\"><h3 class=\"razzi-heading-title\"> Mobilios sistemos paveikslams laikyti<\/h3><\/div>\t\t\t\t<\/div>\n\t\t\t\t<\/div>\n\t\t\t\t<div class=\"elementor-element elementor-element-7fc29a2 elementor-widget elementor-widget-text-editor\" data-id=\"7fc29a2\" data-element_type=\"widget\" data-e-type=\"widget\" data-widget_type=\"text-editor.default\">\n\t\t\t\t<div class=\"elementor-widget-container\">\n\t\t\t\t\t\t\t\t\tI\u0161traukiamos paveiksl\u0173 sistemos efektyviai i\u0161naudoja erdv\u0119 ir leid\u017eia lengvai pasiekti paveikslus.\n\nJei reikia per\u017ei\u016br\u0117ti ar pakeisti tam tikr\u0105 paveiksl\u0105, telieka i\u0161traukti atitinkam\u0105 tinklelio r\u0117mel\u012f kur paveikslas pakabintas. Taip garantuojamas lengvas prieinamumas prie saugojamo objekto. Mobil\u016bs tinkliniai r\u0117mai yra trij\u0173 versij\u0173, kad atitikt\u0173 \u012fvairius objekt\u0173 saugojimo reikalavimus\n\nir skiriamas investicijas \u012fdiegiamai sistemai: visi\u0161kai sustabdomi; judantys fiksuotais b\u0117giais; arba judantys rat\u0173 pagalba.\t\t\t\t\t\t\t\t<\/div>\n\t\t\t\t<\/div>\n\t\t\t\t\t<\/div>\n\t\t<\/div>\n\t\t\t\t<div class=\"elementor-column elementor-col-50 elementor-top-column elementor-element elementor-element-4be7907 elementor-hidden-phone\" data-id=\"4be7907\" data-element_type=\"column\" data-e-type=\"column\">\n\t\t\t<div class=\"elementor-widget-wrap\">\n\t\t\t\t\t\t\t<\/div>\n\t\t<\/div>\n\t\t\t\t\t<\/div>\n\t\t<\/section>\n\t\t\t\t<section class=\"elementor-section elementor-top-section elementor-element elementor-element-c810a1e elementor-section-boxed elementor-section-height-default elementor-section-height-default\" data-id=\"c810a1e\" data-element_type=\"section\" data-e-type=\"section\">\n\t\t\t\t\t\t<div class=\"elementor-container elementor-column-gap-extended\">\n\t\t\t\t\t<div class=\"elementor-column elementor-col-50 elementor-top-column elementor-element elementor-element-b7f337f\" data-id=\"b7f337f\" data-element_type=\"column\" data-e-type=\"column\">\n\t\t\t<div class=\"elementor-widget-wrap elementor-element-populated\">\n\t\t\t\t\t\t<div class=\"elementor-element elementor-element-14c764d elementor-widget elementor-widget-heading\" data-id=\"14c764d\" data-element_type=\"widget\" data-e-type=\"widget\" data-widget_type=\"heading.default\">\n\t\t\t\t<div class=\"elementor-widget-container\">\n\t\t\t\t\t<h3 class=\"elementor-heading-title elementor-size-default\">Gaukite pasi\u016blym\u0105 atitinkant\u012f J\u016bs\u0173 poreikius!<\/h3>\t\t\t\t<\/div>\n\t\t\t\t<\/div>\n\t\t\t\t<div class=\"elementor-element elementor-element-8b37ac5 elementor-widget elementor-widget-text-editor\" data-id=\"8b37ac5\" data-element_type=\"widget\" data-e-type=\"widget\" data-widget_type=\"text-editor.default\">\n\t\t\t\t<div class=\"elementor-widget-container\">\n\t\t\t\t\t\t\t\t\t<script data-b24-form=\"inline\/17\/rhqs1b\" data-skip-moving=\"true\">\r\n(function(w,d,u){\r\nvar s=d.createElement('script');s.async=true;s.src=u+'?'+(Date.now()\/180000|0);\r\nvar h=d.getElementsByTagName('script')[0];h.parentNode.insertBefore(s,h);\r\n})(window,document,'https:\/\/cdn.bitrix24.eu\/b23451613\/crm\/form\/loader_17.js');\r\n<\/script>\t\t\t\t\t\t\t\t<\/div>\n\t\t\t\t<\/div>\n\t\t\t\t\t<\/div>\n\t\t<\/div>\n\t\t\t\t<div class=\"elementor-column elementor-col-50 elementor-top-column elementor-element elementor-element-9210861\" data-id=\"9210861\" data-element_type=\"column\" data-e-type=\"column\">\n\t\t\t<div class=\"elementor-widget-wrap elementor-element-populated\">\n\t\t\t\t\t\t<div class=\"elementor-element elementor-element-49db26a elementor-widget elementor-widget-heading\" data-id=\"49db26a\" data-element_type=\"widget\" data-e-type=\"widget\" data-widget_type=\"heading.default\">\n\t\t\t\t<div class=\"elementor-widget-container\">\n\t\t\t\t\t<h3 class=\"elementor-heading-title elementor-size-default\">Partneriai:<\/h3>\t\t\t\t<\/div>\n\t\t\t\t<\/div>\n\t\t\t\t<div class=\"elementor-element elementor-element-2f19bbe elementor-widget elementor-widget-heading\" data-id=\"2f19bbe\" data-element_type=\"widget\" data-e-type=\"widget\" data-widget_type=\"heading.default\">\n\t\t\t\t<div class=\"elementor-widget-container\">\n\t\t\t\t\t<h6 class=\"elementor-heading-title elementor-size-default\"> <\/h6>\t\t\t\t<\/div>\n\t\t\t\t<\/div>\n\t\t\t\t<div class=\"elementor-element elementor-element-ec1e271 elementor-widget elementor-widget-image\" data-id=\"ec1e271\" data-element_type=\"widget\" data-e-type=\"widget\" data-widget_type=\"image.default\">\n\t\t\t\t<div class=\"elementor-widget-container\">\n\t\t\t\t\t\t\t\t\t\t\t\t\t\t\t<img decoding=\"async\" width=\"300\" height=\"120\" src=\"https:\/\/tavieta.lt\/wp-content\/uploads\/2025\/01\/Logo_Bruynzeel-300x120.png\" class=\"attachment-medium size-medium wp-image-13170\" alt=\"\" srcset=\"https:\/\/tavieta.lt\/wp-content\/uploads\/2025\/01\/Logo_Bruynzeel-300x120.png 300w, https:\/\/tavieta.lt\/wp-content\/uploads\/2025\/01\/Logo_Bruynzeel-800x319.png 800w, https:\/\/tavieta.lt\/wp-content\/uploads\/2025\/01\/Logo_Bruynzeel-1024x408.png 1024w, https:\/\/tavieta.lt\/wp-content\/uploads\/2025\/01\/Logo_Bruynzeel-768x306.png 768w, https:\/\/tavieta.lt\/wp-content\/uploads\/2025\/01\/Logo_Bruynzeel-1536x612.png 1536w, https:\/\/tavieta.lt\/wp-content\/uploads\/2025\/01\/Logo_Bruynzeel-2048x816.png 2048w, https:\/\/tavieta.lt\/wp-content\/uploads\/2025\/01\/Logo_Bruynzeel-18x7.png 18w\" sizes=\"(max-width: 300px) 100vw, 300px\" \/>\t\t\t\t\t\t\t\t\t\t\t\t\t\t\t<\/div>\n\t\t\t\t<\/div>\n\t\t\t\t\t<\/div>\n\t\t<\/div>\n\t\t\t\t\t<\/div>\n\t\t<\/section>\n\t\t\t\t<\/div>\n\t\t","protected":false},"excerpt":{"rendered":"<p>Mobilios lentynos Optimizavus turim\u0105 sand\u0117liavimui patalpos plot\u0105, galime poveik\u012f aplinkai suma\u017einti 90%, lyginant su nauj\u0173 patalp\u0173 statyba. Nor\u0117dami maksimaliai efektyviai i\u0161naudoti turimos patalpos t\u016br\u012f sand\u0117liavimui, archyvavimui, saugojimui turim\u0173 daikt\u0173 b\u016btinai pasirinkite mobili\u0173 sistem\u0173 sprendim\u0105. Tai dvigubai padidins funkcin\u012f plot\u0105, efektyviai i\u0161naudos vis\u0105 patalpos t\u016br\u012f, palengvins daikt\u0173 sand\u0117liavimo galimybes, pritaikant lentyn\u0173 i\u0161matavimus, atsi\u017evelgiant \u012f daikt\u0173 t\u016br\u012f [&hellip;]<\/p>\n","protected":false},"author":1,"featured_media":0,"parent":0,"menu_order":0,"comment_status":"closed","ping_status":"closed","template":"","meta":{"footnotes":""},"class_list":["post-10591","page","type-page","status-publish","hentry"],"_links":{"self":[{"href":"https:\/\/tavieta.lt\/lv\/wp-json\/wp\/v2\/pages\/10591","targetHints":{"allow":["GET"]}}],"collection":[{"href":"https:\/\/tavieta.lt\/lv\/wp-json\/wp\/v2\/pages"}],"about":[{"href":"https:\/\/tavieta.lt\/lv\/wp-json\/wp\/v2\/types\/page"}],"author":[{"embeddable":true,"href":"https:\/\/tavieta.lt\/lv\/wp-json\/wp\/v2\/users\/1"}],"replies":[{"embeddable":true,"href":"https:\/\/tavieta.lt\/lv\/wp-json\/wp\/v2\/comments?post=10591"}],"version-history":[{"count":3,"href":"https:\/\/tavieta.lt\/lv\/wp-json\/wp\/v2\/pages\/10591\/revisions"}],"predecessor-version":[{"id":13189,"href":"https:\/\/tavieta.lt\/lv\/wp-json\/wp\/v2\/pages\/10591\/revisions\/13189"}],"wp:attachment":[{"href":"https:\/\/tavieta.lt\/lv\/wp-json\/wp\/v2\/media?parent=10591"}],"curies":[{"name":"wp","href":"https:\/\/api.w.org\/{rel}","templated":true}]}}