{"id":10657,"date":"2023-06-16T08:14:08","date_gmt":"2023-06-16T08:14:08","guid":{"rendered":"http:\/\/tavieta.lt\/?page_id=10657"},"modified":"2025-01-30T14:57:02","modified_gmt":"2025-01-30T14:57:02","slug":"metaliniai-baldai","status":"publish","type":"page","link":"https:\/\/tavieta.lt\/lv\/metaliniai-baldai\/","title":{"rendered":"Met\u0101la m\u0113beles"},"content":{"rendered":"<div data-elementor-type=\"wp-page\" data-elementor-id=\"10657\" class=\"elementor elementor-10657\">\n\t\t\t\t\t\t<section class=\"elementor-section elementor-top-section elementor-element elementor-element-0351ca9 elementor-section-boxed elementor-section-height-default elementor-section-height-default\" data-id=\"0351ca9\" data-element_type=\"section\">\n\t\t\t\t\t\t<div class=\"elementor-container elementor-column-gap-extended\">\n\t\t\t\t\t<div class=\"elementor-column elementor-col-50 elementor-top-column elementor-element elementor-element-463f5e8\" data-id=\"463f5e8\" data-element_type=\"column\">\n\t\t\t<div class=\"elementor-widget-wrap elementor-element-populated\">\n\t\t\t\t\t\t<div class=\"elementor-element elementor-element-6a05a65 elementor-widget elementor-widget-image\" data-id=\"6a05a65\" data-element_type=\"widget\" data-widget_type=\"image.default\">\n\t\t\t\t<div class=\"elementor-widget-container\">\n\t\t\t\t\t\t\t\t\t\t\t\t\t\t\t<img fetchpriority=\"high\" decoding=\"async\" width=\"640\" height=\"453\" src=\"https:\/\/tavieta.lt\/wp-content\/uploads\/2023\/07\/paslaugos-ofisui-intro-1024x724.jpg\" class=\"attachment-large size-large wp-image-10829\" alt=\"\" srcset=\"https:\/\/tavieta.lt\/wp-content\/uploads\/2023\/07\/paslaugos-ofisui-intro-1024x724.jpg.webp 1024w, https:\/\/tavieta.lt\/wp-content\/uploads\/2023\/07\/paslaugos-ofisui-intro-scaled-800x566.jpg.webp 800w, https:\/\/tavieta.lt\/wp-content\/uploads\/2023\/07\/paslaugos-ofisui-intro-300x212.jpg.webp 300w, https:\/\/tavieta.lt\/wp-content\/uploads\/2023\/07\/paslaugos-ofisui-intro-768x543.jpg.webp 768w, https:\/\/tavieta.lt\/wp-content\/uploads\/2023\/07\/paslaugos-ofisui-intro-1536x1086.jpg.webp 1536w, https:\/\/tavieta.lt\/wp-content\/uploads\/2023\/07\/paslaugos-ofisui-intro-2048x1448.jpg.webp 2048w\" sizes=\"(max-width: 640px) 100vw, 640px\" \/>\t\t\t\t\t\t\t\t\t\t\t\t\t\t\t<\/div>\n\t\t\t\t<\/div>\n\t\t\t\t\t<\/div>\n\t\t<\/div>\n\t\t\t\t<div class=\"elementor-column elementor-col-50 elementor-top-column elementor-element elementor-element-86b9935\" data-id=\"86b9935\" data-element_type=\"column\">\n\t\t\t<div class=\"elementor-widget-wrap elementor-element-populated\">\n\t\t\t\t\t\t<div class=\"elementor-element elementor-element-c15df23 elementor-widget elementor-widget-heading\" data-id=\"c15df23\" data-element_type=\"widget\" data-widget_type=\"heading.default\">\n\t\t\t\t<div class=\"elementor-widget-container\">\n\t\t\t\t\t<h3 class=\"elementor-heading-title elementor-size-default\">Met\u0101la m\u0113beles<\/h3>\t\t\t\t<\/div>\n\t\t\t\t<\/div>\n\t\t\t\t<div class=\"elementor-element elementor-element-57839b9 elementor-widget elementor-widget-text-editor\" data-id=\"57839b9\" data-element_type=\"widget\" data-widget_type=\"text-editor.default\">\n\t\t\t\t<div class=\"elementor-widget-container\">\n\t\t\t\t\t\t\t\t\tVai vislab\u0101k ir glab\u0101t savu kolekciju gu\u013cus? Vai tas ir j\u0101aizsarg\u0101 no putek\u013ciem un gaismas? Vai ir nepiecie\u0161ama piln\u012bga gaisa necaurlaid\u012bba? \u0160aj\u0101 gad\u012bjum\u0101 pied\u0101v\u0101jam met\u0101la skap\u012b\u0161us, kas ir dro\u0161s un \u0113rts risin\u0101jums J\u016bsu uzglab\u0101\u0161anas vajadz\u012bb\u0101m.\t\t\t\t\t\t\t\t<\/div>\n\t\t\t\t<\/div>\n\t\t\t\t\t<\/div>\n\t\t<\/div>\n\t\t\t\t\t<\/div>\n\t\t<\/section>\n\t\t\t\t<section class=\"elementor-section elementor-top-section elementor-element elementor-element-ca3b624 elementor-section-boxed elementor-section-height-default elementor-section-height-default\" data-id=\"ca3b624\" data-element_type=\"section\" data-settings=\"{&quot;background_background&quot;:&quot;classic&quot;,&quot;background_motion_fx_motion_fx_scrolling&quot;:&quot;yes&quot;}\">\n\t\t\t\t\t\t<div class=\"elementor-container elementor-column-gap-no\">\n\t\t\t\t\t<div class=\"elementor-column elementor-col-50 elementor-top-column elementor-element elementor-element-4a64923\" data-id=\"4a64923\" data-element_type=\"column\" data-settings=\"{&quot;background_background&quot;:&quot;classic&quot;}\">\n\t\t\t<div class=\"elementor-widget-wrap elementor-element-populated\">\n\t\t\t\t\t\t<div class=\"elementor-element elementor-element-ef23a27 elementor-widget elementor-widget-razzi-heading\" data-id=\"ef23a27\" data-element_type=\"widget\" data-widget_type=\"razzi-heading.default\">\n\t\t\t\t<div class=\"elementor-widget-container\">\n\t\t\t\t\t<div class=\"razzi-heading-wrapper\"><h3 class=\"razzi-heading-title\"> Skapji<\/h3><\/div>\t\t\t\t<\/div>\n\t\t\t\t<\/div>\n\t\t\t\t<div class=\"elementor-element elementor-element-b65e222 elementor-widget elementor-widget-text-editor\" data-id=\"b65e222\" data-element_type=\"widget\" data-widget_type=\"text-editor.default\">\n\t\t\t\t<div class=\"elementor-widget-container\">\n\t\t\t\t\t\t\t\t\t<p>Met\u0101la skapjiem ir pla\u0161s konfigur\u0101ciju kl\u0101sts, kas at\u0161\u0137iras p\u0113c augstuma, garuma un dzi\u013cuma. Katru skapi var novietot ar\u012b uz mobil\u0101m, vietu taupo\u0161\u0101m pamatn\u0113m. Skapji dokumentiem, iero\u010diem, maziem ekspon\u0101tiem vai p\u0113c J\u016bsu vajadz\u012bb\u0101m.<\/p>\t\t\t\t\t\t\t\t<\/div>\n\t\t\t\t<\/div>\n\t\t\t\t\t<\/div>\n\t\t<\/div>\n\t\t\t\t<div class=\"elementor-column elementor-col-50 elementor-top-column elementor-element elementor-element-9feb7d7 elementor-hidden-phone\" data-id=\"9feb7d7\" data-element_type=\"column\">\n\t\t\t<div class=\"elementor-widget-wrap\">\n\t\t\t\t\t\t\t<\/div>\n\t\t<\/div>\n\t\t\t\t\t<\/div>\n\t\t<\/section>\n\t\t\t\t<section class=\"elementor-section elementor-top-section elementor-element elementor-element-cd8d7bf elementor-section-boxed elementor-section-height-default elementor-section-height-default\" data-id=\"cd8d7bf\" data-element_type=\"section\" data-settings=\"{&quot;background_background&quot;:&quot;classic&quot;,&quot;background_motion_fx_motion_fx_scrolling&quot;:&quot;yes&quot;}\">\n\t\t\t\t\t\t<div class=\"elementor-container elementor-column-gap-no\">\n\t\t\t\t\t<div class=\"elementor-column elementor-col-50 elementor-top-column elementor-element elementor-element-ee20e1c elementor-hidden-phone\" data-id=\"ee20e1c\" data-element_type=\"column\">\n\t\t\t<div class=\"elementor-widget-wrap\">\n\t\t\t\t\t\t\t<\/div>\n\t\t<\/div>\n\t\t\t\t<div class=\"elementor-column elementor-col-50 elementor-top-column elementor-element elementor-element-f4c717a\" data-id=\"f4c717a\" data-element_type=\"column\" data-settings=\"{&quot;background_background&quot;:&quot;classic&quot;}\">\n\t\t\t<div class=\"elementor-widget-wrap elementor-element-populated\">\n\t\t\t\t\t\t<div class=\"elementor-element elementor-element-e00b91f elementor-widget elementor-widget-razzi-heading\" data-id=\"e00b91f\" data-element_type=\"widget\" data-widget_type=\"razzi-heading.default\">\n\t\t\t\t<div class=\"elementor-widget-container\">\n\t\t\t\t\t<div class=\"razzi-heading-wrapper\"><h3 class=\"razzi-heading-title\"> Skapji ar atvilktn\u0113m<\/h3><\/div>\t\t\t\t<\/div>\n\t\t\t\t<\/div>\n\t\t\t\t<div class=\"elementor-element elementor-element-f2d149c elementor-widget elementor-widget-text-editor\" data-id=\"f2d149c\" data-element_type=\"widget\" data-widget_type=\"text-editor.default\">\n\t\t\t\t<div class=\"elementor-widget-container\">\n\t\t\t\t\t\t\t\t\t<p><span data-sheets-value=\"{&quot;1&quot;:2,&quot;2&quot;:&quot;Stal\u010diai buvo suprojektuoti\\r\\nmoduliniu b\u016bdu, tod\u0117l jie tinka daugeliui\\r\\nskirting\u0173 panaudojim\u0173. \u0160iuos stal\u010dius galima naudoti\\r\\nstacionariose lentynose, mobiliose lentynose ir netgi spintoje su durimis. Stal\u010di\u0173 yra did\u017eiulis asortimentas\\r\\nskirting\u0173 matmen\u0173 ir specifikacijos.\\r\\nStal\u010dius galima visi\u0161kai i\u0161traukti, tai\\r\\nleid\u017eia saugiai pasiekti turin\u012f,\\r\\nbe nety\u010dinio sugadinimo rizikos.&quot;}\" data-sheets-userformat=\"{&quot;2&quot;:897,&quot;3&quot;:{&quot;1&quot;:0},&quot;10&quot;:1,&quot;11&quot;:4,&quot;12&quot;:0}\">Atvilktnes tika izstr\u0101d\u0101tas <br \/>modul\u0101r\u0101 veid\u0101, t\u0101p\u0113c tie ir piem\u0113roti daudziem <br \/>da\u017e\u0101di lietojumi. \u0160\u012bs atvilktnes var izmantot <br \/>stacion\u0101rajos plauktos, mobilajos plauktos un pat dr\u0113bju skap\u012b ar durv\u012bm. Ir milz\u012bgs atvilkt\u0146u kl\u0101sts <br \/>da\u017e\u0101di izm\u0113ri un specifik\u0101cijas. <br \/>Atvilktnes var piln\u012bb\u0101 izvilkt <br \/>nodro\u0161ina dro\u0161u piek\u013cuvi saturam, <br \/>bez nejau\u0161u boj\u0101jumu riska.<\/span><\/p>\t\t\t\t\t\t\t\t<\/div>\n\t\t\t\t<\/div>\n\t\t\t\t\t<\/div>\n\t\t<\/div>\n\t\t\t\t\t<\/div>\n\t\t<\/section>\n\t\t\t\t<section class=\"elementor-section elementor-top-section elementor-element elementor-element-5607270 elementor-section-boxed elementor-section-height-default elementor-section-height-default\" data-id=\"5607270\" data-element_type=\"section\" data-settings=\"{&quot;background_background&quot;:&quot;classic&quot;,&quot;background_motion_fx_motion_fx_scrolling&quot;:&quot;yes&quot;}\">\n\t\t\t\t\t\t<div class=\"elementor-container elementor-column-gap-no\">\n\t\t\t\t\t<div class=\"elementor-column elementor-col-50 elementor-top-column elementor-element elementor-element-122d0d5\" data-id=\"122d0d5\" data-element_type=\"column\" data-settings=\"{&quot;background_background&quot;:&quot;classic&quot;}\">\n\t\t\t<div class=\"elementor-widget-wrap elementor-element-populated\">\n\t\t\t\t\t\t<div class=\"elementor-element elementor-element-094fc49 elementor-widget elementor-widget-razzi-heading\" data-id=\"094fc49\" data-element_type=\"widget\" data-widget_type=\"razzi-heading.default\">\n\t\t\t\t<div class=\"elementor-widget-container\">\n\t\t\t\t\t<div class=\"razzi-heading-wrapper\"><h3 class=\"razzi-heading-title\"> Skapji pakl\u0101jiem<\/h3><\/div>\t\t\t\t<\/div>\n\t\t\t\t<\/div>\n\t\t\t\t<div class=\"elementor-element elementor-element-09e79c2 elementor-widget elementor-widget-text-editor\" data-id=\"09e79c2\" data-element_type=\"widget\" data-widget_type=\"text-editor.default\">\n\t\t\t\t<div class=\"elementor-widget-container\">\n\t\t\t\t\t\t\t\t\tTrauslus tekstilizstr\u0101d\u0101jumus vai m\u0101kslas darbus var uzglab\u0101t ietilp\u012bg\u0101s un dro\u0161\u0101s liel\u0101s atvilktn\u0113s ar lielu, l\u012bdzenu virsmu. Lai nesaboj\u0101tu pa\u0161u ekspon\u0101tu, no skapja var iz\u0146emt visu atvilktni.\t\t\t\t\t\t\t\t<\/div>\n\t\t\t\t<\/div>\n\t\t\t\t\t<\/div>\n\t\t<\/div>\n\t\t\t\t<div class=\"elementor-column elementor-col-50 elementor-top-column elementor-element elementor-element-c292858 elementor-hidden-phone\" data-id=\"c292858\" data-element_type=\"column\">\n\t\t\t<div class=\"elementor-widget-wrap\">\n\t\t\t\t\t\t\t<\/div>\n\t\t<\/div>\n\t\t\t\t\t<\/div>\n\t\t<\/section>\n\t\t\t\t<section class=\"elementor-section elementor-top-section elementor-element elementor-element-2e8bac3 elementor-section-boxed elementor-section-height-default elementor-section-height-default\" data-id=\"2e8bac3\" data-element_type=\"section\" data-settings=\"{&quot;background_background&quot;:&quot;classic&quot;,&quot;background_motion_fx_motion_fx_scrolling&quot;:&quot;yes&quot;}\">\n\t\t\t\t\t\t<div class=\"elementor-container elementor-column-gap-no\">\n\t\t\t\t\t<div class=\"elementor-column elementor-col-50 elementor-top-column elementor-element elementor-element-0402640 elementor-hidden-phone\" data-id=\"0402640\" data-element_type=\"column\">\n\t\t\t<div class=\"elementor-widget-wrap\">\n\t\t\t\t\t\t\t<\/div>\n\t\t<\/div>\n\t\t\t\t<div class=\"elementor-column elementor-col-50 elementor-top-column elementor-element elementor-element-9c9b5f6\" data-id=\"9c9b5f6\" data-element_type=\"column\" data-settings=\"{&quot;background_background&quot;:&quot;classic&quot;}\">\n\t\t\t<div class=\"elementor-widget-wrap elementor-element-populated\">\n\t\t\t\t\t\t<div class=\"elementor-element elementor-element-b0a5a45 elementor-widget elementor-widget-razzi-heading\" data-id=\"b0a5a45\" data-element_type=\"widget\" data-widget_type=\"razzi-heading.default\">\n\t\t\t\t<div class=\"elementor-widget-container\">\n\t\t\t\t\t<div class=\"razzi-heading-wrapper\"><h3 class=\"razzi-heading-title\"> Skapji plak\u0101tiem un plak\u0101tiem<\/h3><\/div>\t\t\t\t<\/div>\n\t\t\t\t<\/div>\n\t\t\t\t<div class=\"elementor-element elementor-element-aba0cb0 elementor-widget elementor-widget-text-editor\" data-id=\"aba0cb0\" data-element_type=\"widget\" data-widget_type=\"text-editor.default\">\n\t\t\t\t<div class=\"elementor-widget-container\">\n\t\t\t\t\t\t\t\t\tSkapji ar atvilktn\u0113m ir lieliski piem\u0113roti z\u012bm\u0113jumu un plak\u0101tu glab\u0101\u0161anai. Skapjus var novietot ar\u012b uz mobil\u0101m pamatn\u0113m, lai rad\u012btu optim\u0101lu telpas izmanto\u0161anu.\t\t\t\t\t\t\t\t<\/div>\n\t\t\t\t<\/div>\n\t\t\t\t\t<\/div>\n\t\t<\/div>\n\t\t\t\t\t<\/div>\n\t\t<\/section>\n\t\t\t\t<section class=\"elementor-section elementor-top-section elementor-element elementor-element-50b16a2 elementor-section-boxed elementor-section-height-default elementor-section-height-default\" data-id=\"50b16a2\" data-element_type=\"section\">\n\t\t\t\t\t\t<div class=\"elementor-container elementor-column-gap-extended\">\n\t\t\t\t\t<div class=\"elementor-column elementor-col-50 elementor-top-column elementor-element elementor-element-b2b5094\" data-id=\"b2b5094\" data-element_type=\"column\">\n\t\t\t<div class=\"elementor-widget-wrap elementor-element-populated\">\n\t\t\t\t\t\t<div class=\"elementor-element elementor-element-5852217 elementor-widget elementor-widget-heading\" data-id=\"5852217\" data-element_type=\"widget\" data-widget_type=\"heading.default\">\n\t\t\t\t<div class=\"elementor-widget-container\">\n\t\t\t\t\t<h3 class=\"elementor-heading-title elementor-size-default\">Sa\u0146emiet pied\u0101v\u0101jumu, kas atbilst j\u016bsu vajadz\u012bb\u0101m!<\/h3>\t\t\t\t<\/div>\n\t\t\t\t<\/div>\n\t\t\t\t<div class=\"elementor-element elementor-element-51bdcd7 elementor-widget elementor-widget-text-editor\" data-id=\"51bdcd7\" data-element_type=\"widget\" data-widget_type=\"text-editor.default\">\n\t\t\t\t<div class=\"elementor-widget-container\">\n\t\t\t\t\t\t\t\t\t<script data-b24-form=\"inline\/17\/rhqs1b\" data-skip-moving=\"true\">\r\n(function(w,d,u){\r\nvar s=d.createElement('script');s.async=true;s.src=u+'?'+(Date.now()\/180000|0);\r\nvar h=d.getElementsByTagName('script')[0];h.parentNode.insertBefore(s,h);\r\n})(window,document,'https:\/\/cdn.bitrix24.eu\/b23451613\/crm\/form\/loader_17.js');\r\n<\/script>\t\t\t\t\t\t\t\t<\/div>\n\t\t\t\t<\/div>\n\t\t\t\t\t<\/div>\n\t\t<\/div>\n\t\t\t\t<div class=\"elementor-column elementor-col-50 elementor-top-column elementor-element elementor-element-17244a3\" data-id=\"17244a3\" data-element_type=\"column\">\n\t\t\t<div class=\"elementor-widget-wrap elementor-element-populated\">\n\t\t\t\t\t\t<div class=\"elementor-element elementor-element-dcb8df3 elementor-widget elementor-widget-heading\" data-id=\"dcb8df3\" data-element_type=\"widget\" data-widget_type=\"heading.default\">\n\t\t\t\t<div class=\"elementor-widget-container\">\n\t\t\t\t\t<h3 class=\"elementor-heading-title elementor-size-default\">Partneri:<\/h3>\t\t\t\t<\/div>\n\t\t\t\t<\/div>\n\t\t\t\t<div class=\"elementor-element elementor-element-a5d1ced elementor-widget elementor-widget-heading\" data-id=\"a5d1ced\" data-element_type=\"widget\" data-widget_type=\"heading.default\">\n\t\t\t\t<div class=\"elementor-widget-container\">\n\t\t\t\t\t<h6 class=\"elementor-heading-title elementor-size-default\"> <\/h6>\t\t\t\t<\/div>\n\t\t\t\t<\/div>\n\t\t\t\t<div class=\"elementor-element elementor-element-0444ccf elementor-widget elementor-widget-image\" data-id=\"0444ccf\" data-element_type=\"widget\" data-widget_type=\"image.default\">\n\t\t\t\t<div class=\"elementor-widget-container\">\n\t\t\t\t\t\t\t\t\t\t\t\t\t\t\t<img decoding=\"async\" width=\"300\" height=\"120\" src=\"https:\/\/tavieta.lt\/wp-content\/uploads\/2025\/01\/Logo_Bruynzeel-300x120.png\" class=\"attachment-medium size-medium wp-image-13170\" alt=\"\" srcset=\"https:\/\/tavieta.lt\/wp-content\/uploads\/2025\/01\/Logo_Bruynzeel-300x120.png.webp 300w, https:\/\/tavieta.lt\/wp-content\/uploads\/2025\/01\/Logo_Bruynzeel-800x319.png.webp 800w, https:\/\/tavieta.lt\/wp-content\/uploads\/2025\/01\/Logo_Bruynzeel-1024x408.png.webp 1024w, https:\/\/tavieta.lt\/wp-content\/uploads\/2025\/01\/Logo_Bruynzeel-768x306.png.webp 768w, https:\/\/tavieta.lt\/wp-content\/uploads\/2025\/01\/Logo_Bruynzeel-1536x612.png.webp 1536w, https:\/\/tavieta.lt\/wp-content\/uploads\/2025\/01\/Logo_Bruynzeel-2048x816.png.webp 2048w, https:\/\/tavieta.lt\/wp-content\/uploads\/2025\/01\/Logo_Bruynzeel-18x7.png.webp 18w\" sizes=\"(max-width: 300px) 100vw, 300px\" \/>\t\t\t\t\t\t\t\t\t\t\t\t\t\t\t<\/div>\n\t\t\t\t<\/div>\n\t\t\t\t\t<\/div>\n\t\t<\/div>\n\t\t\t\t\t<\/div>\n\t\t<\/section>\n\t\t\t\t<\/div>","protected":false},"excerpt":{"rendered":"<p>Met\u0101la m\u0113beles Vai j\u016bsu kolekciju vislab\u0101k uzglab\u0101t gu\u013cus st\u0101vokl\u012b? Vai tas ir j\u0101aizsarg\u0101 no putek\u013ciem un gaismas? Vai ir nepiecie\u0161ama piln\u012bga gaisa necaurlaid\u012bba? \u0160aj\u0101 gad\u012bjum\u0101 pied\u0101v\u0101jam met\u0101la skap\u012b\u0161us, kas ir dro\u0161s un \u0113rts risin\u0101jums J\u016bsu uzglab\u0101\u0161anas vajadz\u012bb\u0101m. Skapji Met\u0101la skapjiem ir pla\u0161s konfigur\u0101ciju kl\u0101sts, kas at\u0161\u0137iras p\u0113c augstuma, garuma un dzi\u013cuma. Katru skapi var novietot ar\u012b [\u2026]<\/p>","protected":false},"author":1,"featured_media":0,"parent":0,"menu_order":0,"comment_status":"closed","ping_status":"closed","template":"","meta":{"footnotes":""},"class_list":["post-10657","page","type-page","status-publish","hentry"],"_links":{"self":[{"href":"https:\/\/tavieta.lt\/lv\/wp-json\/wp\/v2\/pages\/10657","targetHints":{"allow":["GET"]}}],"collection":[{"href":"https:\/\/tavieta.lt\/lv\/wp-json\/wp\/v2\/pages"}],"about":[{"href":"https:\/\/tavieta.lt\/lv\/wp-json\/wp\/v2\/types\/page"}],"author":[{"embeddable":true,"href":"https:\/\/tavieta.lt\/lv\/wp-json\/wp\/v2\/users\/1"}],"replies":[{"embeddable":true,"href":"https:\/\/tavieta.lt\/lv\/wp-json\/wp\/v2\/comments?post=10657"}],"version-history":[{"count":3,"href":"https:\/\/tavieta.lt\/lv\/wp-json\/wp\/v2\/pages\/10657\/revisions"}],"predecessor-version":[{"id":13196,"href":"https:\/\/tavieta.lt\/lv\/wp-json\/wp\/v2\/pages\/10657\/revisions\/13196"}],"wp:attachment":[{"href":"https:\/\/tavieta.lt\/lv\/wp-json\/wp\/v2\/media?parent=10657"}],"curies":[{"name":"wp","href":"https:\/\/api.w.org\/{rel}","templated":true}]}}