{"id":10658,"date":"2023-06-16T08:14:17","date_gmt":"2023-06-16T08:14:17","guid":{"rendered":"http:\/\/tavieta.lt\/?page_id=10658"},"modified":"2025-01-30T15:07:15","modified_gmt":"2025-01-30T15:07:15","slug":"vitrinos","status":"publish","type":"page","link":"https:\/\/tavieta.lt\/lv\/vitrinos\/","title":{"rendered":"Vitr\u012bnas"},"content":{"rendered":"<div data-elementor-type=\"wp-page\" data-elementor-id=\"10658\" class=\"elementor elementor-10658\">\n\t\t\t\t\t\t<section class=\"elementor-section elementor-top-section elementor-element elementor-element-0351ca9 elementor-section-boxed elementor-section-height-default elementor-section-height-default\" data-id=\"0351ca9\" data-element_type=\"section\">\n\t\t\t\t\t\t<div class=\"elementor-container elementor-column-gap-extended\">\n\t\t\t\t\t<div class=\"elementor-column elementor-col-50 elementor-top-column elementor-element elementor-element-463f5e8\" data-id=\"463f5e8\" data-element_type=\"column\">\n\t\t\t<div class=\"elementor-widget-wrap elementor-element-populated\">\n\t\t\t\t\t\t<div class=\"elementor-element elementor-element-6a05a65 elementor-widget elementor-widget-image\" data-id=\"6a05a65\" data-element_type=\"widget\" data-widget_type=\"image.default\">\n\t\t\t\t<div class=\"elementor-widget-container\">\n\t\t\t\t\t\t\t\t\t\t\t\t\t\t\t<img fetchpriority=\"high\" decoding=\"async\" width=\"640\" height=\"425\" src=\"https:\/\/tavieta.lt\/wp-content\/uploads\/2024\/04\/DSC_0207-1024x680.jpg\" class=\"attachment-large size-large wp-image-12844\" alt=\"\" srcset=\"https:\/\/tavieta.lt\/wp-content\/uploads\/2024\/04\/DSC_0207-1024x680.jpg 1024w, https:\/\/tavieta.lt\/wp-content\/uploads\/2024\/04\/DSC_0207-800x531.jpg 800w, https:\/\/tavieta.lt\/wp-content\/uploads\/2024\/04\/DSC_0207-300x199.jpg 300w, https:\/\/tavieta.lt\/wp-content\/uploads\/2024\/04\/DSC_0207-768x510.jpg 768w, https:\/\/tavieta.lt\/wp-content\/uploads\/2024\/04\/DSC_0207-1536x1020.jpg 1536w, https:\/\/tavieta.lt\/wp-content\/uploads\/2024\/04\/DSC_0207-18x12.jpg 18w, https:\/\/tavieta.lt\/wp-content\/uploads\/2024\/04\/DSC_0207-600x398.jpg 600w, https:\/\/tavieta.lt\/wp-content\/uploads\/2024\/04\/DSC_0207.jpg 1920w\" sizes=\"(max-width: 640px) 100vw, 640px\" \/>\t\t\t\t\t\t\t\t\t\t\t\t\t\t\t<\/div>\n\t\t\t\t<\/div>\n\t\t\t\t\t<\/div>\n\t\t<\/div>\n\t\t\t\t<div class=\"elementor-column elementor-col-50 elementor-top-column elementor-element elementor-element-86b9935\" data-id=\"86b9935\" data-element_type=\"column\">\n\t\t\t<div class=\"elementor-widget-wrap elementor-element-populated\">\n\t\t\t\t\t\t<div class=\"elementor-element elementor-element-c15df23 elementor-widget elementor-widget-heading\" data-id=\"c15df23\" data-element_type=\"widget\" data-widget_type=\"heading.default\">\n\t\t\t\t<div class=\"elementor-widget-container\">\n\t\t\t\t\t<h3 class=\"elementor-heading-title elementor-size-default\">Vitr\u012bnas<\/h3>\t\t\t\t<\/div>\n\t\t\t\t<\/div>\n\t\t\t\t<div class=\"elementor-element elementor-element-57839b9 elementor-widget elementor-widget-text-editor\" data-id=\"57839b9\" data-element_type=\"widget\" data-widget_type=\"text-editor.default\">\n\t\t\t\t<div class=\"elementor-widget-container\">\n\t\t\t\t\t\t\t\t\t<p style=\"text-align: justify;\">Ide\u0101l\u0101 gad\u012bjum\u0101 izst\u0101des vitr\u012bnai j\u0101b\u016bt apmekl\u0113t\u0101jiem neredzamai un j\u0101sapl\u016bst ar dekoru, izce\u013cot tikai prezent\u0113tos objektus. Prezent\u0101cijas aspektu uzlabo ne tikai faktiskais vitr\u012bnu dizains, bet ar\u012b pareiz\u0101 apgaismojuma sist\u0113mas integr\u0101cija. Vitr\u012bna iev\u0113rojami stabiliz\u0113s relat\u012bvo mitrumu, izmantojot akt\u012bv\u0101s vai pas\u012bv\u0101s kontroles sist\u0113mas (silikagelu), un t\u0101d\u0113j\u0101di veicin\u0101s visu saglab\u0101\u0161anas pas\u0101kumu \u012bsteno\u0161anu.<\/p>\t\t\t\t\t\t\t\t<\/div>\n\t\t\t\t<\/div>\n\t\t\t\t\t<\/div>\n\t\t<\/div>\n\t\t\t\t\t<\/div>\n\t\t<\/section>\n\t\t\t\t<section class=\"elementor-section elementor-top-section elementor-element elementor-element-ca3b624 elementor-section-boxed elementor-section-height-default elementor-section-height-default\" data-id=\"ca3b624\" data-element_type=\"section\" data-settings=\"{&quot;background_background&quot;:&quot;classic&quot;,&quot;background_motion_fx_motion_fx_scrolling&quot;:&quot;yes&quot;}\">\n\t\t\t\t\t\t<div class=\"elementor-container elementor-column-gap-no\">\n\t\t\t\t\t<div class=\"elementor-column elementor-col-50 elementor-top-column elementor-element elementor-element-4a64923\" data-id=\"4a64923\" data-element_type=\"column\" data-settings=\"{&quot;background_background&quot;:&quot;classic&quot;}\">\n\t\t\t<div class=\"elementor-widget-wrap elementor-element-populated\">\n\t\t\t\t\t\t<div class=\"elementor-element elementor-element-ef23a27 elementor-widget elementor-widget-razzi-heading\" data-id=\"ef23a27\" data-element_type=\"widget\" data-widget_type=\"razzi-heading.default\">\n\t\t\t\t<div class=\"elementor-widget-container\">\n\t\t\t\t\t<div class=\"razzi-heading-wrapper\"><h3 class=\"razzi-heading-title\"> Tiek b\u016bv\u0113tas vitr\u012bnas<\/h3><\/div>\t\t\t\t<\/div>\n\t\t\t\t<\/div>\n\t\t\t\t<div class=\"elementor-element elementor-element-b65e222 elementor-widget elementor-widget-text-editor\" data-id=\"b65e222\" data-element_type=\"widget\" data-widget_type=\"text-editor.default\">\n\t\t\t\t<div class=\"elementor-widget-container\">\n\t\t\t\t\t\t\t\t\t<p>Br\u012bvi st\u0101vo\u0161\u0101s muzeja vitr\u012bnas \u013cauj apl\u016bkot objektus no vis\u0101m pus\u0113m. Br\u012bvi st\u0101vo\u0161as vitr\u012bnas pamatmodelis \u013cauj apl\u016bkot izst\u0101d\u012bt\u0101s lietas no vis\u0101m pus\u0113m. Vitr\u012bnas var at\u0161\u0137irties p\u0113c konfigur\u0101cijas: DAUDZI APR\u012aKOJUMA IESP\u0112JAS (apgaismojuma iesp\u0113jas, klimata kontrole,...) DA\u017d\u0100DAS ATV\u0112R\u0160ANAS IESP\u0112JAS (sl\u0113pt\u0101s e\u0146\u0123es vai b\u012bd\u0101m\u0101s durvis) AUGSTA IZST\u0100D\u012aTO PRIEK\u0160METU DRO\u0160\u012aBA (lamin\u0101ts stikls, sl\u0113dzenes, signaliz\u0101cijas komponenti) M\u016bsu br\u012bvi st\u0101vo\u0161o kl\u0101sts vitr\u012bnas pied\u0101v\u0101 lielisku dizaina elast\u012bbu. Atkar\u012bb\u0101 no izm\u0113riem un saglab\u0101\u0161anas pras\u012bb\u0101m m\u0113s varam konsult\u0113t par atbilsto\u0161u dizainu un atv\u0113r\u0161anas meh\u0101nismu. Piem\u0113rot\u0101kais atv\u0113r\u0161anas meh\u0101nisms tiek izv\u0113l\u0113ts atbilsto\u0161i korpusa izm\u0113riem un novietojumam, \u0146emot v\u0113r\u0101 gan est\u0113tiku, gan lieto\u0161anas \u0113rtumu un telpas uzb\u016bvi. Parasti vitr\u012bnas atv\u0113r\u0161anai vienm\u0113r vajadz\u0113tu pietikt ar vienu cilv\u0113ku.<\/p>\t\t\t\t\t\t\t\t<\/div>\n\t\t\t\t<\/div>\n\t\t\t\t\t<\/div>\n\t\t<\/div>\n\t\t\t\t<div class=\"elementor-column elementor-col-50 elementor-top-column elementor-element elementor-element-9feb7d7 elementor-hidden-phone\" data-id=\"9feb7d7\" data-element_type=\"column\">\n\t\t\t<div class=\"elementor-widget-wrap\">\n\t\t\t\t\t\t\t<\/div>\n\t\t<\/div>\n\t\t\t\t\t<\/div>\n\t\t<\/section>\n\t\t\t\t<section class=\"elementor-section elementor-top-section elementor-element elementor-element-f3baaf4 elementor-section-boxed elementor-section-height-default elementor-section-height-default\" data-id=\"f3baaf4\" data-element_type=\"section\" data-settings=\"{&quot;background_background&quot;:&quot;classic&quot;,&quot;background_motion_fx_motion_fx_scrolling&quot;:&quot;yes&quot;}\">\n\t\t\t\t\t\t<div class=\"elementor-container elementor-column-gap-no\">\n\t\t\t\t\t<div class=\"elementor-column elementor-col-50 elementor-top-column elementor-element elementor-element-06141d0 elementor-hidden-phone\" data-id=\"06141d0\" data-element_type=\"column\">\n\t\t\t<div class=\"elementor-widget-wrap\">\n\t\t\t\t\t\t\t<\/div>\n\t\t<\/div>\n\t\t\t\t<div class=\"elementor-column elementor-col-50 elementor-top-column elementor-element elementor-element-10f341c\" data-id=\"10f341c\" data-element_type=\"column\" data-settings=\"{&quot;background_background&quot;:&quot;classic&quot;}\">\n\t\t\t<div class=\"elementor-widget-wrap elementor-element-populated\">\n\t\t\t\t\t\t<div class=\"elementor-element elementor-element-e82e23f elementor-widget elementor-widget-razzi-heading\" data-id=\"e82e23f\" data-element_type=\"widget\" data-widget_type=\"razzi-heading.default\">\n\t\t\t\t<div class=\"elementor-widget-container\">\n\t\t\t\t\t<div class=\"razzi-heading-wrapper\"><h3 class=\"razzi-heading-title\"> Sienas vitr\u012bnas<\/h3><\/div>\t\t\t\t<\/div>\n\t\t\t\t<\/div>\n\t\t\t\t<div class=\"elementor-element elementor-element-5f03558 elementor-widget elementor-widget-text-editor\" data-id=\"5f03558\" data-element_type=\"widget\" data-widget_type=\"text-editor.default\">\n\t\t\t\t<div class=\"elementor-widget-container\">\n\t\t\t\t\t\t\t\t\t<p>Sienas displeji ir lieliski piem\u0113roti, lai piln\u012bb\u0101 izmantotu galerijas sienas un rad\u012btu apmekl\u0113t\u0101jam k\u0101rt\u012bbas saj\u016btu, ejot pa izst\u0101di.<\/p>\t\t\t\t\t\t\t\t<\/div>\n\t\t\t\t<\/div>\n\t\t\t\t\t<\/div>\n\t\t<\/div>\n\t\t\t\t\t<\/div>\n\t\t<\/section>\n\t\t\t\t<section class=\"elementor-section elementor-top-section elementor-element elementor-element-c393e57 elementor-section-boxed elementor-section-height-default elementor-section-height-default\" data-id=\"c393e57\" data-element_type=\"section\" data-settings=\"{&quot;background_background&quot;:&quot;classic&quot;,&quot;background_motion_fx_motion_fx_scrolling&quot;:&quot;yes&quot;}\">\n\t\t\t\t\t\t<div class=\"elementor-container elementor-column-gap-no\">\n\t\t\t\t\t<div class=\"elementor-column elementor-col-50 elementor-top-column elementor-element elementor-element-cf58fb5\" data-id=\"cf58fb5\" data-element_type=\"column\" data-settings=\"{&quot;background_background&quot;:&quot;classic&quot;}\">\n\t\t\t<div class=\"elementor-widget-wrap elementor-element-populated\">\n\t\t\t\t\t\t<div class=\"elementor-element elementor-element-e2ede7d elementor-widget elementor-widget-razzi-heading\" data-id=\"e2ede7d\" data-element_type=\"widget\" data-widget_type=\"razzi-heading.default\">\n\t\t\t\t<div class=\"elementor-widget-container\">\n\t\t\t\t\t<div class=\"razzi-heading-wrapper\"><h3 class=\"razzi-heading-title\"> Vitr\u012bnas ar atvilktn\u0113m<\/h3><\/div>\t\t\t\t<\/div>\n\t\t\t\t<\/div>\n\t\t\t\t<div class=\"elementor-element elementor-element-a2c2031 elementor-widget elementor-widget-text-editor\" data-id=\"a2c2031\" data-element_type=\"widget\" data-widget_type=\"text-editor.default\">\n\t\t\t\t<div class=\"elementor-widget-container\">\n\t\t\t\t\t\t\t\t\t<p>Vitr\u012bnas ar izvelkam\u0101m atvilktn\u0113m ir lieliski piem\u0113rotas atv\u0113rtai displeja glab\u0101\u0161anai un lielu plakano priek\u0161metu kolekciju ekspon\u0113\u0161anai ierobe\u017eot\u0101, bet bie\u017ei apmekl\u0113t\u0101 telp\u0101. Atvilktnes var b\u016bt p\u0101rkl\u0101tas ar stiklu, izgaismotas vai integr\u0113tas vitr\u012bnas pamatn\u0113.<\/p>\t\t\t\t\t\t\t\t<\/div>\n\t\t\t\t<\/div>\n\t\t\t\t\t<\/div>\n\t\t<\/div>\n\t\t\t\t<div class=\"elementor-column elementor-col-50 elementor-top-column elementor-element elementor-element-dfa60d3 elementor-hidden-phone\" data-id=\"dfa60d3\" data-element_type=\"column\">\n\t\t\t<div class=\"elementor-widget-wrap\">\n\t\t\t\t\t\t\t<\/div>\n\t\t<\/div>\n\t\t\t\t\t<\/div>\n\t\t<\/section>\n\t\t\t\t<section class=\"elementor-section elementor-top-section elementor-element elementor-element-cd8d7bf elementor-section-boxed elementor-section-height-default elementor-section-height-default\" data-id=\"cd8d7bf\" data-element_type=\"section\" data-settings=\"{&quot;background_background&quot;:&quot;classic&quot;,&quot;background_motion_fx_motion_fx_scrolling&quot;:&quot;yes&quot;}\">\n\t\t\t\t\t\t<div class=\"elementor-container elementor-column-gap-no\">\n\t\t\t\t\t<div class=\"elementor-column elementor-col-50 elementor-top-column elementor-element elementor-element-ee20e1c elementor-hidden-phone\" data-id=\"ee20e1c\" data-element_type=\"column\">\n\t\t\t<div class=\"elementor-widget-wrap\">\n\t\t\t\t\t\t\t<\/div>\n\t\t<\/div>\n\t\t\t\t<div class=\"elementor-column elementor-col-50 elementor-top-column elementor-element elementor-element-f4c717a\" data-id=\"f4c717a\" data-element_type=\"column\" data-settings=\"{&quot;background_background&quot;:&quot;classic&quot;}\">\n\t\t\t<div class=\"elementor-widget-wrap elementor-element-populated\">\n\t\t\t\t\t\t<div class=\"elementor-element elementor-element-e00b91f elementor-widget elementor-widget-razzi-heading\" data-id=\"e00b91f\" data-element_type=\"widget\" data-widget_type=\"razzi-heading.default\">\n\t\t\t\t<div class=\"elementor-widget-container\">\n\t\t\t\t\t<div class=\"razzi-heading-wrapper\"><h3 class=\"razzi-heading-title\"> Darbvirsmas vitr\u012bnas<\/h3><\/div>\t\t\t\t<\/div>\n\t\t\t\t<\/div>\n\t\t\t\t<div class=\"elementor-element elementor-element-f2d149c elementor-widget elementor-widget-text-editor\" data-id=\"f2d149c\" data-element_type=\"widget\" data-widget_type=\"text-editor.default\">\n\t\t\t\t<div class=\"elementor-widget-container\">\n\t\t\t\t\t\t\t\t\t<p>Galddatoru vitr\u012bnas var b\u016bt br\u012bvi st\u0101vo\u0161as vai piestiprin\u0101tas pie sienas. M\u016bsu galddatoru vitr\u012bnu kl\u0101sts ir pla\u0161s, un m\u0113s varam pied\u0101v\u0101t da\u017e\u0101da izm\u0113ra vitr\u012bnas. \u0145emot v\u0113r\u0101 izm\u0113rus, apgaismojuma un saglab\u0101\u0161anas pras\u012bbas, m\u0113s varam konsult\u0113t par atbilsto\u0161u atv\u0113r\u0161anas meh\u0101nisma dizainu un izmanto\u0161anu.<\/p>\t\t\t\t\t\t\t\t<\/div>\n\t\t\t\t<\/div>\n\t\t\t\t\t<\/div>\n\t\t<\/div>\n\t\t\t\t\t<\/div>\n\t\t<\/section>\n\t\t\t\t<section class=\"elementor-section elementor-top-section elementor-element elementor-element-8829f16 elementor-section-boxed elementor-section-height-default elementor-section-height-default\" data-id=\"8829f16\" data-element_type=\"section\">\n\t\t\t\t\t\t<div class=\"elementor-container elementor-column-gap-extended\">\n\t\t\t\t\t<div class=\"elementor-column elementor-col-50 elementor-top-column elementor-element elementor-element-aeeeb6e\" data-id=\"aeeeb6e\" data-element_type=\"column\">\n\t\t\t<div class=\"elementor-widget-wrap elementor-element-populated\">\n\t\t\t\t\t\t<div class=\"elementor-element elementor-element-5c9144f elementor-widget elementor-widget-heading\" data-id=\"5c9144f\" data-element_type=\"widget\" data-widget_type=\"heading.default\">\n\t\t\t\t<div class=\"elementor-widget-container\">\n\t\t\t\t\t<h3 class=\"elementor-heading-title elementor-size-default\">Sa\u0146emiet pied\u0101v\u0101jumu, kas atbilst j\u016bsu vajadz\u012bb\u0101m!<\/h3>\t\t\t\t<\/div>\n\t\t\t\t<\/div>\n\t\t\t\t<div class=\"elementor-element elementor-element-89f002f elementor-widget elementor-widget-text-editor\" data-id=\"89f002f\" data-element_type=\"widget\" data-widget_type=\"text-editor.default\">\n\t\t\t\t<div class=\"elementor-widget-container\">\n\t\t\t\t\t\t\t\t\t<script data-b24-form=\"inline\/17\/rhqs1b\" data-skip-moving=\"true\">\r\n(function(w,d,u){\r\nvar s=d.createElement('script');s.async=true;s.src=u+'?'+(Date.now()\/180000|0);\r\nvar h=d.getElementsByTagName('script')[0];h.parentNode.insertBefore(s,h);\r\n})(window,document,'https:\/\/cdn.bitrix24.eu\/b23451613\/crm\/form\/loader_17.js');\r\n<\/script>\t\t\t\t\t\t\t\t<\/div>\n\t\t\t\t<\/div>\n\t\t\t\t\t<\/div>\n\t\t<\/div>\n\t\t\t\t<div class=\"elementor-column elementor-col-50 elementor-top-column elementor-element elementor-element-630b516\" data-id=\"630b516\" data-element_type=\"column\">\n\t\t\t<div class=\"elementor-widget-wrap elementor-element-populated\">\n\t\t\t\t\t\t<div class=\"elementor-element elementor-element-4fb5874 elementor-widget elementor-widget-heading\" data-id=\"4fb5874\" data-element_type=\"widget\" data-widget_type=\"heading.default\">\n\t\t\t\t<div class=\"elementor-widget-container\">\n\t\t\t\t\t<h3 class=\"elementor-heading-title elementor-size-default\">Partneri:<\/h3>\t\t\t\t<\/div>\n\t\t\t\t<\/div>\n\t\t\t\t<div class=\"elementor-element elementor-element-112db67 elementor-widget elementor-widget-heading\" data-id=\"112db67\" data-element_type=\"widget\" data-widget_type=\"heading.default\">\n\t\t\t\t<div class=\"elementor-widget-container\">\n\t\t\t\t\t<h6 class=\"elementor-heading-title elementor-size-default\"> <\/h6>\t\t\t\t<\/div>\n\t\t\t\t<\/div>\n\t\t\t\t<div class=\"elementor-element elementor-element-e8d8e16 elementor-widget elementor-widget-image\" data-id=\"e8d8e16\" data-element_type=\"widget\" data-widget_type=\"image.default\">\n\t\t\t\t<div class=\"elementor-widget-container\">\n\t\t\t\t\t\t\t\t\t\t\t\t\t\t\t<img decoding=\"async\" width=\"300\" height=\"92\" src=\"https:\/\/tavieta.lt\/wp-content\/uploads\/2025\/01\/archa-300x92.png\" class=\"attachment-medium size-medium wp-image-13243\" alt=\"\" srcset=\"https:\/\/tavieta.lt\/wp-content\/uploads\/2025\/01\/archa-300x92.png 300w, https:\/\/tavieta.lt\/wp-content\/uploads\/2025\/01\/archa.png 700w\" sizes=\"(max-width: 300px) 100vw, 300px\" \/>\t\t\t\t\t\t\t\t\t\t\t\t\t\t\t<\/div>\n\t\t\t\t<\/div>\n\t\t\t\t\t<\/div>\n\t\t<\/div>\n\t\t\t\t\t<\/div>\n\t\t<\/section>\n\t\t\t\t<\/div>","protected":false},"excerpt":{"rendered":"<p>Vitr\u012bnas Ide\u0101l\u0101 gad\u012bjum\u0101 izst\u0101des vitr\u012bnai j\u0101b\u016bt apmekl\u0113t\u0101jiem neredzamai un j\u0101sapl\u016bst ar dekoru, izce\u013cot tikai prezent\u0113tos objektus. Prezent\u0101cijas aspektu uzlabo ne tikai faktiskais vitr\u012bnu dizains, bet ar\u012b pareiz\u0101 apgaismojuma sist\u0113mas integr\u0101cija. Vitr\u012bna iev\u0113rojami stabiliz\u0113s relat\u012bvo mitrumu, izmantojot akt\u012bv\u0101s vai pas\u012bv\u0101s kontroles sist\u0113mas (silikagelu), un t\u0101d\u0113j\u0101di veicin\u0101s visu saglab\u0101\u0161anas pas\u0101kumu \u012bsteno\u0161anu. Vitr\u012bnas tiek b\u016bv\u0113tas [\u2026]<\/p>","protected":false},"author":1,"featured_media":0,"parent":0,"menu_order":0,"comment_status":"closed","ping_status":"closed","template":"","meta":{"footnotes":""},"class_list":["post-10658","page","type-page","status-publish","hentry"],"_links":{"self":[{"href":"https:\/\/tavieta.lt\/lv\/wp-json\/wp\/v2\/pages\/10658","targetHints":{"allow":["GET"]}}],"collection":[{"href":"https:\/\/tavieta.lt\/lv\/wp-json\/wp\/v2\/pages"}],"about":[{"href":"https:\/\/tavieta.lt\/lv\/wp-json\/wp\/v2\/types\/page"}],"author":[{"embeddable":true,"href":"https:\/\/tavieta.lt\/lv\/wp-json\/wp\/v2\/users\/1"}],"replies":[{"embeddable":true,"href":"https:\/\/tavieta.lt\/lv\/wp-json\/wp\/v2\/comments?post=10658"}],"version-history":[{"count":3,"href":"https:\/\/tavieta.lt\/lv\/wp-json\/wp\/v2\/pages\/10658\/revisions"}],"predecessor-version":[{"id":13246,"href":"https:\/\/tavieta.lt\/lv\/wp-json\/wp\/v2\/pages\/10658\/revisions\/13246"}],"wp:attachment":[{"href":"https:\/\/tavieta.lt\/lv\/wp-json\/wp\/v2\/media?parent=10658"}],"curies":[{"name":"wp","href":"https:\/\/api.w.org\/{rel}","templated":true}]}}