{"id":10662,"date":"2023-06-16T08:15:12","date_gmt":"2023-06-16T08:15:12","guid":{"rendered":"http:\/\/tavieta.lt\/?page_id=10662"},"modified":"2025-01-30T15:05:51","modified_gmt":"2025-01-30T15:05:51","slug":"saugumo-sprendimai","status":"publish","type":"page","link":"https:\/\/tavieta.lt\/lv\/saugumo-sprendimai\/","title":{"rendered":"Dro\u0161\u012bbas risin\u0101jumi"},"content":{"rendered":"<div data-elementor-type=\"wp-page\" data-elementor-id=\"10662\" class=\"elementor elementor-10662\">\n\t\t\t\t\t\t<section class=\"elementor-section elementor-top-section elementor-element elementor-element-0351ca9 elementor-section-boxed elementor-section-height-default elementor-section-height-default\" data-id=\"0351ca9\" data-element_type=\"section\">\n\t\t\t\t\t\t<div class=\"elementor-container elementor-column-gap-extended\">\n\t\t\t\t\t<div class=\"elementor-column elementor-col-50 elementor-top-column elementor-element elementor-element-463f5e8\" data-id=\"463f5e8\" data-element_type=\"column\">\n\t\t\t<div class=\"elementor-widget-wrap elementor-element-populated\">\n\t\t\t\t\t\t<div class=\"elementor-element elementor-element-6a05a65 elementor-widget elementor-widget-image\" data-id=\"6a05a65\" data-element_type=\"widget\" data-widget_type=\"image.default\">\n\t\t\t\t<div class=\"elementor-widget-container\">\n\t\t\t\t\t\t\t\t\t\t\t\t\t\t\t<img fetchpriority=\"high\" decoding=\"async\" width=\"640\" height=\"427\" src=\"https:\/\/tavieta.lt\/wp-content\/uploads\/2023\/06\/cctv-security-technology-with-lock-icon-digital-remix-1024x683.jpg\" class=\"attachment-large size-large wp-image-10745\" alt=\"\" srcset=\"https:\/\/tavieta.lt\/wp-content\/uploads\/2023\/06\/cctv-security-technology-with-lock-icon-digital-remix-1024x683.jpg 1024w, https:\/\/tavieta.lt\/wp-content\/uploads\/2023\/06\/cctv-security-technology-with-lock-icon-digital-remix-scaled-800x533.jpg 800w, https:\/\/tavieta.lt\/wp-content\/uploads\/2023\/06\/cctv-security-technology-with-lock-icon-digital-remix-300x200.jpg 300w, https:\/\/tavieta.lt\/wp-content\/uploads\/2023\/06\/cctv-security-technology-with-lock-icon-digital-remix-768x512.jpg 768w, https:\/\/tavieta.lt\/wp-content\/uploads\/2023\/06\/cctv-security-technology-with-lock-icon-digital-remix-1536x1024.jpg 1536w, https:\/\/tavieta.lt\/wp-content\/uploads\/2023\/06\/cctv-security-technology-with-lock-icon-digital-remix-2048x1365.jpg 2048w\" sizes=\"(max-width: 640px) 100vw, 640px\" \/>\t\t\t\t\t\t\t\t\t\t\t\t\t\t\t<\/div>\n\t\t\t\t<\/div>\n\t\t\t\t\t<\/div>\n\t\t<\/div>\n\t\t\t\t<div class=\"elementor-column elementor-col-50 elementor-top-column elementor-element elementor-element-86b9935\" data-id=\"86b9935\" data-element_type=\"column\">\n\t\t\t<div class=\"elementor-widget-wrap elementor-element-populated\">\n\t\t\t\t\t\t<div class=\"elementor-element elementor-element-c15df23 elementor-widget elementor-widget-heading\" data-id=\"c15df23\" data-element_type=\"widget\" data-widget_type=\"heading.default\">\n\t\t\t\t<div class=\"elementor-widget-container\">\n\t\t\t\t\t<h3 class=\"elementor-heading-title elementor-size-default\">Dro\u0161\u012bbas risin\u0101jumi<\/h3>\t\t\t\t<\/div>\n\t\t\t\t<\/div>\n\t\t\t\t<div class=\"elementor-element elementor-element-57839b9 elementor-widget elementor-widget-text-editor\" data-id=\"57839b9\" data-element_type=\"widget\" data-widget_type=\"text-editor.default\">\n\t\t\t\t<div class=\"elementor-widget-container\">\n\t\t\t\t\t\t\t\t\t<p style=\"text-align: justify;\">Muzejs ieg\u016bst, konserv\u0113, p\u0113ta un izst\u0101da v\u0113sturiskas, zin\u0101tniskas vai m\u0101kslinieciskas noz\u012bmes priek\u0161metus izgl\u012bt\u012bbas, m\u0101c\u012bbu un izklaides nol\u016bkos. Da\u017ereiz muzeji organiz\u0113 ar\u012b programmas un aktivit\u0101tes, piem\u0113ram, lekcijas un nodarb\u012bbas visu vecumu auditorijai. Muzeja vad\u012bbai \u013coti svar\u012bga ir muzej\u0101 glab\u0101jamo v\u0113rt\u012bbu dro\u0161\u012bba, apmekl\u0113t\u0101ju un darbinieku dro\u0161\u012bba.<\/p>\t\t\t\t\t\t\t\t<\/div>\n\t\t\t\t<\/div>\n\t\t\t\t\t<\/div>\n\t\t<\/div>\n\t\t\t\t\t<\/div>\n\t\t<\/section>\n\t\t\t\t<section class=\"elementor-section elementor-top-section elementor-element elementor-element-ca3b624 elementor-section-boxed elementor-section-height-default elementor-section-height-default\" data-id=\"ca3b624\" data-element_type=\"section\" data-settings=\"{&quot;background_background&quot;:&quot;classic&quot;,&quot;background_motion_fx_motion_fx_scrolling&quot;:&quot;yes&quot;}\">\n\t\t\t\t\t\t<div class=\"elementor-container elementor-column-gap-no\">\n\t\t\t\t\t<div class=\"elementor-column elementor-col-50 elementor-top-column elementor-element elementor-element-4a64923\" data-id=\"4a64923\" data-element_type=\"column\" data-settings=\"{&quot;background_background&quot;:&quot;classic&quot;}\">\n\t\t\t<div class=\"elementor-widget-wrap elementor-element-populated\">\n\t\t\t\t\t\t<div class=\"elementor-element elementor-element-ef23a27 elementor-widget elementor-widget-razzi-heading\" data-id=\"ef23a27\" data-element_type=\"widget\" data-widget_type=\"razzi-heading.default\">\n\t\t\t\t<div class=\"elementor-widget-container\">\n\t\t\t\t\t<div class=\"razzi-heading-wrapper\"><h3 class=\"razzi-heading-title\"> Kameras<\/h3><\/div>\t\t\t\t<\/div>\n\t\t\t\t<\/div>\n\t\t\t\t<div class=\"elementor-element elementor-element-b65e222 elementor-widget elementor-widget-text-editor\" data-id=\"b65e222\" data-element_type=\"widget\" data-widget_type=\"text-editor.default\">\n\t\t\t\t<div class=\"elementor-widget-container\">\n\t\t\t\t\t\t\t\t\t<p>Labi apr\u012bkota videonov\u0113ro\u0161anas sist\u0113ma pal\u012bdz\u0113s aizsarg\u0101t muzeja m\u0101kslas kolekcijas no iesp\u0113jam\u0101 vand\u0101lisma un z\u0101dz\u012bb\u0101m.<\/p>\t\t\t\t\t\t\t\t<\/div>\n\t\t\t\t<\/div>\n\t\t\t\t\t<\/div>\n\t\t<\/div>\n\t\t\t\t<div class=\"elementor-column elementor-col-50 elementor-top-column elementor-element elementor-element-9feb7d7 elementor-hidden-phone\" data-id=\"9feb7d7\" data-element_type=\"column\">\n\t\t\t<div class=\"elementor-widget-wrap\">\n\t\t\t\t\t\t\t<\/div>\n\t\t<\/div>\n\t\t\t\t\t<\/div>\n\t\t<\/section>\n\t\t\t\t<section class=\"elementor-section elementor-top-section elementor-element elementor-element-cd8d7bf elementor-section-boxed elementor-section-height-default elementor-section-height-default\" data-id=\"cd8d7bf\" data-element_type=\"section\" data-settings=\"{&quot;background_background&quot;:&quot;classic&quot;,&quot;background_motion_fx_motion_fx_scrolling&quot;:&quot;yes&quot;}\">\n\t\t\t\t\t\t<div class=\"elementor-container elementor-column-gap-no\">\n\t\t\t\t\t<div class=\"elementor-column elementor-col-50 elementor-top-column elementor-element elementor-element-ee20e1c elementor-hidden-phone\" data-id=\"ee20e1c\" data-element_type=\"column\">\n\t\t\t<div class=\"elementor-widget-wrap\">\n\t\t\t\t\t\t\t<\/div>\n\t\t<\/div>\n\t\t\t\t<div class=\"elementor-column elementor-col-50 elementor-top-column elementor-element elementor-element-f4c717a\" data-id=\"f4c717a\" data-element_type=\"column\" data-settings=\"{&quot;background_background&quot;:&quot;classic&quot;}\">\n\t\t\t<div class=\"elementor-widget-wrap elementor-element-populated\">\n\t\t\t\t\t\t<div class=\"elementor-element elementor-element-e00b91f elementor-widget elementor-widget-razzi-heading\" data-id=\"e00b91f\" data-element_type=\"widget\" data-widget_type=\"razzi-heading.default\">\n\t\t\t\t<div class=\"elementor-widget-container\">\n\t\t\t\t\t<div class=\"razzi-heading-wrapper\"><h3 class=\"razzi-heading-title\"> Sensori<\/h3><\/div>\t\t\t\t<\/div>\n\t\t\t\t<\/div>\n\t\t\t\t<div class=\"elementor-element elementor-element-f2d149c elementor-widget elementor-widget-text-editor\" data-id=\"f2d149c\" data-element_type=\"widget\" data-widget_type=\"text-editor.default\">\n\t\t\t\t<div class=\"elementor-widget-container\">\n\t\t\t\t\t\t\t\t\t<p>Sensori ir \u013coti svar\u012bgi, lai uztur\u0113tu pareizo temperat\u016bru un mitrumu katram v\u0113rt\u012bgam un ant\u012bkam priek\u0161metam vai gleznai. Autom\u0101tisk\u0101 temperat\u016bras un mitruma m\u0113r\u012b\u0161anas sist\u0113ma pal\u012bdz izsekot optim\u0101lajiem temperat\u016bras un mitruma parametriem muzej\u0101 vai m\u0101kslas galerij\u0101. Bezvadu un maza izm\u0113ra elegantus sensorus ir \u013coti viegli uzst\u0101d\u012bt uz jebkura m\u0101kslas objekta.<\/p>\t\t\t\t\t\t\t\t<\/div>\n\t\t\t\t<\/div>\n\t\t\t\t\t<\/div>\n\t\t<\/div>\n\t\t\t\t\t<\/div>\n\t\t<\/section>\n\t\t\t\t<section class=\"elementor-section elementor-top-section elementor-element elementor-element-3546a97 elementor-section-boxed elementor-section-height-default elementor-section-height-default\" data-id=\"3546a97\" data-element_type=\"section\" data-settings=\"{&quot;background_background&quot;:&quot;classic&quot;,&quot;background_motion_fx_motion_fx_scrolling&quot;:&quot;yes&quot;}\">\n\t\t\t\t\t\t<div class=\"elementor-container elementor-column-gap-no\">\n\t\t\t\t\t<div class=\"elementor-column elementor-col-50 elementor-top-column elementor-element elementor-element-8c0fe3b\" data-id=\"8c0fe3b\" data-element_type=\"column\" data-settings=\"{&quot;background_background&quot;:&quot;classic&quot;}\">\n\t\t\t<div class=\"elementor-widget-wrap elementor-element-populated\">\n\t\t\t\t\t\t<div class=\"elementor-element elementor-element-f6617a9 elementor-widget elementor-widget-razzi-heading\" data-id=\"f6617a9\" data-element_type=\"widget\" data-widget_type=\"razzi-heading.default\">\n\t\t\t\t<div class=\"elementor-widget-container\">\n\t\t\t\t\t<div class=\"razzi-heading-wrapper\"><h3 class=\"razzi-heading-title\"> Antenas<\/h3><\/div>\t\t\t\t<\/div>\n\t\t\t\t<\/div>\n\t\t\t\t<div class=\"elementor-element elementor-element-1da744c elementor-widget elementor-widget-text-editor\" data-id=\"1da744c\" data-element_type=\"widget\" data-widget_type=\"text-editor.default\">\n\t\t\t\t<div class=\"elementor-widget-container\">\n\t\t\t\t\t\t\t\t\t<p>Sensori bezvadu re\u017e\u012bm\u0101 sazin\u0101s ar RFID uztv\u0113r\u0113ju vai antenu t\u012bklu diapazon\u0101 no 15 l\u012bdz 70 m telp\u0101s vai l\u012bdz 200 m \u0101r\u0101. Tiek sken\u0113ta vide un izveidota RFID p\u0101rkl\u0101juma zona, kur\u0101 tiek glab\u0101ti visi l\u012bdzek\u013ci. T\u0101 k\u0101 tagi sazin\u0101s ar frekvenci 433 MHz, \u0161ifr\u0113tie sign\u0101li iek\u013c\u016bst liel\u0101kaj\u0101 da\u013c\u0101 materi\u0101lu (tostarp sien\u0101s, gr\u012bd\u0101s un griestos), t\u0101p\u0113c sign\u0101la antenas var viegli pasl\u0113pt sien\u0101s, gr\u012bd\u0101s un m\u0113bel\u0113s, lai gan da\u017ei m\u016bsu klienti izv\u0113las tos uzst\u0101d\u012bt labi redzam\u0101 viet\u0101. k\u0101 prevent\u012bvs l\u012bdzeklis. Lai apkalpotu noteiktu vietu, ir nepiecie\u0161ami tikai da\u017ei uztv\u0113r\u0113ji.<\/p>\t\t\t\t\t\t\t\t<\/div>\n\t\t\t\t<\/div>\n\t\t\t\t\t<\/div>\n\t\t<\/div>\n\t\t\t\t<div class=\"elementor-column elementor-col-50 elementor-top-column elementor-element elementor-element-d3a2827 elementor-hidden-phone\" data-id=\"d3a2827\" data-element_type=\"column\">\n\t\t\t<div class=\"elementor-widget-wrap\">\n\t\t\t\t\t\t\t<\/div>\n\t\t<\/div>\n\t\t\t\t\t<\/div>\n\t\t<\/section>\n\t\t\t\t<section class=\"elementor-section elementor-top-section elementor-element elementor-element-898adb8 elementor-section-boxed elementor-section-height-default elementor-section-height-default\" data-id=\"898adb8\" data-element_type=\"section\" data-settings=\"{&quot;background_background&quot;:&quot;classic&quot;,&quot;background_motion_fx_motion_fx_scrolling&quot;:&quot;yes&quot;}\">\n\t\t\t\t\t\t<div class=\"elementor-container elementor-column-gap-no\">\n\t\t\t\t\t<div class=\"elementor-column elementor-col-50 elementor-top-column elementor-element elementor-element-f394cda elementor-hidden-phone\" data-id=\"f394cda\" data-element_type=\"column\">\n\t\t\t<div class=\"elementor-widget-wrap\">\n\t\t\t\t\t\t\t<\/div>\n\t\t<\/div>\n\t\t\t\t<div class=\"elementor-column elementor-col-50 elementor-top-column elementor-element elementor-element-89c57fe\" data-id=\"89c57fe\" data-element_type=\"column\" data-settings=\"{&quot;background_background&quot;:&quot;classic&quot;}\">\n\t\t\t<div class=\"elementor-widget-wrap elementor-element-populated\">\n\t\t\t\t\t\t<div class=\"elementor-element elementor-element-82deb5f elementor-widget elementor-widget-razzi-heading\" data-id=\"82deb5f\" data-element_type=\"widget\" data-widget_type=\"razzi-heading.default\">\n\t\t\t\t<div class=\"elementor-widget-container\">\n\t\t\t\t\t<div class=\"razzi-heading-wrapper\"><h3 class=\"razzi-heading-title\"> Skeneri<\/h3><\/div>\t\t\t\t<\/div>\n\t\t\t\t<\/div>\n\t\t\t\t<div class=\"elementor-element elementor-element-d76999b elementor-widget elementor-widget-text-editor\" data-id=\"d76999b\" data-element_type=\"widget\" data-widget_type=\"text-editor.default\">\n\t\t\t\t<div class=\"elementor-widget-container\">\n\t\t\t\t\t\t\t\t\t<p>L\u0101zera detektori darbojas \u0101rk\u0101rt\u012bgi prec\u012bzi un uzticami. Viltus trauksmes sign\u0101lu praktiski nav. Ieg\u016bst prec\u012bzus datus par katru gad\u012bjumu, kad k\u0101ds ir p\u0101r\u0101k tuvu att\u0113lam, lai m\u0113s var\u0113tu nekav\u0113joties rea\u0123\u0113t<\/p>\t\t\t\t\t\t\t\t<\/div>\n\t\t\t\t<\/div>\n\t\t\t\t\t<\/div>\n\t\t<\/div>\n\t\t\t\t\t<\/div>\n\t\t<\/section>\n\t\t\t\t<section class=\"elementor-section elementor-top-section elementor-element elementor-element-b1c199f elementor-section-boxed elementor-section-height-default elementor-section-height-default\" data-id=\"b1c199f\" data-element_type=\"section\" data-settings=\"{&quot;background_background&quot;:&quot;classic&quot;,&quot;background_motion_fx_motion_fx_scrolling&quot;:&quot;yes&quot;}\">\n\t\t\t\t\t\t<div class=\"elementor-container elementor-column-gap-no\">\n\t\t\t\t\t<div class=\"elementor-column elementor-col-50 elementor-top-column elementor-element elementor-element-e8a68e9\" data-id=\"e8a68e9\" data-element_type=\"column\" data-settings=\"{&quot;background_background&quot;:&quot;classic&quot;}\">\n\t\t\t<div class=\"elementor-widget-wrap elementor-element-populated\">\n\t\t\t\t\t\t<div class=\"elementor-element elementor-element-c8303f2 elementor-widget elementor-widget-razzi-heading\" data-id=\"c8303f2\" data-element_type=\"widget\" data-widget_type=\"razzi-heading.default\">\n\t\t\t\t<div class=\"elementor-widget-container\">\n\t\t\t\t\t<div class=\"razzi-heading-wrapper\"><h3 class=\"razzi-heading-title\"> RFID tagi<\/h3><\/div>\t\t\t\t<\/div>\n\t\t\t\t<\/div>\n\t\t\t\t<div class=\"elementor-element elementor-element-ddefcdf elementor-widget elementor-widget-text-editor\" data-id=\"ddefcdf\" data-element_type=\"widget\" data-widget_type=\"text-editor.default\">\n\t\t\t\t<div class=\"elementor-widget-container\">\n\t\t\t\t\t\t\t\t\t<p><span data-sheets-value=\"{&quot;1&quot;:2,&quot;2&quot;:&quot;\\nRFID etiket\u0117s suteikia pagrindines funkcijas su sud\u0117tinga RFID \u012franga, stebin\u010dia j\u016bs\u0173 didel\u0117s vert\u0117s turt\u0105 24 valandas per par\u0105, 7 dienas per savait\u0119&quot;}\" data-sheets-userformat=\"{&quot;2&quot;:897,&quot;3&quot;:{&quot;1&quot;:0},&quot;10&quot;:1,&quot;11&quot;:4,&quot;12&quot;:0}\"><br \/>RFID tagi nodro\u0161ina b\u016btisku funkcionalit\u0101ti ar izsmalcin\u0101tu RFID apr\u012bkojumu, lai uzraudz\u012btu j\u016bsu v\u0113rt\u012bgos \u012bpa\u0161umus 24 stundas diennakt\u012b.<\/span><\/p>\t\t\t\t\t\t\t\t<\/div>\n\t\t\t\t<\/div>\n\t\t\t\t\t<\/div>\n\t\t<\/div>\n\t\t\t\t<div class=\"elementor-column elementor-col-50 elementor-top-column elementor-element elementor-element-ab4ca97 elementor-hidden-phone\" data-id=\"ab4ca97\" data-element_type=\"column\">\n\t\t\t<div class=\"elementor-widget-wrap\">\n\t\t\t\t\t\t\t<\/div>\n\t\t<\/div>\n\t\t\t\t\t<\/div>\n\t\t<\/section>\n\t\t\t\t<section class=\"elementor-section elementor-top-section elementor-element elementor-element-50b8ae2 elementor-section-boxed elementor-section-height-default elementor-section-height-default\" data-id=\"50b8ae2\" data-element_type=\"section\" data-settings=\"{&quot;background_background&quot;:&quot;classic&quot;,&quot;background_motion_fx_motion_fx_scrolling&quot;:&quot;yes&quot;}\">\n\t\t\t\t\t\t<div class=\"elementor-container elementor-column-gap-no\">\n\t\t\t\t\t<div class=\"elementor-column elementor-col-50 elementor-top-column elementor-element elementor-element-6bf3a55 elementor-hidden-phone\" data-id=\"6bf3a55\" data-element_type=\"column\">\n\t\t\t<div class=\"elementor-widget-wrap\">\n\t\t\t\t\t\t\t<\/div>\n\t\t<\/div>\n\t\t\t\t<div class=\"elementor-column elementor-col-50 elementor-top-column elementor-element elementor-element-bc24f70\" data-id=\"bc24f70\" data-element_type=\"column\" data-settings=\"{&quot;background_background&quot;:&quot;classic&quot;}\">\n\t\t\t<div class=\"elementor-widget-wrap elementor-element-populated\">\n\t\t\t\t\t\t<div class=\"elementor-element elementor-element-d03d300 elementor-widget elementor-widget-razzi-heading\" data-id=\"d03d300\" data-element_type=\"widget\" data-widget_type=\"razzi-heading.default\">\n\t\t\t\t<div class=\"elementor-widget-container\">\n\t\t\t\t\t<div class=\"razzi-heading-wrapper\"><h3 class=\"razzi-heading-title\"> Programmat\u016bra<\/h3><\/div>\t\t\t\t<\/div>\n\t\t\t\t<\/div>\n\t\t\t\t<div class=\"elementor-element elementor-element-e47c311 elementor-widget elementor-widget-text-editor\" data-id=\"e47c311\" data-element_type=\"widget\" data-widget_type=\"text-editor.default\">\n\t\t\t\t<div class=\"elementor-widget-container\">\n\t\t\t\t\t\t\t\t\t<p>Vied\u0101s bezvadu l\u012bdzek\u013cu uzraudz\u012bbas sist\u0113mas muzejiem, priv\u0101tkolekcij\u0101m, superjaht\u0101m un industri\u0101lajai videi<\/p>\t\t\t\t\t\t\t\t<\/div>\n\t\t\t\t<\/div>\n\t\t\t\t\t<\/div>\n\t\t<\/div>\n\t\t\t\t\t<\/div>\n\t\t<\/section>\n\t\t\t\t<section class=\"elementor-section elementor-top-section elementor-element elementor-element-2c890b6 elementor-section-boxed elementor-section-height-default elementor-section-height-default\" data-id=\"2c890b6\" data-element_type=\"section\" data-settings=\"{&quot;background_background&quot;:&quot;classic&quot;,&quot;background_motion_fx_motion_fx_scrolling&quot;:&quot;yes&quot;}\">\n\t\t\t\t\t\t<div class=\"elementor-container elementor-column-gap-no\">\n\t\t\t\t\t<div class=\"elementor-column elementor-col-50 elementor-top-column elementor-element elementor-element-6e1b343\" data-id=\"6e1b343\" data-element_type=\"column\" data-settings=\"{&quot;background_background&quot;:&quot;classic&quot;}\">\n\t\t\t<div class=\"elementor-widget-wrap elementor-element-populated\">\n\t\t\t\t\t\t<div class=\"elementor-element elementor-element-07326ae elementor-widget elementor-widget-razzi-heading\" data-id=\"07326ae\" data-element_type=\"widget\" data-widget_type=\"razzi-heading.default\">\n\t\t\t\t<div class=\"elementor-widget-container\">\n\t\t\t\t\t<div class=\"razzi-heading-wrapper\"><h3 class=\"razzi-heading-title\"> P\u0101rejas v\u0101rti<\/h3><\/div>\t\t\t\t<\/div>\n\t\t\t\t<\/div>\n\t\t\t\t<div class=\"elementor-element elementor-element-c927794 elementor-widget elementor-widget-text-editor\" data-id=\"c927794\" data-element_type=\"widget\" data-widget_type=\"text-editor.default\">\n\t\t\t\t<div class=\"elementor-widget-container\">\n\t\t\t\t\t\t\t\t\t<p>Neatkar\u012bgi no t\u0101, vai t\u0101s ir gr\u0101matas, \u017eurn\u0101li, CD\/DVD, sp\u0113les, multivides pakotnes utt. - j\u016bsu invent\u0101rs ir v\u0113rt\u012bgs. Ar m\u016bsu uztver\u0161anas v\u0101rtiem tie ir viegli un diskr\u0113ti aizsarg\u0101ti. V\u0101rti ir elast\u012bgi uzst\u0101d\u0101mi un ir piem\u0113roti da\u017e\u0101da platuma ieeju veido\u0161anai.<\/p>\t\t\t\t\t\t\t\t<\/div>\n\t\t\t\t<\/div>\n\t\t\t\t\t<\/div>\n\t\t<\/div>\n\t\t\t\t<div class=\"elementor-column elementor-col-50 elementor-top-column elementor-element elementor-element-eee18e4 elementor-hidden-phone\" data-id=\"eee18e4\" data-element_type=\"column\">\n\t\t\t<div class=\"elementor-widget-wrap\">\n\t\t\t\t\t\t\t<\/div>\n\t\t<\/div>\n\t\t\t\t\t<\/div>\n\t\t<\/section>\n\t\t\t\t<section class=\"elementor-section elementor-top-section elementor-element elementor-element-288676f elementor-section-boxed elementor-section-height-default elementor-section-height-default\" data-id=\"288676f\" data-element_type=\"section\">\n\t\t\t\t\t\t<div class=\"elementor-container elementor-column-gap-extended\">\n\t\t\t\t\t<div class=\"elementor-column elementor-col-50 elementor-top-column elementor-element elementor-element-3734ee8\" data-id=\"3734ee8\" data-element_type=\"column\">\n\t\t\t<div class=\"elementor-widget-wrap elementor-element-populated\">\n\t\t\t\t\t\t<div class=\"elementor-element elementor-element-f45d15d elementor-widget elementor-widget-heading\" data-id=\"f45d15d\" data-element_type=\"widget\" data-widget_type=\"heading.default\">\n\t\t\t\t<div class=\"elementor-widget-container\">\n\t\t\t\t\t<h3 class=\"elementor-heading-title elementor-size-default\">Sa\u0146emiet pied\u0101v\u0101jumu, kas atbilst j\u016bsu vajadz\u012bb\u0101m!<\/h3>\t\t\t\t<\/div>\n\t\t\t\t<\/div>\n\t\t\t\t<div class=\"elementor-element elementor-element-7c13657 elementor-widget elementor-widget-text-editor\" data-id=\"7c13657\" data-element_type=\"widget\" data-widget_type=\"text-editor.default\">\n\t\t\t\t<div class=\"elementor-widget-container\">\n\t\t\t\t\t\t\t\t\t<script data-b24-form=\"inline\/17\/rhqs1b\" data-skip-moving=\"true\">\r\n(function(w,d,u){\r\nvar s=d.createElement('script');s.async=true;s.src=u+'?'+(Date.now()\/180000|0);\r\nvar h=d.getElementsByTagName('script')[0];h.parentNode.insertBefore(s,h);\r\n})(window,document,'https:\/\/cdn.bitrix24.eu\/b23451613\/crm\/form\/loader_17.js');\r\n<\/script>\t\t\t\t\t\t\t\t<\/div>\n\t\t\t\t<\/div>\n\t\t\t\t\t<\/div>\n\t\t<\/div>\n\t\t\t\t<div class=\"elementor-column elementor-col-50 elementor-top-column elementor-element elementor-element-582a81a\" data-id=\"582a81a\" data-element_type=\"column\">\n\t\t\t<div class=\"elementor-widget-wrap elementor-element-populated\">\n\t\t\t\t\t\t<div class=\"elementor-element elementor-element-86a6d94 elementor-widget elementor-widget-heading\" data-id=\"86a6d94\" data-element_type=\"widget\" data-widget_type=\"heading.default\">\n\t\t\t\t<div class=\"elementor-widget-container\">\n\t\t\t\t\t<h3 class=\"elementor-heading-title elementor-size-default\">Partneri:<\/h3>\t\t\t\t<\/div>\n\t\t\t\t<\/div>\n\t\t\t\t<div class=\"elementor-element elementor-element-9352169 elementor-widget elementor-widget-heading\" data-id=\"9352169\" data-element_type=\"widget\" data-widget_type=\"heading.default\">\n\t\t\t\t<div class=\"elementor-widget-container\">\n\t\t\t\t\t<h6 class=\"elementor-heading-title elementor-size-default\"> <\/h6>\t\t\t\t<\/div>\n\t\t\t\t<\/div>\n\t\t\t\t<div class=\"elementor-element elementor-element-bed3095 elementor-widget elementor-widget-image\" data-id=\"bed3095\" data-element_type=\"widget\" data-widget_type=\"image.default\">\n\t\t\t\t<div class=\"elementor-widget-container\">\n\t\t\t\t\t\t\t\t\t\t\t\t\t\t\t<img decoding=\"async\" width=\"300\" height=\"105\" src=\"https:\/\/tavieta.lt\/wp-content\/uploads\/2025\/01\/nexbib-payoff-YLC-RGB-300x105.png\" class=\"attachment-medium size-medium wp-image-13218\" alt=\"\" srcset=\"https:\/\/tavieta.lt\/wp-content\/uploads\/2025\/01\/nexbib-payoff-YLC-RGB-e1738249839806.png 300w, https:\/\/tavieta.lt\/wp-content\/uploads\/2025\/01\/nexbib-payoff-YLC-RGB-768x269.png 768w, https:\/\/tavieta.lt\/wp-content\/uploads\/2025\/01\/nexbib-payoff-YLC-RGB-444x156.png 444w, https:\/\/tavieta.lt\/wp-content\/uploads\/2025\/01\/nexbib-payoff-YLC-RGB-800x280.png 800w\" sizes=\"(max-width: 300px) 100vw, 300px\" \/>\t\t\t\t\t\t\t\t\t\t\t\t\t\t\t<\/div>\n\t\t\t\t<\/div>\n\t\t\t\t\t<\/div>\n\t\t<\/div>\n\t\t\t\t\t<\/div>\n\t\t<\/section>\n\t\t\t\t<\/div>","protected":false},"excerpt":{"rendered":"<p>Dro\u0161\u012bbas risin\u0101jumi Muzejs ieg\u0101d\u0101jas, konserv\u0113, p\u0113ta un izst\u0101da v\u0113sturiskas, zin\u0101tniskas vai m\u0101kslinieciskas noz\u012bmes objektus izgl\u012bt\u012bbas, m\u0101c\u012bbu un izklaides nol\u016bkos. Da\u017ereiz muzeji organiz\u0113 ar\u012b programmas un aktivit\u0101tes, piem\u0113ram, lekcijas un nodarb\u012bbas visu vecumu auditorijai. Muzeja vad\u012bbai \u013coti svar\u012bga ir muzej\u0101 glab\u0101jamo v\u0113rt\u012bbu dro\u0161\u012bba un apmekl\u0113t\u0101ju un darbinieku dro\u0161\u012bba. Kameras Labi apr\u012bkota videonov\u0113ro\u0161anas sist\u0113ma [\u2026]<\/p>","protected":false},"author":1,"featured_media":0,"parent":0,"menu_order":0,"comment_status":"closed","ping_status":"closed","template":"","meta":{"footnotes":""},"class_list":["post-10662","page","type-page","status-publish","hentry"],"_links":{"self":[{"href":"https:\/\/tavieta.lt\/lv\/wp-json\/wp\/v2\/pages\/10662","targetHints":{"allow":["GET"]}}],"collection":[{"href":"https:\/\/tavieta.lt\/lv\/wp-json\/wp\/v2\/pages"}],"about":[{"href":"https:\/\/tavieta.lt\/lv\/wp-json\/wp\/v2\/types\/page"}],"author":[{"embeddable":true,"href":"https:\/\/tavieta.lt\/lv\/wp-json\/wp\/v2\/users\/1"}],"replies":[{"embeddable":true,"href":"https:\/\/tavieta.lt\/lv\/wp-json\/wp\/v2\/comments?post=10662"}],"version-history":[{"count":3,"href":"https:\/\/tavieta.lt\/lv\/wp-json\/wp\/v2\/pages\/10662\/revisions"}],"predecessor-version":[{"id":13241,"href":"https:\/\/tavieta.lt\/lv\/wp-json\/wp\/v2\/pages\/10662\/revisions\/13241"}],"wp:attachment":[{"href":"https:\/\/tavieta.lt\/lv\/wp-json\/wp\/v2\/media?parent=10662"}],"curies":[{"name":"wp","href":"https:\/\/api.w.org\/{rel}","templated":true}]}}