{"id":10801,"date":"2023-07-13T08:42:34","date_gmt":"2023-07-13T08:42:34","guid":{"rendered":"http:\/\/tavieta.lt\/?page_id=10801"},"modified":"2025-01-30T14:58:45","modified_gmt":"2025-01-30T14:58:45","slug":"biurams","status":"publish","type":"page","link":"https:\/\/tavieta.lt\/lv\/biurams\/","title":{"rendered":"Ofisiem"},"content":{"rendered":"<div data-elementor-type=\"wp-page\" data-elementor-id=\"10801\" class=\"elementor elementor-10801\">\n\t\t\t\t\t\t<section class=\"elementor-section elementor-top-section elementor-element elementor-element-938d885 elementor-section-boxed elementor-section-height-default elementor-section-height-default\" data-id=\"938d885\" data-element_type=\"section\">\n\t\t\t\t\t\t<div class=\"elementor-container elementor-column-gap-extended\">\n\t\t\t\t\t<div class=\"elementor-column elementor-col-50 elementor-top-column elementor-element elementor-element-11fb197\" data-id=\"11fb197\" data-element_type=\"column\">\n\t\t\t<div class=\"elementor-widget-wrap elementor-element-populated\">\n\t\t\t\t\t\t<div class=\"elementor-element elementor-element-fc8688f elementor-widget elementor-widget-image\" data-id=\"fc8688f\" data-element_type=\"widget\" data-widget_type=\"image.default\">\n\t\t\t\t<div class=\"elementor-widget-container\">\n\t\t\t\t\t\t\t\t\t\t\t\t\t\t\t<img fetchpriority=\"high\" decoding=\"async\" width=\"640\" height=\"453\" src=\"https:\/\/tavieta.lt\/wp-content\/uploads\/2023\/07\/paslaugos-ofisui-intro-1024x724.jpg\" class=\"attachment-large size-large wp-image-10829\" alt=\"\" srcset=\"https:\/\/tavieta.lt\/wp-content\/uploads\/2023\/07\/paslaugos-ofisui-intro-1024x724.jpg 1024w, https:\/\/tavieta.lt\/wp-content\/uploads\/2023\/07\/paslaugos-ofisui-intro-scaled-800x566.jpg 800w, https:\/\/tavieta.lt\/wp-content\/uploads\/2023\/07\/paslaugos-ofisui-intro-300x212.jpg 300w, https:\/\/tavieta.lt\/wp-content\/uploads\/2023\/07\/paslaugos-ofisui-intro-768x543.jpg 768w, https:\/\/tavieta.lt\/wp-content\/uploads\/2023\/07\/paslaugos-ofisui-intro-1536x1086.jpg 1536w, https:\/\/tavieta.lt\/wp-content\/uploads\/2023\/07\/paslaugos-ofisui-intro-2048x1448.jpg 2048w\" sizes=\"(max-width: 640px) 100vw, 640px\" \/>\t\t\t\t\t\t\t\t\t\t\t\t\t\t\t<\/div>\n\t\t\t\t<\/div>\n\t\t\t\t\t<\/div>\n\t\t<\/div>\n\t\t\t\t<div class=\"elementor-column elementor-col-50 elementor-top-column elementor-element elementor-element-6caeeb0\" data-id=\"6caeeb0\" data-element_type=\"column\">\n\t\t\t<div class=\"elementor-widget-wrap elementor-element-populated\">\n\t\t\t\t\t\t<div class=\"elementor-element elementor-element-86af5e2 elementor-widget elementor-widget-heading\" data-id=\"86af5e2\" data-element_type=\"widget\" data-widget_type=\"heading.default\">\n\t\t\t\t<div class=\"elementor-widget-container\">\n\t\t\t\t\t<h6 class=\"elementor-heading-title elementor-size-default\">Risin\u0101jumu pielietojums<\/h6>\t\t\t\t<\/div>\n\t\t\t\t<\/div>\n\t\t\t\t<div class=\"elementor-element elementor-element-193851e elementor-widget elementor-widget-heading\" data-id=\"193851e\" data-element_type=\"widget\" data-widget_type=\"heading.default\">\n\t\t\t\t<div class=\"elementor-widget-container\">\n\t\t\t\t\t<h3 class=\"elementor-heading-title elementor-size-default\">Ofisiem<\/h3>\t\t\t\t<\/div>\n\t\t\t\t<\/div>\n\t\t\t\t<div class=\"elementor-element elementor-element-4a316fa elementor-widget elementor-widget-text-editor\" data-id=\"4a316fa\" data-element_type=\"widget\" data-widget_type=\"text-editor.default\">\n\t\t\t\t<div class=\"elementor-widget-container\">\n\t\t\t\t\t\t\t\t\t<p><span data-sheets-value=\"{&quot;1&quot;:2,&quot;2&quot;:&quot;Ko i\u0161 tikr\u0173j\u0173 reikia j\u016bs\u0173 biurui? Pakeiskite\\ntradicin\u012f i\u0161d\u0117stym\u0105 su visomis tu\u0161\u010diomis darbo vietomis ir\\nnepanaudota erdve. Daugiafunkcin\u0117 saugykla\\nsprendimas suteikiantis jums laisv\u0119 paskirti atskiras\\nzonas ramiam susikaupimui, k\u016brybiniam darbui, susitikimams\\nir atsipalaidavimui. &quot;}\" data-sheets-userformat=\"{&quot;2&quot;:897,&quot;3&quot;:{&quot;1&quot;:0},&quot;10&quot;:1,&quot;11&quot;:4,&quot;12&quot;:0}\">Kas \u012bsti ir nepiecie\u0161ams j\u016bsu birojam? Mainiet to<br \/>tradicion\u0101lais izk\u0101rtojums ar visiem tuk\u0161iem darbiem un<br \/>neizmantota telpa. Daudzfunkcion\u0101la uzglab\u0101\u0161ana<br \/>risin\u0101jums, kas sniedz jums br\u012bv\u012bbu pie\u0161\u0137irt atsevi\u0161\u0137us<br \/>zonas klusai koncentr\u0101cijai, rado\u0161am darbam, sapulc\u0113m<br \/>un relaks\u0101cija. <\/span><\/p>\t\t\t\t\t\t\t\t<\/div>\n\t\t\t\t<\/div>\n\t\t\t\t\t<\/div>\n\t\t<\/div>\n\t\t\t\t\t<\/div>\n\t\t<\/section>\n\t\t\t\t<section class=\"elementor-section elementor-top-section elementor-element elementor-element-636506b elementor-section-boxed elementor-section-height-default elementor-section-height-default\" data-id=\"636506b\" data-element_type=\"section\" data-settings=\"{&quot;background_background&quot;:&quot;classic&quot;}\">\n\t\t\t\t\t\t<div class=\"elementor-container elementor-column-gap-no\">\n\t\t\t\t\t<div class=\"elementor-column elementor-col-100 elementor-top-column elementor-element elementor-element-ce05a03\" data-id=\"ce05a03\" data-element_type=\"column\">\n\t\t\t<div class=\"elementor-widget-wrap elementor-element-populated\">\n\t\t\t\t\t\t<div class=\"elementor-element elementor-element-2c0d426 elementor-widget elementor-widget-heading\" data-id=\"2c0d426\" data-element_type=\"widget\" data-widget_type=\"heading.default\">\n\t\t\t\t<div class=\"elementor-widget-container\">\n\t\t\t\t\t<h6 class=\"elementor-heading-title elementor-size-default\">Ofisiem<\/h6>\t\t\t\t<\/div>\n\t\t\t\t<\/div>\n\t\t\t\t<div class=\"elementor-element elementor-element-7678e46 elementor-widget elementor-widget-heading\" data-id=\"7678e46\" data-element_type=\"widget\" data-widget_type=\"heading.default\">\n\t\t\t\t<div class=\"elementor-widget-container\">\n\t\t\t\t\t<h3 class=\"elementor-heading-title elementor-size-default\">Risin\u0101jumi un produkti<\/h3>\t\t\t\t<\/div>\n\t\t\t\t<\/div>\n\t\t\t\t<section class=\"elementor-section elementor-inner-section elementor-element elementor-element-65a762c elementor-section-boxed elementor-section-height-default elementor-section-height-default\" data-id=\"65a762c\" data-element_type=\"section\">\n\t\t\t\t\t\t<div class=\"elementor-container elementor-column-gap-extended\">\n\t\t\t\t\t<div class=\"elementor-column elementor-col-50 elementor-inner-column elementor-element elementor-element-495603c\" data-id=\"495603c\" data-element_type=\"column\">\n\t\t\t<div class=\"elementor-widget-wrap elementor-element-populated\">\n\t\t\t\t\t\t<div class=\"elementor-element elementor-element-ecf3472 elementor-widget elementor-widget-razzi-heading\" data-id=\"ecf3472\" data-element_type=\"widget\" data-widget_type=\"razzi-heading.default\">\n\t\t\t\t<div class=\"elementor-widget-container\">\n\t\t\t\t\t<div class=\"razzi-heading-wrapper\"><h4 class=\"razzi-heading-title\"> Mobilie plaukti<\/h4><\/div>\t\t\t\t<\/div>\n\t\t\t\t<\/div>\n\t\t\t\t<div class=\"elementor-element elementor-element-20c9868 elementor-widget elementor-widget-text-editor\" data-id=\"20c9868\" data-element_type=\"widget\" data-widget_type=\"text-editor.default\">\n\t\t\t\t<div class=\"elementor-widget-container\">\n\t\t\t\t\t\t\t\t\t<p><span data-sheets-value=\"{&quot;1&quot;:2,&quot;2&quot;:&quot;J\u016bs\u0173 verslui reikalingas kiekvienas kvadratinis metras. Pamir\u0161kite tradicinius\\nsaugojimo sprendimai, kurie u\u017eima verting\u0105 grind\u0173 plot\u0105. Naudojant mobilias lentynas galite gauti 50 % daugiau vietos\\npalyginti su tradiciniais saugojimo sprendimais. Kadangi ma\u017eesnis kvadratini\u0173 metr\u0173\\nsunaudojimas taip pat reik\u0161 ma\u017eesnes i\u0161laidas ap\u0161vietimui, valymui ir apsaugai;\\ni\u0161maniojo biuro naujov\u0117s taip pat suteiks jums tvaraus prana\u0161umo.&quot;}\" data-sheets-userformat=\"{&quot;2&quot;:897,&quot;3&quot;:{&quot;1&quot;:0},&quot;10&quot;:1,&quot;11&quot;:4,&quot;12&quot;:0}\">J\u016bsu uz\u0146\u0113mumam ir nepiecie\u0161ams katrs kvadr\u0101tmetrs. Aizmirstiet par tradicion\u0101lajiem uzglab\u0101\u0161anas risin\u0101jumiem, kas aiz\u0146em v\u0113rt\u012bgu gr\u012bdas plat\u012bbu. Izmantojot mobilos plauktus, j\u016bs varat ieg\u016bt par 50\u00a0% vair\u0101k vietas, sal\u012bdzinot ar tradicion\u0101lajiem uzglab\u0101\u0161anas risin\u0101jumiem. Jo maz\u0101ks kvadr\u0101tmetru pat\u0113ri\u0146\u0161 noz\u012bm\u0113s ar\u012b zem\u0101kas izmaksas apgaismojumam, t\u012br\u012b\u0161anai un dro\u0161\u012bbai. Vied\u0101 biroja inov\u0101cija sniegs jums ar\u012b ilgtsp\u0113j\u012bgas priek\u0161roc\u012bbas.<\/span><\/p>\t\t\t\t\t\t\t\t<\/div>\n\t\t\t\t<\/div>\n\t\t\t\t<div class=\"elementor-element elementor-element-1372ba7 elementor-align-center elementor-widget elementor-widget-razzi-button\" data-id=\"1372ba7\" data-element_type=\"widget\" data-widget_type=\"razzi-button.default\">\n\t\t\t\t<div class=\"elementor-widget-container\">\n\t\t\t\t\t        <a href=\"http:\/\/tavieta.lt\/lv\/mobilios-lentynos\/\" class=\"razzi-button-link razzi-button\">\n\t\t\t\t\t\t\t\t\t<span class=\"razzi-button-text\">Vair\u0101k inform\u0101cijas<\/span>        <\/a>\n\t\t\t\t\t\t<\/div>\n\t\t\t\t<\/div>\n\t\t\t\t\t<\/div>\n\t\t<\/div>\n\t\t\t\t<div class=\"elementor-column elementor-col-50 elementor-inner-column elementor-element elementor-element-2fa5980\" data-id=\"2fa5980\" data-element_type=\"column\">\n\t\t\t<div class=\"elementor-widget-wrap elementor-element-populated\">\n\t\t\t\t\t\t<div class=\"elementor-element elementor-element-f5c4f45 elementor-widget elementor-widget-razzi-heading\" data-id=\"f5c4f45\" data-element_type=\"widget\" data-widget_type=\"razzi-heading.default\">\n\t\t\t\t<div class=\"elementor-widget-container\">\n\t\t\t\t\t<div class=\"razzi-heading-wrapper\"><h4 class=\"razzi-heading-title\"> Stacion\u0101rie plaukti<\/h4><\/div>\t\t\t\t<\/div>\n\t\t\t\t<\/div>\n\t\t\t\t<div class=\"elementor-element elementor-element-f6e54b3 elementor-widget elementor-widget-text-editor\" data-id=\"f6e54b3\" data-element_type=\"widget\" data-widget_type=\"text-editor.default\">\n\t\t\t\t<div class=\"elementor-widget-container\">\n\t\t\t\t\t\t\t\t\t<p><span data-sheets-value=\"{&quot;1&quot;:2,&quot;2&quot;:&quot;M\u016bs\u0173 lentyn\u0173 sistemos yra\\r\\npuikus universalus saugojimo sprendimas.\\r\\nModulinio dizaino,\\r\\nsistemas galima keisti,\\r\\nkad tikt\u0173 esantiems objektams\\r\\nsaugoti. Stumdomos durys gali\\r\\nb\u016bti pridedamos d\u0117l saugumo arba\\r\\napsaugai nuo dulki\u0173.&quot;}\" data-sheets-userformat=\"{&quot;2&quot;:513,&quot;3&quot;:{&quot;1&quot;:0},&quot;12&quot;:0}\">M\u016bsu plauktu sist\u0113mas ir ide\u0101ls vispus\u012bgs uzglab\u0101\u0161anas risin\u0101jums. <br>Modul\u0101ra konstrukcija, sist\u0113mas var modific\u0113t, lai t\u0101s atbilstu eso\u0161aj\u0101m iek\u0101rt\u0101m <br>lai aizsarg\u0101tu Dro\u0161\u012bbai vai aizsardz\u012bbai pret putek\u013ciem var pievienot b\u012bd\u0101m\u0101s durvis.<\/span><\/p>\t\t\t\t\t\t\t\t<\/div>\n\t\t\t\t<\/div>\n\t\t\t\t<div class=\"elementor-element elementor-element-0cca7d2 elementor-align-center elementor-widget elementor-widget-razzi-button\" data-id=\"0cca7d2\" data-element_type=\"widget\" data-widget_type=\"razzi-button.default\">\n\t\t\t\t<div class=\"elementor-widget-container\">\n\t\t\t\t\t        <a href=\"http:\/\/tavieta.lt\/lv\/stacionarios-lentynos\/\" class=\"razzi-button-link razzi-button\">\n\t\t\t\t\t\t\t\t\t<span class=\"razzi-button-text\">Vair\u0101k inform\u0101cijas<\/span>        <\/a>\n\t\t\t\t\t\t<\/div>\n\t\t\t\t<\/div>\n\t\t\t\t\t<\/div>\n\t\t<\/div>\n\t\t\t\t\t<\/div>\n\t\t<\/section>\n\t\t\t\t\t<\/div>\n\t\t<\/div>\n\t\t\t\t\t<\/div>\n\t\t<\/section>\n\t\t\t\t<section class=\"elementor-section elementor-top-section elementor-element elementor-element-18f1413 elementor-section-boxed elementor-section-height-default elementor-section-height-default\" data-id=\"18f1413\" data-element_type=\"section\">\n\t\t\t\t\t\t<div class=\"elementor-container elementor-column-gap-extended\">\n\t\t\t\t\t<div class=\"elementor-column elementor-col-50 elementor-top-column elementor-element elementor-element-95a54fe\" data-id=\"95a54fe\" data-element_type=\"column\">\n\t\t\t<div class=\"elementor-widget-wrap elementor-element-populated\">\n\t\t\t\t\t\t<div class=\"elementor-element elementor-element-fd1172e elementor-widget elementor-widget-heading\" data-id=\"fd1172e\" data-element_type=\"widget\" data-widget_type=\"heading.default\">\n\t\t\t\t<div class=\"elementor-widget-container\">\n\t\t\t\t\t<h3 class=\"elementor-heading-title elementor-size-default\">Sa\u0146emiet pied\u0101v\u0101jumu, kas atbilst j\u016bsu vajadz\u012bb\u0101m!<\/h3>\t\t\t\t<\/div>\n\t\t\t\t<\/div>\n\t\t\t\t<div class=\"elementor-element elementor-element-d2a47f7 elementor-widget elementor-widget-text-editor\" data-id=\"d2a47f7\" data-element_type=\"widget\" data-widget_type=\"text-editor.default\">\n\t\t\t\t<div class=\"elementor-widget-container\">\n\t\t\t\t\t\t\t\t\t<script data-b24-form=\"inline\/17\/rhqs1b\" data-skip-moving=\"true\">\r\n(function(w,d,u){\r\nvar s=d.createElement('script');s.async=true;s.src=u+'?'+(Date.now()\/180000|0);\r\nvar h=d.getElementsByTagName('script')[0];h.parentNode.insertBefore(s,h);\r\n})(window,document,'https:\/\/cdn.bitrix24.eu\/b23451613\/crm\/form\/loader_17.js');\r\n<\/script>\t\t\t\t\t\t\t\t<\/div>\n\t\t\t\t<\/div>\n\t\t\t\t\t<\/div>\n\t\t<\/div>\n\t\t\t\t<div class=\"elementor-column elementor-col-50 elementor-top-column elementor-element elementor-element-e118c79\" data-id=\"e118c79\" data-element_type=\"column\">\n\t\t\t<div class=\"elementor-widget-wrap elementor-element-populated\">\n\t\t\t\t\t\t<div class=\"elementor-element elementor-element-dba391d elementor-widget elementor-widget-heading\" data-id=\"dba391d\" data-element_type=\"widget\" data-widget_type=\"heading.default\">\n\t\t\t\t<div class=\"elementor-widget-container\">\n\t\t\t\t\t<h3 class=\"elementor-heading-title elementor-size-default\">Partneri:<\/h3>\t\t\t\t<\/div>\n\t\t\t\t<\/div>\n\t\t\t\t<div class=\"elementor-element elementor-element-edfa1da elementor-widget elementor-widget-heading\" data-id=\"edfa1da\" data-element_type=\"widget\" data-widget_type=\"heading.default\">\n\t\t\t\t<div class=\"elementor-widget-container\">\n\t\t\t\t\t<h6 class=\"elementor-heading-title elementor-size-default\"> <\/h6>\t\t\t\t<\/div>\n\t\t\t\t<\/div>\n\t\t\t\t<div class=\"elementor-element elementor-element-52f668c elementor-widget elementor-widget-image\" data-id=\"52f668c\" data-element_type=\"widget\" data-widget_type=\"image.default\">\n\t\t\t\t<div class=\"elementor-widget-container\">\n\t\t\t\t\t\t\t\t\t\t\t\t\t\t\t<img decoding=\"async\" width=\"300\" height=\"120\" src=\"https:\/\/tavieta.lt\/wp-content\/uploads\/2025\/01\/Logo_Bruynzeel-300x120.png\" class=\"attachment-medium size-medium wp-image-13170\" alt=\"\" srcset=\"https:\/\/tavieta.lt\/wp-content\/uploads\/2025\/01\/Logo_Bruynzeel-300x120.png 300w, https:\/\/tavieta.lt\/wp-content\/uploads\/2025\/01\/Logo_Bruynzeel-800x319.png 800w, https:\/\/tavieta.lt\/wp-content\/uploads\/2025\/01\/Logo_Bruynzeel-1024x408.png 1024w, https:\/\/tavieta.lt\/wp-content\/uploads\/2025\/01\/Logo_Bruynzeel-768x306.png 768w, https:\/\/tavieta.lt\/wp-content\/uploads\/2025\/01\/Logo_Bruynzeel-1536x612.png 1536w, https:\/\/tavieta.lt\/wp-content\/uploads\/2025\/01\/Logo_Bruynzeel-2048x816.png 2048w, https:\/\/tavieta.lt\/wp-content\/uploads\/2025\/01\/Logo_Bruynzeel-18x7.png 18w\" sizes=\"(max-width: 300px) 100vw, 300px\" \/>\t\t\t\t\t\t\t\t\t\t\t\t\t\t\t<\/div>\n\t\t\t\t<\/div>\n\t\t\t\t\t<\/div>\n\t\t<\/div>\n\t\t\t\t\t<\/div>\n\t\t<\/section>\n\t\t\t\t<\/div>","protected":false},"excerpt":{"rendered":"<p>Risin\u0101jumu piel\u0101go\u0161ana birojiem Kas \u012bsti ir nepiecie\u0161ams j\u016bsu birojam? Nomainiet tradicion\u0101lo izk\u0101rtojumu ar vis\u0101m tuk\u0161aj\u0101m darbviet\u0101m un neizmantotaj\u0101m telp\u0101m. Daudzfunkcion\u0101ls uzglab\u0101\u0161anas risin\u0101jums, kas sniedz jums br\u012bv\u012bbu noteikt atsevi\u0161\u0137as zonas klusai koncentr\u0101cijai, rado\u0161am darbam, san\u0101ksm\u0113m un atp\u016btai. Risin\u0101jumi un produkti birojiem Mobilie plaukti J\u016bsu uz\u0146\u0113mumam ir nepiecie\u0161ams katrs kvadr\u0101tmetrs. Aizmirstiet par tradicion\u0101lajiem uzglab\u0101\u0161anas risin\u0101jumiem, kas aiz\u0146em v\u0113rt\u012bgu gr\u012bdas plat\u012bbu. Izmantojot mobilo [\u2026]<\/p>","protected":false},"author":1,"featured_media":0,"parent":0,"menu_order":0,"comment_status":"closed","ping_status":"closed","template":"","meta":{"footnotes":""},"class_list":["post-10801","page","type-page","status-publish","hentry"],"_links":{"self":[{"href":"https:\/\/tavieta.lt\/lv\/wp-json\/wp\/v2\/pages\/10801","targetHints":{"allow":["GET"]}}],"collection":[{"href":"https:\/\/tavieta.lt\/lv\/wp-json\/wp\/v2\/pages"}],"about":[{"href":"https:\/\/tavieta.lt\/lv\/wp-json\/wp\/v2\/types\/page"}],"author":[{"embeddable":true,"href":"https:\/\/tavieta.lt\/lv\/wp-json\/wp\/v2\/users\/1"}],"replies":[{"embeddable":true,"href":"https:\/\/tavieta.lt\/lv\/wp-json\/wp\/v2\/comments?post=10801"}],"version-history":[{"count":3,"href":"https:\/\/tavieta.lt\/lv\/wp-json\/wp\/v2\/pages\/10801\/revisions"}],"predecessor-version":[{"id":13214,"href":"https:\/\/tavieta.lt\/lv\/wp-json\/wp\/v2\/pages\/10801\/revisions\/13214"}],"wp:attachment":[{"href":"https:\/\/tavieta.lt\/lv\/wp-json\/wp\/v2\/media?parent=10801"}],"curies":[{"name":"wp","href":"https:\/\/api.w.org\/{rel}","templated":true}]}}