{"id":10804,"date":"2023-07-13T08:42:42","date_gmt":"2023-07-13T08:42:42","guid":{"rendered":"http:\/\/tavieta.lt\/?page_id=10804"},"modified":"2025-01-30T14:58:33","modified_gmt":"2025-01-30T14:58:33","slug":"prekybai","status":"publish","type":"page","link":"https:\/\/tavieta.lt\/lv\/prekybai\/","title":{"rendered":"Tirdzniec\u012bba"},"content":{"rendered":"\t\t<div data-elementor-type=\"wp-page\" data-elementor-id=\"10804\" class=\"elementor elementor-10804\">\n\t\t\t\t\t\t<section class=\"elementor-section elementor-top-section elementor-element elementor-element-938d885 elementor-section-boxed elementor-section-height-default elementor-section-height-default\" data-id=\"938d885\" data-element_type=\"section\" data-e-type=\"section\">\n\t\t\t\t\t\t<div class=\"elementor-container elementor-column-gap-extended\">\n\t\t\t\t\t<div class=\"elementor-column elementor-col-50 elementor-top-column elementor-element elementor-element-11fb197\" data-id=\"11fb197\" data-element_type=\"column\" data-e-type=\"column\">\n\t\t\t<div class=\"elementor-widget-wrap elementor-element-populated\">\n\t\t\t\t\t\t<div class=\"elementor-element elementor-element-fc8688f elementor-widget elementor-widget-image\" data-id=\"fc8688f\" data-element_type=\"widget\" data-e-type=\"widget\" data-widget_type=\"image.default\">\n\t\t\t\t<div class=\"elementor-widget-container\">\n\t\t\t\t\t\t\t\t\t\t\t\t\t\t\t<img fetchpriority=\"high\" decoding=\"async\" width=\"640\" height=\"380\" src=\"https:\/\/tavieta.lt\/wp-content\/uploads\/2023\/07\/paslaugos-prekyba-intro-1024x608.jpg\" class=\"attachment-large size-large wp-image-10825\" alt=\"\" srcset=\"https:\/\/tavieta.lt\/wp-content\/uploads\/2023\/07\/paslaugos-prekyba-intro-1024x608.jpg 1024w, https:\/\/tavieta.lt\/wp-content\/uploads\/2023\/07\/paslaugos-prekyba-intro-scaled-800x475.jpg 800w, https:\/\/tavieta.lt\/wp-content\/uploads\/2023\/07\/paslaugos-prekyba-intro-300x178.jpg 300w, https:\/\/tavieta.lt\/wp-content\/uploads\/2023\/07\/paslaugos-prekyba-intro-768x456.jpg 768w, https:\/\/tavieta.lt\/wp-content\/uploads\/2023\/07\/paslaugos-prekyba-intro-1536x913.jpg 1536w, https:\/\/tavieta.lt\/wp-content\/uploads\/2023\/07\/paslaugos-prekyba-intro-2048x1217.jpg 2048w\" sizes=\"(max-width: 640px) 100vw, 640px\" \/>\t\t\t\t\t\t\t\t\t\t\t\t\t\t\t<\/div>\n\t\t\t\t<\/div>\n\t\t\t\t\t<\/div>\n\t\t<\/div>\n\t\t\t\t<div class=\"elementor-column elementor-col-50 elementor-top-column elementor-element elementor-element-6caeeb0\" data-id=\"6caeeb0\" data-element_type=\"column\" data-e-type=\"column\">\n\t\t\t<div class=\"elementor-widget-wrap elementor-element-populated\">\n\t\t\t\t\t\t<div class=\"elementor-element elementor-element-86af5e2 elementor-widget elementor-widget-heading\" data-id=\"86af5e2\" data-element_type=\"widget\" data-e-type=\"widget\" data-widget_type=\"heading.default\">\n\t\t\t\t<div class=\"elementor-widget-container\">\n\t\t\t\t\t<h6 class=\"elementor-heading-title elementor-size-default\">Sprendim\u0173 pritaikymas<\/h6>\t\t\t\t<\/div>\n\t\t\t\t<\/div>\n\t\t\t\t<div class=\"elementor-element elementor-element-193851e elementor-widget elementor-widget-heading\" data-id=\"193851e\" data-element_type=\"widget\" data-e-type=\"widget\" data-widget_type=\"heading.default\">\n\t\t\t\t<div class=\"elementor-widget-container\">\n\t\t\t\t\t<h3 class=\"elementor-heading-title elementor-size-default\">Prekybai<\/h3>\t\t\t\t<\/div>\n\t\t\t\t<\/div>\n\t\t\t\t<div class=\"elementor-element elementor-element-4a316fa elementor-widget elementor-widget-text-editor\" data-id=\"4a316fa\" data-element_type=\"widget\" data-e-type=\"widget\" data-widget_type=\"text-editor.default\">\n\t\t\t\t<div class=\"elementor-widget-container\">\n\t\t\t\t\t\t\t\t\t<p><span data-sheets-value=\"{&quot;1&quot;:2,&quot;2&quot;:&quot;Brangi nuoma miesto centrin\u0117se patalpose rei\u0161kia, kad galima sutaupyti nema\u017eai pinig\u0173 optimaliai i\u0161naudojant\\nma\u017eesnes patalpas. Turint kompakti\u0161k\u0105 saugykl\u0105, nedidel\u012f sand\u0117l\u012f galima gerai integruoti \u012f parduotuv\u0119 ir atlaisvinti verting\u0105 viet\u0105 gaminiams pristatyti parduodant.\\nGal prie parduotuv\u0117s jau yra nedidel\u0117 sand\u0117liavimo aik\u0161tel\u0117? Tur\u0117dami kompakti\u0161k\u0105 sand\u0117l\u012f galite\\nsukurkite daugiau vietos saugykloje ir laikykti kelis skirtingus daiktus toje pa\u010dioje vietoje. Kai sand\u0117lis\\nintegruotas \u012f parduotuv\u0119, taip pat i\u0161vengiama papildom\u0173 i\u0161laid\u0173 sand\u0117lio personalui.&quot;}\" data-sheets-userformat=\"{&quot;2&quot;:897,&quot;3&quot;:{&quot;1&quot;:0},&quot;10&quot;:1,&quot;11&quot;:4,&quot;12&quot;:0}\">Brangi nuoma miesto centrin\u0117se patalpose rei\u0161kia, kad galima sutaupyti nema\u017eai pinig\u0173 optimaliai i\u0161naudojant<br \/>ma\u017eesnes patalpas. Turint kompakti\u0161k\u0105 saugykl\u0105, nedidel\u012f sand\u0117l\u012f galima gerai integruoti \u012f parduotuv\u0119 ir atlaisvinti verting\u0105 viet\u0105 gaminiams pristatyti parduodant.<br \/>Gal prie parduotuv\u0117s jau yra nedidel\u0117 sand\u0117liavimo aik\u0161tel\u0117? Tur\u0117dami kompakti\u0161k\u0105 sand\u0117l\u012f galite sukurkite daugiau vietos saugykloje ir laikykti kelis skirtingus daiktus toje pa\u010dioje vietoje. Kai sand\u0117lis integruotas \u012f parduotuv\u0119, taip pat i\u0161vengiama papildom\u0173 i\u0161laid\u0173 sand\u0117lio personalui.<\/span><\/p>\t\t\t\t\t\t\t\t<\/div>\n\t\t\t\t<\/div>\n\t\t\t\t\t<\/div>\n\t\t<\/div>\n\t\t\t\t\t<\/div>\n\t\t<\/section>\n\t\t\t\t<section class=\"elementor-section elementor-top-section elementor-element elementor-element-4547536 elementor-section-boxed elementor-section-height-default elementor-section-height-default\" data-id=\"4547536\" data-element_type=\"section\" data-e-type=\"section\" data-settings=\"{&quot;background_background&quot;:&quot;classic&quot;}\">\n\t\t\t\t\t\t<div class=\"elementor-container elementor-column-gap-no\">\n\t\t\t\t\t<div class=\"elementor-column elementor-col-100 elementor-top-column elementor-element elementor-element-2d9793d\" data-id=\"2d9793d\" data-element_type=\"column\" data-e-type=\"column\">\n\t\t\t<div class=\"elementor-widget-wrap elementor-element-populated\">\n\t\t\t\t\t\t<div class=\"elementor-element elementor-element-265d789 elementor-widget elementor-widget-heading\" data-id=\"265d789\" data-element_type=\"widget\" data-e-type=\"widget\" data-widget_type=\"heading.default\">\n\t\t\t\t<div class=\"elementor-widget-container\">\n\t\t\t\t\t<h6 class=\"elementor-heading-title elementor-size-default\">Prekybai skirti<\/h6>\t\t\t\t<\/div>\n\t\t\t\t<\/div>\n\t\t\t\t<div class=\"elementor-element elementor-element-1fd6602 elementor-widget elementor-widget-heading\" data-id=\"1fd6602\" data-element_type=\"widget\" data-e-type=\"widget\" data-widget_type=\"heading.default\">\n\t\t\t\t<div class=\"elementor-widget-container\">\n\t\t\t\t\t<h3 class=\"elementor-heading-title elementor-size-default\">Sprendimai ir produktai<\/h3>\t\t\t\t<\/div>\n\t\t\t\t<\/div>\n\t\t\t\t<section class=\"elementor-section elementor-inner-section elementor-element elementor-element-8d9f976 elementor-section-boxed elementor-section-height-default elementor-section-height-default\" data-id=\"8d9f976\" data-element_type=\"section\" data-e-type=\"section\">\n\t\t\t\t\t\t<div class=\"elementor-container elementor-column-gap-extended\">\n\t\t\t\t\t<div class=\"elementor-column elementor-col-50 elementor-inner-column elementor-element elementor-element-ff0400d\" data-id=\"ff0400d\" data-element_type=\"column\" data-e-type=\"column\">\n\t\t\t<div class=\"elementor-widget-wrap elementor-element-populated\">\n\t\t\t\t\t\t<div class=\"elementor-element elementor-element-cac0f37 elementor-widget elementor-widget-razzi-heading\" data-id=\"cac0f37\" data-element_type=\"widget\" data-e-type=\"widget\" data-widget_type=\"razzi-heading.default\">\n\t\t\t\t<div class=\"elementor-widget-container\">\n\t\t\t\t\t<div class=\"razzi-heading-wrapper\"><h4 class=\"razzi-heading-title\"> Mobilios lentynos<\/h4><\/div>\t\t\t\t<\/div>\n\t\t\t\t<\/div>\n\t\t\t\t<div class=\"elementor-element elementor-element-74034a8 elementor-widget elementor-widget-text-editor\" data-id=\"74034a8\" data-element_type=\"widget\" data-e-type=\"widget\" data-widget_type=\"text-editor.default\">\n\t\t\t\t<div class=\"elementor-widget-container\">\n\t\t\t\t\t\t\t\t\t<p><span data-sheets-value=\"{&quot;1&quot;:2,&quot;2&quot;:&quot;Naudojant mobili\u0105 sistem\u0105 reikia tik vieno \\&quot;atviro\\&quot; pra\u0117jimo, tod\u0117l galima \u012frengti iki dviej\u0173 kart\u0173 daugiau lentyn\u0173 tame pa\u010diame grind\u0173 plote. Sistem\u0105 galima pritaikyti bet kokiai patalpos konstrukcijai ir pritaikyti prie konkre\u010di\u0173 pastato konstrukcij\u0173, kaip atramin\u0117s kolonos, ventiliacijos \u0161achtos ar radiatoriai. Pavaros sistema u\u017etikrina lengv\u0105 sistemos jud\u0117jim\u0105, nepriklausomai nuo turinio ar lentyn\u0173 skai\u010diaus.&quot;}\" data-sheets-userformat=\"{&quot;2&quot;:897,&quot;3&quot;:{&quot;1&quot;:0},&quot;10&quot;:1,&quot;11&quot;:4,&quot;12&quot;:0}\">Naudojant mobili\u0105 sistem\u0105 reikia tik vieno &#8222;atviro&#8221; pra\u0117jimo, tod\u0117l galima \u012frengti iki dviej\u0173 kart\u0173 daugiau lentyn\u0173 tame pa\u010diame grind\u0173 plote. Sistem\u0105 galima pritaikyti bet kokiai patalpos konstrukcijai ir pritaikyti prie konkre\u010di\u0173 pastato konstrukcij\u0173.<\/span><\/p>\t\t\t\t\t\t\t\t<\/div>\n\t\t\t\t<\/div>\n\t\t\t\t<div class=\"elementor-element elementor-element-8ce9526 elementor-align-center elementor-widget elementor-widget-razzi-button\" data-id=\"8ce9526\" data-element_type=\"widget\" data-e-type=\"widget\" data-widget_type=\"razzi-button.default\">\n\t\t\t\t<div class=\"elementor-widget-container\">\n\t\t\t\t\t        <a href=\"http:\/\/tavieta.lt\/mobilios-lentynos\/\" class=\"razzi-button-link razzi-button\">\n\t\t\t\t\t\t\t\t\t<span class=\"razzi-button-text\">Daugiau informacijos<\/span>        <\/a>\n\t\t\t\t\t\t<\/div>\n\t\t\t\t<\/div>\n\t\t\t\t\t<\/div>\n\t\t<\/div>\n\t\t\t\t<div class=\"elementor-column elementor-col-50 elementor-inner-column elementor-element elementor-element-357ef59\" data-id=\"357ef59\" data-element_type=\"column\" data-e-type=\"column\">\n\t\t\t<div class=\"elementor-widget-wrap elementor-element-populated\">\n\t\t\t\t\t\t<div class=\"elementor-element elementor-element-a7b50e3 elementor-widget elementor-widget-razzi-heading\" data-id=\"a7b50e3\" data-element_type=\"widget\" data-e-type=\"widget\" data-widget_type=\"razzi-heading.default\">\n\t\t\t\t<div class=\"elementor-widget-container\">\n\t\t\t\t\t<div class=\"razzi-heading-wrapper\"><h4 class=\"razzi-heading-title\"> Stacionarios lentynos<\/h4><\/div>\t\t\t\t<\/div>\n\t\t\t\t<\/div>\n\t\t\t\t<div class=\"elementor-element elementor-element-780c0dd elementor-widget elementor-widget-text-editor\" data-id=\"780c0dd\" data-element_type=\"widget\" data-e-type=\"widget\" data-widget_type=\"text-editor.default\">\n\t\t\t\t<div class=\"elementor-widget-container\">\n\t\t\t\t\t\t\t\t\tM\u016bs\u0173 lentyn\u0173 sistemos yra\npuikus universalus saugojimo sprendimas. Modulinio dizaino,\nsistemas galima keisti, kad tikt\u0173 esantiems objektams saugoti. Stumdomos durys gali b\u016bti pridedamos d\u0117l saugumo arba\napsaugai nuo dulki\u0173.\t\t\t\t\t\t\t\t<\/div>\n\t\t\t\t<\/div>\n\t\t\t\t<div class=\"elementor-element elementor-element-65082d7 elementor-align-center elementor-widget elementor-widget-razzi-button\" data-id=\"65082d7\" data-element_type=\"widget\" data-e-type=\"widget\" data-widget_type=\"razzi-button.default\">\n\t\t\t\t<div class=\"elementor-widget-container\">\n\t\t\t\t\t        <a href=\"http:\/\/tavieta.lt\/stacionarios-lentynos\/\" class=\"razzi-button-link razzi-button\">\n\t\t\t\t\t\t\t\t\t<span class=\"razzi-button-text\">Daugiau informacijos<\/span>        <\/a>\n\t\t\t\t\t\t<\/div>\n\t\t\t\t<\/div>\n\t\t\t\t\t<\/div>\n\t\t<\/div>\n\t\t\t\t\t<\/div>\n\t\t<\/section>\n\t\t\t\t\t<\/div>\n\t\t<\/div>\n\t\t\t\t\t<\/div>\n\t\t<\/section>\n\t\t\t\t<section class=\"elementor-section elementor-top-section elementor-element elementor-element-0076c3e elementor-section-boxed elementor-section-height-default elementor-section-height-default\" data-id=\"0076c3e\" data-element_type=\"section\" data-e-type=\"section\" data-settings=\"{&quot;background_background&quot;:&quot;classic&quot;}\">\n\t\t\t\t\t\t<div class=\"elementor-container elementor-column-gap-no\">\n\t\t\t\t\t<div class=\"elementor-column elementor-col-100 elementor-top-column elementor-element elementor-element-1382ff6\" data-id=\"1382ff6\" data-element_type=\"column\" data-e-type=\"column\">\n\t\t\t<div class=\"elementor-widget-wrap elementor-element-populated\">\n\t\t\t\t\t\t<div class=\"elementor-element elementor-element-75a614c elementor-widget elementor-widget-heading\" data-id=\"75a614c\" data-element_type=\"widget\" data-e-type=\"widget\" data-widget_type=\"heading.default\">\n\t\t\t\t<div class=\"elementor-widget-container\">\n\t\t\t\t\t<h6 class=\"elementor-heading-title elementor-size-default\">Efektyv\u016bs ir tvar\u016bs<\/h6>\t\t\t\t<\/div>\n\t\t\t\t<\/div>\n\t\t\t\t<div class=\"elementor-element elementor-element-1c29faf elementor-widget elementor-widget-heading\" data-id=\"1c29faf\" data-element_type=\"widget\" data-e-type=\"widget\" data-widget_type=\"heading.default\">\n\t\t\t\t<div class=\"elementor-widget-container\">\n\t\t\t\t\t<h3 class=\"elementor-heading-title elementor-size-default\">Sand\u0117liavimo sprendimai ma\u017emeninei prekybai<\/h3>\t\t\t\t<\/div>\n\t\t\t\t<\/div>\n\t\t\t\t<section class=\"elementor-section elementor-inner-section elementor-element elementor-element-42b1185 elementor-section-boxed elementor-section-height-default elementor-section-height-default\" data-id=\"42b1185\" data-element_type=\"section\" data-e-type=\"section\">\n\t\t\t\t\t\t<div class=\"elementor-container elementor-column-gap-extended\">\n\t\t\t\t\t<div class=\"elementor-column elementor-col-50 elementor-inner-column elementor-element elementor-element-ef2c9a4\" data-id=\"ef2c9a4\" data-element_type=\"column\" data-e-type=\"column\">\n\t\t\t<div class=\"elementor-widget-wrap elementor-element-populated\">\n\t\t\t\t\t\t<div class=\"elementor-element elementor-element-75cc90b elementor-widget__width-initial elementor-widget elementor-widget-text-editor\" data-id=\"75cc90b\" data-element_type=\"widget\" data-e-type=\"widget\" data-widget_type=\"text-editor.default\">\n\t\t\t\t<div class=\"elementor-widget-container\">\n\t\t\t\t\t\t\t\t\t<p>\u0160iuolaikin\u0117 ma\u017emenin\u0117 prekyba spar\u010diai kei\u010diasi, kai fizin\u0117s ir internetin\u0117s parduotuv\u0117s vis labiau susilieja. Nor\u0117dami prisitaikyti prie \u0161i\u0173 poky\u010di\u0173 ir i\u0161likti konkurencingi, turite u\u017etikrinti efektyv\u0173 erdv\u0117s panaudojim\u0105. <strong>Bruynzeel Storage Systems<\/strong> si\u016blo inovatyvius ir tvarius sprendimus, kurie padeda optimizuoti sand\u0117liavimo plot\u0105, suma\u017einti i\u0161laidas ir padidinti pardavim\u0173 efektyvum\u0105.<br \/><br \/>Pavyzd\u017eiui, <strong>Schuurman Shoenen<\/strong> sprendimas Olandijoje pad\u0117jo padidinti sand\u0117liavimo paj\u0117gumus nuo 3 500 iki 7 000 por\u0173 bat\u0173, sutaupant vietos ir i\u0161vengiant preki\u0173 tr\u016bkumo problem\u0173.<\/p>\t\t\t\t\t\t\t\t<\/div>\n\t\t\t\t<\/div>\n\t\t\t\t\t<\/div>\n\t\t<\/div>\n\t\t\t\t<div class=\"elementor-column elementor-col-50 elementor-inner-column elementor-element elementor-element-882bf1a\" data-id=\"882bf1a\" data-element_type=\"column\" data-e-type=\"column\">\n\t\t\t<div class=\"elementor-widget-wrap elementor-element-populated\">\n\t\t\t\t\t\t<div class=\"elementor-element elementor-element-f7546f3 elementor-widget elementor-widget-image\" data-id=\"f7546f3\" data-element_type=\"widget\" data-e-type=\"widget\" data-widget_type=\"image.default\">\n\t\t\t\t<div class=\"elementor-widget-container\">\n\t\t\t\t\t\t\t\t\t\t\t\t\t\t\t<img decoding=\"async\" width=\"640\" height=\"360\" src=\"https:\/\/tavieta.lt\/wp-content\/uploads\/2024\/12\/Schuurman_IMG8247-overview.jpg\" class=\"attachment-large size-large wp-image-13044\" alt=\"\" srcset=\"https:\/\/tavieta.lt\/wp-content\/uploads\/2024\/12\/Schuurman_IMG8247-overview.jpg 800w, https:\/\/tavieta.lt\/wp-content\/uploads\/2024\/12\/Schuurman_IMG8247-overview-300x169.jpg 300w, https:\/\/tavieta.lt\/wp-content\/uploads\/2024\/12\/Schuurman_IMG8247-overview-768x432.jpg 768w, https:\/\/tavieta.lt\/wp-content\/uploads\/2024\/12\/Schuurman_IMG8247-overview-18x10.jpg 18w\" sizes=\"(max-width: 640px) 100vw, 640px\" \/>\t\t\t\t\t\t\t\t\t\t\t\t\t\t\t<\/div>\n\t\t\t\t<\/div>\n\t\t\t\t\t<\/div>\n\t\t<\/div>\n\t\t\t\t\t<\/div>\n\t\t<\/section>\n\t\t\t\t\t<\/div>\n\t\t<\/div>\n\t\t\t\t\t<\/div>\n\t\t<\/section>\n\t\t\t\t<section class=\"elementor-section elementor-top-section elementor-element elementor-element-636506b elementor-section-boxed elementor-section-height-default elementor-section-height-default\" data-id=\"636506b\" data-element_type=\"section\" data-e-type=\"section\" data-settings=\"{&quot;background_background&quot;:&quot;classic&quot;}\">\n\t\t\t\t\t\t<div class=\"elementor-container elementor-column-gap-no\">\n\t\t\t\t\t<div class=\"elementor-column elementor-col-100 elementor-top-column elementor-element elementor-element-ce05a03\" data-id=\"ce05a03\" data-element_type=\"column\" data-e-type=\"column\">\n\t\t\t<div class=\"elementor-widget-wrap elementor-element-populated\">\n\t\t\t\t\t\t<div class=\"elementor-element elementor-element-7678e46 elementor-widget elementor-widget-heading\" data-id=\"7678e46\" data-element_type=\"widget\" data-e-type=\"widget\" data-widget_type=\"heading.default\">\n\t\t\t\t<div class=\"elementor-widget-container\">\n\t\t\t\t\t<h3 class=\"elementor-heading-title elementor-size-default\">Kod\u0117l verta rinktis mobilius sand\u0117liavimo sprendimus?\n<\/h3>\t\t\t\t<\/div>\n\t\t\t\t<\/div>\n\t\t\t\t<section class=\"elementor-section elementor-inner-section elementor-element elementor-element-65a762c elementor-section-boxed elementor-section-height-default elementor-section-height-default\" data-id=\"65a762c\" data-element_type=\"section\" data-e-type=\"section\">\n\t\t\t\t\t\t<div class=\"elementor-container elementor-column-gap-extended\">\n\t\t\t\t\t<div class=\"elementor-column elementor-col-50 elementor-inner-column elementor-element elementor-element-495603c\" data-id=\"495603c\" data-element_type=\"column\" data-e-type=\"column\">\n\t\t\t<div class=\"elementor-widget-wrap elementor-element-populated\">\n\t\t\t\t\t\t<div class=\"elementor-element elementor-element-20c9868 elementor-widget elementor-widget-text-editor\" data-id=\"20c9868\" data-element_type=\"widget\" data-e-type=\"widget\" data-widget_type=\"text-editor.default\">\n\t\t\t\t<div class=\"elementor-widget-container\">\n\t\t\t\t\t\t\t\t\t<ul><li><strong>Maksimali erdv\u0117:<\/strong> Mobilios lentynos leid\u017eia padidinti talp\u0105 iki 300%, sutaupant vietos kitiems tikslams, pavyzd\u017eiui, pardavimo plotui.<\/li><li><strong>Ma\u017eesn\u0117s s\u0105naudos:<\/strong> Sutaupote nuomos i\u0161laidas ir energijos s\u0105naudas d\u0117l ma\u017eesnio reikalingo ploto.<\/li><li><strong>Geriau aptarnaujami klientai:<\/strong> U\u017etikrintas preki\u0173 prieinamumas padeda i\u0161vengti \u201ene\u201c pardavim\u0173 ir pagerina klient\u0173 pasitenkinim\u0105.<\/li><li><strong>Tvarumas:<\/strong> Naudojant \u201eBruynzeel GreenSteel\u00ae\u201c med\u017eiagas, galima suma\u017einti CO2 emisijas iki 98%, prisidedant prie aplinkos tausojimo tiksl\u0173.<\/li><\/ul>\t\t\t\t\t\t\t\t<\/div>\n\t\t\t\t<\/div>\n\t\t\t\t\t<\/div>\n\t\t<\/div>\n\t\t\t\t<div class=\"elementor-column elementor-col-50 elementor-inner-column elementor-element elementor-element-2fa5980\" data-id=\"2fa5980\" data-element_type=\"column\" data-e-type=\"column\">\n\t\t\t<div class=\"elementor-widget-wrap elementor-element-populated\">\n\t\t\t\t\t\t<div class=\"elementor-element elementor-element-f9e2cc6 elementor-widget elementor-widget-text-editor\" data-id=\"f9e2cc6\" data-element_type=\"widget\" data-e-type=\"widget\" data-widget_type=\"text-editor.default\">\n\t\t\t\t<div class=\"elementor-widget-container\">\n\t\t\t\t\t\t\t\t\t<ul><li><strong>Didesnis efektyvumas:<\/strong> Sutrump\u0117ja preki\u0173 papildymo ir logistikos procesai.<\/li><li><strong>Saugumas:<\/strong> Suma\u017e\u0117ja vagys\u010di\u0173 rizika, nes prek\u0117s laikomos u\u017edaroje, valdomoje sistemoje.<\/li><li><strong>Lankstumas:<\/strong> Sistemos pritaikomos kiekvienos parduotuv\u0117s individualiems poreikiams \u2013 nuo dyd\u017eio iki spalv\u0173 sprendim\u0173.<\/li><\/ul>\t\t\t\t\t\t\t\t<\/div>\n\t\t\t\t<\/div>\n\t\t\t\t\t<\/div>\n\t\t<\/div>\n\t\t\t\t\t<\/div>\n\t\t<\/section>\n\t\t\t\t\t<\/div>\n\t\t<\/div>\n\t\t\t\t\t<\/div>\n\t\t<\/section>\n\t\t\t\t<section class=\"elementor-section elementor-top-section elementor-element elementor-element-fefdd3f elementor-section-boxed elementor-section-height-default elementor-section-height-default\" data-id=\"fefdd3f\" data-element_type=\"section\" data-e-type=\"section\">\n\t\t\t\t\t\t<div class=\"elementor-container elementor-column-gap-extended\">\n\t\t\t\t\t<div class=\"elementor-column elementor-col-50 elementor-top-column elementor-element elementor-element-e3a90a6\" data-id=\"e3a90a6\" data-element_type=\"column\" data-e-type=\"column\">\n\t\t\t<div class=\"elementor-widget-wrap elementor-element-populated\">\n\t\t\t\t\t\t<div class=\"elementor-element elementor-element-4013c4b elementor-widget elementor-widget-heading\" data-id=\"4013c4b\" data-element_type=\"widget\" data-e-type=\"widget\" data-widget_type=\"heading.default\">\n\t\t\t\t<div class=\"elementor-widget-container\">\n\t\t\t\t\t<h3 class=\"elementor-heading-title elementor-size-default\">Gaukite pasi\u016blym\u0105 atitinkant\u012f J\u016bs\u0173 poreikius!<\/h3>\t\t\t\t<\/div>\n\t\t\t\t<\/div>\n\t\t\t\t<div class=\"elementor-element elementor-element-9fa7b67 elementor-widget elementor-widget-text-editor\" data-id=\"9fa7b67\" data-element_type=\"widget\" data-e-type=\"widget\" data-widget_type=\"text-editor.default\">\n\t\t\t\t<div class=\"elementor-widget-container\">\n\t\t\t\t\t\t\t\t\t<script data-b24-form=\"inline\/17\/rhqs1b\" data-skip-moving=\"true\">\r\n(function(w,d,u){\r\nvar s=d.createElement('script');s.async=true;s.src=u+'?'+(Date.now()\/180000|0);\r\nvar h=d.getElementsByTagName('script')[0];h.parentNode.insertBefore(s,h);\r\n})(window,document,'https:\/\/cdn.bitrix24.eu\/b23451613\/crm\/form\/loader_17.js');\r\n<\/script>\t\t\t\t\t\t\t\t<\/div>\n\t\t\t\t<\/div>\n\t\t\t\t\t<\/div>\n\t\t<\/div>\n\t\t\t\t<div class=\"elementor-column elementor-col-50 elementor-top-column elementor-element elementor-element-a597def\" data-id=\"a597def\" data-element_type=\"column\" data-e-type=\"column\">\n\t\t\t<div class=\"elementor-widget-wrap elementor-element-populated\">\n\t\t\t\t\t\t<div class=\"elementor-element elementor-element-f93f4b8 elementor-widget elementor-widget-heading\" data-id=\"f93f4b8\" data-element_type=\"widget\" data-e-type=\"widget\" data-widget_type=\"heading.default\">\n\t\t\t\t<div class=\"elementor-widget-container\">\n\t\t\t\t\t<h3 class=\"elementor-heading-title elementor-size-default\">Partneriai:<\/h3>\t\t\t\t<\/div>\n\t\t\t\t<\/div>\n\t\t\t\t<div class=\"elementor-element elementor-element-998c298 elementor-widget elementor-widget-heading\" data-id=\"998c298\" data-element_type=\"widget\" data-e-type=\"widget\" data-widget_type=\"heading.default\">\n\t\t\t\t<div class=\"elementor-widget-container\">\n\t\t\t\t\t<h6 class=\"elementor-heading-title elementor-size-default\"> <\/h6>\t\t\t\t<\/div>\n\t\t\t\t<\/div>\n\t\t\t\t<div class=\"elementor-element elementor-element-e6eb270 elementor-widget elementor-widget-image\" data-id=\"e6eb270\" data-element_type=\"widget\" data-e-type=\"widget\" data-widget_type=\"image.default\">\n\t\t\t\t<div class=\"elementor-widget-container\">\n\t\t\t\t\t\t\t\t\t\t\t\t\t\t\t<img decoding=\"async\" width=\"300\" height=\"120\" src=\"https:\/\/tavieta.lt\/wp-content\/uploads\/2025\/01\/Logo_Bruynzeel-300x120.png\" class=\"attachment-medium size-medium wp-image-13170\" alt=\"\" srcset=\"https:\/\/tavieta.lt\/wp-content\/uploads\/2025\/01\/Logo_Bruynzeel-300x120.png 300w, https:\/\/tavieta.lt\/wp-content\/uploads\/2025\/01\/Logo_Bruynzeel-800x319.png 800w, https:\/\/tavieta.lt\/wp-content\/uploads\/2025\/01\/Logo_Bruynzeel-1024x408.png 1024w, https:\/\/tavieta.lt\/wp-content\/uploads\/2025\/01\/Logo_Bruynzeel-768x306.png 768w, https:\/\/tavieta.lt\/wp-content\/uploads\/2025\/01\/Logo_Bruynzeel-1536x612.png 1536w, https:\/\/tavieta.lt\/wp-content\/uploads\/2025\/01\/Logo_Bruynzeel-2048x816.png 2048w, https:\/\/tavieta.lt\/wp-content\/uploads\/2025\/01\/Logo_Bruynzeel-18x7.png 18w\" sizes=\"(max-width: 300px) 100vw, 300px\" \/>\t\t\t\t\t\t\t\t\t\t\t\t\t\t\t<\/div>\n\t\t\t\t<\/div>\n\t\t\t\t\t<\/div>\n\t\t<\/div>\n\t\t\t\t\t<\/div>\n\t\t<\/section>\n\t\t\t\t<\/div>\n\t\t","protected":false},"excerpt":{"rendered":"<p>Sprendim\u0173 pritaikymas Prekybai Brangi nuoma miesto centrin\u0117se patalpose rei\u0161kia, kad galima sutaupyti nema\u017eai pinig\u0173 optimaliai i\u0161naudojantma\u017eesnes patalpas. Turint kompakti\u0161k\u0105 saugykl\u0105, nedidel\u012f sand\u0117l\u012f galima gerai integruoti \u012f parduotuv\u0119 ir atlaisvinti verting\u0105 viet\u0105 gaminiams pristatyti parduodant.Gal prie parduotuv\u0117s jau yra nedidel\u0117 sand\u0117liavimo aik\u0161tel\u0117? Tur\u0117dami kompakti\u0161k\u0105 sand\u0117l\u012f galite sukurkite daugiau vietos saugykloje ir laikykti kelis skirtingus daiktus toje [&hellip;]<\/p>\n","protected":false},"author":1,"featured_media":0,"parent":0,"menu_order":0,"comment_status":"closed","ping_status":"closed","template":"","meta":{"footnotes":""},"class_list":["post-10804","page","type-page","status-publish","hentry"],"_links":{"self":[{"href":"https:\/\/tavieta.lt\/lv\/wp-json\/wp\/v2\/pages\/10804","targetHints":{"allow":["GET"]}}],"collection":[{"href":"https:\/\/tavieta.lt\/lv\/wp-json\/wp\/v2\/pages"}],"about":[{"href":"https:\/\/tavieta.lt\/lv\/wp-json\/wp\/v2\/types\/page"}],"author":[{"embeddable":true,"href":"https:\/\/tavieta.lt\/lv\/wp-json\/wp\/v2\/users\/1"}],"replies":[{"embeddable":true,"href":"https:\/\/tavieta.lt\/lv\/wp-json\/wp\/v2\/comments?post=10804"}],"version-history":[{"count":3,"href":"https:\/\/tavieta.lt\/lv\/wp-json\/wp\/v2\/pages\/10804\/revisions"}],"predecessor-version":[{"id":13211,"href":"https:\/\/tavieta.lt\/lv\/wp-json\/wp\/v2\/pages\/10804\/revisions\/13211"}],"wp:attachment":[{"href":"https:\/\/tavieta.lt\/lv\/wp-json\/wp\/v2\/media?parent=10804"}],"curies":[{"name":"wp","href":"https:\/\/api.w.org\/{rel}","templated":true}]}}