{"id":13261,"date":"2025-01-31T08:38:00","date_gmt":"2025-01-31T08:38:00","guid":{"rendered":"http:\/\/tavieta.lt\/?page_id=13261"},"modified":"2025-01-31T09:37:00","modified_gmt":"2025-01-31T09:37:00","slug":"musu-gaminiai","status":"publish","type":"page","link":"https:\/\/tavieta.lt\/lv\/musu-gaminiai\/","title":{"rendered":"M\u016bsu produkti"},"content":{"rendered":"<div data-elementor-type=\"wp-page\" data-elementor-id=\"13261\" class=\"elementor elementor-13261\">\n\t\t\t\t\t\t<section class=\"elementor-section elementor-top-section elementor-element elementor-element-9c8d40d elementor-section-boxed elementor-section-height-default elementor-section-height-default\" data-id=\"9c8d40d\" data-element_type=\"section\">\n\t\t\t\t\t\t<div class=\"elementor-container elementor-column-gap-default\">\n\t\t\t\t\t<div class=\"elementor-column elementor-col-100 elementor-top-column elementor-element elementor-element-722b324\" data-id=\"722b324\" data-element_type=\"column\">\n\t\t\t<div class=\"elementor-widget-wrap elementor-element-populated\">\n\t\t\t\t\t\t<div class=\"elementor-element elementor-element-ec41660 elementor-widget elementor-widget-heading\" data-id=\"ec41660\" data-element_type=\"widget\" data-widget_type=\"heading.default\">\n\t\t\t\t<div class=\"elementor-widget-container\">\n\t\t\t\t\t<h2 class=\"elementor-heading-title elementor-size-default\">M\u016bsu ra\u017eot\u0101s ier\u012bces<\/h2>\t\t\t\t<\/div>\n\t\t\t\t<\/div>\n\t\t\t\t\t<\/div>\n\t\t<\/div>\n\t\t\t\t\t<\/div>\n\t\t<\/section>\n\t\t\t\t<section class=\"elementor-section elementor-top-section elementor-element elementor-element-6e517bc elementor-section-boxed elementor-section-height-default elementor-section-height-default\" data-id=\"6e517bc\" data-element_type=\"section\">\n\t\t\t\t\t\t<div class=\"elementor-container elementor-column-gap-default\">\n\t\t\t\t\t<div class=\"elementor-column elementor-col-100 elementor-top-column elementor-element elementor-element-a957aa3\" data-id=\"a957aa3\" data-element_type=\"column\">\n\t\t\t<div class=\"elementor-widget-wrap elementor-element-populated\">\n\t\t\t\t\t\t<div class=\"elementor-element elementor-element-a7392fc elementor-widget elementor-widget-razzi-products-grid\" data-id=\"a7392fc\" data-element_type=\"widget\" data-settings=\"{&quot;product_brands&quot;:&quot;labostera&quot;,&quot;per_page&quot;:8,&quot;columns&quot;:4,&quot;products&quot;:&quot;recent&quot;}\" data-widget_type=\"razzi-products-grid.default\">\n\t\t\t\t<div class=\"elementor-widget-container\">\n\t\t\t\t\t\t\t<div class=\"razzi-products-grid woocommerce\">\r\n\t\t\t<div class=\"product-content\"><ul class=\"products columns-4\">\n<li class=\"product type-product post-12805 status-publish first outofstock product_cat-restauratoriams product_cat-restauravimo-iranga has-post-thumbnail product-type-simple\">\n\t<a href=\"https:\/\/tavieta.lt\/lv\/products\/knygu-restauravimo-staliukas\/\" class=\"woocommerce-LoopProduct-link woocommerce-loop-product__link\"><img fetchpriority=\"high\" decoding=\"async\" width=\"370\" height=\"370\" src=\"https:\/\/tavieta.lt\/wp-content\/uploads\/2024\/02\/Knygu-370x370.png\" class=\"attachment-woocommerce_thumbnail size-woocommerce_thumbnail\" alt=\"Knyg\u0173 restauravimo staliukas\" srcset=\"https:\/\/tavieta.lt\/wp-content\/uploads\/2024\/02\/Knygu-370x370.png 370w, https:\/\/tavieta.lt\/wp-content\/uploads\/2024\/02\/Knygu-100x100.png 100w, https:\/\/tavieta.lt\/wp-content\/uploads\/2024\/02\/Knygu-150x150.png 150w, https:\/\/tavieta.lt\/wp-content\/uploads\/2024\/02\/Knygu-300x300.png 300w, https:\/\/tavieta.lt\/wp-content\/uploads\/2024\/02\/Knygu-768x768.png 768w, https:\/\/tavieta.lt\/wp-content\/uploads\/2024\/02\/Knygu-1024x1024.png 1024w, https:\/\/tavieta.lt\/wp-content\/uploads\/2024\/02\/Knygu-800x800.png 800w, https:\/\/tavieta.lt\/wp-content\/uploads\/2024\/02\/Knygu-444x444.png 444w\" sizes=\"(max-width: 370px) 100vw, 370px\" \/><h2 class=\"woocommerce-loop-product__title\">Gr\u0101matu restaur\u0101cijas galds<\/h2><\/a><\/li>\n<li class=\"product type-product post-13007 status-publish instock product_cat-knygu-taisymas-ir-prieziura product_cat-restauratoriams product_cat-restauravimo-iranga has-post-thumbnail shipping-taxable product-type-simple\">\n\t<a href=\"https:\/\/tavieta.lt\/lv\/products\/popieriaus-liejimo-masina-plm-labostera\/\" class=\"woocommerce-LoopProduct-link woocommerce-loop-product__link\"><img decoding=\"async\" width=\"370\" height=\"370\" src=\"https:\/\/tavieta.lt\/wp-content\/uploads\/2024\/10\/333-3-370x370.png\" class=\"attachment-woocommerce_thumbnail size-woocommerce_thumbnail\" alt=\"Popieriaus liejimo ma\u0161ina PLM Labostera\" srcset=\"https:\/\/tavieta.lt\/wp-content\/uploads\/2024\/10\/333-3-370x370.png 370w, https:\/\/tavieta.lt\/wp-content\/uploads\/2024\/10\/333-3-100x100.png 100w, https:\/\/tavieta.lt\/wp-content\/uploads\/2024\/10\/333-3.png 800w, https:\/\/tavieta.lt\/wp-content\/uploads\/2024\/10\/333-3-150x150.png.jpg 150w, https:\/\/tavieta.lt\/wp-content\/uploads\/2024\/10\/333-3-300x300.png.jpg 300w, https:\/\/tavieta.lt\/wp-content\/uploads\/2024\/10\/333-3-768x768.png.jpg 768w, https:\/\/tavieta.lt\/wp-content\/uploads\/2024\/10\/333-3-1024x1024.png.jpg 1024w, https:\/\/tavieta.lt\/wp-content\/uploads\/2024\/10\/333-3-444x444.png.jpg 444w\" sizes=\"(max-width: 370px) 100vw, 370px\" \/><h2 class=\"woocommerce-loop-product__title\">Pap\u012bra form\u0113\u0161anas iek\u0101rta PLM Labostera<\/h2><\/a><\/li>\n<li class=\"product type-product post-12997 status-publish instock product_cat-restauratoriams product_cat-restauravimo-iranga has-post-thumbnail shipping-taxable product-type-simple\">\n\t<a href=\"https:\/\/tavieta.lt\/lv\/products\/vakuumine-prisotinimo-sistema-vps-labostera\/\" class=\"woocommerce-LoopProduct-link woocommerce-loop-product__link\"><img decoding=\"async\" width=\"370\" height=\"370\" src=\"https:\/\/tavieta.lt\/wp-content\/uploads\/2024\/10\/333-1-370x370.png\" class=\"attachment-woocommerce_thumbnail size-woocommerce_thumbnail\" alt=\"Vakuumin\u0117 prisotinimo sistema VPS Labostera\" srcset=\"https:\/\/tavieta.lt\/wp-content\/uploads\/2024\/10\/333-1-370x370.png 370w, https:\/\/tavieta.lt\/wp-content\/uploads\/2024\/10\/333-1-100x100.png 100w, https:\/\/tavieta.lt\/wp-content\/uploads\/2024\/10\/333-1.png 800w, https:\/\/tavieta.lt\/wp-content\/uploads\/2024\/10\/333-1-150x150.png.jpg 150w, https:\/\/tavieta.lt\/wp-content\/uploads\/2024\/10\/333-1-300x300.png.jpg 300w, https:\/\/tavieta.lt\/wp-content\/uploads\/2024\/10\/333-1-768x768.png.jpg 768w, https:\/\/tavieta.lt\/wp-content\/uploads\/2024\/10\/333-1-1024x1024.png.jpg 1024w, https:\/\/tavieta.lt\/wp-content\/uploads\/2024\/10\/333-1-444x444.png.jpg 444w\" sizes=\"(max-width: 370px) 100vw, 370px\" \/><h2 class=\"woocommerce-loop-product__title\">Vakuuma pies\u0101tin\u0101juma sist\u0113ma VPS Labostera<\/h2><\/a><\/li>\n<li class=\"product type-product post-13008 status-publish last instock product_cat-restauratoriams has-post-thumbnail shipping-taxable product-type-simple\">\n\t<a href=\"https:\/\/tavieta.lt\/lv\/products\/vakuuminis-stalas-vs-labostera\/\" class=\"woocommerce-LoopProduct-link woocommerce-loop-product__link\"><img loading=\"lazy\" decoding=\"async\" width=\"370\" height=\"370\" src=\"https:\/\/tavieta.lt\/wp-content\/uploads\/2024\/10\/333-2-370x370.png\" class=\"attachment-woocommerce_thumbnail size-woocommerce_thumbnail\" alt=\"Vakuuminis stalas VS Labostera\" srcset=\"https:\/\/tavieta.lt\/wp-content\/uploads\/2024\/10\/333-2-370x370.png 370w, https:\/\/tavieta.lt\/wp-content\/uploads\/2024\/10\/333-2-100x100.png 100w, https:\/\/tavieta.lt\/wp-content\/uploads\/2024\/10\/333-2.png 800w, https:\/\/tavieta.lt\/wp-content\/uploads\/2024\/10\/333-2-150x150.png.jpg 150w, https:\/\/tavieta.lt\/wp-content\/uploads\/2024\/10\/333-2-300x300.png.jpg 300w, https:\/\/tavieta.lt\/wp-content\/uploads\/2024\/10\/333-2-768x768.png.jpg 768w, https:\/\/tavieta.lt\/wp-content\/uploads\/2024\/10\/333-2-1024x1024.png.jpg 1024w, https:\/\/tavieta.lt\/wp-content\/uploads\/2024\/10\/333-2-444x444.png.jpg 444w\" sizes=\"(max-width: 370px) 100vw, 370px\" \/><h2 class=\"woocommerce-loop-product__title\">Vakuuma galds VS Labostera<\/h2><\/a><\/li>\n<\/ul>\n<\/div>\t\t<\/div>\r\n\t\t\t\t\t\t<\/div>\n\t\t\t\t<\/div>\n\t\t\t\t\t<\/div>\n\t\t<\/div>\n\t\t\t\t\t<\/div>\n\t\t<\/section>\n\t\t\t\t<section class=\"elementor-section elementor-top-section elementor-element elementor-element-fb6b244 elementor-section-boxed elementor-section-height-default elementor-section-height-default\" data-id=\"fb6b244\" data-element_type=\"section\">\n\t\t\t\t\t\t<div class=\"elementor-container elementor-column-gap-extended\">\n\t\t\t\t\t<div class=\"elementor-column elementor-col-100 elementor-top-column elementor-element elementor-element-310d9be\" data-id=\"310d9be\" data-element_type=\"column\">\n\t\t\t<div class=\"elementor-widget-wrap elementor-element-populated\">\n\t\t\t\t\t\t<div class=\"elementor-element elementor-element-71e9db7 elementor-widget elementor-widget-heading\" data-id=\"71e9db7\" data-element_type=\"widget\" data-widget_type=\"heading.default\">\n\t\t\t\t<div class=\"elementor-widget-container\">\n\t\t\t\t\t<h5 class=\"elementor-heading-title elementor-size-default\">Sa\u0146emiet pied\u0101v\u0101jumu, kas atbilst j\u016bsu vajadz\u012bb\u0101m!<\/h5>\t\t\t\t<\/div>\n\t\t\t\t<\/div>\n\t\t\t\t<div class=\"elementor-element elementor-element-1e09c8b elementor-widget elementor-widget-text-editor\" data-id=\"1e09c8b\" data-element_type=\"widget\" data-widget_type=\"text-editor.default\">\n\t\t\t\t<div class=\"elementor-widget-container\">\n\t\t\t\t\t\t\t\t\t<script data-b24-form=\"inline\/17\/rhqs1b\" data-skip-moving=\"true\">\r\n(function(w,d,u){\r\nvar s=d.createElement('script');s.async=true;s.src=u+'?'+(Date.now()\/180000|0);\r\nvar h=d.getElementsByTagName('script')[0];h.parentNode.insertBefore(s,h);\r\n})(window,document,'https:\/\/cdn.bitrix24.eu\/b23451613\/crm\/form\/loader_17.js');\r\n<\/script>\t\t\t\t\t\t\t\t<\/div>\n\t\t\t\t<\/div>\n\t\t\t\t\t<\/div>\n\t\t<\/div>\n\t\t\t\t\t<\/div>\n\t\t<\/section>\n\t\t\t\t<\/div>","protected":false},"excerpt":{"rendered":"<p>M\u016bsu ra\u017eot\u0101s iek\u0101rtas Gr\u0101matu restaur\u0101cijas galds Vair\u0101k Pap\u012bra lie\u0161anas ma\u0161\u012bna PLM Labostera Vair\u0101k Vakuuma pies\u0101tin\u0101\u0161anas sist\u0113ma VPS Labostera Vair\u0101k Vakuuma galds VS Labostera Vair\u0101k Sa\u0146emiet pied\u0101v\u0101jumu, kas atbilst j\u016bsu vajadz\u012bb\u0101m!<\/p>","protected":false},"author":1,"featured_media":0,"parent":0,"menu_order":0,"comment_status":"closed","ping_status":"closed","template":"","meta":{"footnotes":""},"class_list":["post-13261","page","type-page","status-publish","hentry"],"_links":{"self":[{"href":"https:\/\/tavieta.lt\/lv\/wp-json\/wp\/v2\/pages\/13261","targetHints":{"allow":["GET"]}}],"collection":[{"href":"https:\/\/tavieta.lt\/lv\/wp-json\/wp\/v2\/pages"}],"about":[{"href":"https:\/\/tavieta.lt\/lv\/wp-json\/wp\/v2\/types\/page"}],"author":[{"embeddable":true,"href":"https:\/\/tavieta.lt\/lv\/wp-json\/wp\/v2\/users\/1"}],"replies":[{"embeddable":true,"href":"https:\/\/tavieta.lt\/lv\/wp-json\/wp\/v2\/comments?post=13261"}],"version-history":[{"count":10,"href":"https:\/\/tavieta.lt\/lv\/wp-json\/wp\/v2\/pages\/13261\/revisions"}],"predecessor-version":[{"id":13282,"href":"https:\/\/tavieta.lt\/lv\/wp-json\/wp\/v2\/pages\/13261\/revisions\/13282"}],"wp:attachment":[{"href":"https:\/\/tavieta.lt\/lv\/wp-json\/wp\/v2\/media?parent=13261"}],"curies":[{"name":"wp","href":"https:\/\/api.w.org\/{rel}","templated":true}]}}