{"id":633,"date":"2020-10-13T09:00:26","date_gmt":"2020-10-13T09:00:26","guid":{"rendered":"http:\/\/localhost\/razzi\/?page_id=633"},"modified":"2024-01-02T15:17:53","modified_gmt":"2024-01-02T15:17:53","slug":"apie-mus","status":"publish","type":"page","link":"https:\/\/tavieta.lt\/lv\/apie-mus\/","title":{"rendered":"Par mums"},"content":{"rendered":"<div data-elementor-type=\"wp-page\" data-elementor-id=\"633\" class=\"elementor elementor-633\">\n\t\t\t\t\t\t<section class=\"elementor-section elementor-top-section elementor-element elementor-element-4a082bcf elementor-section-boxed elementor-section-height-default elementor-section-height-default\" data-id=\"4a082bcf\" data-element_type=\"section\" data-settings=\"{&quot;background_background&quot;:&quot;classic&quot;}\">\n\t\t\t\t\t\t<div class=\"elementor-container elementor-column-gap-no\">\n\t\t\t\t\t<div class=\"elementor-column elementor-col-100 elementor-top-column elementor-element elementor-element-1d3bc5d9\" data-id=\"1d3bc5d9\" data-element_type=\"column\" data-settings=\"{&quot;background_background&quot;:&quot;classic&quot;}\">\n\t\t\t<div class=\"elementor-widget-wrap elementor-element-populated\">\n\t\t\t\t\t\t<div class=\"elementor-element elementor-element-68c0c887 elementor-widget elementor-widget-heading\" data-id=\"68c0c887\" data-element_type=\"widget\" data-widget_type=\"heading.default\">\n\t\t\t\t<div class=\"elementor-widget-container\">\n\t\t\t\t\t<h2 class=\"elementor-heading-title elementor-size-default\">Telpu taupo\u0161i risin\u0101jumi<br>\nTAVA DZ\u012aVE<\/h2>\t\t\t\t<\/div>\n\t\t\t\t<\/div>\n\t\t\t\t\t<\/div>\n\t\t<\/div>\n\t\t\t\t\t<\/div>\n\t\t<\/section>\n\t\t\t\t<section class=\"elementor-section elementor-top-section elementor-element elementor-element-348eb801 elementor-section-boxed elementor-section-height-default elementor-section-height-default\" data-id=\"348eb801\" data-element_type=\"section\">\n\t\t\t\t\t\t<div class=\"elementor-container elementor-column-gap-extended\">\n\t\t\t\t\t<div class=\"elementor-column elementor-col-50 elementor-top-column elementor-element elementor-element-7f599092\" data-id=\"7f599092\" data-element_type=\"column\">\n\t\t\t<div class=\"elementor-widget-wrap elementor-element-populated\">\n\t\t\t\t\t\t<div class=\"elementor-element elementor-element-70ffa01 elementor-widget elementor-widget-image\" data-id=\"70ffa01\" data-element_type=\"widget\" data-widget_type=\"image.default\">\n\t\t\t\t<div class=\"elementor-widget-container\">\n\t\t\t\t\t\t\t\t\t\t\t\t\t\t\t<img fetchpriority=\"high\" decoding=\"async\" width=\"640\" height=\"427\" src=\"https:\/\/tavieta.lt\/wp-content\/uploads\/2023\/06\/sandarios-spintos-1024x683.jpg\" class=\"attachment-large size-large wp-image-10719\" alt=\"\" srcset=\"https:\/\/tavieta.lt\/wp-content\/uploads\/2023\/06\/sandarios-spintos-1024x683.jpg.webp 1024w, https:\/\/tavieta.lt\/wp-content\/uploads\/2023\/06\/sandarios-spintos-scaled-800x533.jpg.webp 800w, https:\/\/tavieta.lt\/wp-content\/uploads\/2023\/06\/sandarios-spintos-300x200.jpg.webp 300w, https:\/\/tavieta.lt\/wp-content\/uploads\/2023\/06\/sandarios-spintos-768x512.jpg.webp 768w, https:\/\/tavieta.lt\/wp-content\/uploads\/2023\/06\/sandarios-spintos-1536x1024.jpg.webp 1536w, https:\/\/tavieta.lt\/wp-content\/uploads\/2023\/06\/sandarios-spintos-2048x1365.jpg.webp 2048w\" sizes=\"(max-width: 640px) 100vw, 640px\" \/>\t\t\t\t\t\t\t\t\t\t\t\t\t\t\t<\/div>\n\t\t\t\t<\/div>\n\t\t\t\t\t<\/div>\n\t\t<\/div>\n\t\t\t\t<div class=\"elementor-column elementor-col-50 elementor-top-column elementor-element elementor-element-6f6042b\" data-id=\"6f6042b\" data-element_type=\"column\">\n\t\t\t<div class=\"elementor-widget-wrap elementor-element-populated\">\n\t\t\t\t\t\t<div class=\"elementor-element elementor-element-26e68be5 elementor-widget elementor-widget-heading\" data-id=\"26e68be5\" data-element_type=\"widget\" data-widget_type=\"heading.default\">\n\t\t\t\t<div class=\"elementor-widget-container\">\n\t\t\t\t\t<h6 class=\"elementor-heading-title elementor-size-default\">TAVA DZ\u012aVE<\/h6>\t\t\t\t<\/div>\n\t\t\t\t<\/div>\n\t\t\t\t<div class=\"elementor-element elementor-element-148a49ea elementor-widget elementor-widget-heading\" data-id=\"148a49ea\" data-element_type=\"widget\" data-widget_type=\"heading.default\">\n\t\t\t\t<div class=\"elementor-widget-container\">\n\t\t\t\t\t<h3 class=\"elementor-heading-title elementor-size-default\">Par mums<\/h3>\t\t\t\t<\/div>\n\t\t\t\t<\/div>\n\t\t\t\t<div class=\"elementor-element elementor-element-48135e6 elementor-widget elementor-widget-text-editor\" data-id=\"48135e6\" data-element_type=\"widget\" data-widget_type=\"text-editor.default\">\n\t\t\t\t<div class=\"elementor-widget-container\">\n\t\t\t\t\t\t\t\t\t<p>TAVIETA z\u012bmols ir ilgtsp\u0113j\u012bgi, vietu taupo\u0161i risin\u0101jumi vides pies\u0101r\u0146ojuma samazin\u0101\u0161anai.<\/p><p>Pieejam\u0101s plat\u012bbas racion\u0101la izmanto\u0161ana rada priek\u0161noteikumus komun\u0101lo un ener\u0123ijas izmaksu samazin\u0101\u0161anai, kas savuk\u0101rt samazina dabisko pies\u0101r\u0146ojumu un CO2 emisijas vid\u0113.<\/p>\t\t\t\t\t\t\t\t<\/div>\n\t\t\t\t<\/div>\n\t\t\t\t\t<\/div>\n\t\t<\/div>\n\t\t\t\t\t<\/div>\n\t\t<\/section>\n\t\t\t\t<section class=\"elementor-section elementor-top-section elementor-element elementor-element-287f5907 elementor-section-boxed elementor-section-height-default elementor-section-height-default\" data-id=\"287f5907\" data-element_type=\"section\" data-settings=\"{&quot;background_background&quot;:&quot;classic&quot;}\">\n\t\t\t\t\t\t<div class=\"elementor-container elementor-column-gap-no\">\n\t\t\t\t\t<div class=\"elementor-column elementor-col-100 elementor-top-column elementor-element elementor-element-61cdb131\" data-id=\"61cdb131\" data-element_type=\"column\">\n\t\t\t<div class=\"elementor-widget-wrap elementor-element-populated\">\n\t\t\t\t\t\t<div class=\"elementor-element elementor-element-25c0236f elementor-widget elementor-widget-heading\" data-id=\"25c0236f\" data-element_type=\"widget\" data-widget_type=\"heading.default\">\n\t\t\t\t<div class=\"elementor-widget-container\">\n\t\t\t\t\t<h3 class=\"elementor-heading-title elementor-size-default\">K\u0101p\u0113c izv\u0113l\u0113ties TAVIETA?<\/h3>\t\t\t\t<\/div>\n\t\t\t\t<\/div>\n\t\t\t\t<section class=\"elementor-section elementor-inner-section elementor-element elementor-element-595e7ebf elementor-section-boxed elementor-section-height-default elementor-section-height-default\" data-id=\"595e7ebf\" data-element_type=\"section\">\n\t\t\t\t\t\t<div class=\"elementor-container elementor-column-gap-extended\">\n\t\t\t\t\t<div class=\"elementor-column elementor-col-25 elementor-inner-column elementor-element elementor-element-48c7160d\" data-id=\"48c7160d\" data-element_type=\"column\">\n\t\t\t<div class=\"elementor-widget-wrap\">\n\t\t\t\t\t\t\t<\/div>\n\t\t<\/div>\n\t\t\t\t<div class=\"elementor-column elementor-col-25 elementor-inner-column elementor-element elementor-element-729eb4b5\" data-id=\"729eb4b5\" data-element_type=\"column\">\n\t\t\t<div class=\"elementor-widget-wrap elementor-element-populated\">\n\t\t\t\t\t\t<div class=\"elementor-element elementor-element-6f39a8ab elementor-widget elementor-widget-text-editor\" data-id=\"6f39a8ab\" data-element_type=\"widget\" data-widget_type=\"text-editor.default\">\n\t\t\t\t<div class=\"elementor-widget-container\">\n\t\t\t\t\t\t\t\t\t<p>TAVIETA pied\u0101v\u0101tais apr\u012bkojums pal\u012bdz efekt\u012bvi un ekonomiski izmantot pieejam\u0101s telpas un telpas, uzlabojot organiz\u0101cijas darb\u012bbas efektivit\u0101ti. M\u0113s pied\u0101v\u0101jam inovat\u012bvus risin\u0101jumus pre\u010du, dokumentu, gr\u0101matu, kult\u016bras un m\u0101kslas v\u0113rt\u012bbu aizsardz\u012bbai, uzglab\u0101\u0161anai un demonstr\u0113\u0161anai.<\/p>\t\t\t\t\t\t\t\t<\/div>\n\t\t\t\t<\/div>\n\t\t\t\t\t<\/div>\n\t\t<\/div>\n\t\t\t\t<div class=\"elementor-column elementor-col-25 elementor-inner-column elementor-element elementor-element-705c3684\" data-id=\"705c3684\" data-element_type=\"column\">\n\t\t\t<div class=\"elementor-widget-wrap elementor-element-populated\">\n\t\t\t\t\t\t<div class=\"elementor-element elementor-element-fa8e4a3 elementor-widget elementor-widget-text-editor\" data-id=\"fa8e4a3\" data-element_type=\"widget\" data-widget_type=\"text-editor.default\">\n\t\t\t\t<div class=\"elementor-widget-container\">\n\t\t\t\t\t\t\t\t\t<p>Medic\u012bnas\u00a0<span lang=\"LT\">pied\u0101v\u0101jam iest\u0101d\u0113m specializ\u0113tus risin\u0101jumus dokumentu, medic\u012bnisko ier\u012b\u010du un farmaceitisko prepar\u0101tu uzglab\u0101\u0161anai, uzglab\u0101\u0161anai un izsnieg\u0161anai. M\u0113s varam pied\u0101v\u0101t dizaina un optimiz\u0101cijas risin\u0101jumus slimn\u012bcu aptiek\u0101m, izmantojot m\u016bsdien\u012bgus inovat\u012bvus r\u012bkus.<\/span><\/p>\t\t\t\t\t\t\t\t<\/div>\n\t\t\t\t<\/div>\n\t\t\t\t\t<\/div>\n\t\t<\/div>\n\t\t\t\t<div class=\"elementor-column elementor-col-25 elementor-inner-column elementor-element elementor-element-4da1d9ad\" data-id=\"4da1d9ad\" data-element_type=\"column\">\n\t\t\t<div class=\"elementor-widget-wrap\">\n\t\t\t\t\t\t\t<\/div>\n\t\t<\/div>\n\t\t\t\t\t<\/div>\n\t\t<\/section>\n\t\t\t\t\t<\/div>\n\t\t<\/div>\n\t\t\t\t\t<\/div>\n\t\t<\/section>\n\t\t\t\t<section class=\"elementor-section elementor-top-section elementor-element elementor-element-2a5bf2f1 elementor-section-boxed elementor-section-height-default elementor-section-height-default\" data-id=\"2a5bf2f1\" data-element_type=\"section\">\n\t\t\t\t\t\t<div class=\"elementor-container elementor-column-gap-extended\">\n\t\t\t\t\t<div class=\"elementor-column elementor-col-50 elementor-top-column elementor-element elementor-element-2c03d860\" data-id=\"2c03d860\" data-element_type=\"column\">\n\t\t\t<div class=\"elementor-widget-wrap elementor-element-populated\">\n\t\t\t\t\t\t<div class=\"elementor-element elementor-element-6e22f457 elementor-widget elementor-widget-heading\" data-id=\"6e22f457\" data-element_type=\"widget\" data-widget_type=\"heading.default\">\n\t\t\t\t<div class=\"elementor-widget-container\">\n\t\t\t\t\t<h6 class=\"elementor-heading-title elementor-size-default\">TAVA DZ\u012aVE<\/h6>\t\t\t\t<\/div>\n\t\t\t\t<\/div>\n\t\t\t\t<div class=\"elementor-element elementor-element-182fe653 elementor-widget elementor-widget-heading\" data-id=\"182fe653\" data-element_type=\"widget\" data-widget_type=\"heading.default\">\n\t\t\t\t<div class=\"elementor-widget-container\">\n\t\t\t\t\t<h3 class=\"elementor-heading-title elementor-size-default\">V\u0113sture<\/h3>\t\t\t\t<\/div>\n\t\t\t\t<\/div>\n\t\t\t\t<div class=\"elementor-element elementor-element-4bfaa9bc elementor-widget elementor-widget-text-editor\" data-id=\"4bfaa9bc\" data-element_type=\"widget\" data-widget_type=\"text-editor.default\">\n\t\t\t\t<div class=\"elementor-widget-container\">\n\t\t\t\t\t\t\t\t\t<p>TAVIETA ir uz\u0146\u0113muma Labostera noda\u013ca, kas savu darb\u012bbu uzs\u0101ka k\u0101 neatkar\u012bga organiz\u0101cija, kuras m\u0113r\u0137is ir nodro\u0161in\u0101t vietu taupo\u0161us risin\u0101jumus da\u017e\u0101d\u0101m jom\u0101m. TAVIETA v\u0113sture aizs\u0101k\u0101s l\u012bdz Labostera dibin\u0101\u0161anai.<\/p><p>Labostera k\u0101 inovat\u012bvs uz\u0146\u0113mums ar daudzu gadu pieredzi jau sen ir paz\u012bstams ar saviem risin\u0101jumiem, kas pal\u012bdz organiz\u0101cij\u0101m efekt\u012bv\u0101k un efekt\u012bv\u0101k p\u0101rvald\u012bt telpu un resursus. K\u0101d\u0101 br\u012bd\u012b, lai papla\u0161in\u0101tu savu darb\u012bbu kl\u0101stu un iedzi\u013cin\u0101ties telpu taup\u012b\u0161anas risin\u0101jumos, Labostera nol\u0113ma izveidot specializ\u0113tu noda\u013cu, kas v\u0113l\u0101k k\u013cuva paz\u012bstama k\u0101 TAVIETA.<\/p><p>TAVIETA tika izveidota ar m\u0113r\u0137i nodro\u0161in\u0101t progres\u012bvus un inovat\u012bvus risin\u0101jumus da\u017e\u0101d\u0101m jom\u0101m, kur\u0101s tr\u016bkst vietas vai optimiz\u0113t t\u0101s efektivit\u0101ti. S\u0101kotn\u0113ji uz\u0146\u0113mums koncentr\u0113j\u0101s uz muzeju, arh\u012bvu, bibliot\u0113ku, medic\u012bnas, mazumtirdzniec\u012bbas, biroju, uzglab\u0101\u0161anas un vertik\u0101l\u0101s ekonomikas jomu, lai \u012bstenotu savu misiju pal\u012bdz\u0113t organiz\u0101cij\u0101m ilgtsp\u0113j\u012bgi un efekt\u012bvi izmantot pieejamo telpu, vienlaikus samazinot ener\u0123ijas izmaksas un aizsarg\u0101jot daba mums apk\u0101rt.<\/p>\t\t\t\t\t\t\t\t<\/div>\n\t\t\t\t<\/div>\n\t\t\t\t\t<\/div>\n\t\t<\/div>\n\t\t\t\t<div class=\"elementor-column elementor-col-50 elementor-top-column elementor-element elementor-element-5a30662d\" data-id=\"5a30662d\" data-element_type=\"column\">\n\t\t\t<div class=\"elementor-widget-wrap elementor-element-populated\">\n\t\t\t\t\t\t<div class=\"elementor-element elementor-element-45284295 elementor-widget elementor-widget-image\" data-id=\"45284295\" data-element_type=\"widget\" data-widget_type=\"image.default\">\n\t\t\t\t<div class=\"elementor-widget-container\">\n\t\t\t\t\t\t\t\t\t\t\t\t\t\t\t<img decoding=\"async\" width=\"640\" height=\"426\" src=\"https:\/\/tavieta.lt\/wp-content\/uploads\/2023\/07\/paslaugos-intro-muziejui-3-1024x681.jpg\" class=\"attachment-large size-large wp-image-10768\" alt=\"\" srcset=\"https:\/\/tavieta.lt\/wp-content\/uploads\/2023\/07\/paslaugos-intro-muziejui-3-1024x681.jpg.webp 1024w, https:\/\/tavieta.lt\/wp-content\/uploads\/2023\/07\/paslaugos-intro-muziejui-3-scaled-800x532.jpg.webp 800w, https:\/\/tavieta.lt\/wp-content\/uploads\/2023\/07\/paslaugos-intro-muziejui-3-300x200.jpg.webp 300w, https:\/\/tavieta.lt\/wp-content\/uploads\/2023\/07\/paslaugos-intro-muziejui-3-768x511.jpg.webp 768w, https:\/\/tavieta.lt\/wp-content\/uploads\/2023\/07\/paslaugos-intro-muziejui-3-1536x1022.jpg.webp 1536w, https:\/\/tavieta.lt\/wp-content\/uploads\/2023\/07\/paslaugos-intro-muziejui-3-2048x1363.jpg.webp 2048w, https:\/\/tavieta.lt\/wp-content\/uploads\/2023\/07\/paslaugos-intro-muziejui-3-600x398.jpg.webp 600w\" sizes=\"(max-width: 640px) 100vw, 640px\" \/>\t\t\t\t\t\t\t\t\t\t\t\t\t\t\t<\/div>\n\t\t\t\t<\/div>\n\t\t\t\t\t<\/div>\n\t\t<\/div>\n\t\t\t\t\t<\/div>\n\t\t<\/section>\n\t\t\t\t<section class=\"elementor-section elementor-top-section elementor-element elementor-element-21e15b99 elementor-section-boxed elementor-section-height-default elementor-section-height-default\" data-id=\"21e15b99\" data-element_type=\"section\" data-settings=\"{&quot;background_background&quot;:&quot;classic&quot;}\">\n\t\t\t\t\t\t<div class=\"elementor-container elementor-column-gap-no\">\n\t\t\t\t\t<div class=\"elementor-column elementor-col-100 elementor-top-column elementor-element elementor-element-2033a76c\" data-id=\"2033a76c\" data-element_type=\"column\" data-settings=\"{&quot;background_background&quot;:&quot;classic&quot;}\">\n\t\t\t<div class=\"elementor-widget-wrap elementor-element-populated\">\n\t\t\t\t\t\t<div class=\"elementor-element elementor-element-1b4e0087 elementor-widget elementor-widget-text-editor\" data-id=\"1b4e0087\" data-element_type=\"widget\" data-widget_type=\"text-editor.default\">\n\t\t\t\t<div class=\"elementor-widget-container\">\n\t\t\t\t\t\t\t\t\t<p>M\u016bsu m\u0113r\u0137is ir rad\u012bt unik\u0101lus un \u0113rtus risin\u0101jumus, kas pal\u012bdz organiz\u0101cij\u0101m optim\u0101li izmantot pieejamo telpu, ietaup\u012bt laiku un resursus.<\/p>\t\t\t\t\t\t\t\t<\/div>\n\t\t\t\t<\/div>\n\t\t\t\t\t<\/div>\n\t\t<\/div>\n\t\t\t\t\t<\/div>\n\t\t<\/section>\n\t\t\t\t<section class=\"elementor-section elementor-top-section elementor-element elementor-element-65c33450 elementor-section-boxed elementor-section-height-default elementor-section-height-default\" data-id=\"65c33450\" data-element_type=\"section\">\n\t\t\t\t\t\t<div class=\"elementor-container elementor-column-gap-extended\">\n\t\t\t\t\t<div class=\"elementor-column elementor-col-25 elementor-top-column elementor-element elementor-element-660f116c\" data-id=\"660f116c\" data-element_type=\"column\">\n\t\t\t<div class=\"elementor-widget-wrap\">\n\t\t\t\t\t\t\t<\/div>\n\t\t<\/div>\n\t\t\t\t<div class=\"elementor-column elementor-col-25 elementor-top-column elementor-element elementor-element-445b19e2\" data-id=\"445b19e2\" data-element_type=\"column\">\n\t\t\t<div class=\"elementor-widget-wrap elementor-element-populated\">\n\t\t\t\t\t\t<div class=\"elementor-element elementor-element-35da5089 elementor-widget elementor-widget-image\" data-id=\"35da5089\" data-element_type=\"widget\" data-widget_type=\"image.default\">\n\t\t\t\t<div class=\"elementor-widget-container\">\n\t\t\t\t\t\t\t\t\t\t\t\t\t\t\t<img decoding=\"async\" width=\"640\" height=\"427\" src=\"https:\/\/tavieta.lt\/wp-content\/uploads\/2023\/07\/paslaugos-medicinai-intro-1024x683.jpg\" class=\"attachment-large size-large wp-image-10821\" alt=\"\" srcset=\"https:\/\/tavieta.lt\/wp-content\/uploads\/2023\/07\/paslaugos-medicinai-intro-1024x683.jpg.webp 1024w, https:\/\/tavieta.lt\/wp-content\/uploads\/2023\/07\/paslaugos-medicinai-intro-scaled-800x533.jpg.webp 800w, https:\/\/tavieta.lt\/wp-content\/uploads\/2023\/07\/paslaugos-medicinai-intro-300x200.jpg.webp 300w, https:\/\/tavieta.lt\/wp-content\/uploads\/2023\/07\/paslaugos-medicinai-intro-768x512.jpg.webp 768w, https:\/\/tavieta.lt\/wp-content\/uploads\/2023\/07\/paslaugos-medicinai-intro-1536x1024.jpg.webp 1536w, https:\/\/tavieta.lt\/wp-content\/uploads\/2023\/07\/paslaugos-medicinai-intro-2048x1366.jpg.webp 2048w\" sizes=\"(max-width: 640px) 100vw, 640px\" \/>\t\t\t\t\t\t\t\t\t\t\t\t\t\t\t<\/div>\n\t\t\t\t<\/div>\n\t\t\t\t<div class=\"elementor-element elementor-element-46f60f61 elementor-widget elementor-widget-image\" data-id=\"46f60f61\" data-element_type=\"widget\" data-widget_type=\"image.default\">\n\t\t\t\t<div class=\"elementor-widget-container\">\n\t\t\t\t\t\t\t\t\t\t\t\t\t\t\t<img loading=\"lazy\" decoding=\"async\" width=\"640\" height=\"453\" src=\"https:\/\/tavieta.lt\/wp-content\/uploads\/2023\/07\/paslaugos-archyvui-intro--1024x724.jpg\" class=\"attachment-large size-large wp-image-10813\" alt=\"\" srcset=\"https:\/\/tavieta.lt\/wp-content\/uploads\/2023\/07\/paslaugos-archyvui-intro--1024x724.jpg.webp 1024w, https:\/\/tavieta.lt\/wp-content\/uploads\/2023\/07\/paslaugos-archyvui-intro--scaled-800x566.jpg.webp 800w, https:\/\/tavieta.lt\/wp-content\/uploads\/2023\/07\/paslaugos-archyvui-intro--300x212.jpg.webp 300w, https:\/\/tavieta.lt\/wp-content\/uploads\/2023\/07\/paslaugos-archyvui-intro--768x543.jpg.webp 768w, https:\/\/tavieta.lt\/wp-content\/uploads\/2023\/07\/paslaugos-archyvui-intro--1536x1086.jpg.webp 1536w, https:\/\/tavieta.lt\/wp-content\/uploads\/2023\/07\/paslaugos-archyvui-intro--2048x1448.jpg.webp 2048w\" sizes=\"(max-width: 640px) 100vw, 640px\" \/>\t\t\t\t\t\t\t\t\t\t\t\t\t\t\t<\/div>\n\t\t\t\t<\/div>\n\t\t\t\t\t<\/div>\n\t\t<\/div>\n\t\t\t\t<div class=\"elementor-column elementor-col-25 elementor-top-column elementor-element elementor-element-6811cf79\" data-id=\"6811cf79\" data-element_type=\"column\">\n\t\t\t<div class=\"elementor-widget-wrap elementor-element-populated\">\n\t\t\t\t\t\t<div class=\"elementor-element elementor-element-7e3d496b elementor-widget elementor-widget-image\" data-id=\"7e3d496b\" data-element_type=\"widget\" data-widget_type=\"image.default\">\n\t\t\t\t<div class=\"elementor-widget-container\">\n\t\t\t\t\t\t\t\t\t\t\t\t\t\t\t<img loading=\"lazy\" decoding=\"async\" width=\"640\" height=\"425\" src=\"https:\/\/tavieta.lt\/wp-content\/uploads\/2023\/07\/paslaugos-biblioteka-intro-1024x680.jpg\" class=\"attachment-large size-large wp-image-10817\" alt=\"\" srcset=\"https:\/\/tavieta.lt\/wp-content\/uploads\/2023\/07\/paslaugos-biblioteka-intro-1024x680.jpg.webp 1024w, https:\/\/tavieta.lt\/wp-content\/uploads\/2023\/07\/paslaugos-biblioteka-intro-scaled-800x531.jpg.webp 800w, https:\/\/tavieta.lt\/wp-content\/uploads\/2023\/07\/paslaugos-biblioteka-intro-300x199.jpg.webp 300w, https:\/\/tavieta.lt\/wp-content\/uploads\/2023\/07\/paslaugos-biblioteka-intro-768x510.jpg.webp 768w, https:\/\/tavieta.lt\/wp-content\/uploads\/2023\/07\/paslaugos-biblioteka-intro-1536x1020.jpg.webp 1536w, https:\/\/tavieta.lt\/wp-content\/uploads\/2023\/07\/paslaugos-biblioteka-intro-2048x1360.jpg.webp 2048w, https:\/\/tavieta.lt\/wp-content\/uploads\/2023\/07\/paslaugos-biblioteka-intro-600x398.jpg.webp 600w\" sizes=\"(max-width: 640px) 100vw, 640px\" \/>\t\t\t\t\t\t\t\t\t\t\t\t\t\t\t<\/div>\n\t\t\t\t<\/div>\n\t\t\t\t<div class=\"elementor-element elementor-element-1c9e2e67 elementor-widget elementor-widget-image\" data-id=\"1c9e2e67\" data-element_type=\"widget\" data-widget_type=\"image.default\">\n\t\t\t\t<div class=\"elementor-widget-container\">\n\t\t\t\t\t\t\t\t\t\t\t\t\t\t\t<img loading=\"lazy\" decoding=\"async\" width=\"640\" height=\"640\" src=\"https:\/\/tavieta.lt\/wp-content\/uploads\/2023\/06\/Pakabinamos-vitrinos.jpg\" class=\"attachment-large size-large wp-image-10702\" alt=\"\" srcset=\"https:\/\/tavieta.lt\/wp-content\/uploads\/2023\/06\/Pakabinamos-vitrinos.jpg.webp 927w, https:\/\/tavieta.lt\/wp-content\/uploads\/2023\/06\/Pakabinamos-vitrinos-370x370.jpg 370w, https:\/\/tavieta.lt\/wp-content\/uploads\/2023\/06\/Pakabinamos-vitrinos-100x100.jpg 100w, https:\/\/tavieta.lt\/wp-content\/uploads\/2023\/06\/Pakabinamos-vitrinos-800x800.jpg.webp 800w, https:\/\/tavieta.lt\/wp-content\/uploads\/2023\/06\/Pakabinamos-vitrinos-300x300.jpg.webp 300w, https:\/\/tavieta.lt\/wp-content\/uploads\/2023\/06\/Pakabinamos-vitrinos-150x150.jpg.webp 150w, https:\/\/tavieta.lt\/wp-content\/uploads\/2023\/06\/Pakabinamos-vitrinos-768x768.jpg.webp 768w\" sizes=\"(max-width: 640px) 100vw, 640px\" \/>\t\t\t\t\t\t\t\t\t\t\t\t\t\t\t<\/div>\n\t\t\t\t<\/div>\n\t\t\t\t\t<\/div>\n\t\t<\/div>\n\t\t\t\t<div class=\"elementor-column elementor-col-25 elementor-top-column elementor-element elementor-element-3602b908\" data-id=\"3602b908\" data-element_type=\"column\">\n\t\t\t<div class=\"elementor-widget-wrap\">\n\t\t\t\t\t\t\t<\/div>\n\t\t<\/div>\n\t\t\t\t\t<\/div>\n\t\t<\/section>\n\t\t\t\t<\/div>","protected":false},"excerpt":{"rendered":"<p>Telpu taupo\u0161i risin\u0101jumi TAVIETA TAVIETA Par mums TAVIETA z\u012bmols ir ilgtsp\u0113j\u012bgi, vietu taupo\u0161i risin\u0101jumi dabisk\u0101 pies\u0101r\u0146ojuma samazin\u0101\u0161anai. Pieejam\u0101s plat\u012bbas racion\u0101la izmanto\u0161ana rada priek\u0161noteikumus komun\u0101lo un ener\u0123ijas izmaksu samazin\u0101\u0161anai, kas savuk\u0101rt samazina dabisko pies\u0101r\u0146ojumu un CO2 emisijas vid\u0113. K\u0101p\u0113c izv\u0113l\u0113ties TAVIETA? TAVIETA pied\u0101v\u0101t\u0101 tehnika pal\u012bdz efekt\u012bvi un ekonomiski izmantot pieejam\u0101s telpas [...]<\/p>","protected":false},"author":1,"featured_media":0,"parent":0,"menu_order":0,"comment_status":"closed","ping_status":"closed","template":"","meta":{"footnotes":""},"class_list":["post-633","page","type-page","status-publish","hentry"],"_links":{"self":[{"href":"https:\/\/tavieta.lt\/lv\/wp-json\/wp\/v2\/pages\/633","targetHints":{"allow":["GET"]}}],"collection":[{"href":"https:\/\/tavieta.lt\/lv\/wp-json\/wp\/v2\/pages"}],"about":[{"href":"https:\/\/tavieta.lt\/lv\/wp-json\/wp\/v2\/types\/page"}],"author":[{"embeddable":true,"href":"https:\/\/tavieta.lt\/lv\/wp-json\/wp\/v2\/users\/1"}],"replies":[{"embeddable":true,"href":"https:\/\/tavieta.lt\/lv\/wp-json\/wp\/v2\/comments?post=633"}],"version-history":[{"count":0,"href":"https:\/\/tavieta.lt\/lv\/wp-json\/wp\/v2\/pages\/633\/revisions"}],"wp:attachment":[{"href":"https:\/\/tavieta.lt\/lv\/wp-json\/wp\/v2\/media?parent=633"}],"curies":[{"name":"wp","href":"https:\/\/api.w.org\/{rel}","templated":true}]}}